{"id":872,"date":"2020-10-19T13:57:40","date_gmt":"2020-10-19T11:57:40","guid":{"rendered":"https:\/\/agora.xtec.cat\/ceipcamins\/?page_id=872"},"modified":"2024-09-05T21:54:21","modified_gmt":"2024-09-05T19:54:21","slug":"models-dimpresos-i-autoritzacions","status":"publish","type":"page","link":"https:\/\/agora.xtec.cat\/ceipcamins\/lescola\/models-dimpresos-i-autoritzacions\/","title":{"rendered":"Models d&#8217;Impresos i Autoritzacions"},"content":{"rendered":"<p><a href=\"https:\/\/drive.google.com\/file\/d\/1J6Nc4HrPheiQ3spzAt7MlkWXbMPN2Y48\/view?usp=sharing\">Justificant d&#8217;abs\u00e8ncies<\/a><\/p>\n<p><a href=\"https:\/\/drive.google.com\/file\/d\/1tGrr4QSybEvkbLEhDamv2HBqEMdVl7Pb\/view?usp=sharing\">Autoritzaci\u00f3 per l&#8217;administraci\u00f3 de medicaments<\/a><\/p>\n<p><a href=\"https:\/\/drive.google.com\/file\/d\/1iYSuuqzC--gOxK5ortn9Kg6kzql0T4qx\/view?usp=sharing\">Autoritzaci\u00f3 sortides escolars<\/a><\/p>\n<p><a href=\"https:\/\/drive.google.com\/file\/d\/1NRBMY7XofD2iyJtLq-YF-pNuh_69V_-E\/view?usp=sharing\">Drets imatge Pla Educatiu d&#8217;Entorn 24-25<\/a><\/p>\n<p><a href=\"https:\/\/drive.google.com\/file\/d\/1dPDCD0LP6FRfdRDYD4Q2k7KY7dDVFZAK\/view?usp=sharing\">Autoritzaci\u00f3 de recollida d&#8217;alumnes<\/a> (Document nom\u00e9s per a Tram 1 i tram 2)<\/p>\n<p><a href=\"https:\/\/drive.google.com\/file\/d\/1f9Yf_ZCAM_sOAYr_eaJc8_SkG3dbopqq\/view?usp=sharing\">Autoritzaci\u00f3 \u00fas imatge<\/a><\/p>\n<p><a href=\"https:\/\/drive.google.com\/file\/d\/1AUcyk3EcVA04Us9UmCd2kfvHyjsJBROj\/view?usp=sharing\">Autoritzaci\u00f3 comunicaci\u00f3 n\u00famero targeta sanit\u00e0ria individual<\/a><\/p>\n<p>&nbsp;<\/p>\n","protected":false},"excerpt":{"rendered":"<p><a href=\"https:\/\/drive.google.com\/file\/d\/1J6Nc4HrPheiQ3spzAt7MlkWXbMPN2Y48\/view?usp=sharing\">Justificant d&#8217;abs\u00e8ncies<\/a><br \/>\n<a href=\"https:\/\/drive.google.com\/file\/d\/1tGrr4QSybEvkbLEhDamv2HBqEMdVl7Pb\/view?usp=sharing\">Autoritzaci\u00f3 per l&#8217;administraci\u00f3 de medicaments<\/a><br \/>\n<a href=\"https:\/\/drive.google.com\/file\/d\/1iYSuuqzC--gOxK5ortn9Kg6kzql0T4qx\/view?usp=sharing\">Autoritzaci\u00f3 sortides escolars<\/a><br \/>\n<a href=\"https:\/\/drive.google.com\/file\/d\/1NRBMY7XofD2iyJtLq-YF-pNuh_69V_-E\/view?usp=sharing\">Drets imatge Pla Educatiu d&#8217;Entorn 24-25<\/a><br \/>\n<a href=\"https:\/\/drive.google.com\/file\/d\/1dPDCD0LP6FRfdRDYD4Q2k7KY7dDVFZAK\/view?usp=sharing\">Autoritzaci\u00f3 de recollida d&#8217;alumnes<\/a> (Document nom\u00e9s per a Tram 1 i tram 2)<br \/>\n<a href=\"https:\/\/drive.google.com\/file\/d\/1f9Yf_ZCAM_sOAYr_eaJc8_SkG3dbopqq\/view?usp=sharing\">Autoritzaci\u00f3 \u00fas imatge<\/a><br \/>\n<a href=\"https:\/\/drive.google.com\/file\/d\/1AUcyk3EcVA04Us9UmCd2kfvHyjsJBROj\/view?usp=sharing\">Autoritzaci\u00f3 comunicaci\u00f3 n\u00famero targeta sanit\u00e0ria individual<\/a><br \/>\n&nbsp;<\/p>\n","protected":false},"author":1,"featured_media":0,"parent":22,"menu_order":4,"comment_status":"closed","ping_status":"closed","template":"page-templates\/side-menu.php","meta":{"_bbp_topic_count":0,"_bbp_reply_count":0,"_bbp_total_topic_count":0,"_bbp_total_reply_count":0,"_bbp_voice_count":0,"_bbp_anonymous_reply_count":0,"_bbp_topic_count_hidden":0,"_bbp_reply_count_hidden":0,"_bbp_forum_subforum_count":0,"footnotes":""},"class_list":["post-872","page","type-page","status-publish","hentry"],"post_mailing_queue_ids":[],"_links":{"self":[{"href":"https:\/\/agora.xtec.cat\/ceipcamins\/wp-json\/wp\/v2\/pages\/872","targetHints":{"allow":["GET"]}}],"collection":[{"href":"https:\/\/agora.xtec.cat\/ceipcamins\/wp-json\/wp\/v2\/pages"}],"about":[{"href":"https:\/\/agora.xtec.cat\/ceipcamins\/wp-json\/wp\/v2\/types\/page"}],"author":[{"embeddable":true,"href":"https:\/\/agora.xtec.cat\/ceipcamins\/wp-json\/wp\/v2\/users\/1"}],"replies":[{"embeddable":true,"href":"https:\/\/agora.xtec.cat\/ceipcamins\/wp-json\/wp\/v2\/comments?post=872"}],"version-history":[{"count":3,"href":"https:\/\/agora.xtec.cat\/ceipcamins\/wp-json\/wp\/v2\/pages\/872\/revisions"}],"predecessor-version":[{"id":9934,"href":"https:\/\/agora.xtec.cat\/ceipcamins\/wp-json\/wp\/v2\/pages\/872\/revisions\/9934"}],"up":[{"embeddable":true,"href":"https:\/\/agora.xtec.cat\/ceipcamins\/wp-json\/wp\/v2\/pages\/22"}],"wp:attachment":[{"href":"https:\/\/agora.xtec.cat\/ceipcamins\/wp-json\/wp\/v2\/media?parent=872"}],"curies":[{"name":"wp","href":"https:\/\/api.w.org\/{rel}","templated":true}]}}