{"id":8391,"date":"2023-06-16T09:17:18","date_gmt":"2023-06-16T07:17:18","guid":{"rendered":"https:\/\/agora.xtec.cat\/ceipcamins\/?page_id=8391"},"modified":"2025-03-12T12:13:55","modified_gmt":"2025-03-12T11:13:55","slug":"estrategia-digital-de-centre-edc","status":"publish","type":"page","link":"https:\/\/agora.xtec.cat\/ceipcamins\/el-nostre-proecte-educatiu\/estrategia-digital-de-centre-edc\/","title":{"rendered":"Estrat\u00e8gia Digital de Centre (EDC)"},"content":{"rendered":"<p dir=\"ltr\"><a href=\"https:\/\/agora.xtec.cat\/ceipcamins\/wp-content\/uploads\/usu2060\/2023\/06\/Captura-de-pantalla-2023-06-16-a-les-10.18.31.png\"><img loading=\"lazy\" decoding=\"async\" class=\"alignnone size-large wp-image-8397\" src=\"https:\/\/agora.xtec.cat\/ceipcamins\/wp-content\/uploads\/usu2060\/2023\/06\/Captura-de-pantalla-2023-06-16-a-les-10.18.31-1024x124.png\" alt=\"\" width=\"1024\" height=\"124\" srcset=\"https:\/\/agora.xtec.cat\/ceipcamins\/wp-content\/uploads\/usu2060\/2023\/06\/Captura-de-pantalla-2023-06-16-a-les-10.18.31-1024x124.png 1024w, https:\/\/agora.xtec.cat\/ceipcamins\/wp-content\/uploads\/usu2060\/2023\/06\/Captura-de-pantalla-2023-06-16-a-les-10.18.31-300x36.png 300w, https:\/\/agora.xtec.cat\/ceipcamins\/wp-content\/uploads\/usu2060\/2023\/06\/Captura-de-pantalla-2023-06-16-a-les-10.18.31-768x93.png 768w, https:\/\/agora.xtec.cat\/ceipcamins\/wp-content\/uploads\/usu2060\/2023\/06\/Captura-de-pantalla-2023-06-16-a-les-10.18.31-1536x186.png 1536w, https:\/\/agora.xtec.cat\/ceipcamins\/wp-content\/uploads\/usu2060\/2023\/06\/Captura-de-pantalla-2023-06-16-a-les-10.18.31-2048x248.png 2048w\" sizes=\"auto, (max-width: 1024px) 100vw, 1024px\" \/><\/a><\/p>\n<p dir=\"ltr\">L&#8217;estrat\u00e8gia digital de centre (EDC) defineix i concreta les l\u00ednies d&#8217;actuaci\u00f3 d&#8217;un centre que fan possible que docents, alumnat i centre assoleixin la compet\u00e8ncia digital. Per aconseguir aquesta compet\u00e8ncia digital, l&#8217;EDC compr\u00e8n tots els \u00e0mbits del centre: organitzatius, metodol\u00f2gics, curriculars i comunicatius, els quals s&#8217;han de veure necess\u00e0riament implicats i, si escau, transformats, des d\u2019una perspectiva d&#8217;innovaci\u00f3 i de millora cont\u00ednua.<\/p>\n<h1 dir=\"ltr\" style=\"text-align: center;\"><a href=\"https:\/\/sites.google.com\/xtec.cat\/edc-escola-camins\/presentaci%C3%B3\">EDC ESCOLA CAMINS<\/a><\/h1>\n<p dir=\"ltr\">\n","protected":false},"excerpt":{"rendered":"<p><a href=\"https:\/\/agora.xtec.cat\/ceipcamins\/wp-content\/uploads\/usu2060\/2023\/06\/Captura-de-pantalla-2023-06-16-a-les-10.18.31.png\"><\/a><br \/>\nL&#8217;estrat\u00e8gia digital de centre (EDC) defineix i concreta les l\u00ednies d&#8217;actuaci\u00f3 d&#8217;un centre que fan possible que docents, alumnat i centre assoleixin la compet\u00e8ncia digital. Per aconseguir aquesta compet\u00e8ncia digital, l&#8217;EDC compr\u00e8n tots els \u00e0mbits del centre: organitzatius, metodol\u00f2gics, curriculars i comunicatius, els quals&hellip;  <a href=\"https:\/\/agora.xtec.cat\/ceipcamins\/el-nostre-proecte-educatiu\/estrategia-digital-de-centre-edc\/\" title=\"Read Estrat\u00e8gia Digital de Centre (EDC)\">Llegeix m\u00e9s\u00bb<\/a><\/p>\n","protected":false},"author":36,"featured_media":0,"parent":2635,"menu_order":0,"comment_status":"closed","ping_status":"closed","template":"","meta":{"_bbp_topic_count":0,"_bbp_reply_count":0,"_bbp_total_topic_count":0,"_bbp_total_reply_count":0,"_bbp_voice_count":0,"_bbp_anonymous_reply_count":0,"_bbp_topic_count_hidden":0,"_bbp_reply_count_hidden":0,"_bbp_forum_subforum_count":0,"footnotes":""},"class_list":["post-8391","page","type-page","status-publish","hentry"],"post_mailing_queue_ids":[],"_links":{"self":[{"href":"https:\/\/agora.xtec.cat\/ceipcamins\/wp-json\/wp\/v2\/pages\/8391","targetHints":{"allow":["GET"]}}],"collection":[{"href":"https:\/\/agora.xtec.cat\/ceipcamins\/wp-json\/wp\/v2\/pages"}],"about":[{"href":"https:\/\/agora.xtec.cat\/ceipcamins\/wp-json\/wp\/v2\/types\/page"}],"author":[{"embeddable":true,"href":"https:\/\/agora.xtec.cat\/ceipcamins\/wp-json\/wp\/v2\/users\/36"}],"replies":[{"embeddable":true,"href":"https:\/\/agora.xtec.cat\/ceipcamins\/wp-json\/wp\/v2\/comments?post=8391"}],"version-history":[{"count":4,"href":"https:\/\/agora.xtec.cat\/ceipcamins\/wp-json\/wp\/v2\/pages\/8391\/revisions"}],"predecessor-version":[{"id":8401,"href":"https:\/\/agora.xtec.cat\/ceipcamins\/wp-json\/wp\/v2\/pages\/8391\/revisions\/8401"}],"up":[{"embeddable":true,"href":"https:\/\/agora.xtec.cat\/ceipcamins\/wp-json\/wp\/v2\/pages\/2635"}],"wp:attachment":[{"href":"https:\/\/agora.xtec.cat\/ceipcamins\/wp-json\/wp\/v2\/media?parent=8391"}],"curies":[{"name":"wp","href":"https:\/\/api.w.org\/{rel}","templated":true}]}}