{"id":4506,"date":"2021-11-20T09:00:01","date_gmt":"2021-11-20T08:00:01","guid":{"rendered":"https:\/\/agora.xtec.cat\/ceipcamins\/?page_id=4506"},"modified":"2025-03-12T12:13:23","modified_gmt":"2025-03-12T11:13:23","slug":"les-arts-a-lescola-camins","status":"publish","type":"page","link":"https:\/\/agora.xtec.cat\/ceipcamins\/el-nostre-proecte-educatiu\/les-arts-a-lescola-camins\/","title":{"rendered":"Les Arts a l&#8217;Escola Camins"},"content":{"rendered":"<p><a href=\"https:\/\/agora.xtec.cat\/ceipcamins\/wp-content\/uploads\/usu2060\/2021\/11\/madoz.jpg\"><img loading=\"lazy\" decoding=\"async\" class=\"size-medium wp-image-4509 alignleft\" src=\"https:\/\/agora.xtec.cat\/ceipcamins\/wp-content\/uploads\/usu2060\/2021\/11\/madoz-223x300.jpg\" alt=\"\" width=\"223\" height=\"300\" srcset=\"https:\/\/agora.xtec.cat\/ceipcamins\/wp-content\/uploads\/usu2060\/2021\/11\/madoz-223x300.jpg 223w, https:\/\/agora.xtec.cat\/ceipcamins\/wp-content\/uploads\/usu2060\/2021\/11\/madoz.jpg 380w\" sizes=\"auto, (max-width: 223px) 100vw, 223px\" \/><\/a><\/p>\n<p>Les Arts s\u00f3n l&#8217;eix vertebrador del nostre projecte educatiu i ens servim d&#8217;aquestes com a mitj\u00e0 d\u2019expressi\u00f3, fomentant que l\u2019experimentaci\u00f3 sigui la base dels aprenentatges<b>.\u00a0<\/b><\/p>\n<p><span style=\"font-weight: 400;\">Des de l&#8217;escola creiem que la millor manera per potenciar la compet\u00e8ncia art\u00edstica \u00e9s fent, experimentant i vivint l&#8217;Art. No hi ha un altra manera de connectar-se amb el fet art\u00edstic que no sigui a trav\u00e9s de les pr\u00f2pies viv\u00e8ncies i des del gaudi est\u00e8tic. Per aix\u00f2 hem de tenir una mirada global, no un model o guia tancat que cal seguir. El fet art\u00edstic ens ensenya a mirar amb creativitat i intel\u00b7lig\u00e8ncia, ens ensenya a sentir i pensar, a fer preguntes, mirar d&#8217;entendre el m\u00f3n&#8230;ensenyar Art \u00e9s una viv\u00e8ncia i no una simple informaci\u00f3.\u00a0<\/span><\/p>\n<p>L&#8217;hist\u00f2ric de les Arts a l&#8217;escola est\u00e0 documentat de fa temps&#8230;Si el vols descobrir-ho clica <a href=\"http:\/\/blocartcamins.blogspot.com\/\">aqu\u00ed per la part visual i pl\u00e0stica<\/a> i <a href=\"http:\/\/musicaacamins.blogspot.com\/\">aqu\u00ed per la part musical<\/a>.<\/p>\n<p>Foto: Chema Madoz<\/p>\n<p>&nbsp;<\/p>\n<p style=\"text-align: center;\"><strong>V\u00cdDEO-C\u00c0PSULA DE LES ARTS A LESCOLA.<\/strong><\/p>\n<p style=\"text-align: center;\"><strong>Clica i deixa&#8217;t portar per l&#8217;ess\u00e8ncia art\u00edstica de l&#8217;escola Camins.<\/strong><\/p>\n<p style=\"text-align: center;\"><iframe loading=\"lazy\" title=\"YouTube video player\" src=\"https:\/\/www.youtube.com\/embed\/7Na8h0V5y_o?si=s6g6vwTNv3dbYVKm\" width=\"560\" height=\"315\" frameborder=\"0\" allowfullscreen=\"allowfullscreen\"><\/iframe><\/p>\n","protected":false},"excerpt":{"rendered":"<p><a href=\"https:\/\/agora.xtec.cat\/ceipcamins\/wp-content\/uploads\/usu2060\/2021\/11\/madoz.jpg\"><\/a><br \/>\nLes Arts s\u00f3n l&#8217;eix vertebrador del nostre projecte educatiu i ens servim d&#8217;aquestes com a mitj\u00e0 d\u2019expressi\u00f3, fomentant que l\u2019experimentaci\u00f3 sigui la base dels aprenentatges.\u00a0<br \/>\nDes de l&#8217;escola creiem que la millor manera per potenciar la compet\u00e8ncia art\u00edstica \u00e9s fent, experimentant i vivint l&#8217;Art. No&hellip;  <a href=\"https:\/\/agora.xtec.cat\/ceipcamins\/el-nostre-proecte-educatiu\/les-arts-a-lescola-camins\/\" title=\"Read Les Arts a l&#8217;Escola Camins\">Llegeix m\u00e9s\u00bb<\/a><\/p>\n","protected":false},"author":1,"featured_media":0,"parent":2635,"menu_order":0,"comment_status":"closed","ping_status":"closed","template":"","meta":{"_bbp_topic_count":0,"_bbp_reply_count":0,"_bbp_total_topic_count":0,"_bbp_total_reply_count":0,"_bbp_voice_count":0,"_bbp_anonymous_reply_count":0,"_bbp_topic_count_hidden":0,"_bbp_reply_count_hidden":0,"_bbp_forum_subforum_count":0,"footnotes":""},"class_list":["post-4506","page","type-page","status-publish","hentry"],"post_mailing_queue_ids":[],"_links":{"self":[{"href":"https:\/\/agora.xtec.cat\/ceipcamins\/wp-json\/wp\/v2\/pages\/4506","targetHints":{"allow":["GET"]}}],"collection":[{"href":"https:\/\/agora.xtec.cat\/ceipcamins\/wp-json\/wp\/v2\/pages"}],"about":[{"href":"https:\/\/agora.xtec.cat\/ceipcamins\/wp-json\/wp\/v2\/types\/page"}],"author":[{"embeddable":true,"href":"https:\/\/agora.xtec.cat\/ceipcamins\/wp-json\/wp\/v2\/users\/1"}],"replies":[{"embeddable":true,"href":"https:\/\/agora.xtec.cat\/ceipcamins\/wp-json\/wp\/v2\/comments?post=4506"}],"version-history":[{"count":6,"href":"https:\/\/agora.xtec.cat\/ceipcamins\/wp-json\/wp\/v2\/pages\/4506\/revisions"}],"predecessor-version":[{"id":10127,"href":"https:\/\/agora.xtec.cat\/ceipcamins\/wp-json\/wp\/v2\/pages\/4506\/revisions\/10127"}],"up":[{"embeddable":true,"href":"https:\/\/agora.xtec.cat\/ceipcamins\/wp-json\/wp\/v2\/pages\/2635"}],"wp:attachment":[{"href":"https:\/\/agora.xtec.cat\/ceipcamins\/wp-json\/wp\/v2\/media?parent=4506"}],"curies":[{"name":"wp","href":"https:\/\/api.w.org\/{rel}","templated":true}]}}