{"id":3863,"date":"2021-05-12T11:58:13","date_gmt":"2021-05-12T09:58:13","guid":{"rendered":"https:\/\/agora.xtec.cat\/ceipcamins\/?page_id=3863"},"modified":"2025-03-12T12:12:52","modified_gmt":"2025-03-12T11:12:52","slug":"explicacio-del-projecte-educatiu","status":"publish","type":"page","link":"https:\/\/agora.xtec.cat\/ceipcamins\/el-nostre-proecte-educatiu\/explicacio-del-projecte-educatiu\/","title":{"rendered":"Explicaci\u00f3 del Projecte Educatiu"},"content":{"rendered":"<p><a href=\"https:\/\/drive.google.com\/file\/d\/1BHB_keOkambBChFSC80_Es4yWxs54VZi\/view?usp=sharing\">El Projecte Educatiu de de l\u2019Escola Camins<\/a>\u00a0recull tots aquests aspectes, els quals tamb\u00e9 us expliquem a trav\u00e9s del seg\u00fcent\u00a0<a href=\"https:\/\/drive.google.com\/file\/d\/1Z915avvFR9s5SwBB3kUf7gRY7UCCGHHO\/view?usp=sharing\">el v\u00eddeo<\/a>.<\/p>\n","protected":false},"excerpt":{"rendered":"<p><a href=\"https:\/\/drive.google.com\/file\/d\/1BHB_keOkambBChFSC80_Es4yWxs54VZi\/view?usp=sharing\">El Projecte Educatiu de de l\u2019Escola Camins<\/a>\u00a0recull tots aquests aspectes, els quals tamb\u00e9 us expliquem a trav\u00e9s del seg\u00fcent\u00a0<a href=\"https:\/\/drive.google.com\/file\/d\/1Z915avvFR9s5SwBB3kUf7gRY7UCCGHHO\/view?usp=sharing\">el v\u00eddeo<\/a>.<\/p>\n","protected":false},"author":1,"featured_media":0,"parent":2635,"menu_order":0,"comment_status":"closed","ping_status":"closed","template":"","meta":{"_bbp_topic_count":0,"_bbp_reply_count":0,"_bbp_total_topic_count":0,"_bbp_total_reply_count":0,"_bbp_voice_count":0,"_bbp_anonymous_reply_count":0,"_bbp_topic_count_hidden":0,"_bbp_reply_count_hidden":0,"_bbp_forum_subforum_count":0,"footnotes":""},"class_list":["post-3863","page","type-page","status-publish","hentry"],"post_mailing_queue_ids":[],"_links":{"self":[{"href":"https:\/\/agora.xtec.cat\/ceipcamins\/wp-json\/wp\/v2\/pages\/3863","targetHints":{"allow":["GET"]}}],"collection":[{"href":"https:\/\/agora.xtec.cat\/ceipcamins\/wp-json\/wp\/v2\/pages"}],"about":[{"href":"https:\/\/agora.xtec.cat\/ceipcamins\/wp-json\/wp\/v2\/types\/page"}],"author":[{"embeddable":true,"href":"https:\/\/agora.xtec.cat\/ceipcamins\/wp-json\/wp\/v2\/users\/1"}],"replies":[{"embeddable":true,"href":"https:\/\/agora.xtec.cat\/ceipcamins\/wp-json\/wp\/v2\/comments?post=3863"}],"version-history":[{"count":3,"href":"https:\/\/agora.xtec.cat\/ceipcamins\/wp-json\/wp\/v2\/pages\/3863\/revisions"}],"predecessor-version":[{"id":3881,"href":"https:\/\/agora.xtec.cat\/ceipcamins\/wp-json\/wp\/v2\/pages\/3863\/revisions\/3881"}],"up":[{"embeddable":true,"href":"https:\/\/agora.xtec.cat\/ceipcamins\/wp-json\/wp\/v2\/pages\/2635"}],"wp:attachment":[{"href":"https:\/\/agora.xtec.cat\/ceipcamins\/wp-json\/wp\/v2\/media?parent=3863"}],"curies":[{"name":"wp","href":"https:\/\/api.w.org\/{rel}","templated":true}]}}