{"id":32,"date":"2014-09-18T12:31:33","date_gmt":"2014-09-18T11:31:33","guid":{"rendered":"http:\/\/agora.xtec.cat\/ceipcamins\/?page_id=32"},"modified":"2025-09-03T14:37:00","modified_gmt":"2025-09-03T12:37:00","slug":"calendari-del-curs","status":"publish","type":"page","link":"https:\/\/agora.xtec.cat\/ceipcamins\/lescola\/calendari-del-curs\/","title":{"rendered":"Calendari del curs 2025-2026"},"content":{"rendered":"<p><a href=\"https:\/\/agora.xtec.cat\/ceipcamins\/wp-content\/uploads\/usu2060\/2025\/09\/Captura-de-pantalla-2025-09-03-a-les-14.31.28.png\"><img loading=\"lazy\" decoding=\"async\" class=\"alignnone size-large wp-image-11153\" src=\"https:\/\/agora.xtec.cat\/ceipcamins\/wp-content\/uploads\/usu2060\/2025\/09\/Captura-de-pantalla-2025-09-03-a-les-14.31.28-1024x682.png\" alt=\"\" width=\"1024\" height=\"682\" srcset=\"https:\/\/agora.xtec.cat\/ceipcamins\/wp-content\/uploads\/usu2060\/2025\/09\/Captura-de-pantalla-2025-09-03-a-les-14.31.28-1024x682.png 1024w, https:\/\/agora.xtec.cat\/ceipcamins\/wp-content\/uploads\/usu2060\/2025\/09\/Captura-de-pantalla-2025-09-03-a-les-14.31.28-300x200.png 300w, https:\/\/agora.xtec.cat\/ceipcamins\/wp-content\/uploads\/usu2060\/2025\/09\/Captura-de-pantalla-2025-09-03-a-les-14.31.28-768x511.png 768w, https:\/\/agora.xtec.cat\/ceipcamins\/wp-content\/uploads\/usu2060\/2025\/09\/Captura-de-pantalla-2025-09-03-a-les-14.31.28-1536x1023.png 1536w, https:\/\/agora.xtec.cat\/ceipcamins\/wp-content\/uploads\/usu2060\/2025\/09\/Captura-de-pantalla-2025-09-03-a-les-14.31.28.png 1592w\" sizes=\"auto, (max-width: 1024px) 100vw, 1024px\" \/><\/a><\/p>\n<h4><strong>Inici del curs:<\/strong><\/h4>\n<p>8 de setembre de 2025<\/p>\n<h4><strong>Vacances:<\/strong><\/h4>\n<p>Del 20 de desembre de 2025 al 7 de gener de 2026 (ambd\u00f3s inclosos)<\/p>\n<p>Del 28 de mar\u00e7 al 6 d\u2019abril de 2026 (ambd\u00f3s inclosos)<\/p>\n<p>A partir del 20 de juny de 2026<\/p>\n<h4><strong>Dies festius:<\/strong><\/h4>\n<p>11 de setembre de 2025<\/p>\n<p>8 de desembre de 2025<\/p>\n<p>1 de maig de 2026<\/p>\n<h4><strong>Dies festius de lliure disposici\u00f3:<\/strong><\/h4>\n<p>3 de novembre de 2025<\/p>\n<p>5 de desembre de 2025<\/p>\n<p>16 de febrer de 2026<\/p>\n<p>14 de maig de 2026<\/p>\n<h4><strong>Festa local:<\/strong><\/h4>\n<p>19 de setembre de 2025<\/p>\n<p>15 de maig de 2026<\/p>\n<h4><strong>Jornada compactada:<\/strong><\/h4>\n<p>El 19 de desembre de 2025, i del 8 al 19 de juny de 2026 (ambd\u00f3s inclosos).<\/p>\n<p>L\u2019<b>horari lectiu<\/b> del centre \u00e9s de 9:00 a 12:30 h i de 15:00 a 16:30 h per a tot l\u2019alumnat.<\/p>\n<p>Per a l\u2019alumnat que inicia l\u2019escolaritzaci\u00f3 a I3 s\u2019organitza un breu per\u00edode d\u2019adaptaci\u00f3 que suposa una certa modificaci\u00f3 dels horaris dels primers dies de classe i que es fa saber a les fam\u00edlies en les reunions pr\u00e8vies corresponents.<\/p>\n","protected":false},"excerpt":{"rendered":"<p><a href=\"https:\/\/agora.xtec.cat\/ceipcamins\/wp-content\/uploads\/usu2060\/2025\/09\/Captura-de-pantalla-2025-09-03-a-les-14.31.28.png\"><\/a><br \/>\nInici del curs:<br \/>\n8 de setembre de 2025<br \/>\nVacances:<br \/>\nDel 20 de desembre de 2025 al 7 de gener de 2026 (ambd\u00f3s inclosos)<br \/>\nDel 28 de mar\u00e7 al 6 d\u2019abril de 2026 (ambd\u00f3s inclosos)<br \/>\nA partir del 20 de juny de 2026<br \/>\nDies festius:<br \/>\n11 de setembre de 2025<br \/>\n8 de desembre&hellip;  <a href=\"https:\/\/agora.xtec.cat\/ceipcamins\/lescola\/calendari-del-curs\/\" title=\"Read Calendari del curs 2025-2026\">Llegeix m\u00e9s\u00bb<\/a><\/p>\n","protected":false},"author":1,"featured_media":0,"parent":22,"menu_order":3,"comment_status":"closed","ping_status":"closed","template":"page-templates\/side-menu.php","meta":{"_bbp_topic_count":0,"_bbp_reply_count":0,"_bbp_total_topic_count":0,"_bbp_total_reply_count":0,"_bbp_voice_count":0,"_bbp_anonymous_reply_count":0,"_bbp_topic_count_hidden":0,"_bbp_reply_count_hidden":0,"_bbp_forum_subforum_count":0,"footnotes":""},"class_list":["post-32","page","type-page","status-publish","hentry"],"post_mailing_queue_ids":[],"_links":{"self":[{"href":"https:\/\/agora.xtec.cat\/ceipcamins\/wp-json\/wp\/v2\/pages\/32","targetHints":{"allow":["GET"]}}],"collection":[{"href":"https:\/\/agora.xtec.cat\/ceipcamins\/wp-json\/wp\/v2\/pages"}],"about":[{"href":"https:\/\/agora.xtec.cat\/ceipcamins\/wp-json\/wp\/v2\/types\/page"}],"author":[{"embeddable":true,"href":"https:\/\/agora.xtec.cat\/ceipcamins\/wp-json\/wp\/v2\/users\/1"}],"replies":[{"embeddable":true,"href":"https:\/\/agora.xtec.cat\/ceipcamins\/wp-json\/wp\/v2\/comments?post=32"}],"version-history":[{"count":6,"href":"https:\/\/agora.xtec.cat\/ceipcamins\/wp-json\/wp\/v2\/pages\/32\/revisions"}],"predecessor-version":[{"id":11154,"href":"https:\/\/agora.xtec.cat\/ceipcamins\/wp-json\/wp\/v2\/pages\/32\/revisions\/11154"}],"up":[{"embeddable":true,"href":"https:\/\/agora.xtec.cat\/ceipcamins\/wp-json\/wp\/v2\/pages\/22"}],"wp:attachment":[{"href":"https:\/\/agora.xtec.cat\/ceipcamins\/wp-json\/wp\/v2\/media?parent=32"}],"curies":[{"name":"wp","href":"https:\/\/api.w.org\/{rel}","templated":true}]}}