{"id":24,"date":"2014-09-18T12:23:15","date_gmt":"2014-09-18T11:23:15","guid":{"rendered":"http:\/\/agora.xtec.cat\/ceipcamins\/?page_id=24"},"modified":"2025-03-24T10:40:28","modified_gmt":"2025-03-24T09:40:28","slug":"on-som","status":"publish","type":"page","link":"https:\/\/agora.xtec.cat\/ceipcamins\/lescola\/on-som\/","title":{"rendered":"On som?"},"content":{"rendered":"<p style=\"color: #666666; text-align: justify;\"><span style=\"color: #000000;\">El centre est\u00e0 ubicat a la part alta del poble de Corr\u00f3 d\u2019Avall, poble que pertany al municipi de Les Franqueses del Vall\u00e8s, a la comarca del Vall\u00e8s Oriental. Aquest \u00e9s un municipi format per 4 pobles hist\u00f2rics amb identitat pr\u00f2pia (Corr\u00f3 d&#8217;Amunt, Corr\u00f3 d&#8217;Avall, Llerona, Marata) i el barri de Bellavista. T\u00e9 una extensi\u00f3 de 30 Km2 i llinda amb els muncipis deGranollers (capital de comarca), Canovelles, C\u00e0noves i La Garriga. El municipi (amb m\u00e9s de 19.000 habitants) gaudeix de centres educatius consolidats, per\u00f2 donat l&#8217;elevat creixement demogr\u00e0fic dels \u00faltims anys, el Departament d&#8217;Ensenyament va crear escoles noves per atendre la demanda d\u2019escolaritzaci\u00f3.<\/span><\/p>\n<p style=\"color: #666666; text-align: justify;\"><span style=\"color: #000000;\">La situaci\u00f3 geogr\u00e0fica de l\u2019escola cal dir que \u00e9s privilegiada, ja que est\u00e0 constru\u00efda a dalt d\u2019un turonet, al llindar entre la zona urbanitzada i la zona rural, cosa que permet accedir amb molta facilitat a diferents tipus d&#8217;entorns.<\/span><\/p>\n<p style=\"text-align: justify;\"><span style=\"color: #000000;\">Entenem l&#8217;espai com un element educador que facilita que es puguin donar situacions diverses d&#8217;aprenentatge i de relacions, fomentant un ambient relaxat i acollidor. \u00c9s per aix\u00f2 que dissenyem els espais per tal que se&#8217;n pugui fer un \u00fas polivalent, amb mobiliari vers\u00e0til que pugui oferir diverses possibilitats i que doni resposta a les necessitats dels infants.<\/span><\/p>\n<p style=\"text-align: justify;\"><span style=\"color: #000000;\">Un espai educador de primer ordre s\u00f3n els espais exteriors, els patis de l&#8217;escola, que estan pensats com a espais d&#8217;aprenentatge, de jocs, de recerca&#8230;Per aix\u00f2 s&#8217;ha prioritzat dotar-los i organitzar-los seguint els mateixos criteris utilitzats en els espais interiors. De la mateixa manera donem import\u00e0ncia a tots els materials que complementen els espais. Aquests han de ser materials nobles (sempre que sigui possible) i de colors neutres, que potenci\u00efn la creativitat dels infants, seguint una est\u00e8tica pr\u00f2pia per tal de contribuir en educar la mirada dels infants. Aquest tret identificatiu de l&#8217;escola tamb\u00e9 es veu reflectit en el material did\u00e0ctic que s&#8217;ofereix.<\/span><\/p>\n<p style=\"text-align: justify;\"><iframe loading=\"lazy\" style=\"border: 0;\" src=\"https:\/\/www.google.com\/maps\/embed?pb=!1m18!1m12!1m3!1d2981.922648037661!2d2.301138074812784!3d41.635803380551636!2m3!1f0!2f0!3f0!3m2!1i1024!2i768!4f13.1!3m3!1m2!1s0x12a4c89e47877a47%3A0xb47eb792392bbe6c!2sEscola%20Camins!5e0!3m2!1sca!2ses!4v1742809147040!5m2!1sca!2ses\" width=\"600\" height=\"450\" allowfullscreen=\"allowfullscreen\"><\/iframe><br \/>\n<a href=\"https:\/\/agora.xtec.cat\/ceipcamins\/wp-content\/uploads\/usu2060\/2025\/02\/Vine-a-la-Jornada-de-portes-obertes-de-lEscola-Camins-1.jpg\"><img loading=\"lazy\" decoding=\"async\" class=\"size-large wp-image-10490 alignleft\" src=\"https:\/\/agora.xtec.cat\/ceipcamins\/wp-content\/uploads\/usu2060\/2025\/02\/Vine-a-la-Jornada-de-portes-obertes-de-lEscola-Camins-1-1024x215.jpg\" alt=\"\" width=\"1024\" height=\"215\" \/><\/a><\/p>\n<p>&nbsp;<\/p>\n","protected":false},"excerpt":{"rendered":"<p>El centre est\u00e0 ubicat a la part alta del poble de Corr\u00f3 d\u2019Avall, poble que pertany al municipi de Les Franqueses del Vall\u00e8s, a la comarca del Vall\u00e8s Oriental. Aquest \u00e9s un municipi format per 4 pobles hist\u00f2rics amb identitat pr\u00f2pia (Corr\u00f3 d&#8217;Amunt, Corr\u00f3 d&#8217;Avall,&hellip;  <a href=\"https:\/\/agora.xtec.cat\/ceipcamins\/lescola\/on-som\/\" title=\"Read On som?\">Llegeix m\u00e9s\u00bb<\/a><\/p>\n","protected":false},"author":260,"featured_media":0,"parent":22,"menu_order":1,"comment_status":"closed","ping_status":"closed","template":"page-templates\/side-menu.php","meta":{"_bbp_topic_count":0,"_bbp_reply_count":0,"_bbp_total_topic_count":0,"_bbp_total_reply_count":0,"_bbp_voice_count":0,"_bbp_anonymous_reply_count":0,"_bbp_topic_count_hidden":0,"_bbp_reply_count_hidden":0,"_bbp_forum_subforum_count":0,"footnotes":""},"class_list":["post-24","page","type-page","status-publish","hentry"],"post_mailing_queue_ids":[],"_links":{"self":[{"href":"https:\/\/agora.xtec.cat\/ceipcamins\/wp-json\/wp\/v2\/pages\/24","targetHints":{"allow":["GET"]}}],"collection":[{"href":"https:\/\/agora.xtec.cat\/ceipcamins\/wp-json\/wp\/v2\/pages"}],"about":[{"href":"https:\/\/agora.xtec.cat\/ceipcamins\/wp-json\/wp\/v2\/types\/page"}],"author":[{"embeddable":true,"href":"https:\/\/agora.xtec.cat\/ceipcamins\/wp-json\/wp\/v2\/users\/260"}],"replies":[{"embeddable":true,"href":"https:\/\/agora.xtec.cat\/ceipcamins\/wp-json\/wp\/v2\/comments?post=24"}],"version-history":[{"count":6,"href":"https:\/\/agora.xtec.cat\/ceipcamins\/wp-json\/wp\/v2\/pages\/24\/revisions"}],"predecessor-version":[{"id":10784,"href":"https:\/\/agora.xtec.cat\/ceipcamins\/wp-json\/wp\/v2\/pages\/24\/revisions\/10784"}],"up":[{"embeddable":true,"href":"https:\/\/agora.xtec.cat\/ceipcamins\/wp-json\/wp\/v2\/pages\/22"}],"wp:attachment":[{"href":"https:\/\/agora.xtec.cat\/ceipcamins\/wp-json\/wp\/v2\/media?parent=24"}],"curies":[{"name":"wp","href":"https:\/\/api.w.org\/{rel}","templated":true}]}}