{"id":11541,"date":"2026-02-05T15:31:35","date_gmt":"2026-02-05T14:31:35","guid":{"rendered":"https:\/\/agora.xtec.cat\/ceipcamins\/?page_id=11541"},"modified":"2026-02-09T10:24:00","modified_gmt":"2026-02-09T09:24:00","slug":"erasmus-alasvo-crp-vo-i","status":"publish","type":"page","link":"https:\/\/agora.xtec.cat\/ceipcamins\/erasmus-alasvo-crp-vo-i\/","title":{"rendered":"ERASMUS (ALASVO CRP &#8211; VO I)"},"content":{"rendered":"<p><a href=\"https:\/\/agora.xtec.cat\/ceipcamins\/wp-content\/uploads\/usu2060\/2026\/02\/Erasmus--e1770304631259.jpg\"><img loading=\"lazy\" decoding=\"async\" class=\"wp-image-11546 alignleft\" src=\"https:\/\/agora.xtec.cat\/ceipcamins\/wp-content\/uploads\/usu2060\/2026\/02\/Erasmus--e1770304631259-1024x666.jpg\" alt=\"\" width=\"551\" height=\"358\" srcset=\"https:\/\/agora.xtec.cat\/ceipcamins\/wp-content\/uploads\/usu2060\/2026\/02\/Erasmus--e1770304631259-1024x666.jpg 1024w, https:\/\/agora.xtec.cat\/ceipcamins\/wp-content\/uploads\/usu2060\/2026\/02\/Erasmus--e1770304631259-300x195.jpg 300w, https:\/\/agora.xtec.cat\/ceipcamins\/wp-content\/uploads\/usu2060\/2026\/02\/Erasmus--e1770304631259-768x500.jpg 768w, https:\/\/agora.xtec.cat\/ceipcamins\/wp-content\/uploads\/usu2060\/2026\/02\/Erasmus--e1770304631259-1536x999.jpg 1536w, https:\/\/agora.xtec.cat\/ceipcamins\/wp-content\/uploads\/usu2060\/2026\/02\/Erasmus--e1770304631259.jpg 1660w\" sizes=\"auto, (max-width: 551px) 100vw, 551px\" \/><\/a><\/p>\n<p>Aquest curs 25-26 l&#8217;escola Camins s&#8217;incorpora\u00a0al projecte Erasmus+ de consorci i que porta per nom\u00a0<strong>ALASVO<\/strong>\u00a0(<strong>A<\/strong>ctive <strong>L<\/strong>eaders for <strong>A<\/strong>ctive <strong>S<\/strong>tudents in the <strong>V<\/strong>all\u00e8s <strong>O<\/strong>riental). Aquest projecte est\u00e0 coordinat pel\u00a0<strong>Centre de Recursos Pedag\u00f2gics del Vall\u00e8s Oriental I<\/strong>\u00a0(CRP VOI).<\/p>\n<p><img loading=\"lazy\" decoding=\"async\" class=\"alignleft\" src=\"https:\/\/www.aiju.es\/wp-content\/uploads\/2019\/04\/cofinanciado.png\" alt=\"Union Europea Cofinanciado Erasmus+. es - AIJU\" width=\"280\" height=\"68\" \/><\/p>\n<p><img loading=\"lazy\" decoding=\"async\" class=\"alignleft\" src=\"https:\/\/upload.wikimedia.org\/wikipedia\/commons\/1\/1e\/Erasmus%2B_Logo.svg\" alt=\"File:Erasmus+ Logo.svg - Wikimedia Commons\" width=\"276\" height=\"79\" \/><\/p>\n<p>&nbsp;<\/p>\n<p>&nbsp;<\/p>\n<p>&nbsp;<\/p>\n<p>&nbsp;<\/p>\n<p>Durant aquest curs les escoles que formen part d&#8217;aquest Erasm<span style=\"font-family: inherit; font-size: 1em;\">us\u00a0 participaran en les mobilitats i en totes les activitats que s\u2019aniran desenvolupant per tal d\u2019aconseguir implementar millores dels centres educatius i del propi CRP VOI en els<\/span><strong style=\"font-family: inherit; font-size: 1em;\">\u00a0cinc objectius del projecte<\/strong><span style=\"font-family: inherit; font-size: 1em;\">. Aquests objectius s\u00f3n els seg\u00fcents:<\/span><\/p>\n<ul class=\"wp-block-list\">\n<li>Potenciar la<span style=\"text-decoration: underline;\"> internacionalitzaci\u00f3<\/span> de les escoles<\/li>\n<li>Actualitzar i millorar les activitats a l\u2019aula amb una visi\u00f3 renovada sota una Europa verda, integrant temes de <span style=\"text-decoration: underline;\">sostenibilitat.<\/span><\/li>\n<li>Diversificar i refor\u00e7ar les estrat\u00e8gies metodol\u00f2giques actives per afavorir l\u2019aprenentatge de<span style=\"text-decoration: underline;\"> lleng\u00fces estrangeres<\/span> i continguts, introduint i sistematitzant <span style=\"text-decoration: underline;\">metodologies actives.<\/span><\/li>\n<li>Millorar la <span style=\"text-decoration: underline;\">compet\u00e8ncia comunicativa en angl\u00e8s<\/span> del professorat per actuar com a model, desenvolupant un <span style=\"text-decoration: underline;\">pla ling\u00fc\u00edstic pluriling\u00fce<\/span> amb m\u00e9s i millors mat\u00e8ries CLIL i incrementant el nombre de projectes internacionals (eTwinning, Erasmus+, intercanvis).<\/li>\n<li>Millorar les estrat\u00e8gies<span style=\"text-decoration: underline;\"> d\u2019inclusi\u00f3 i atenci\u00f3 a la diversitat<\/span> en els centres de prim\u00e0ria amb un pla escolar inclusiu que impliqui tota la comunitat educativa, amb flexibilitat curricular, avaluativa i d\u2019organitzaci\u00f3, adaptat a la diversitat d\u2019interessos, capacitats i ritmes d\u2019aprenentatge.<\/li>\n<li>I potenciar les <span style=\"text-decoration: underline;\">habilitats tecnol\u00f2giques i compet\u00e8ncies digitals<\/span> dels centres fomentant una cultura digital i desenvolupant un pla digital per a les escoles prim\u00e0ries que impulsi l\u2019\u00fas d\u2019eines digitals a l\u2019aula.<\/li>\n<\/ul>\n<figure class=\"wp-block-image\"><a href=\"https:\/\/serveiseducatius.xtec.cat\/vallesoriental1\/wp-content\/uploads\/usu1135\/2025\/08\/objectius.jpg\"><img loading=\"lazy\" decoding=\"async\" class=\"wp-image-15298\" src=\"https:\/\/serveiseducatius.xtec.cat\/vallesoriental1\/wp-content\/uploads\/usu1135\/2025\/08\/objectius-1024x187.jpg\" sizes=\"auto, (max-width: 1024px) 100vw, 1024px\" srcset=\"https:\/\/serveiseducatius.xtec.cat\/vallesoriental1\/wp-content\/uploads\/usu1135\/2025\/08\/objectius-1024x187.jpg 1024w, https:\/\/serveiseducatius.xtec.cat\/vallesoriental1\/wp-content\/uploads\/usu1135\/2025\/08\/objectius-300x55.jpg 300w, https:\/\/serveiseducatius.xtec.cat\/vallesoriental1\/wp-content\/uploads\/usu1135\/2025\/08\/objectius-768x141.jpg 768w, https:\/\/serveiseducatius.xtec.cat\/vallesoriental1\/wp-content\/uploads\/usu1135\/2025\/08\/objectius.jpg 1186w\" alt=\"\" width=\"1024\" height=\"187\" \/><\/a><\/figure>\n<p>Formar part el projecte Erasmus+ ALASVO representa una oportunitat\u00a0 per avan\u00e7ar cap a un model educatiu m\u00e9s <strong>innovador, obert i alineat amb els reptes europeus actuals.<\/strong> El treball conjunt amb altres centres i amb el CRP VOI permetr\u00e0 compartir experi\u00e8ncies, generar nous aprenentatges i consolidar pr\u00e0ctiques que tindran un impacte directe tant en la qualitat de l\u2019ensenyament com en el desenvolupament integral de l\u2019alumnat i del professorat. Aix\u00ed doncs, el projecte esdev\u00e9 un motor de transformaci\u00f3 que refor\u00e7a el comprom\u00eds de l\u2019escola amb la millora cont\u00ednua i amb una educaci\u00f3 inclusiva, sostenible i connectada amb el m\u00f3n que ens envolta.<\/p>\n<figure class=\"wp-block-image size-full\"><a href=\"https:\/\/serveiseducatius.xtec.cat\/vallesoriental1\/wp-content\/uploads\/usu1135\/2025\/12\/Logos-escoles-25-26.jpg\"><img loading=\"lazy\" decoding=\"async\" class=\"wp-image-15651 aligncenter\" src=\"https:\/\/serveiseducatius.xtec.cat\/vallesoriental1\/wp-content\/uploads\/usu1135\/2025\/12\/Logos-escoles-25-26.jpg\" sizes=\"auto, (max-width: 646px) 100vw, 646px\" srcset=\"https:\/\/serveiseducatius.xtec.cat\/vallesoriental1\/wp-content\/uploads\/usu1135\/2025\/12\/Logos-escoles-25-26.jpg 646w, https:\/\/serveiseducatius.xtec.cat\/vallesoriental1\/wp-content\/uploads\/usu1135\/2025\/12\/Logos-escoles-25-26-300x170.jpg 300w\" alt=\"\" width=\"719\" height=\"408\" \/><\/a><\/figure>\n<p>&nbsp;<\/p>\n","protected":false},"excerpt":{"rendered":"<p><a href=\"https:\/\/agora.xtec.cat\/ceipcamins\/wp-content\/uploads\/usu2060\/2026\/02\/Erasmus--e1770304631259.jpg\"><\/a><br \/>\nAquest curs 25-26 l&#8217;escola Camins s&#8217;incorpora\u00a0al projecte Erasmus+ de consorci i que porta per nom\u00a0ALASVO\u00a0(Active Leaders for Active Students in the Vall\u00e8s Oriental). Aquest projecte est\u00e0 coordinat pel\u00a0Centre de Recursos Pedag\u00f2gics del Vall\u00e8s Oriental I\u00a0(CRP VOI).<\/p>\n<p>&nbsp;<br \/>\n&nbsp;<br \/>\n&nbsp;<br \/>\n&nbsp;<br \/>\nDurant aquest curs les escoles que formen part d&#8217;aquest&hellip;  <a href=\"https:\/\/agora.xtec.cat\/ceipcamins\/erasmus-alasvo-crp-vo-i\/\" title=\"Read ERASMUS (ALASVO CRP &#8211; VO I)\">Llegeix m\u00e9s\u00bb<\/a><\/p>\n","protected":false},"author":260,"featured_media":0,"parent":0,"menu_order":0,"comment_status":"closed","ping_status":"closed","template":"","meta":{"_bbp_topic_count":0,"_bbp_reply_count":0,"_bbp_total_topic_count":0,"_bbp_total_reply_count":0,"_bbp_voice_count":0,"_bbp_anonymous_reply_count":0,"_bbp_topic_count_hidden":0,"_bbp_reply_count_hidden":0,"_bbp_forum_subforum_count":0,"footnotes":""},"class_list":["post-11541","page","type-page","status-publish","hentry"],"post_mailing_queue_ids":[],"_links":{"self":[{"href":"https:\/\/agora.xtec.cat\/ceipcamins\/wp-json\/wp\/v2\/pages\/11541","targetHints":{"allow":["GET"]}}],"collection":[{"href":"https:\/\/agora.xtec.cat\/ceipcamins\/wp-json\/wp\/v2\/pages"}],"about":[{"href":"https:\/\/agora.xtec.cat\/ceipcamins\/wp-json\/wp\/v2\/types\/page"}],"author":[{"embeddable":true,"href":"https:\/\/agora.xtec.cat\/ceipcamins\/wp-json\/wp\/v2\/users\/260"}],"replies":[{"embeddable":true,"href":"https:\/\/agora.xtec.cat\/ceipcamins\/wp-json\/wp\/v2\/comments?post=11541"}],"version-history":[{"count":6,"href":"https:\/\/agora.xtec.cat\/ceipcamins\/wp-json\/wp\/v2\/pages\/11541\/revisions"}],"predecessor-version":[{"id":11584,"href":"https:\/\/agora.xtec.cat\/ceipcamins\/wp-json\/wp\/v2\/pages\/11541\/revisions\/11584"}],"wp:attachment":[{"href":"https:\/\/agora.xtec.cat\/ceipcamins\/wp-json\/wp\/v2\/media?parent=11541"}],"curies":[{"name":"wp","href":"https:\/\/api.w.org\/{rel}","templated":true}]}}