{"id":10780,"date":"2025-03-24T10:34:16","date_gmt":"2025-03-24T09:34:16","guid":{"rendered":"https:\/\/agora.xtec.cat\/ceipcamins\/?page_id=10780"},"modified":"2025-03-24T10:35:15","modified_gmt":"2025-03-24T09:35:15","slug":"qui-som","status":"publish","type":"page","link":"https:\/\/agora.xtec.cat\/ceipcamins\/lescola\/qui-som\/","title":{"rendered":"Qui som?"},"content":{"rendered":"<p>Volem que l&#8217;escola acompanyi a l&#8217;infant per tal que sigui feli\u00e7, respectu\u00f3s i tingui ganes d&#8217;aprendre. Aquesta finalitat l&#8217;aconseguirem donant-li les eines per ser capa\u00e7 d&#8217;utilitzar estrat\u00e8gies per gestionar les seves emocions, que visqui l&#8217;aprenentatge com a una oportunitat de creixement, que actu\u00ef de manera aut\u00f2noma i responsable, que sigui cr\u00edtic amb ell mateix i amb els altres , que sigui capa\u00e7 de treballar en equip i d&#8217;adaptar-se a les diferents situacions que li plantegi la vida.<br \/>\nEn definitiva, un infant competent que ser\u00e0 el futur ciutad\u00e0 que haur\u00e0 d&#8217;interactuar amb l&#8217;entorn que li toqui viure i transformar-lo.<\/p>\n<p>Ens definim com una escola on entenem l\u2019educaci\u00f3 com un proc\u00e9s de creixement, de maduresa i d\u2019aprenentatge. Entenem l\u2019educaci\u00f3 com un proc\u00e9s integral que ha de potenciar un ensenyament en que l&#8217;alumne sigui el protagonista del seu proc\u00e9s d&#8217;aprenentatge. A l&#8217;escola es vol despertar les facultats individuals de l\u2019infant perqu\u00e8 aprengui a aprendre, donant resposta a les necessitats educatives de tots els alumnes amb l&#8217;objectiu final que aconsegueixin un bon assoliment de les\u00a0 compet\u00e8ncies b\u00e0siques que els faciliti desenvolupar-se en una societat canviant i diversa.<\/p>\n<p>Les arts s\u00f3n l&#8217;eix vertebrador del nostre projecte educatiu i ens servim d&#8217;aquestes com a mitj\u00e0 d\u2019expressi\u00f3, fomentant que l\u2019experimentaci\u00f3 sigui la base dels aprenentatges.<\/p>\n<p>Entenem la relaci\u00f3 fam\u00edlia-escola com un eix b\u00e0sic de la nostra pr\u00e0ctica quotidiana.<\/p>\n<p>Com a centre del Departament d&#8217;Ensenyament som una escola p\u00fablica, laica, catalana, inclusiva i respectuosa amb la pluralitat que treballa amb l&#8217;objectiu de millorar la cohesi\u00f3 social i els resultats educatius.<\/p>\n","protected":false},"excerpt":{"rendered":"<p>Volem que l&#8217;escola acompanyi a l&#8217;infant per tal que sigui feli\u00e7, respectu\u00f3s i tingui ganes d&#8217;aprendre. Aquesta finalitat l&#8217;aconseguirem donant-li les eines per ser capa\u00e7 d&#8217;utilitzar estrat\u00e8gies per gestionar les seves emocions, que visqui l&#8217;aprenentatge com a una oportunitat de creixement, que actu\u00ef de manera&hellip;  <a href=\"https:\/\/agora.xtec.cat\/ceipcamins\/lescola\/qui-som\/\" title=\"Read Qui som?\">Llegeix m\u00e9s\u00bb<\/a><\/p>\n","protected":false},"author":260,"featured_media":0,"parent":22,"menu_order":2,"comment_status":"closed","ping_status":"closed","template":"page-templates\/side-menu.php","meta":{"_bbp_topic_count":0,"_bbp_reply_count":0,"_bbp_total_topic_count":0,"_bbp_total_reply_count":0,"_bbp_voice_count":0,"_bbp_anonymous_reply_count":0,"_bbp_topic_count_hidden":0,"_bbp_reply_count_hidden":0,"_bbp_forum_subforum_count":0,"footnotes":""},"class_list":["post-10780","page","type-page","status-publish","hentry"],"post_mailing_queue_ids":[],"_links":{"self":[{"href":"https:\/\/agora.xtec.cat\/ceipcamins\/wp-json\/wp\/v2\/pages\/10780","targetHints":{"allow":["GET"]}}],"collection":[{"href":"https:\/\/agora.xtec.cat\/ceipcamins\/wp-json\/wp\/v2\/pages"}],"about":[{"href":"https:\/\/agora.xtec.cat\/ceipcamins\/wp-json\/wp\/v2\/types\/page"}],"author":[{"embeddable":true,"href":"https:\/\/agora.xtec.cat\/ceipcamins\/wp-json\/wp\/v2\/users\/260"}],"replies":[{"embeddable":true,"href":"https:\/\/agora.xtec.cat\/ceipcamins\/wp-json\/wp\/v2\/comments?post=10780"}],"version-history":[{"count":1,"href":"https:\/\/agora.xtec.cat\/ceipcamins\/wp-json\/wp\/v2\/pages\/10780\/revisions"}],"predecessor-version":[{"id":10781,"href":"https:\/\/agora.xtec.cat\/ceipcamins\/wp-json\/wp\/v2\/pages\/10780\/revisions\/10781"}],"up":[{"embeddable":true,"href":"https:\/\/agora.xtec.cat\/ceipcamins\/wp-json\/wp\/v2\/pages\/22"}],"wp:attachment":[{"href":"https:\/\/agora.xtec.cat\/ceipcamins\/wp-json\/wp\/v2\/media?parent=10780"}],"curies":[{"name":"wp","href":"https:\/\/api.w.org\/{rel}","templated":true}]}}