{"id":4215,"date":"2022-09-24T12:59:25","date_gmt":"2022-09-24T10:59:25","guid":{"rendered":"https:\/\/agora.xtec.cat\/ceipcalvetdestrella\/?page_id=4215"},"modified":"2023-11-13T13:16:43","modified_gmt":"2023-11-13T12:16:43","slug":"families-2","status":"publish","type":"page","link":"https:\/\/agora.xtec.cat\/ceipcalvetdestrella\/edc-estrategia-digital-de-centre\/cultura-digital\/pla-dacollida-digital\/families-2\/","title":{"rendered":"Fam\u00edlies"},"content":{"rendered":"<ul>\n<li class=\"CDt4Ke zfr3Q\" dir=\"ltr\">\n<h5><strong style=\"font-family: inherit; font-size: 1em;\">Aplicaci\u00f3 Tokapp<\/strong><\/h5>\n<\/li>\n<\/ul>\n<p class=\"CDt4Ke zfr3Q\" dir=\"ltr\">Utilitzem l<strong>\u2019app Tokapp <\/strong>com a <strong>via de comunicaci\u00f3 entre el centre i les fam\u00edlies<\/strong>. Aquesta aplicaci\u00f3 \u00e9s gratu\u00efta. En cas que alguna fam\u00edlia necessiti ajuda per entrar a l&#8217;aplicaci\u00f3 Tokapp pot passar per secretaria.<\/p>\n<p dir=\"ltr\"><strong>A la reuni\u00f3 d&#8217;inici de curs, s&#8217;explicar\u00e0 com descarregar i utilitzar aquesta eina.<\/strong><\/p>\n<p dir=\"ltr\"><img loading=\"lazy\" decoding=\"async\" class=\"wp-image-4556 aligncenter\" src=\"https:\/\/agora.xtec.cat\/ceipcalvetdestrella\/wp-content\/uploads\/usu1846\/2023\/01\/33.png\" alt=\"\" width=\"184\" height=\"72\" srcset=\"https:\/\/agora.xtec.cat\/ceipcalvetdestrella\/wp-content\/uploads\/usu1846\/2023\/01\/33.png 1024w, https:\/\/agora.xtec.cat\/ceipcalvetdestrella\/wp-content\/uploads\/usu1846\/2023\/01\/33-300x117.png 300w, https:\/\/agora.xtec.cat\/ceipcalvetdestrella\/wp-content\/uploads\/usu1846\/2023\/01\/33-768x300.png 768w\" sizes=\"auto, (max-width: 184px) 100vw, 184px\" \/><\/p>\n<p dir=\"ltr\" style=\"padding-left: 40px;\"><em>En el seg\u00fcent videotutorial us expliquem aquest punt amb detall:<\/em><\/p>\n<p>\u00a0 \u00a0 \u00a0 \u00a0 \u00a0 \u00a0 \u00a0 \u00a0 \u00a0 \u00a0 \u00a0 \u00a0 \u00a0 \u00a0 \u00a0 \u00a0 \u00a0 \u00a0 \u00a0 \u00a0 \u00a0 <iframe loading=\"lazy\" src=\"https:\/\/drive.google.com\/file\/d\/1bctNEnymQ2vJTj0bcWgoCVi4xOkbCmui\/preview\" width=\"540\" height=\"380\"><span data-mce-type=\"bookmark\" style=\"display: inline-block; width: 0px; overflow: hidden; line-height: 0;\" class=\"mce_SELRES_start\">\ufeff<\/span><\/iframe><\/p>\n<ul style=\"list-style-type: disc; text-align: justify;\">\n<li>\n<h5><strong>El centre disposa d\u2019un domini G Suite for Education propi<\/strong><\/h5>\n<\/li>\n<\/ul>\n<p style=\"padding-left: 40px; text-align: justify;\">L&#8217;alumnat que s&#8217;incorpora al cicle mitj\u00e0 se li adjudicar\u00e0 un <strong>correu electr\u00f2nic<\/strong>, <strong>@escolacalvet.cat<\/strong>, ja que el centre disposa d&#8217;un domini G Suite <span class=\"hiddenGreenError\">for<\/span>\u00a0<span class=\"hiddenSpellError\">Education<\/span> propi que es fa servir per treballar tant a l&#8217;aula com des de casa utilitzant el correu electr\u00f2nic\u00a0com una eina de <strong>comunicaci\u00f3 entre escola- escola, escola-fam\u00edlia.<\/strong><\/p>\n<p><img loading=\"lazy\" decoding=\"async\" class=\" wp-image-9410 aligncenter\" src=\"https:\/\/projectes.xtec.cat\/edc-suport\/wp-content\/uploads\/usu2435\/2021\/12\/workspace-300x123.png\" sizes=\"auto, (max-width: 300px) 100vw, 300px\" srcset=\"https:\/\/projectes.xtec.cat\/edc-suport\/wp-content\/uploads\/usu2435\/2021\/12\/workspace-300x123.png 300w, https:\/\/projectes.xtec.cat\/edc-suport\/wp-content\/uploads\/usu2435\/2021\/12\/workspace-1024x421.png 1024w, https:\/\/projectes.xtec.cat\/edc-suport\/wp-content\/uploads\/usu2435\/2021\/12\/workspace-768x316.png 768w, https:\/\/projectes.xtec.cat\/edc-suport\/wp-content\/uploads\/usu2435\/2021\/12\/workspace.png 1280w\" alt=\"\" width=\"163\" height=\"67\" \/><\/p>\n<p style=\"padding-left: 40px; text-align: justify;\">El tutor o la tutora, quan sigui convenient, comunicaran a l&#8217;alumnat quin \u00e9s el seu correu i la seva contrasenya.<\/p>\n<p style=\"padding-left: 40px; text-align: justify;\">Ser\u00e0 un correu per fer <strong>\u00fas exclusivament en l&#8217;entorn acad\u00e8mic<\/strong>, i ser\u00e0 el que empraran els alumnes per accedir a les diferents eines i aplicacions digitals pr\u00f2pies de cada curs (Gmail, Classroom, Google Docs, Canva, etc.).<\/p>\n<p style=\"padding-left: 40px; text-align: justify;\"><span style=\"font-family: inherit; font-size: 1em; font-weight: normal;\">\u00c9s necess\u00e0ria l\u2019autoritzaci\u00f3 de la fam\u00edlia per donar d\u2019alta a l&#8217;alumnat com a usuari Workspace. Aquesta autoritzaci\u00f3 la lliura el tutor en paper i s&#8217;ha de retornar signada.<\/span><\/p>\n<p style=\"padding-left: 40px;\"><em>En el seg\u00fcent videotutorial us expliquem aquest punt amb detall:<\/em><\/p>\n<p>\u00a0 \u00a0 \u00a0 \u00a0 \u00a0 \u00a0 \u00a0 \u00a0 \u00a0 \u00a0 \u00a0 \u00a0 \u00a0 \u00a0 \u00a0 \u00a0 \u00a0 \u00a0 \u00a0 \u00a0 \u00a0 <iframe loading=\"lazy\" src=\"https:\/\/drive.google.com\/file\/d\/1R0YJJcxAhODallvrTCXo7AyoeG_dCmJK\/preview\" width=\"540\" height=\"380\"><\/iframe><\/p>\n<ul>\n<li>\n<h5><strong>Entorn Virtual d&#8217;Aprenentatge (EVA)<\/strong><\/h5>\n<\/li>\n<\/ul>\n<p class=\"CDt4Ke zfr3Q\" dir=\"ltr\" style=\"padding-left: 40px;\">A l&#8217;escola utilitzem l&#8217;entorn d&#8217;aprenentatge <strong>Google Classroom<\/strong> per completar els objectius i continguts que volem assolir. <span style=\"font-family: inherit; font-size: 1em;\">Es comen\u00e7a a fer servir a partir de tercer de prim\u00e0ria i es fa a trav\u00e9s del correu corporatiu de l&#8217;escola.<\/span><\/p>\n<p dir=\"ltr\" style=\"padding-left: 40px;\"><em>En el seg\u00fcent videotutorial us expliquem aquest punt amb detall:<\/em><\/p>\n<p>\u00a0 \u00a0 \u00a0 \u00a0 \u00a0 \u00a0 \u00a0 \u00a0 \u00a0 \u00a0 \u00a0 \u00a0 \u00a0 \u00a0 \u00a0 \u00a0 \u00a0 \u00a0 \u00a0 \u00a0 \u00a0<iframe loading=\"lazy\" src=\"https:\/\/drive.google.com\/file\/d\/1ssuMoXaBsKw5416WbutpAH-NfzPoKkvu\/preview\" width=\"540\" height=\"380\"><span data-mce-type=\"bookmark\" style=\"display: inline-block; width: 0px; overflow: hidden; line-height: 0;\" class=\"mce_SELRES_start\">\ufeff<\/span><\/iframe><\/p>\n<ul>\n<li>\n<h5><strong>Port\u00e0til alumnes<\/strong><\/h5>\n<\/li>\n<\/ul>\n<p style=\"padding-left: 40px; text-align: justify;\"><strong>Els alumnes de cicle superior<\/strong> disposen d&#8217;un ordinador per a treballar al centre. Aquest port\u00e0til el cedeix la Generalitat de Catalunya, dins del seu <strong>pla d&#8217;educaci\u00f3 digital<\/strong>.<\/p>\n<ul>\n<li>\n<h5><strong>Web del centre \/ Xarxes Socials<\/strong><\/h5>\n<\/li>\n<\/ul>\n<p class=\"CDt4Ke zfr3Q\" dir=\"ltr\" style=\"padding-left: 40px;\">A les reunions d&#8217;inici de curs es proporciona informaci\u00f3 de la p\u00e0gina web del centre i de les diferents xarxes socials que s&#8217;utilitzen per difondre les activitats que es realitzen al centre.<\/p>\n<p class=\"CDt4Ke zfr3Q\" dir=\"ltr\" style=\"padding-left: 40px;\"><strong>La p\u00e0gina web de l&#8217;Escola Calvet d&#8217;Estrella \u00e9s el mitj\u00e0 de difusi\u00f3 i comunicaci\u00f3 principal<\/strong> entre el claustre i les fam\u00edlies. En aquest espai web s&#8217;hi pengen articles sobre activitats de l&#8217;escola i informacions destinades a les fam\u00edlies. Tamb\u00e9 hi ha penjats documents importants de la nostra escola com el Projecte Educatiu de Centre (PEC), les Normes i Normes d&#8217;Organitzaci\u00f3 i Funcionament de Centre (NOFC) entre d&#8217;altres.<\/p>\n<p class=\"CDt4Ke zfr3Q\" dir=\"ltr\" style=\"padding-left: 40px;\">Clicant a les imatges, hi podr\u00e0s accedir!<\/p>\n<p dir=\"ltr\"><a href=\"https:\/\/agora.xtec.cat\/ceipcalvetdestrella\/\" target=\"_blank\" rel=\"noopener\"><img loading=\"lazy\" decoding=\"async\" class=\"wp-image-4547 aligncenter\" src=\"https:\/\/agora.xtec.cat\/ceipcalvetdestrella\/wp-content\/uploads\/usu1846\/2023\/01\/1-1.png\" alt=\"\" width=\"563\" height=\"93\" srcset=\"https:\/\/agora.xtec.cat\/ceipcalvetdestrella\/wp-content\/uploads\/usu1846\/2023\/01\/1-1.png 743w, https:\/\/agora.xtec.cat\/ceipcalvetdestrella\/wp-content\/uploads\/usu1846\/2023\/01\/1-1-300x50.png 300w\" sizes=\"auto, (max-width: 563px) 100vw, 563px\" \/><\/a><\/p>\n<p dir=\"ltr\"><a href=\"https:\/\/www.facebook.com\/profile.php?id=100086408468397\" target=\"_blank\" rel=\"noopener\"><img loading=\"lazy\" decoding=\"async\" class=\"wp-image-4551 aligncenter\" src=\"https:\/\/agora.xtec.cat\/ceipcalvetdestrella\/wp-content\/uploads\/usu1846\/2023\/01\/FACE.png\" alt=\"\" width=\"394\" height=\"249\" srcset=\"https:\/\/agora.xtec.cat\/ceipcalvetdestrella\/wp-content\/uploads\/usu1846\/2023\/01\/FACE.png 777w, https:\/\/agora.xtec.cat\/ceipcalvetdestrella\/wp-content\/uploads\/usu1846\/2023\/01\/FACE-300x190.png 300w, https:\/\/agora.xtec.cat\/ceipcalvetdestrella\/wp-content\/uploads\/usu1846\/2023\/01\/FACE-768x486.png 768w\" sizes=\"auto, (max-width: 394px) 100vw, 394px\" \/><\/a><\/p>\n<p dir=\"ltr\"><a href=\"https:\/\/www.instagram.com\/calvetdestrella\/\" target=\"_blank\" rel=\"noopener\"><img loading=\"lazy\" decoding=\"async\" class=\"wp-image-4550 aligncenter\" src=\"https:\/\/agora.xtec.cat\/ceipcalvetdestrella\/wp-content\/uploads\/usu1846\/2023\/01\/INSTA.png\" alt=\"\" width=\"408\" height=\"197\" srcset=\"https:\/\/agora.xtec.cat\/ceipcalvetdestrella\/wp-content\/uploads\/usu1846\/2023\/01\/INSTA.png 927w, https:\/\/agora.xtec.cat\/ceipcalvetdestrella\/wp-content\/uploads\/usu1846\/2023\/01\/INSTA-300x145.png 300w, https:\/\/agora.xtec.cat\/ceipcalvetdestrella\/wp-content\/uploads\/usu1846\/2023\/01\/INSTA-768x371.png 768w\" sizes=\"auto, (max-width: 408px) 100vw, 408px\" \/><\/a><\/p>\n<ul>\n<li class=\"CDt4Ke zfr3Q\" dir=\"ltr\">\n<h5><strong>Imatge pr\u00f2pia i de l&#8217;\u00fas de serveis<\/strong><\/h5>\n<\/li>\n<\/ul>\n<p class=\"CDt4Ke zfr3Q\" dir=\"ltr\" style=\"padding-left: 40px;\">\u00c9s necess\u00e0ria l\u2019<strong>autoritzaci\u00f3 de la fam\u00edlia per poder penjar imatges<\/strong> en les xarxes socials o a la web del centre. El tutor\/a proporcionar\u00e0 l\u2019autoritzaci\u00f3 en format paper.<\/p>\n","protected":false},"excerpt":{"rendered":"<p>Aplicaci\u00f3 Tokapp Utilitzem l\u2019app Tokapp com a via de comunicaci\u00f3 entre el centre i les fam\u00edlies. Aquesta aplicaci\u00f3 \u00e9s gratu\u00efta. En cas que alguna fam\u00edlia necessiti ajuda per entrar a l&#8217;aplicaci\u00f3 Tokapp pot passar per secretaria. A la reuni\u00f3 d&#8217;inici de curs, s&#8217;explicar\u00e0 com descarregar i utilitzar aquesta eina. En el seg\u00fcent videotutorial us expliquem [&hellip;]<\/p>\n","protected":false},"author":1,"featured_media":0,"parent":4137,"menu_order":0,"comment_status":"closed","ping_status":"closed","template":"","meta":{"_bbp_topic_count":0,"_bbp_reply_count":0,"_bbp_total_topic_count":0,"_bbp_total_reply_count":0,"_bbp_voice_count":0,"_bbp_anonymous_reply_count":0,"_bbp_topic_count_hidden":0,"_bbp_reply_count_hidden":0,"_bbp_forum_subforum_count":0,"site-sidebar-layout":"default","site-content-layout":"","ast-site-content-layout":"","site-content-style":"default","site-sidebar-style":"default","ast-global-header-display":"","ast-banner-title-visibility":"","ast-main-header-display":"","ast-hfb-above-header-display":"","ast-hfb-below-header-display":"","ast-hfb-mobile-header-display":"","site-post-title":"","ast-breadcrumbs-content":"","ast-featured-img":"","footer-sml-layout":"","theme-transparent-header-meta":"","adv-header-id-meta":"","stick-header-meta":"","header-above-stick-meta":"","header-main-stick-meta":"","header-below-stick-meta":"","astra-migrate-meta-layouts":"default","ast-page-background-enabled":"default","ast-page-background-meta":{"desktop":{"background-color":"var(--ast-global-color-4)","background-image":"","background-repeat":"repeat","background-position":"center center","background-size":"auto","background-attachment":"scroll","background-type":"","background-media":"","overlay-type":"","overlay-color":"","overlay-opacity":"","overlay-gradient":""},"tablet":{"background-color":"","background-image":"","background-repeat":"repeat","background-position":"center center","background-size":"auto","background-attachment":"scroll","background-type":"","background-media":"","overlay-type":"","overlay-color":"","overlay-opacity":"","overlay-gradient":""},"mobile":{"background-color":"","background-image":"","background-repeat":"repeat","background-position":"center center","background-size":"auto","background-attachment":"scroll","background-type":"","background-media":"","overlay-type":"","overlay-color":"","overlay-opacity":"","overlay-gradient":""}},"ast-content-background-meta":{"desktop":{"background-color":"var(--ast-global-color-5)","background-image":"","background-repeat":"repeat","background-position":"center center","background-size":"auto","background-attachment":"scroll","background-type":"","background-media":"","overlay-type":"","overlay-color":"","overlay-opacity":"","overlay-gradient":""},"tablet":{"background-color":"var(--ast-global-color-5)","background-image":"","background-repeat":"repeat","background-position":"center center","background-size":"auto","background-attachment":"scroll","background-type":"","background-media":"","overlay-type":"","overlay-color":"","overlay-opacity":"","overlay-gradient":""},"mobile":{"background-color":"var(--ast-global-color-5)","background-image":"","background-repeat":"repeat","background-position":"center center","background-size":"auto","background-attachment":"scroll","background-type":"","background-media":"","overlay-type":"","overlay-color":"","overlay-opacity":"","overlay-gradient":""}},"footnotes":""},"class_list":["post-4215","page","type-page","status-publish","hentry"],"post_mailing_queue_ids":[],"_links":{"self":[{"href":"https:\/\/agora.xtec.cat\/ceipcalvetdestrella\/wp-json\/wp\/v2\/pages\/4215","targetHints":{"allow":["GET"]}}],"collection":[{"href":"https:\/\/agora.xtec.cat\/ceipcalvetdestrella\/wp-json\/wp\/v2\/pages"}],"about":[{"href":"https:\/\/agora.xtec.cat\/ceipcalvetdestrella\/wp-json\/wp\/v2\/types\/page"}],"author":[{"embeddable":true,"href":"https:\/\/agora.xtec.cat\/ceipcalvetdestrella\/wp-json\/wp\/v2\/users\/1"}],"replies":[{"embeddable":true,"href":"https:\/\/agora.xtec.cat\/ceipcalvetdestrella\/wp-json\/wp\/v2\/comments?post=4215"}],"version-history":[{"count":7,"href":"https:\/\/agora.xtec.cat\/ceipcalvetdestrella\/wp-json\/wp\/v2\/pages\/4215\/revisions"}],"predecessor-version":[{"id":5334,"href":"https:\/\/agora.xtec.cat\/ceipcalvetdestrella\/wp-json\/wp\/v2\/pages\/4215\/revisions\/5334"}],"up":[{"embeddable":true,"href":"https:\/\/agora.xtec.cat\/ceipcalvetdestrella\/wp-json\/wp\/v2\/pages\/4137"}],"wp:attachment":[{"href":"https:\/\/agora.xtec.cat\/ceipcalvetdestrella\/wp-json\/wp\/v2\/media?parent=4215"}],"curies":[{"name":"wp","href":"https:\/\/api.w.org\/{rel}","templated":true}]}}