{"id":4213,"date":"2022-09-24T12:59:06","date_gmt":"2022-09-24T10:59:06","guid":{"rendered":"https:\/\/agora.xtec.cat\/ceipcalvetdestrella\/?page_id=4213"},"modified":"2025-03-18T13:04:24","modified_gmt":"2025-03-18T12:04:24","slug":"mestres-2","status":"publish","type":"page","link":"https:\/\/agora.xtec.cat\/ceipcalvetdestrella\/edc-estrategia-digital-de-centre\/cultura-digital\/pla-dacollida-digital\/mestres-2\/","title":{"rendered":"Mestres"},"content":{"rendered":"<ul style=\"list-style-type: disc;\">\n<li>\n<h5><strong>El centre disposa d\u2019un domini G Suite for Education propi.<\/strong><\/h5>\n<\/li>\n<\/ul>\n<p style=\"padding-left: 40px;\">Els mestres que arriben a l&#8217;escola, disposen d&#8217;un usuari @escolacalvet.cat.<\/p>\n<p><img loading=\"lazy\" decoding=\"async\" class=\" wp-image-9410 aligncenter\" src=\"https:\/\/projectes.xtec.cat\/edc-suport\/wp-content\/uploads\/usu2435\/2021\/12\/workspace-300x123.png\" sizes=\"auto, (max-width: 300px) 100vw, 300px\" srcset=\"https:\/\/projectes.xtec.cat\/edc-suport\/wp-content\/uploads\/usu2435\/2021\/12\/workspace-300x123.png 300w, https:\/\/projectes.xtec.cat\/edc-suport\/wp-content\/uploads\/usu2435\/2021\/12\/workspace-1024x421.png 1024w, https:\/\/projectes.xtec.cat\/edc-suport\/wp-content\/uploads\/usu2435\/2021\/12\/workspace-768x316.png 768w, https:\/\/projectes.xtec.cat\/edc-suport\/wp-content\/uploads\/usu2435\/2021\/12\/workspace.png 1280w\" alt=\"\" width=\"166\" height=\"68\" \/><\/p>\n<p style=\"padding-left: 40px;\">La secret\u00e0ria de l&#8217;escola et dir\u00e0 quina \u00e9s la teva adre\u00e7a electr\u00f2nica.<\/p>\n<p style=\"padding-left: 40px;\"><em>En el seg\u00fcent videotutorial us expliquem aquest punt amb detall:<\/em><\/p>\n<p>\u00a0 \u00a0 \u00a0 \u00a0 \u00a0 \u00a0 \u00a0 \u00a0 \u00a0 \u00a0 \u00a0 \u00a0 \u00a0 \u00a0 \u00a0 \u00a0 \u00a0 \u00a0 \u00a0 <iframe loading=\"lazy\" src=\"https:\/\/drive.google.com\/file\/d\/1sFwZko65uIeW_iVJv4WPqcYWVBFChPHK\/preview\" width=\"540\" height=\"380\"><span data-mce-type=\"bookmark\" style=\"display: inline-block; width: 0px; overflow: hidden; line-height: 0;\" class=\"mce_SELRES_start\">\ufeff<\/span><\/iframe><\/p>\n<ul>\n<li>\n<h5><strong>Actualitzaci\u00f3 del Noodes del centre.<\/strong><\/h5>\n<\/li>\n<\/ul>\n<p style=\"padding-left: 40px; text-align: justify;\">Tot l&#8217;equip de mestres s&#8217;encarrega de penjar contingut al Nodes del centre. A continuaci\u00f3 us hem preparat una guia on podeu veure com es fa. La teniu com a un tutorial de text i imatges i com a un videotutorial, el que us sigui m\u00e9s \u00fatil.<\/p>\n<p style=\"padding-left: 40px; text-align: justify;\">Si teniu qualsevol dubte, demaneu ajuda a la Comissi\u00f3 d&#8217;Inform\u00e0tica. Si cal, la primera vegada que pengeu un article, us podem acompanyar.<\/p>\n<p style=\"padding-left: 40px;\">Feu clic a la imatge per accedir a la carpeta del Drive on trobareu la guia en els dos formats.<\/p>\n<p><a href=\"https:\/\/drive.google.com\/file\/d\/1nlTz61g4OKfy7QxZzCiGTFHYmNufjTQr\/view?usp=sharing\" target=\"_blank\" rel=\"noopener\"><img loading=\"lazy\" decoding=\"async\" class=\"aligncenter wp-image-4510\" src=\"https:\/\/agora.xtec.cat\/ceipcalvetdestrella\/wp-content\/uploads\/usu1846\/2022\/12\/1-1.png\" alt=\"\" width=\"679\" height=\"102\" srcset=\"https:\/\/agora.xtec.cat\/ceipcalvetdestrella\/wp-content\/uploads\/usu1846\/2022\/12\/1-1.png 1894w, https:\/\/agora.xtec.cat\/ceipcalvetdestrella\/wp-content\/uploads\/usu1846\/2022\/12\/1-1-300x45.png 300w, https:\/\/agora.xtec.cat\/ceipcalvetdestrella\/wp-content\/uploads\/usu1846\/2022\/12\/1-1-1024x154.png 1024w, https:\/\/agora.xtec.cat\/ceipcalvetdestrella\/wp-content\/uploads\/usu1846\/2022\/12\/1-1-768x116.png 768w, https:\/\/agora.xtec.cat\/ceipcalvetdestrella\/wp-content\/uploads\/usu1846\/2022\/12\/1-1-1536x231.png 1536w\" sizes=\"auto, (max-width: 679px) 100vw, 679px\" \/><\/a><\/p>\n<ul>\n<li>\n<h5><strong>Port\u00e0til docent.<\/strong><\/h5>\n<\/li>\n<\/ul>\n<p style=\"padding-left: 40px;\">El coordinador digital us far\u00e0 entrega, si pertoca, del port\u00e0til docent.<\/p>\n<p style=\"padding-left: 40px;\">Per accedir haureu de posar el vostre usuari, que ser\u00e0 el mateix que utilitzeu a XTEC, per\u00f2 despr\u00e9s de @ posareu edu.gencat.cat. \u00c9s a dir <strong>usuarixtec@edu.gencat.cat<\/strong>. La contrasenya \u00e9s <strong>la mateixa que useu per accedir al portal ATRI<\/strong>.<\/p>\n<ul>\n<li class=\"CDt4Ke zfr3Q\" dir=\"ltr\">\n<h5><strong>Wifi de l\u2019escola<\/strong><\/h5>\n<\/li>\n<\/ul>\n<p class=\"CDt4Ke zfr3Q\" dir=\"ltr\" style=\"padding-left: 40px;\">Gencat_Ens_Edu \u2192 <strong>L&#8217;usuari i la contrasenya te la donar\u00e0 el coordinador digital.<\/strong><\/p>\n<ul>\n<li class=\"CDt4Ke zfr3Q\" dir=\"ltr\">\n<h5><strong>Fotocopiadores<\/strong><\/h5>\n<\/li>\n<\/ul>\n<p class=\"CDt4Ke zfr3Q\" dir=\"ltr\" style=\"padding-left: 40px;\">La secretaria de l\u2019escola et proporcionar\u00e0 un codi per enviar documents per imprimir des de l\u2019ordinador a la impressora\/fotocopiadora que utilitzem normalment.<\/p>\n<p class=\"CDt4Ke zfr3Q\" dir=\"ltr\" style=\"padding-left: 40px;\">Hi ha dues fotocopiadores:<\/p>\n<p style=\"padding-left: 40px;\"><strong>Fotocopiadora de l&#8217;escola (imprimir, escanejar i fotocopiar):<\/strong> Funciona amb el codi que et proporcionaran. Per fer fotoc\u00f2pies en color s&#8217;ha de demanar a direcci\u00f3.<\/p>\n<p style=\"padding-left: 40px;\"><em>En el seg\u00fcent videotutorial us expliquem aquest punt amb detall:<\/em><\/p>\n<p>\u00a0 \u00a0 \u00a0 \u00a0 \u00a0 \u00a0 \u00a0 \u00a0 \u00a0 \u00a0 \u00a0 \u00a0 \u00a0 \u00a0 \u00a0 \u00a0 \u00a0 \u00a0 \u00a0 \u00a0 <iframe loading=\"lazy\" src=\"https:\/\/drive.google.com\/file\/d\/1E6Pht-7SMzXNLvOWhEW4K43JZuKRKQ-a\/preview\" width=\"540\" height=\"380\"><\/iframe><\/p>\n<p class=\"CDt4Ke zfr3Q\" dir=\"ltr\" style=\"padding-left: 40px;\"><strong>Fotocopiadora del departament:<\/strong> Funciona de manera diferent. Us hem preparat un videotutorial perqu\u00e8 sapigueu com funcionen les dues impressores. Feu clic a la imatge per accedir a la carpeta del Drive on els podr\u00e0s veure.<\/p>\n<ul>\n<li class=\"CDt4Ke zfr3Q\" dir=\"ltr\">\n<h5><strong>Entorn Virtual d\u2019Aprenentatge (EVA)<\/strong><\/h5>\n<\/li>\n<\/ul>\n<p dir=\"ltr\" style=\"padding-left: 40px;\">A l&#8217;escola utilitzem l&#8217;entorn d&#8217;aprenentatge <strong>Google Classroom<\/strong> per completar els objectius i continguts que volem assolir. <span style=\"font-family: inherit; font-size: 1em;\">Es comen\u00e7a a fer servir a partir de tercer de prim\u00e0ria i es fa a trav\u00e9s del correu corporatiu de l&#8217;escola.<\/span><\/p>\n<p dir=\"ltr\" style=\"padding-left: 40px;\"><em>En el seg\u00fcent videotutorial us expliquem aquest punt amb detall:<\/em><\/p>\n<p>\u00a0 \u00a0 \u00a0 \u00a0 \u00a0 \u00a0 \u00a0 \u00a0 \u00a0 \u00a0 \u00a0 \u00a0 \u00a0 \u00a0 \u00a0 \u00a0 \u00a0 \u00a0 \u00a0 \u00a0 \u00a0<iframe loading=\"lazy\" src=\"https:\/\/drive.google.com\/file\/d\/1sGWo9A6Exv1mmxIsdj-NxQZEenvLZifQ\/preview\" width=\"540\" height=\"380\"><span data-mce-type=\"bookmark\" style=\"display: inline-block; width: 0px; overflow: hidden; line-height: 0;\" class=\"mce_SELRES_start\">\ufeff<\/span><\/iframe><\/p>\n<ul>\n<li class=\"CDt4Ke zfr3Q\" dir=\"ltr\">\n<h5><strong>Tokapp<\/strong><\/h5>\n<\/li>\n<\/ul>\n<p class=\"CDt4Ke zfr3Q\" dir=\"ltr\" style=\"padding-left: 40px;\">A m\u00e9s del correu electr\u00f2nic, utilitzem l&#8217;app\u00a0<span class=\"hiddenSpellError\">Tokapp<\/span>\u00a0com a via de comunicaci\u00f3 entre el centre i les fam\u00edlies. Tamb\u00e9 s&#8217;empra per passar llista d&#8217;assist\u00e8ncia. \u00c9s una aplicaci\u00f3 que es pot fer servir a un m\u00f2bil, a una tauleta o a un ordinador.<\/p>\n<p dir=\"ltr\" style=\"padding-left: 40px;\">Hem preparat un petit <strong>videotutorial<\/strong> per saber utilitzar l&#8217;aplicaci\u00f3, feu clic a la imatge i el podreu veure!<\/p>\n<p dir=\"ltr\"><img loading=\"lazy\" decoding=\"async\" class=\"wp-image-4556 aligncenter\" src=\"https:\/\/agora.xtec.cat\/ceipcalvetdestrella\/wp-content\/uploads\/usu1846\/2023\/01\/33.png\" alt=\"\" width=\"179\" height=\"70\" srcset=\"https:\/\/agora.xtec.cat\/ceipcalvetdestrella\/wp-content\/uploads\/usu1846\/2023\/01\/33.png 1024w, https:\/\/agora.xtec.cat\/ceipcalvetdestrella\/wp-content\/uploads\/usu1846\/2023\/01\/33-300x117.png 300w, https:\/\/agora.xtec.cat\/ceipcalvetdestrella\/wp-content\/uploads\/usu1846\/2023\/01\/33-768x300.png 768w\" sizes=\"auto, (max-width: 179px) 100vw, 179px\" \/><\/p>\n<ul>\n<li class=\"CDt4Ke zfr3Q\" dir=\"ltr\">\n<h5><strong>Llic\u00e8ncies llibres digitals<\/strong><\/h5>\n<\/li>\n<\/ul>\n<p class=\"CDt4Ke zfr3Q\" dir=\"ltr\" style=\"padding-left: 40px;\">Es proporciona un usuari i contrasenya per tenir acc\u00e9s als llibres digitals que utilitzem a l\u2019escola.<\/p>\n<p class=\"CDt4Ke zfr3Q\" dir=\"ltr\" style=\"padding-left: 40px;\">Santillana \u2192 <a class=\"XqQF9c rXJpyf\" href=\"https:\/\/www.google.com\/url?q=https%3A%2F%2Fwww.e-vocacion.es%2Fsite%2Fidioma&amp;sa=D&amp;sntz=1&amp;usg=AOvVaw1vpu5jzR8qZBDT309odjBh\" target=\"_blank\" rel=\"noopener\">https:\/\/www.e-vocacion.es\/site\/idioma<\/a><\/p>\n<ul>\n<li class=\"CDt4Ke zfr3Q\" dir=\"ltr\">\n<h5><strong>Incid\u00e8ncies digitals<\/strong><\/h5>\n<\/li>\n<\/ul>\n<p class=\"CDt4Ke zfr3Q\" dir=\"ltr\" style=\"padding-left: 40px;\">En cas d\u2019alguna incid\u00e8ncia en ordinadors, pantalles, pissarres digitals, programari, entre altres, cal enviar un whatsapp al coordinador digital.<\/p>\n<ul>\n<li class=\"CDt4Ke zfr3Q\" dir=\"ltr\">\n<h5><strong>Whatsapp<\/strong><\/h5>\n<\/li>\n<\/ul>\n<p class=\"CDt4Ke zfr3Q\" dir=\"ltr\" style=\"padding-left: 40px;\">Fem servir un grup de whatsapp del centre per comunicacions entre el professorat. L&#8217;equip directiu del centre en fa la gesti\u00f3 d&#8217;usuaris.<\/p>\n","protected":false},"excerpt":{"rendered":"<p>El centre disposa d\u2019un domini G Suite for Education propi. Els mestres que arriben a l&#8217;escola, disposen d&#8217;un usuari @escolacalvet.cat. La secret\u00e0ria de l&#8217;escola et dir\u00e0 quina \u00e9s la teva adre\u00e7a electr\u00f2nica. En el seg\u00fcent videotutorial us expliquem aquest punt amb detall: \u00a0 \u00a0 \u00a0 \u00a0 \u00a0 \u00a0 \u00a0 \u00a0 \u00a0 \u00a0 \u00a0 \u00a0 \u00a0 [&hellip;]<\/p>\n","protected":false},"author":1,"featured_media":0,"parent":4137,"menu_order":0,"comment_status":"closed","ping_status":"closed","template":"","meta":{"_bbp_topic_count":0,"_bbp_reply_count":0,"_bbp_total_topic_count":0,"_bbp_total_reply_count":0,"_bbp_voice_count":0,"_bbp_anonymous_reply_count":0,"_bbp_topic_count_hidden":0,"_bbp_reply_count_hidden":0,"_bbp_forum_subforum_count":0,"site-sidebar-layout":"default","site-content-layout":"","ast-site-content-layout":"","site-content-style":"default","site-sidebar-style":"default","ast-global-header-display":"","ast-banner-title-visibility":"","ast-main-header-display":"","ast-hfb-above-header-display":"","ast-hfb-below-header-display":"","ast-hfb-mobile-header-display":"","site-post-title":"","ast-breadcrumbs-content":"","ast-featured-img":"","footer-sml-layout":"","theme-transparent-header-meta":"","adv-header-id-meta":"","stick-header-meta":"","header-above-stick-meta":"","header-main-stick-meta":"","header-below-stick-meta":"","astra-migrate-meta-layouts":"default","ast-page-background-enabled":"default","ast-page-background-meta":{"desktop":{"background-color":"var(--ast-global-color-4)","background-image":"","background-repeat":"repeat","background-position":"center center","background-size":"auto","background-attachment":"scroll","background-type":"","background-media":"","overlay-type":"","overlay-color":"","overlay-opacity":"","overlay-gradient":""},"tablet":{"background-color":"","background-image":"","background-repeat":"repeat","background-position":"center center","background-size":"auto","background-attachment":"scroll","background-type":"","background-media":"","overlay-type":"","overlay-color":"","overlay-opacity":"","overlay-gradient":""},"mobile":{"background-color":"","background-image":"","background-repeat":"repeat","background-position":"center center","background-size":"auto","background-attachment":"scroll","background-type":"","background-media":"","overlay-type":"","overlay-color":"","overlay-opacity":"","overlay-gradient":""}},"ast-content-background-meta":{"desktop":{"background-color":"var(--ast-global-color-5)","background-image":"","background-repeat":"repeat","background-position":"center center","background-size":"auto","background-attachment":"scroll","background-type":"","background-media":"","overlay-type":"","overlay-color":"","overlay-opacity":"","overlay-gradient":""},"tablet":{"background-color":"var(--ast-global-color-5)","background-image":"","background-repeat":"repeat","background-position":"center center","background-size":"auto","background-attachment":"scroll","background-type":"","background-media":"","overlay-type":"","overlay-color":"","overlay-opacity":"","overlay-gradient":""},"mobile":{"background-color":"var(--ast-global-color-5)","background-image":"","background-repeat":"repeat","background-position":"center center","background-size":"auto","background-attachment":"scroll","background-type":"","background-media":"","overlay-type":"","overlay-color":"","overlay-opacity":"","overlay-gradient":""}},"footnotes":""},"class_list":["post-4213","page","type-page","status-publish","hentry"],"post_mailing_queue_ids":[],"_links":{"self":[{"href":"https:\/\/agora.xtec.cat\/ceipcalvetdestrella\/wp-json\/wp\/v2\/pages\/4213","targetHints":{"allow":["GET"]}}],"collection":[{"href":"https:\/\/agora.xtec.cat\/ceipcalvetdestrella\/wp-json\/wp\/v2\/pages"}],"about":[{"href":"https:\/\/agora.xtec.cat\/ceipcalvetdestrella\/wp-json\/wp\/v2\/types\/page"}],"author":[{"embeddable":true,"href":"https:\/\/agora.xtec.cat\/ceipcalvetdestrella\/wp-json\/wp\/v2\/users\/1"}],"replies":[{"embeddable":true,"href":"https:\/\/agora.xtec.cat\/ceipcalvetdestrella\/wp-json\/wp\/v2\/comments?post=4213"}],"version-history":[{"count":6,"href":"https:\/\/agora.xtec.cat\/ceipcalvetdestrella\/wp-json\/wp\/v2\/pages\/4213\/revisions"}],"predecessor-version":[{"id":6579,"href":"https:\/\/agora.xtec.cat\/ceipcalvetdestrella\/wp-json\/wp\/v2\/pages\/4213\/revisions\/6579"}],"up":[{"embeddable":true,"href":"https:\/\/agora.xtec.cat\/ceipcalvetdestrella\/wp-json\/wp\/v2\/pages\/4137"}],"wp:attachment":[{"href":"https:\/\/agora.xtec.cat\/ceipcalvetdestrella\/wp-json\/wp\/v2\/media?parent=4213"}],"curies":[{"name":"wp","href":"https:\/\/api.w.org\/{rel}","templated":true}]}}