{"id":4211,"date":"2022-09-24T12:58:47","date_gmt":"2022-09-24T10:58:47","guid":{"rendered":"https:\/\/agora.xtec.cat\/ceipcalvetdestrella\/?page_id=4211"},"modified":"2023-11-17T12:54:23","modified_gmt":"2023-11-17T11:54:23","slug":"alumnes-2","status":"publish","type":"page","link":"https:\/\/agora.xtec.cat\/ceipcalvetdestrella\/edc-estrategia-digital-de-centre\/cultura-digital\/pla-dacollida-digital\/alumnes-2\/","title":{"rendered":"Alumnes"},"content":{"rendered":"<p style=\"text-align: justify;\">Tant si l&#8217;alumnat s&#8217;incorpora al centre de forma ordin\u00e0ria a l&#8217;inici de curs, com si ho fa durant el curs, se li proporcionar\u00e0\u00a0 tota la informaci\u00f3 relacionada al pla digital. Caldr\u00e0 ser especialment curosos en els casos d&#8217;alumnat \u00a0nouvingut, on tindr\u00e0 un paper cabdal el\/la tutor\/a de l&#8217;alumne per tal d&#8217;adaptar i adequar les informacions i els recursos de l&#8217;escola.<\/p>\n<p>&nbsp;<\/p>\n<ul style=\"list-style-type: disc; text-align: justify;\">\n<li>\n<h5><strong>El centre disposa d\u2019un domini G Suite for Education propi<\/strong><\/h5>\n<\/li>\n<\/ul>\n<p style=\"padding-left: 40px; text-align: justify;\">L&#8217;alumnat que s&#8217;incorpora al cicle mitj\u00e0 se li adjudicar\u00e0 un <strong>correu electr\u00f2nic<\/strong>, <strong>@escolacalvet.cat<\/strong>, ja que el centre disposa d&#8217;un domini G Suite <span class=\"hiddenGreenError\">for<\/span>\u00a0<span class=\"hiddenSpellError\">Education<\/span> propi que es fa servir per treballar tant a l&#8217;aula com des de casa utilitzant el correu electr\u00f2nic\u00a0com una eina de <strong>comunicaci\u00f3 entre escola- escola, escola-fam\u00edlia.<\/strong><\/p>\n<p><img loading=\"lazy\" decoding=\"async\" class=\" wp-image-9410 aligncenter\" src=\"https:\/\/projectes.xtec.cat\/edc-suport\/wp-content\/uploads\/usu2435\/2021\/12\/workspace-300x123.png\" sizes=\"auto, (max-width: 300px) 100vw, 300px\" srcset=\"https:\/\/projectes.xtec.cat\/edc-suport\/wp-content\/uploads\/usu2435\/2021\/12\/workspace-300x123.png 300w, https:\/\/projectes.xtec.cat\/edc-suport\/wp-content\/uploads\/usu2435\/2021\/12\/workspace-1024x421.png 1024w, https:\/\/projectes.xtec.cat\/edc-suport\/wp-content\/uploads\/usu2435\/2021\/12\/workspace-768x316.png 768w, https:\/\/projectes.xtec.cat\/edc-suport\/wp-content\/uploads\/usu2435\/2021\/12\/workspace.png 1280w\" alt=\"\" width=\"163\" height=\"67\" \/><\/p>\n<p style=\"padding-left: 40px; text-align: justify;\">El tutor o la tutora, quan sigui convenient, comunicaran a l&#8217;alumnat quin \u00e9s el seu correu i la seva contrasenya.<\/p>\n<p style=\"padding-left: 40px; text-align: justify;\">Ser\u00e0 un correu per fer <strong>\u00fas exclusivament en l&#8217;entorn acad\u00e8mic<\/strong>, i ser\u00e0 el que empraran els alumnes per accedir a les diferents eines i aplicacions digitals pr\u00f2pies de cada curs (Gmail, Classroom, Google Docs, Canva, etc.).<\/p>\n<p style=\"padding-left: 40px;\"><em>En el seg\u00fcent videotutorial us expliquem aquest punt amb detall:<\/em><\/p>\n<p>\u00a0 \u00a0 \u00a0 \u00a0 \u00a0 \u00a0 \u00a0 \u00a0 \u00a0 \u00a0 \u00a0 \u00a0 \u00a0 \u00a0 \u00a0 \u00a0 \u00a0 \u00a0 \u00a0 \u00a0 <iframe loading=\"lazy\" src=\"https:\/\/drive.google.com\/file\/d\/1R0YJJcxAhODallvrTCXo7AyoeG_dCmJK\/preview\" width=\"540\" height=\"380\"><\/iframe><\/p>\n<ul>\n<li>\n<h5><strong>Port\u00e0til alumnes<\/strong><\/h5>\n<\/li>\n<\/ul>\n<p style=\"padding-left: 40px; text-align: justify;\"><strong>Els alumnes de cicle superior<\/strong> disposen d&#8217;un ordinador per a treballar al centre. Aquest port\u00e0til el cedeix la Generalitat de Catalunya, dins del seu <strong>pla d&#8217;educaci\u00f3 digital<\/strong>.<\/p>\n<p style=\"padding-left: 40px; text-align: justify;\">El coordinador digital far\u00e0 una sessi\u00f3 amb ells per explicar tot el necessari en refer\u00e8ncia a aquests ordinadors (usuaris, contrasenyes, proced\u00e8ncia, connexi\u00f3, etc.).<\/p>\n<ul>\n<li>\n<h5><strong>Entorn Virtual d&#8217;Aprenentatge (EVA)<\/strong><\/h5>\n<\/li>\n<\/ul>\n<p class=\"CDt4Ke zfr3Q\" dir=\"ltr\" style=\"padding-left: 40px;\">A l&#8217;escola utilitzem l&#8217;entorn d&#8217;aprenentatge <strong>Google Classroom<\/strong> per completar els objectius i continguts que volem assolir. <span style=\"font-family: inherit; font-size: 1em;\">Es comen\u00e7a a fer servir a partir de tercer de prim\u00e0ria i es fa a trav\u00e9s del correu corporatiu de l&#8217;escola.<\/span><\/p>\n<p dir=\"ltr\" style=\"padding-left: 40px;\"><em>En el seg\u00fcent videotutorial us expliquem aquest punt amb detall:<\/em><\/p>\n<p>\u00a0 \u00a0 \u00a0 \u00a0 \u00a0 \u00a0 \u00a0 \u00a0 \u00a0 \u00a0 \u00a0 \u00a0 \u00a0 \u00a0 \u00a0 \u00a0 \u00a0 \u00a0 \u00a0 \u00a0 \u00a0 \u00a0<iframe loading=\"lazy\" src=\"https:\/\/drive.google.com\/file\/d\/1ssuMoXaBsKw5416WbutpAH-NfzPoKkvu\/preview\" width=\"540\" height=\"380\"><span data-mce-type=\"bookmark\" style=\"display: inline-block; width: 0px; overflow: hidden; line-height: 0;\" class=\"mce_SELRES_start\">\ufeff<\/span><\/iframe><\/p>\n<ul>\n<li class=\"CDt4Ke zfr3Q\" dir=\"ltr\">\n<h5><strong>Web del centre &#8211; Nodes \/ Xarxes Socials<\/strong><\/h5>\n<\/li>\n<\/ul>\n<p class=\"CDt4Ke zfr3Q\" dir=\"ltr\" style=\"padding-left: 40px;\">Difusi\u00f3 de la p\u00e0gina web del centre i les xarxes socials i la seva utilitat com a eina per donar a con\u00e8ixer les activitats del centre.\u00a0Els alumnes han de transmetre a les fam\u00edlies que el centre disposa d&#8217;aquestes vies de comunicaci\u00f3 i exposici\u00f3.<\/p>\n<p dir=\"ltr\" style=\"padding-left: 40px;\">Clicant a les imatges podr\u00e0s accedir directament!<\/p>\n<p dir=\"ltr\"><a href=\"https:\/\/agora.xtec.cat\/ceipcalvetdestrella\/\" target=\"_blank\" rel=\"noopener\"><img loading=\"lazy\" decoding=\"async\" class=\"wp-image-4547 aligncenter\" src=\"https:\/\/agora.xtec.cat\/ceipcalvetdestrella\/wp-content\/uploads\/usu1846\/2023\/01\/1-1.png\" alt=\"\" width=\"478\" height=\"79\" srcset=\"https:\/\/agora.xtec.cat\/ceipcalvetdestrella\/wp-content\/uploads\/usu1846\/2023\/01\/1-1.png 743w, https:\/\/agora.xtec.cat\/ceipcalvetdestrella\/wp-content\/uploads\/usu1846\/2023\/01\/1-1-300x50.png 300w\" sizes=\"auto, (max-width: 478px) 100vw, 478px\" \/><\/a><\/p>\n<p dir=\"ltr\" style=\"text-align: center;\"><a href=\"https:\/\/www.facebook.com\/profile.php?id=100086408468397\" target=\"_blank\" rel=\"noopener\"><img loading=\"lazy\" decoding=\"async\" class=\"alignnone wp-image-4551\" src=\"https:\/\/agora.xtec.cat\/ceipcalvetdestrella\/wp-content\/uploads\/usu1846\/2023\/01\/FACE.png\" alt=\"\" width=\"308\" height=\"195\" srcset=\"https:\/\/agora.xtec.cat\/ceipcalvetdestrella\/wp-content\/uploads\/usu1846\/2023\/01\/FACE.png 777w, https:\/\/agora.xtec.cat\/ceipcalvetdestrella\/wp-content\/uploads\/usu1846\/2023\/01\/FACE-300x190.png 300w, https:\/\/agora.xtec.cat\/ceipcalvetdestrella\/wp-content\/uploads\/usu1846\/2023\/01\/FACE-768x486.png 768w\" sizes=\"auto, (max-width: 308px) 100vw, 308px\" \/><\/a><\/p>\n<p dir=\"ltr\"><a href=\"https:\/\/www.instagram.com\/calvetdestrella\/\" target=\"_blank\" rel=\"noopener\"><img loading=\"lazy\" decoding=\"async\" class=\"wp-image-4550 aligncenter\" src=\"https:\/\/agora.xtec.cat\/ceipcalvetdestrella\/wp-content\/uploads\/usu1846\/2023\/01\/INSTA.png\" alt=\"\" width=\"410\" height=\"198\" srcset=\"https:\/\/agora.xtec.cat\/ceipcalvetdestrella\/wp-content\/uploads\/usu1846\/2023\/01\/INSTA.png 927w, https:\/\/agora.xtec.cat\/ceipcalvetdestrella\/wp-content\/uploads\/usu1846\/2023\/01\/INSTA-300x145.png 300w, https:\/\/agora.xtec.cat\/ceipcalvetdestrella\/wp-content\/uploads\/usu1846\/2023\/01\/INSTA-768x371.png 768w\" sizes=\"auto, (max-width: 410px) 100vw, 410px\" \/><\/a><\/p>\n<ul>\n<li>\n<h5 class=\"CDt4Ke zfr3Q\" dir=\"ltr\"><strong>Incid\u00e8ncies digitals <\/strong><\/h5>\n<p class=\"CDt4Ke zfr3Q\" dir=\"ltr\">En cas d\u2019alguna incid\u00e8ncia en l&#8217;ordinador, l\u2019alumne ha de comunicar-ho al tutor\/a.<\/p>\n<\/li>\n<\/ul>\n","protected":false},"excerpt":{"rendered":"<p>Tant si l&#8217;alumnat s&#8217;incorpora al centre de forma ordin\u00e0ria a l&#8217;inici de curs, com si ho fa durant el curs, se li proporcionar\u00e0\u00a0 tota la informaci\u00f3 relacionada al pla digital. Caldr\u00e0 ser especialment curosos en els casos d&#8217;alumnat \u00a0nouvingut, on tindr\u00e0 un paper cabdal el\/la tutor\/a de l&#8217;alumne per tal d&#8217;adaptar i adequar les informacions [&hellip;]<\/p>\n","protected":false},"author":1,"featured_media":0,"parent":4137,"menu_order":0,"comment_status":"closed","ping_status":"closed","template":"","meta":{"_bbp_topic_count":0,"_bbp_reply_count":0,"_bbp_total_topic_count":0,"_bbp_total_reply_count":0,"_bbp_voice_count":0,"_bbp_anonymous_reply_count":0,"_bbp_topic_count_hidden":0,"_bbp_reply_count_hidden":0,"_bbp_forum_subforum_count":0,"site-sidebar-layout":"default","site-content-layout":"","ast-site-content-layout":"","site-content-style":"default","site-sidebar-style":"default","ast-global-header-display":"","ast-banner-title-visibility":"","ast-main-header-display":"","ast-hfb-above-header-display":"","ast-hfb-below-header-display":"","ast-hfb-mobile-header-display":"","site-post-title":"","ast-breadcrumbs-content":"","ast-featured-img":"","footer-sml-layout":"","theme-transparent-header-meta":"","adv-header-id-meta":"","stick-header-meta":"","header-above-stick-meta":"","header-main-stick-meta":"","header-below-stick-meta":"","astra-migrate-meta-layouts":"default","ast-page-background-enabled":"default","ast-page-background-meta":{"desktop":{"background-color":"var(--ast-global-color-4)","background-image":"","background-repeat":"repeat","background-position":"center center","background-size":"auto","background-attachment":"scroll","background-type":"","background-media":"","overlay-type":"","overlay-color":"","overlay-opacity":"","overlay-gradient":""},"tablet":{"background-color":"","background-image":"","background-repeat":"repeat","background-position":"center center","background-size":"auto","background-attachment":"scroll","background-type":"","background-media":"","overlay-type":"","overlay-color":"","overlay-opacity":"","overlay-gradient":""},"mobile":{"background-color":"","background-image":"","background-repeat":"repeat","background-position":"center center","background-size":"auto","background-attachment":"scroll","background-type":"","background-media":"","overlay-type":"","overlay-color":"","overlay-opacity":"","overlay-gradient":""}},"ast-content-background-meta":{"desktop":{"background-color":"var(--ast-global-color-5)","background-image":"","background-repeat":"repeat","background-position":"center center","background-size":"auto","background-attachment":"scroll","background-type":"","background-media":"","overlay-type":"","overlay-color":"","overlay-opacity":"","overlay-gradient":""},"tablet":{"background-color":"var(--ast-global-color-5)","background-image":"","background-repeat":"repeat","background-position":"center center","background-size":"auto","background-attachment":"scroll","background-type":"","background-media":"","overlay-type":"","overlay-color":"","overlay-opacity":"","overlay-gradient":""},"mobile":{"background-color":"var(--ast-global-color-5)","background-image":"","background-repeat":"repeat","background-position":"center center","background-size":"auto","background-attachment":"scroll","background-type":"","background-media":"","overlay-type":"","overlay-color":"","overlay-opacity":"","overlay-gradient":""}},"footnotes":""},"class_list":["post-4211","page","type-page","status-publish","hentry"],"post_mailing_queue_ids":[],"_links":{"self":[{"href":"https:\/\/agora.xtec.cat\/ceipcalvetdestrella\/wp-json\/wp\/v2\/pages\/4211","targetHints":{"allow":["GET"]}}],"collection":[{"href":"https:\/\/agora.xtec.cat\/ceipcalvetdestrella\/wp-json\/wp\/v2\/pages"}],"about":[{"href":"https:\/\/agora.xtec.cat\/ceipcalvetdestrella\/wp-json\/wp\/v2\/types\/page"}],"author":[{"embeddable":true,"href":"https:\/\/agora.xtec.cat\/ceipcalvetdestrella\/wp-json\/wp\/v2\/users\/1"}],"replies":[{"embeddable":true,"href":"https:\/\/agora.xtec.cat\/ceipcalvetdestrella\/wp-json\/wp\/v2\/comments?post=4211"}],"version-history":[{"count":7,"href":"https:\/\/agora.xtec.cat\/ceipcalvetdestrella\/wp-json\/wp\/v2\/pages\/4211\/revisions"}],"predecessor-version":[{"id":5351,"href":"https:\/\/agora.xtec.cat\/ceipcalvetdestrella\/wp-json\/wp\/v2\/pages\/4211\/revisions\/5351"}],"up":[{"embeddable":true,"href":"https:\/\/agora.xtec.cat\/ceipcalvetdestrella\/wp-json\/wp\/v2\/pages\/4137"}],"wp:attachment":[{"href":"https:\/\/agora.xtec.cat\/ceipcalvetdestrella\/wp-json\/wp\/v2\/media?parent=4211"}],"curies":[{"name":"wp","href":"https:\/\/api.w.org\/{rel}","templated":true}]}}