{"id":3885,"date":"2022-04-28T13:03:52","date_gmt":"2022-04-28T11:03:52","guid":{"rendered":"https:\/\/agora.xtec.cat\/ceipcalvetdestrella\/?page_id=3885"},"modified":"2023-04-17T12:41:43","modified_gmt":"2023-04-17T10:41:43","slug":"avaluacio-i-millora","status":"publish","type":"page","link":"https:\/\/agora.xtec.cat\/ceipcalvetdestrella\/edc-estrategia-digital-de-centre\/part-estrategica\/avaluacio-i-millora\/","title":{"rendered":"Avaluaci\u00f3 i millora"},"content":{"rendered":"<p><span style=\"font-weight: 400;\">Per tal d\u2019avaluar la implementaci\u00f3 de l\u2019Estrat\u00e8gia digital de centre es reuneix la comissi\u00f3 digital un cop al mes i valora l\u2019assoliment dels objectius de l\u2019EDC.<\/span><\/p>\n<p><span style=\"font-weight: 400;\">L\u2019avaluaci\u00f3 es fa en tres fases:<\/span><\/p>\n<ul>\n<li style=\"font-weight: 400;\" aria-level=\"1\"><span style=\"font-weight: 400;\"><strong>Avaluaci\u00f3 d\u2019activitats segons indicadors i criteris d\u2019\u00e8xit.<\/strong> En cas d\u2019una desviaci\u00f3 rellevant es modifiquen les activitats dels objectius, si s\u2019escau. Els responsables de cada indicador s\u2019estableixen a la fitxa de l\u2019activitat.<\/span><\/li>\n<li style=\"font-weight: 400;\" aria-level=\"1\"><span style=\"font-weight: 400;\"><strong>Avaluaci\u00f3 d\u2019objectius segons indicadors i criteris d\u2019\u00e8xit.<\/strong> Es realitza en finalitzar el curs, es fan modificacions, si s\u2019escau. Cada responsable fa una exposici\u00f3 del que s\u2019ha assolit i del que no s\u2019ha assolit, i exposa les propostes de millora. La direcci\u00f3 informa dels resultats als seg\u00fcents \u00f2rgans col\u00b7legiats: Claustre, Consell Escolar, inspecci\u00f3 d\u2019Educaci\u00f3.\u00a0<\/span><\/li>\n<li style=\"font-weight: 400;\" aria-level=\"1\"><span style=\"font-weight: 400;\"><strong>Avaluaci\u00f3 en finalitzar l\u2019EDC.<\/strong> Al cap dels tres cursos es fa un resum dels objectius assolits i el grau d\u2019assoliment segons els indicadors i criteris d\u2019\u00e8xit de l\u2019EDC. Finalment, es far\u00e0 una planificaci\u00f3 d\u2019una nova EDC concretant la temporitzaci\u00f3 del disseny del nou document EDC (diagnosi, planificaci\u00f3, objectius, avaluaci\u00f3). La direcci\u00f3 del centre informa els seg\u00fcents \u00f2rgans col\u00b7legiats: Claustre i Consell Escolar.\u00a0<\/span><\/li>\n<\/ul>\n<p><span style=\"font-weight: 400;\">L\u2019EDC no pot ser un document tancat sin\u00f3 que ha de ser un document viu que vagi recollint l\u2019aven\u00e7 del centre i vagi adaptant-se al seu progr\u00e9s.<\/span><\/p>\n","protected":false},"excerpt":{"rendered":"<p>Per tal d\u2019avaluar la implementaci\u00f3 de l\u2019Estrat\u00e8gia digital de centre es reuneix la comissi\u00f3 digital un cop al mes i valora l\u2019assoliment dels objectius de l\u2019EDC. L\u2019avaluaci\u00f3 es fa en tres fases: Avaluaci\u00f3 d\u2019activitats segons indicadors i criteris d\u2019\u00e8xit. En cas d\u2019una desviaci\u00f3 rellevant es modifiquen les activitats dels objectius, si s\u2019escau. Els responsables de [&hellip;]<\/p>\n","protected":false},"author":1,"featured_media":0,"parent":3875,"menu_order":0,"comment_status":"closed","ping_status":"closed","template":"page-templates\/side-menu.php","meta":{"_bbp_topic_count":0,"_bbp_reply_count":0,"_bbp_total_topic_count":0,"_bbp_total_reply_count":0,"_bbp_voice_count":0,"_bbp_anonymous_reply_count":0,"_bbp_topic_count_hidden":0,"_bbp_reply_count_hidden":0,"_bbp_forum_subforum_count":0,"site-sidebar-layout":"default","site-content-layout":"","ast-site-content-layout":"","site-content-style":"default","site-sidebar-style":"default","ast-global-header-display":"","ast-banner-title-visibility":"","ast-main-header-display":"","ast-hfb-above-header-display":"","ast-hfb-below-header-display":"","ast-hfb-mobile-header-display":"","site-post-title":"","ast-breadcrumbs-content":"","ast-featured-img":"","footer-sml-layout":"","theme-transparent-header-meta":"","adv-header-id-meta":"","stick-header-meta":"","header-above-stick-meta":"","header-main-stick-meta":"","header-below-stick-meta":"","astra-migrate-meta-layouts":"default","ast-page-background-enabled":"default","ast-page-background-meta":{"desktop":{"background-color":"var(--ast-global-color-4)","background-image":"","background-repeat":"repeat","background-position":"center center","background-size":"auto","background-attachment":"scroll","background-type":"","background-media":"","overlay-type":"","overlay-color":"","overlay-opacity":"","overlay-gradient":""},"tablet":{"background-color":"","background-image":"","background-repeat":"repeat","background-position":"center center","background-size":"auto","background-attachment":"scroll","background-type":"","background-media":"","overlay-type":"","overlay-color":"","overlay-opacity":"","overlay-gradient":""},"mobile":{"background-color":"","background-image":"","background-repeat":"repeat","background-position":"center center","background-size":"auto","background-attachment":"scroll","background-type":"","background-media":"","overlay-type":"","overlay-color":"","overlay-opacity":"","overlay-gradient":""}},"ast-content-background-meta":{"desktop":{"background-color":"var(--ast-global-color-5)","background-image":"","background-repeat":"repeat","background-position":"center center","background-size":"auto","background-attachment":"scroll","background-type":"","background-media":"","overlay-type":"","overlay-color":"","overlay-opacity":"","overlay-gradient":""},"tablet":{"background-color":"var(--ast-global-color-5)","background-image":"","background-repeat":"repeat","background-position":"center center","background-size":"auto","background-attachment":"scroll","background-type":"","background-media":"","overlay-type":"","overlay-color":"","overlay-opacity":"","overlay-gradient":""},"mobile":{"background-color":"var(--ast-global-color-5)","background-image":"","background-repeat":"repeat","background-position":"center center","background-size":"auto","background-attachment":"scroll","background-type":"","background-media":"","overlay-type":"","overlay-color":"","overlay-opacity":"","overlay-gradient":""}},"footnotes":""},"class_list":["post-3885","page","type-page","status-publish","hentry"],"post_mailing_queue_ids":[],"_links":{"self":[{"href":"https:\/\/agora.xtec.cat\/ceipcalvetdestrella\/wp-json\/wp\/v2\/pages\/3885","targetHints":{"allow":["GET"]}}],"collection":[{"href":"https:\/\/agora.xtec.cat\/ceipcalvetdestrella\/wp-json\/wp\/v2\/pages"}],"about":[{"href":"https:\/\/agora.xtec.cat\/ceipcalvetdestrella\/wp-json\/wp\/v2\/types\/page"}],"author":[{"embeddable":true,"href":"https:\/\/agora.xtec.cat\/ceipcalvetdestrella\/wp-json\/wp\/v2\/users\/1"}],"replies":[{"embeddable":true,"href":"https:\/\/agora.xtec.cat\/ceipcalvetdestrella\/wp-json\/wp\/v2\/comments?post=3885"}],"version-history":[{"count":3,"href":"https:\/\/agora.xtec.cat\/ceipcalvetdestrella\/wp-json\/wp\/v2\/pages\/3885\/revisions"}],"predecessor-version":[{"id":4778,"href":"https:\/\/agora.xtec.cat\/ceipcalvetdestrella\/wp-json\/wp\/v2\/pages\/3885\/revisions\/4778"}],"up":[{"embeddable":true,"href":"https:\/\/agora.xtec.cat\/ceipcalvetdestrella\/wp-json\/wp\/v2\/pages\/3875"}],"wp:attachment":[{"href":"https:\/\/agora.xtec.cat\/ceipcalvetdestrella\/wp-json\/wp\/v2\/media?parent=3885"}],"curies":[{"name":"wp","href":"https:\/\/api.w.org\/{rel}","templated":true}]}}