{"id":38,"date":"2014-09-18T12:34:08","date_gmt":"2014-09-18T11:34:08","guid":{"rendered":"http:\/\/agora.xtec.cat\/ceipcalvetdestrella\/?page_id=38"},"modified":"2025-09-19T10:41:05","modified_gmt":"2025-09-19T08:41:05","slug":"salut","status":"publish","type":"page","link":"https:\/\/agora.xtec.cat\/ceipcalvetdestrella\/lescola\/salut\/","title":{"rendered":"Personal"},"content":{"rendered":"<p><a href=\"https:\/\/agora.xtec.cat\/ceipcalvetdestrella\/wp-content\/uploads\/usu1846\/2020\/12\/personal-1.jpg\"><img loading=\"lazy\" decoding=\"async\" class=\"aligncenter wp-image-1848\" src=\"https:\/\/agora.xtec.cat\/ceipcalvetdestrella\/wp-content\/uploads\/usu1846\/2020\/12\/personal-1.jpg\" alt=\"\" width=\"374\" height=\"146\" srcset=\"https:\/\/agora.xtec.cat\/ceipcalvetdestrella\/wp-content\/uploads\/usu1846\/2020\/12\/personal-1.jpg 640w, https:\/\/agora.xtec.cat\/ceipcalvetdestrella\/wp-content\/uploads\/usu1846\/2020\/12\/personal-1-300x117.jpg 300w\" sizes=\"auto, (max-width: 374px) 100vw, 374px\" \/><\/a><\/p>\n<p>&nbsp;<\/p>\n<p style=\"text-align: center;\"><strong>Equip Directiu<\/strong><\/p>\n<p style=\"text-align: center;\">Direcci\u00f3: N\u00faria A.<\/p>\n<p style=\"text-align: center;\">Cap d&#8217;estudis: Maria P.<\/p>\n<p style=\"text-align: center;\">Secret\u00e0ria: Maria M.<\/p>\n<p style=\"text-align: center;\"><em><strong>Infantil<\/strong><\/em><\/p>\n<p style=\"text-align: center;\"><strong>I3:<\/strong> Anna F.<\/p>\n<p style=\"text-align: center;\"><strong>I4<\/strong>: Andrea P.<\/p>\n<p style=\"text-align: center;\"><strong>I5<\/strong>: Mar S.<\/p>\n<p style=\"text-align: center;\"><em><strong>TEI<\/strong><\/em><\/p>\n<p style=\"text-align: center;\">Cristina G.<\/p>\n<p style=\"text-align: center;\"><em><strong>Pedagogia terap\u00e8utica<\/strong><\/em><\/p>\n<p style=\"text-align: center;\">Laura M<\/p>\n<p style=\"text-align: center;\"><em><strong>Prim\u00e0ria<\/strong><\/em><\/p>\n<p style=\"text-align: center;\"><strong>1r: <\/strong>Sara S<\/p>\n<p style=\"text-align: center;\"><strong>2n:<\/strong> Anna G\/ Maria C<\/p>\n<p style=\"text-align: center;\"><strong>3r:<\/strong> Jaume E.<\/p>\n<p style=\"text-align: center;\"><strong>4t:<\/strong> Irene A.<\/p>\n<p style=\"text-align: center;\"><strong>5\u00e8:<\/strong>\u00a0 Marina P<\/p>\n<p style=\"text-align: center;\"><strong>6\u00e8:<\/strong> Jorge<\/p>\n<p style=\"text-align: center;\"><em><strong>English<\/strong><\/em><\/p>\n<p style=\"text-align: center;\">\u00a0Mariona S. \/ Laura S. \/ Xavi R<\/p>\n<p style=\"text-align: center;\"><em><strong>Pedagogia terap\u00e8utica<\/strong><\/em><\/p>\n<p style=\"text-align: center;\">Yolanda S. \/ Maria P<\/p>\n<p style=\"text-align: center;\"><em><strong>Educaci\u00f3 F\u00edsica<\/strong><\/em><\/p>\n<p style=\"text-align: center;\">\u00c0lex G<\/p>\n<p style=\"text-align: center;\"><em><strong>M\u00fasica<\/strong><\/em><\/p>\n<p style=\"text-align: center;\">Marina P.<\/p>\n<p style=\"text-align: center;\"><em><strong>TIS<\/strong><\/em><\/p>\n<p style=\"text-align: center;\">Lena C<\/p>\n<p style=\"text-align: center;\"><em><strong>Consergeria<\/strong><\/em><\/p>\n<p style=\"text-align: center;\">\u00d2scar V.<\/p>\n<p style=\"text-align: center;\"><em><strong>Secretaria<\/strong><\/em><\/p>\n<p style=\"text-align: center;\">Montse B.<\/p>\n<p style=\"text-align: center;\"><a href=\"https:\/\/agora.xtec.cat\/ceipcalvetdestrella\/wp-content\/uploads\/usu1846\/2020\/12\/personal-2.jpg\"><img loading=\"lazy\" decoding=\"async\" class=\"aligncenter wp-image-1849\" src=\"https:\/\/agora.xtec.cat\/ceipcalvetdestrella\/wp-content\/uploads\/usu1846\/2020\/12\/personal-2.jpg\" alt=\"\" width=\"230\" height=\"123\" srcset=\"https:\/\/agora.xtec.cat\/ceipcalvetdestrella\/wp-content\/uploads\/usu1846\/2020\/12\/personal-2.jpg 322w, https:\/\/agora.xtec.cat\/ceipcalvetdestrella\/wp-content\/uploads\/usu1846\/2020\/12\/personal-2-300x160.jpg 300w\" sizes=\"auto, (max-width: 230px) 100vw, 230px\" \/><\/a><\/p>\n<p>&nbsp;<\/p>\n","protected":false},"excerpt":{"rendered":"<p>&nbsp; Equip Directiu Direcci\u00f3: N\u00faria A. Cap d&#8217;estudis: Maria P. Secret\u00e0ria: Maria M. Infantil I3: Anna F. I4: Andrea P. I5: Mar S. TEI Cristina G. Pedagogia terap\u00e8utica Laura M Prim\u00e0ria 1r: Sara S 2n: Anna G\/ Maria C 3r: Jaume E. 4t: Irene A. 5\u00e8:\u00a0 Marina P 6\u00e8: Jorge English \u00a0Mariona S. \/ Laura [&hellip;]<\/p>\n","protected":false},"author":1,"featured_media":0,"parent":22,"menu_order":80,"comment_status":"closed","ping_status":"closed","template":"","meta":{"_bbp_topic_count":0,"_bbp_reply_count":0,"_bbp_total_topic_count":0,"_bbp_total_reply_count":0,"_bbp_voice_count":0,"_bbp_anonymous_reply_count":0,"_bbp_topic_count_hidden":0,"_bbp_reply_count_hidden":0,"_bbp_forum_subforum_count":0,"site-sidebar-layout":"default","site-content-layout":"","ast-site-content-layout":"default","site-content-style":"default","site-sidebar-style":"default","ast-global-header-display":"","ast-banner-title-visibility":"","ast-main-header-display":"","ast-hfb-above-header-display":"","ast-hfb-below-header-display":"","ast-hfb-mobile-header-display":"","site-post-title":"","ast-breadcrumbs-content":"","ast-featured-img":"","footer-sml-layout":"","theme-transparent-header-meta":"default","adv-header-id-meta":"","stick-header-meta":"","header-above-stick-meta":"","header-main-stick-meta":"","header-below-stick-meta":"","astra-migrate-meta-layouts":"set","ast-page-background-enabled":"default","ast-page-background-meta":{"desktop":{"background-color":"var(--ast-global-color-4)","background-image":"","background-repeat":"repeat","background-position":"center center","background-size":"auto","background-attachment":"scroll","background-type":"","background-media":"","overlay-type":"","overlay-color":"","overlay-opacity":"","overlay-gradient":""},"tablet":{"background-color":"","background-image":"","background-repeat":"repeat","background-position":"center center","background-size":"auto","background-attachment":"scroll","background-type":"","background-media":"","overlay-type":"","overlay-color":"","overlay-opacity":"","overlay-gradient":""},"mobile":{"background-color":"","background-image":"","background-repeat":"repeat","background-position":"center center","background-size":"auto","background-attachment":"scroll","background-type":"","background-media":"","overlay-type":"","overlay-color":"","overlay-opacity":"","overlay-gradient":""}},"ast-content-background-meta":{"desktop":{"background-color":"var(--ast-global-color-5)","background-image":"","background-repeat":"repeat","background-position":"center center","background-size":"auto","background-attachment":"scroll","background-type":"","background-media":"","overlay-type":"","overlay-color":"","overlay-opacity":"","overlay-gradient":""},"tablet":{"background-color":"var(--ast-global-color-5)","background-image":"","background-repeat":"repeat","background-position":"center center","background-size":"auto","background-attachment":"scroll","background-type":"","background-media":"","overlay-type":"","overlay-color":"","overlay-opacity":"","overlay-gradient":""},"mobile":{"background-color":"var(--ast-global-color-5)","background-image":"","background-repeat":"repeat","background-position":"center center","background-size":"auto","background-attachment":"scroll","background-type":"","background-media":"","overlay-type":"","overlay-color":"","overlay-opacity":"","overlay-gradient":""}},"footnotes":""},"class_list":["post-38","page","type-page","status-publish","hentry"],"post_mailing_queue_ids":[],"_links":{"self":[{"href":"https:\/\/agora.xtec.cat\/ceipcalvetdestrella\/wp-json\/wp\/v2\/pages\/38","targetHints":{"allow":["GET"]}}],"collection":[{"href":"https:\/\/agora.xtec.cat\/ceipcalvetdestrella\/wp-json\/wp\/v2\/pages"}],"about":[{"href":"https:\/\/agora.xtec.cat\/ceipcalvetdestrella\/wp-json\/wp\/v2\/types\/page"}],"author":[{"embeddable":true,"href":"https:\/\/agora.xtec.cat\/ceipcalvetdestrella\/wp-json\/wp\/v2\/users\/1"}],"replies":[{"embeddable":true,"href":"https:\/\/agora.xtec.cat\/ceipcalvetdestrella\/wp-json\/wp\/v2\/comments?post=38"}],"version-history":[{"count":4,"href":"https:\/\/agora.xtec.cat\/ceipcalvetdestrella\/wp-json\/wp\/v2\/pages\/38\/revisions"}],"predecessor-version":[{"id":6864,"href":"https:\/\/agora.xtec.cat\/ceipcalvetdestrella\/wp-json\/wp\/v2\/pages\/38\/revisions\/6864"}],"up":[{"embeddable":true,"href":"https:\/\/agora.xtec.cat\/ceipcalvetdestrella\/wp-json\/wp\/v2\/pages\/22"}],"wp:attachment":[{"href":"https:\/\/agora.xtec.cat\/ceipcalvetdestrella\/wp-json\/wp\/v2\/media?parent=38"}],"curies":[{"name":"wp","href":"https:\/\/api.w.org\/{rel}","templated":true}]}}