{"id":80,"date":"2014-09-18T14:09:48","date_gmt":"2014-09-18T13:09:48","guid":{"rendered":"http:\/\/agora.xtec.cat\/ceipcalderon\/?page_id=80"},"modified":"2026-02-13T19:00:44","modified_gmt":"2026-02-13T18:00:44","slug":"patisoberts","status":"publish","type":"page","link":"https:\/\/agora.xtec.cat\/ceipcalderon\/serveis\/patisoberts\/","title":{"rendered":"Patis oberts"},"content":{"rendered":"\n<h3 class=\"wp-block-heading has-ast-global-color-0-color has-text-color has-link-color wp-elements-51177a75778c1b086d3bdd6d3c816dae\">Programa &#8220;Patis Oberts&#8221;<\/h3>\n\n\n\n<p>&nbsp;Els patis escolars de la ciutat s&#8217;obren com a espai d&#8217;\u00fas p\u00fablic per a fam\u00edlies, infants i adolescents fora de l&#8217;horari escolar, en cap de setmana i en per\u00edode de vacances escolars.<\/p>\n\n\n\n<p>Els objectius principals de l&#8217;obertura dels patis escolars s\u00f3n els seg\u00fcents:<\/p>\n\n\n\n<ul class=\"wp-block-list\">\n<li style=\"padding-top:var(--wp--preset--spacing--20);padding-bottom:var(--wp--preset--spacing--20)\">Optimitzar l&#8217;\u00fas dels centres escolars potenciant la seva vessant educativa i social, fent possible un \u00fas del pati entre els col\u00b7lectius i\/o activitats que es puguin realitzar sense interfer\u00e8ncies tot potenciant la seva interrelaci\u00f3.<\/li>\n\n\n\n<li style=\"padding-top:var(--wp--preset--spacing--20);padding-bottom:var(--wp--preset--spacing--20)\">Donar una alternativa de lleure als infants i joves i les seves fam\u00edlies que s&#8217;exerceix de forma aut\u00f2noma en un context segur i de proximitat.<\/li>\n<\/ul>\n\n\n\n<p>Cada pati escolar obert t\u00e9 un servei de monitoratge que obre i tanca el pati escolar dins els horaris previstos, vetlla pel bon \u00fas de les instal\u00b7lacions i procura establir din\u00e0miques de relaci\u00f3 entre els infants i joves.<\/p>\n\n\n\n<p>Als patis escolars oberts es fan activitats de dinamitzaci\u00f3 educativa esportives, art\u00edstiques o en fam\u00edlia. Aquestes activitats s\u00f3n obertes i gratu\u00eftes al barri.<\/p>\n\n\n\n<p>En la iniciativa municipal &#8220;Patis escolars oberts al barri&#8221;, hi col\u00b7laboren el Consorci d&#8217;Educaci\u00f3 de Barcelona, la Fundaci\u00f3 Jaume Bofill i diverses entitats educatives i socials de la ciutat.<\/p>\n\n\n\n<figure class=\"wp-block-image alignfull size-large\"><a href=\"https:\/\/ajuntament.barcelona.cat\/casalsdebarri\/es\/detall\/patis-escolars-oberts-al-barri-escola-calderon_99400654112.html\" target=\"_blank\" rel=\" noreferrer noopener\"><img loading=\"lazy\" decoding=\"async\" width=\"1024\" height=\"554\" src=\"https:\/\/agora.xtec.cat\/ceipcalderon\/wp-content\/uploads\/usu834\/2026\/02\/Captura-3-1024x554.png\" alt=\"\" class=\"wp-image-13278\" srcset=\"https:\/\/agora.xtec.cat\/ceipcalderon\/wp-content\/uploads\/usu834\/2026\/02\/Captura-3-1024x554.png 1024w, https:\/\/agora.xtec.cat\/ceipcalderon\/wp-content\/uploads\/usu834\/2026\/02\/Captura-3-300x162.png 300w, https:\/\/agora.xtec.cat\/ceipcalderon\/wp-content\/uploads\/usu834\/2026\/02\/Captura-3-768x415.png 768w, https:\/\/agora.xtec.cat\/ceipcalderon\/wp-content\/uploads\/usu834\/2026\/02\/Captura-3.png 1374w\" sizes=\"auto, (max-width: 1024px) 100vw, 1024px\" \/><\/a><\/figure>\n","protected":false},"excerpt":{"rendered":"<p>Programa &#8220;Patis Oberts&#8221; &nbsp;Els patis escolars de la ciutat s&#8217;obren com a espai d&#8217;\u00fas p\u00fablic per a fam\u00edlies, infants i adolescents fora de l&#8217;horari escolar, en cap de setmana i en per\u00edode de vacances escolars. Els objectius principals de l&#8217;obertura dels patis escolars s\u00f3n els seg\u00fcents: Cada pati escolar obert t\u00e9 un servei de monitoratge [&hellip;]<\/p>\n","protected":false},"author":1,"featured_media":0,"parent":66,"menu_order":40,"comment_status":"closed","ping_status":"closed","template":"page-templates\/side-menu.php","meta":{"_bbp_topic_count":0,"_bbp_reply_count":0,"_bbp_total_topic_count":0,"_bbp_total_reply_count":0,"_bbp_voice_count":0,"_bbp_anonymous_reply_count":0,"_bbp_topic_count_hidden":0,"_bbp_reply_count_hidden":0,"_bbp_forum_subforum_count":0,"site-sidebar-layout":"default","site-content-layout":"","ast-site-content-layout":"default","site-content-style":"default","site-sidebar-style":"default","ast-global-header-display":"","ast-banner-title-visibility":"","ast-main-header-display":"","ast-hfb-above-header-display":"","ast-hfb-below-header-display":"","ast-hfb-mobile-header-display":"","site-post-title":"","ast-breadcrumbs-content":"","ast-featured-img":"","footer-sml-layout":"","theme-transparent-header-meta":"","adv-header-id-meta":"","stick-header-meta":"","header-above-stick-meta":"","header-main-stick-meta":"","header-below-stick-meta":"","astra-migrate-meta-layouts":"set","ast-page-background-enabled":"default","ast-page-background-meta":{"desktop":{"background-color":"var(--ast-global-color-4)","background-image":"","background-repeat":"repeat","background-position":"center center","background-size":"auto","background-attachment":"scroll","background-type":"","background-media":"","overlay-type":"","overlay-color":"","overlay-opacity":"","overlay-gradient":""},"tablet":{"background-color":"","background-image":"","background-repeat":"repeat","background-position":"center center","background-size":"auto","background-attachment":"scroll","background-type":"","background-media":"","overlay-type":"","overlay-color":"","overlay-opacity":"","overlay-gradient":""},"mobile":{"background-color":"","background-image":"","background-repeat":"repeat","background-position":"center center","background-size":"auto","background-attachment":"scroll","background-type":"","background-media":"","overlay-type":"","overlay-color":"","overlay-opacity":"","overlay-gradient":""}},"ast-content-background-meta":{"desktop":{"background-color":"var(--ast-global-color-5)","background-image":"","background-repeat":"repeat","background-position":"center center","background-size":"auto","background-attachment":"scroll","background-type":"","background-media":"","overlay-type":"","overlay-color":"","overlay-opacity":"","overlay-gradient":""},"tablet":{"background-color":"var(--ast-global-color-5)","background-image":"","background-repeat":"repeat","background-position":"center center","background-size":"auto","background-attachment":"scroll","background-type":"","background-media":"","overlay-type":"","overlay-color":"","overlay-opacity":"","overlay-gradient":""},"mobile":{"background-color":"var(--ast-global-color-5)","background-image":"","background-repeat":"repeat","background-position":"center center","background-size":"auto","background-attachment":"scroll","background-type":"","background-media":"","overlay-type":"","overlay-color":"","overlay-opacity":"","overlay-gradient":""}},"footnotes":""},"class_list":["post-80","page","type-page","status-publish","hentry"],"post_mailing_queue_ids":[],"_links":{"self":[{"href":"https:\/\/agora.xtec.cat\/ceipcalderon\/wp-json\/wp\/v2\/pages\/80","targetHints":{"allow":["GET"]}}],"collection":[{"href":"https:\/\/agora.xtec.cat\/ceipcalderon\/wp-json\/wp\/v2\/pages"}],"about":[{"href":"https:\/\/agora.xtec.cat\/ceipcalderon\/wp-json\/wp\/v2\/types\/page"}],"author":[{"embeddable":true,"href":"https:\/\/agora.xtec.cat\/ceipcalderon\/wp-json\/wp\/v2\/users\/1"}],"replies":[{"embeddable":true,"href":"https:\/\/agora.xtec.cat\/ceipcalderon\/wp-json\/wp\/v2\/comments?post=80"}],"version-history":[{"count":6,"href":"https:\/\/agora.xtec.cat\/ceipcalderon\/wp-json\/wp\/v2\/pages\/80\/revisions"}],"predecessor-version":[{"id":13372,"href":"https:\/\/agora.xtec.cat\/ceipcalderon\/wp-json\/wp\/v2\/pages\/80\/revisions\/13372"}],"up":[{"embeddable":true,"href":"https:\/\/agora.xtec.cat\/ceipcalderon\/wp-json\/wp\/v2\/pages\/66"}],"wp:attachment":[{"href":"https:\/\/agora.xtec.cat\/ceipcalderon\/wp-json\/wp\/v2\/media?parent=80"}],"curies":[{"name":"wp","href":"https:\/\/api.w.org\/{rel}","templated":true}]}}