{"id":77,"date":"2014-09-18T14:05:08","date_gmt":"2014-09-18T13:05:08","guid":{"rendered":"http:\/\/agora.xtec.cat\/ceipcalderon\/?page_id=77"},"modified":"2026-02-12T16:25:11","modified_gmt":"2026-02-12T15:25:11","slug":"acollida","status":"publish","type":"page","link":"https:\/\/agora.xtec.cat\/ceipcalderon\/serveis\/acollida\/","title":{"rendered":"Acollida"},"content":{"rendered":"\n<p>La nostra escola facilita un servei d&#8217;acollida matinal a partir de les 8:00 i per la tarda a partir de les 16:30 a c\u00e0rrec de l&#8217;AFA i l&#8217;entitat &#8220;Fundesplai&#8221;.<\/p>\n\n\n\n<p>A l\u2019assemblea de l\u2019AFA del 10\/06\/2025 es va decidir establir un benefici econ\u00f2mic per les fam\u00edlies s\u00f2cies en el servei d\u2019acollida. <\/p>\n\n\n\n<p>Els preus s\u00f3n els seg\u00fcents:<\/p>\n\n\n\n<figure class=\"wp-block-image aligncenter size-full is-resized\"><img loading=\"lazy\" decoding=\"async\" width=\"496\" height=\"559\" src=\"https:\/\/agora.xtec.cat\/ceipcalderon\/wp-content\/uploads\/usu834\/2026\/02\/Captura-4-e1770909627382.png\" alt=\"\" class=\"wp-image-13271\" style=\"width:754px;height:auto\"\/><\/figure>\n\n\n\n<p>&nbsp;<\/p>\n","protected":false},"excerpt":{"rendered":"<p>La nostra escola facilita un servei d&#8217;acollida matinal a partir de les 8:00 i per la tarda a partir de les 16:30 a c\u00e0rrec de l&#8217;AFA i l&#8217;entitat &#8220;Fundesplai&#8221;. A l\u2019assemblea de l\u2019AFA del 10\/06\/2025 es va decidir establir un benefici econ\u00f2mic per les fam\u00edlies s\u00f2cies en el servei d\u2019acollida. Els preus s\u00f3n els seg\u00fcents: [&hellip;]<\/p>\n","protected":false},"author":1,"featured_media":0,"parent":66,"menu_order":20,"comment_status":"closed","ping_status":"closed","template":"page-templates\/side-menu.php","meta":{"_bbp_topic_count":0,"_bbp_reply_count":0,"_bbp_total_topic_count":0,"_bbp_total_reply_count":0,"_bbp_voice_count":0,"_bbp_anonymous_reply_count":0,"_bbp_topic_count_hidden":0,"_bbp_reply_count_hidden":0,"_bbp_forum_subforum_count":0,"site-sidebar-layout":"default","site-content-layout":"","ast-site-content-layout":"default","site-content-style":"default","site-sidebar-style":"default","ast-global-header-display":"","ast-banner-title-visibility":"","ast-main-header-display":"","ast-hfb-above-header-display":"","ast-hfb-below-header-display":"","ast-hfb-mobile-header-display":"","site-post-title":"","ast-breadcrumbs-content":"","ast-featured-img":"","footer-sml-layout":"","theme-transparent-header-meta":"","adv-header-id-meta":"","stick-header-meta":"","header-above-stick-meta":"","header-main-stick-meta":"","header-below-stick-meta":"","astra-migrate-meta-layouts":"set","ast-page-background-enabled":"default","ast-page-background-meta":{"desktop":{"background-color":"var(--ast-global-color-4)","background-image":"","background-repeat":"repeat","background-position":"center center","background-size":"auto","background-attachment":"scroll","background-type":"","background-media":"","overlay-type":"","overlay-color":"","overlay-opacity":"","overlay-gradient":""},"tablet":{"background-color":"","background-image":"","background-repeat":"repeat","background-position":"center center","background-size":"auto","background-attachment":"scroll","background-type":"","background-media":"","overlay-type":"","overlay-color":"","overlay-opacity":"","overlay-gradient":""},"mobile":{"background-color":"","background-image":"","background-repeat":"repeat","background-position":"center center","background-size":"auto","background-attachment":"scroll","background-type":"","background-media":"","overlay-type":"","overlay-color":"","overlay-opacity":"","overlay-gradient":""}},"ast-content-background-meta":{"desktop":{"background-color":"var(--ast-global-color-5)","background-image":"","background-repeat":"repeat","background-position":"center center","background-size":"auto","background-attachment":"scroll","background-type":"","background-media":"","overlay-type":"","overlay-color":"","overlay-opacity":"","overlay-gradient":""},"tablet":{"background-color":"var(--ast-global-color-5)","background-image":"","background-repeat":"repeat","background-position":"center center","background-size":"auto","background-attachment":"scroll","background-type":"","background-media":"","overlay-type":"","overlay-color":"","overlay-opacity":"","overlay-gradient":""},"mobile":{"background-color":"var(--ast-global-color-5)","background-image":"","background-repeat":"repeat","background-position":"center center","background-size":"auto","background-attachment":"scroll","background-type":"","background-media":"","overlay-type":"","overlay-color":"","overlay-opacity":"","overlay-gradient":""}},"footnotes":""},"class_list":["post-77","page","type-page","status-publish","hentry"],"post_mailing_queue_ids":[],"_links":{"self":[{"href":"https:\/\/agora.xtec.cat\/ceipcalderon\/wp-json\/wp\/v2\/pages\/77","targetHints":{"allow":["GET"]}}],"collection":[{"href":"https:\/\/agora.xtec.cat\/ceipcalderon\/wp-json\/wp\/v2\/pages"}],"about":[{"href":"https:\/\/agora.xtec.cat\/ceipcalderon\/wp-json\/wp\/v2\/types\/page"}],"author":[{"embeddable":true,"href":"https:\/\/agora.xtec.cat\/ceipcalderon\/wp-json\/wp\/v2\/users\/1"}],"replies":[{"embeddable":true,"href":"https:\/\/agora.xtec.cat\/ceipcalderon\/wp-json\/wp\/v2\/comments?post=77"}],"version-history":[{"count":6,"href":"https:\/\/agora.xtec.cat\/ceipcalderon\/wp-json\/wp\/v2\/pages\/77\/revisions"}],"predecessor-version":[{"id":13276,"href":"https:\/\/agora.xtec.cat\/ceipcalderon\/wp-json\/wp\/v2\/pages\/77\/revisions\/13276"}],"up":[{"embeddable":true,"href":"https:\/\/agora.xtec.cat\/ceipcalderon\/wp-json\/wp\/v2\/pages\/66"}],"wp:attachment":[{"href":"https:\/\/agora.xtec.cat\/ceipcalderon\/wp-json\/wp\/v2\/media?parent=77"}],"curies":[{"name":"wp","href":"https:\/\/api.w.org\/{rel}","templated":true}]}}