{"id":64,"date":"2014-09-18T12:39:08","date_gmt":"2014-09-18T11:39:08","guid":{"rendered":"http:\/\/agora.xtec.cat\/ceipcalderon\/?page_id=64"},"modified":"2025-11-05T13:15:30","modified_gmt":"2025-11-05T12:15:30","slug":"projecte-educatiu","status":"publish","type":"page","link":"https:\/\/agora.xtec.cat\/ceipcalderon\/projecte-educatiu\/","title":{"rendered":"Documents de Centre"},"content":{"rendered":"<p><strong>El Projecte Educatiu \u00e9s el document estrat\u00e8gic marc per a la instituci\u00f3 escolar, <\/strong>que ha de formalitzar i concretar les seves intencions i actuacions, dotant-la d\u2019una identitat diferenciada i planejant aquells<strong> valors i principis que assumeix aquesta comunitat.<\/strong><\/p>\n<p><!--more--><\/p>\n<p><strong><span style=\"color: #ff6600;\">La comunitat educativa de l\u2019ESCOLA CALDER\u00d3N pretenem:<\/span><\/strong><\/p>\n<ul>\n<li><span style=\"color: #808080;\">Gaudir d\u2019un bon clima relacional i enfortir la relaci\u00f3 fam\u00edlia-escola per avan\u00e7ar com a comunitat educativa cohesionada.<\/span><\/li>\n<li><span style=\"color: #808080;\">Formar futurs ciutadans democr\u00e0tics, arrelats al seu territori i universals, solidaris i compromesos.<\/span><\/li>\n<li><span style=\"color: #808080;\">Educar persones conscients, responsables i creadores en tots els aspectes humans, tant f\u00edsics com emocionals i racionals.<\/span><\/li>\n<li><span style=\"color: #808080;\">Apostar per millorar els resultats d\u2019aprenentatge del\u2019alumnat a partir de la millora de l\u2019atenci\u00f3 personal, el respecte als diferents ritmes d\u2019aprenentatge i la possibilitat de diversitat d\u2019agrupaments segons les tasques.<\/span><\/li>\n<li><span style=\"color: #ff6600;\"><span style=\"color: #808080;\">Educar persones \u201csanes\u201d, equilibrades, respectuoses, capaces d\u2019estimar, de treballar aut\u00f2nomament i en col\u00b7laboraci\u00f3 amb els altres. Persones amb capacitat per ser felices i fer feli\u00e7os als altres<\/span>.<\/span><\/li>\n<\/ul>\n<p><span style=\"color: #ff6600;\"><strong>A l\u2019escola Calder\u00f3n volem aconseguir:<\/strong><\/span><\/p>\n<ul>\n<li><span style=\"color: #808080;\">Coher\u00e8ncia educativa: l\u00ednia d\u2019escola en tots els nivells de desenvolupament (coneixements, habilitats i valors). Per aix\u00f2 volem recopilar, ordenar i escriure tot el referent als aprenentatges de les diferents \u00e0rees i als criteris respectius d\u2019avaluaci\u00f3. Sistematitzar i consensuar-los tots, amb la voluntat de complir-los i fer-los complir.<\/span><\/li>\n<li><span style=\"color: #808080;\">Millora constant del rendiment acad\u00e8mic, tot respectant els diferents ritmes d\u2019aprenentatge.<\/span><\/li>\n<li><span style=\"color: #808080;\">Comprom\u00eds amb el medi ambient fent a l\u2019escola un hort, reciclatge i recollida selectiva.<\/span><\/li>\n<li><span style=\"color: #808080;\">Creaci\u00f3 de nous entorns d\u2019aprenentatge utilitzant les TIC per afavorir l\u2019\u00e8xit acad\u00e8mic.<\/span><\/li>\n<li><span style=\"color: #808080;\">Comprom\u00eds amb la llengua i cultura del pa\u00eds treballant les tradicions pr\u00f2pies i garantint el catal\u00e0 com a llengua vehicular i d\u2019aprenentatge.<\/span><\/li>\n<li><span style=\"color: #808080;\">Rendibilitzaci\u00f3 de l\u2019escola com a espai educatiu.<\/span><\/li>\n<li><span style=\"color: #808080;\">Treure el m\u00e0xim profit dels recursos que l\u2019administraci\u00f3 ofereix als centres educatius.<\/span><\/li>\n<li><span style=\"color: #808080;\">Potenciar el treball tutorial (acollida, tutoria individual i grupal&#8230;) per afavorir la gesti\u00f3 emocional.<\/span><\/li>\n<li><span style=\"color: #808080;\">Ser una escola que evoluciona i millora perqu\u00e8 aprofita les oportunitats derivades de l\u2019augment de la comunitat educativa quant a la incorporaci\u00f3 de nous professionals amb noves idees i nous espais.<\/span><\/li>\n<li><span style=\"color: #808080;\">Potenciaci\u00f3 de la creativitat i el gust per l\u2019art, la cultura i les seves diverses manifestacions.<\/span><\/li>\n<\/ul>\n<p>Si vols accedir al nostre PEC, pots clicar el seg\u00fcent enlla\u00e7:<\/p>\n","protected":false},"excerpt":{"rendered":"<p>El Projecte Educatiu \u00e9s el document estrat\u00e8gic marc per a la instituci\u00f3 escolar, que ha de formalitzar i concretar les seves intencions i actuacions, dotant-la d\u2019una identitat diferenciada i planejant aquells valors i principis que assumeix aquesta comunitat.<\/p>\n","protected":false},"author":1,"featured_media":0,"parent":0,"menu_order":0,"comment_status":"closed","ping_status":"closed","template":"page-templates\/side-menu.php","meta":{"_bbp_topic_count":0,"_bbp_reply_count":0,"_bbp_total_topic_count":0,"_bbp_total_reply_count":0,"_bbp_voice_count":0,"_bbp_anonymous_reply_count":0,"_bbp_topic_count_hidden":0,"_bbp_reply_count_hidden":0,"_bbp_forum_subforum_count":0,"site-sidebar-layout":"default","site-content-layout":"","ast-site-content-layout":"default","site-content-style":"default","site-sidebar-style":"default","ast-global-header-display":"","ast-banner-title-visibility":"","ast-main-header-display":"","ast-hfb-above-header-display":"","ast-hfb-below-header-display":"","ast-hfb-mobile-header-display":"","site-post-title":"","ast-breadcrumbs-content":"","ast-featured-img":"","footer-sml-layout":"","theme-transparent-header-meta":"","adv-header-id-meta":"","stick-header-meta":"","header-above-stick-meta":"","header-main-stick-meta":"","header-below-stick-meta":"","astra-migrate-meta-layouts":"set","ast-page-background-enabled":"default","ast-page-background-meta":{"desktop":{"background-color":"var(--ast-global-color-4)","background-image":"","background-repeat":"repeat","background-position":"center center","background-size":"auto","background-attachment":"scroll","background-type":"","background-media":"","overlay-type":"","overlay-color":"","overlay-opacity":"","overlay-gradient":""},"tablet":{"background-color":"","background-image":"","background-repeat":"repeat","background-position":"center center","background-size":"auto","background-attachment":"scroll","background-type":"","background-media":"","overlay-type":"","overlay-color":"","overlay-opacity":"","overlay-gradient":""},"mobile":{"background-color":"","background-image":"","background-repeat":"repeat","background-position":"center center","background-size":"auto","background-attachment":"scroll","background-type":"","background-media":"","overlay-type":"","overlay-color":"","overlay-opacity":"","overlay-gradient":""}},"ast-content-background-meta":{"desktop":{"background-color":"var(--ast-global-color-5)","background-image":"","background-repeat":"repeat","background-position":"center center","background-size":"auto","background-attachment":"scroll","background-type":"","background-media":"","overlay-type":"","overlay-color":"","overlay-opacity":"","overlay-gradient":""},"tablet":{"background-color":"var(--ast-global-color-5)","background-image":"","background-repeat":"repeat","background-position":"center center","background-size":"auto","background-attachment":"scroll","background-type":"","background-media":"","overlay-type":"","overlay-color":"","overlay-opacity":"","overlay-gradient":""},"mobile":{"background-color":"var(--ast-global-color-5)","background-image":"","background-repeat":"repeat","background-position":"center center","background-size":"auto","background-attachment":"scroll","background-type":"","background-media":"","overlay-type":"","overlay-color":"","overlay-opacity":"","overlay-gradient":""}},"footnotes":""},"class_list":["post-64","page","type-page","status-publish","hentry"],"post_mailing_queue_ids":[],"_links":{"self":[{"href":"https:\/\/agora.xtec.cat\/ceipcalderon\/wp-json\/wp\/v2\/pages\/64","targetHints":{"allow":["GET"]}}],"collection":[{"href":"https:\/\/agora.xtec.cat\/ceipcalderon\/wp-json\/wp\/v2\/pages"}],"about":[{"href":"https:\/\/agora.xtec.cat\/ceipcalderon\/wp-json\/wp\/v2\/types\/page"}],"author":[{"embeddable":true,"href":"https:\/\/agora.xtec.cat\/ceipcalderon\/wp-json\/wp\/v2\/users\/1"}],"replies":[{"embeddable":true,"href":"https:\/\/agora.xtec.cat\/ceipcalderon\/wp-json\/wp\/v2\/comments?post=64"}],"version-history":[{"count":3,"href":"https:\/\/agora.xtec.cat\/ceipcalderon\/wp-json\/wp\/v2\/pages\/64\/revisions"}],"predecessor-version":[{"id":12837,"href":"https:\/\/agora.xtec.cat\/ceipcalderon\/wp-json\/wp\/v2\/pages\/64\/revisions\/12837"}],"wp:attachment":[{"href":"https:\/\/agora.xtec.cat\/ceipcalderon\/wp-json\/wp\/v2\/media?parent=64"}],"curies":[{"name":"wp","href":"https:\/\/api.w.org\/{rel}","templated":true}]}}