{"id":5070,"date":"2019-11-25T15:57:44","date_gmt":"2019-11-25T14:57:44","guid":{"rendered":"http:\/\/agora.xtec.cat\/ceipcalderon\/?page_id=5070"},"modified":"2023-10-10T16:13:43","modified_gmt":"2023-10-10T14:13:43","slug":"projecte-linguistic-de-centre","status":"publish","type":"page","link":"https:\/\/agora.xtec.cat\/ceipcalderon\/projecte-educatiu\/projecte-linguistic-de-centre\/","title":{"rendered":"Projecte ling\u00fc\u00edstic de centre"},"content":{"rendered":"<p>El PROJECTE LING\u00dc\u00cdSTIC DE CENTRE \u00e9s l\u2019instrument que permet assolir els objectius generals referents a la compet\u00e8ncia ling\u00fc\u00edstica que defineix la normativa vigent.<\/p>\n<p>D\u2019acord amb la Llei 12\/2009, del 10 de juliol, d\u2019educaci\u00f3, el projecte ling\u00fc\u00edstic emmarca el tractament de les lleng\u00fces al centre i inclou els aspectes relatius a l\u2019ensenyament i a l\u2019\u00fas de les lleng\u00fces, entre els quals hi ha :<\/p>\n<ol>\n<li>a) El tractament del catal\u00e0 com a llengua vehicular i d\u2019aprenentatge,<\/li>\n<li>b) El proc\u00e9s d\u2019ensenyament i d\u2019aprenentatge del castell\u00e0,<\/li>\n<li>c) Les diverses opcions amb relaci\u00f3 a les lleng\u00fces estrangeres,<\/li>\n<li>d) Els criteris generals per a les adequacions del proc\u00e9s d\u2019ensenyament de les lleng\u00fces, tant globalment com individualment, a la realitat socioling\u00fc\u00edstica del centre<\/li>\n<li>e) La continu\u00eftat i la coher\u00e8ncia educatives, pel que fa als usos ling\u00fc\u00edstics, en els serveis escolars i en les activitats organitzades per les associacions de mares i pares d\u2019alumnes.<\/li>\n<\/ol>\n<p>Per tant, El nostre PROJECTE LING\u00dc\u00cdSTIC DE CENTRE \u00e9s un document que parteix d\u2019una reflexi\u00f3 interna del centre, que recull les decisions preses a partir d\u2019aquesta an\u00e0lisi en relaci\u00f3 a l\u2019ensenyament i l\u2019aprenentatge de les lleng\u00fces i que t\u00e9 com a objectiu donar coher\u00e8ncia a la manera d\u2019adquirir-les. \u00c9s un document de reflexi\u00f3 i de presa de decisions que incideix en tots els contextos comunicatius dels centres: aula, centre i entorn.<\/p>\n<p>&nbsp;<\/p>\n<p>Cliqueu aqu\u00ed per llegir el <span style=\"color: #00ccff;\"><a href=\"https:\/\/agora.xtec.cat\/ceipcalderon\/wp-content\/uploads\/usu834\/2023\/10\/PLC-setembre23.pdf\">PLC setembre&#8217;23<\/a><\/span><\/p>\n","protected":false},"excerpt":{"rendered":"<p>El PROJECTE LING\u00dc\u00cdSTIC DE CENTRE \u00e9s l\u2019instrument que permet assolir els objectius generals referents a la compet\u00e8ncia ling\u00fc\u00edstica que defineix la normativa vigent. D\u2019acord amb la Llei 12\/2009, del 10 de juliol, d\u2019educaci\u00f3, el projecte ling\u00fc\u00edstic emmarca el tractament de les lleng\u00fces al centre i inclou els aspectes relatius a l\u2019ensenyament i a l\u2019\u00fas de [&hellip;]<\/p>\n","protected":false},"author":1,"featured_media":0,"parent":64,"menu_order":0,"comment_status":"closed","ping_status":"closed","template":"page-templates\/side-menu.php","meta":{"_bbp_topic_count":0,"_bbp_reply_count":0,"_bbp_total_topic_count":0,"_bbp_total_reply_count":0,"_bbp_voice_count":0,"_bbp_anonymous_reply_count":0,"_bbp_topic_count_hidden":0,"_bbp_reply_count_hidden":0,"_bbp_forum_subforum_count":0,"site-sidebar-layout":"default","site-content-layout":"","ast-site-content-layout":"","site-content-style":"default","site-sidebar-style":"default","ast-global-header-display":"","ast-banner-title-visibility":"","ast-main-header-display":"","ast-hfb-above-header-display":"","ast-hfb-below-header-display":"","ast-hfb-mobile-header-display":"","site-post-title":"","ast-breadcrumbs-content":"","ast-featured-img":"","footer-sml-layout":"","theme-transparent-header-meta":"","adv-header-id-meta":"","stick-header-meta":"","header-above-stick-meta":"","header-main-stick-meta":"","header-below-stick-meta":"","astra-migrate-meta-layouts":"default","ast-page-background-enabled":"default","ast-page-background-meta":{"desktop":{"background-color":"var(--ast-global-color-4)","background-image":"","background-repeat":"repeat","background-position":"center center","background-size":"auto","background-attachment":"scroll","background-type":"","background-media":"","overlay-type":"","overlay-color":"","overlay-opacity":"","overlay-gradient":""},"tablet":{"background-color":"","background-image":"","background-repeat":"repeat","background-position":"center center","background-size":"auto","background-attachment":"scroll","background-type":"","background-media":"","overlay-type":"","overlay-color":"","overlay-opacity":"","overlay-gradient":""},"mobile":{"background-color":"","background-image":"","background-repeat":"repeat","background-position":"center center","background-size":"auto","background-attachment":"scroll","background-type":"","background-media":"","overlay-type":"","overlay-color":"","overlay-opacity":"","overlay-gradient":""}},"ast-content-background-meta":{"desktop":{"background-color":"var(--ast-global-color-5)","background-image":"","background-repeat":"repeat","background-position":"center center","background-size":"auto","background-attachment":"scroll","background-type":"","background-media":"","overlay-type":"","overlay-color":"","overlay-opacity":"","overlay-gradient":""},"tablet":{"background-color":"var(--ast-global-color-5)","background-image":"","background-repeat":"repeat","background-position":"center center","background-size":"auto","background-attachment":"scroll","background-type":"","background-media":"","overlay-type":"","overlay-color":"","overlay-opacity":"","overlay-gradient":""},"mobile":{"background-color":"var(--ast-global-color-5)","background-image":"","background-repeat":"repeat","background-position":"center center","background-size":"auto","background-attachment":"scroll","background-type":"","background-media":"","overlay-type":"","overlay-color":"","overlay-opacity":"","overlay-gradient":""}},"footnotes":""},"class_list":["post-5070","page","type-page","status-publish","hentry"],"post_mailing_queue_ids":[],"_links":{"self":[{"href":"https:\/\/agora.xtec.cat\/ceipcalderon\/wp-json\/wp\/v2\/pages\/5070","targetHints":{"allow":["GET"]}}],"collection":[{"href":"https:\/\/agora.xtec.cat\/ceipcalderon\/wp-json\/wp\/v2\/pages"}],"about":[{"href":"https:\/\/agora.xtec.cat\/ceipcalderon\/wp-json\/wp\/v2\/types\/page"}],"author":[{"embeddable":true,"href":"https:\/\/agora.xtec.cat\/ceipcalderon\/wp-json\/wp\/v2\/users\/1"}],"replies":[{"embeddable":true,"href":"https:\/\/agora.xtec.cat\/ceipcalderon\/wp-json\/wp\/v2\/comments?post=5070"}],"version-history":[{"count":5,"href":"https:\/\/agora.xtec.cat\/ceipcalderon\/wp-json\/wp\/v2\/pages\/5070\/revisions"}],"predecessor-version":[{"id":12410,"href":"https:\/\/agora.xtec.cat\/ceipcalderon\/wp-json\/wp\/v2\/pages\/5070\/revisions\/12410"}],"up":[{"embeddable":true,"href":"https:\/\/agora.xtec.cat\/ceipcalderon\/wp-json\/wp\/v2\/pages\/64"}],"wp:attachment":[{"href":"https:\/\/agora.xtec.cat\/ceipcalderon\/wp-json\/wp\/v2\/media?parent=5070"}],"curies":[{"name":"wp","href":"https:\/\/api.w.org\/{rel}","templated":true}]}}