{"id":38,"date":"2014-09-18T12:34:08","date_gmt":"2014-09-18T11:34:08","guid":{"rendered":"http:\/\/agora.xtec.cat\/ceipcalderon\/?page_id=38"},"modified":"2025-11-06T10:46:40","modified_gmt":"2025-11-06T09:46:40","slug":"salut","status":"publish","type":"page","link":"https:\/\/agora.xtec.cat\/ceipcalderon\/lescola\/salut\/","title":{"rendered":"Salut"},"content":{"rendered":"<p><span style=\"color: #008000;\"><strong>Ferides i cures<\/strong><\/span><\/p>\n<p>A l&#8217;escola es disposa d&#8217;una farmaciola que permet l&#8217;actuaci\u00f3 dels mestres en cas que els vostres fills necessitin unes primeres cures. Tamb\u00e9 es disposa de tel\u00e8fons b\u00e0sics de sanitat o d&#8217;emerg\u00e8ncies. En tot cas, sempre que el vostre fill o filla pateixi una lesi\u00f3, el centre educatiu es posar\u00e0 en contacte amb vosaltres a trav\u00e9s dels tel\u00e8fons que els h\u00e0giu facilitat. Per tant \u00e9s molt important que disposem de tel\u00e8fons de contacte v\u00e0lids.<\/p>\n<p><span style=\"color: #008000;\"><strong>Administraci\u00f3 de medicaments al centre<\/strong><\/span><\/p>\n<p style=\"text-align: center;\"><strong>Per norma general no es poden\u00a0administrar\u00a0medicaments als alumnes.<\/strong><\/p>\n<p>Nom\u00e9s es podr\u00e0 donar medicaci\u00f3 en el cas de que aquesta vagi acompanyada de la pertinent recepta del metge i una autoritzaci\u00f3 signada per la fam\u00edlia on hi figurin totes les indicacions necess\u00e0ries per a la seva administraci\u00f3 (quantitat exacta, hora d&#8217;administraci\u00f3, etc.). I en aquest cas el medicament sempre es deixar\u00e0 en mans del\/a tutora\/a o de l&#8217;equip directiu.<\/p>\n<p><span style=\"color: #008000;\"><strong>Protocol en cas que un infant es trobi malament a l&#8217;escola<\/strong><\/span><\/p>\n<p>En cas de comprovar que l&#8217;infant t\u00e9 febre: La febre \u00e9s un s\u00edmptoma caracteritzat per un augment de temperatura per sobre de 37 \u00baC que sovint s\u2019acompanya de malestar. La febre \u00e9s en si mateixa un mecanisme de defensa de l\u2019organisme contra la malaltia i, per tant, no cal tractar-la de forma immediata amb medicaments. Podem utilitzar mesures f\u00edsiques per fer abaixar la temperatura i disminuir-ne les mol\u00e8sties: si t\u00e9 malestar, fred o esgarrifances. Es recomana no abrigar-lo i donar-li aigua a glopets.<\/p>\n<p>Davant d\u2019un infant amb febre de 38 \u00baC o m\u00e9s, l\u2019escola contacta amb el pare, mare o tutor, i es demanar que el reculli tan aviat com pugui.\u00a0 Mentrestant, si la febre \u00e9s igual o superior a 38 \u00baC es recomana administrar un antit\u00e8rmic\/ analg\u00e8sic (tret que en la trucada la fam\u00edlia digui el contrari). El f\u00e0rmac de refer\u00e8ncia i m\u00e9s utilitzat arreu \u00e9s el paracetamol, per la seva bona toler\u00e0ncia i la relativa abs\u00e8ncia d\u2019efectes secundaris.<\/p>\n<p>Encara que no es tracti d\u2019una urg\u00e8ncia, un infant amb febre no ha de quedar-se a l\u2019escola fins que finalitzi la jornada escolar.<\/p>\n<p><strong>Per administrar paracetamol als infants a l&#8217;escola, cal tenir l\u2019autoritzaci\u00f3 del pare, mare o tutor. Aquesta autoritzaci\u00f3 s&#8217;entrega a l&#8217;escola en el moment de la matriculaci\u00f3.<\/strong><\/p>\n<p><span style=\"color: #008000;\"><strong>Revisions bucodentals a 1r i 6\u00e8<\/strong><\/span><\/p>\n<p><span style=\"font-family: Tahoma;\">Seguint el Pla de Salut de Catalunya i del Programa marc de salut <\/span><span style=\"font-family: Tahoma;\">bucodental del Departament de Salut de la Generalitat de Catalunya, a la nostra escola es fa una revisi\u00f3 bucodental als alumnes de 1r i de 6\u00e8 de Prim\u00e0ria. <\/span><\/p>\n<p><span style=\"font-family: Tahoma;\">Un cop realitzada la revisi\u00f3 a l&#8217;escola, es lliura un informe personalitzat de l\u2019estat de salut bucodental dels infants per a les fam\u00edlies.<\/span><\/p>\n<p><span style=\"color: #008000;\"><strong>Vacunacions a 6\u00e8<\/strong><\/span><\/p>\n<p>La vacunaci\u00f3 a les escoles als alumnes de sis\u00e8 de prim\u00e0ria la realitzen les infermeres dels Equips d\u2019Atenci\u00f3 Prim\u00e0ria (EAP).<\/p>\n<p>En cas que sigui necessari, s\u2019administraran 4 vacunes:<\/p>\n<ol>\n<li>Vacuna contra el virus del papil\u00b7loma hum\u00e0 (VPH): Nom\u00e9s a les nenes. Dues dosis.<\/li>\n<li>Vacuna antihepatitis A: Dues dosis<\/li>\n<li>Vacuna antivaricel\u00b7la: Dues dosis<\/li>\n<li>Vacuna antimeningoc\u00f2cica C conjugada (MCC): Una dosi.<\/li>\n<\/ol>\n<p>Per tal de poder vacunar els vostres fills caldr\u00e0 que signeu l\u2019autoritzaci\u00f3 al full que us facilitaran a l\u2019escola.<br \/>\n<strong style=\"font-family: inherit; font-size: 1em;\"><span style=\"color: #ff9900;\"><br \/>\n<span style=\"color: #008000;\">La diabetis a la nostra escola<\/span><\/span><\/strong><\/p>\n<p>A la nostra escola tenim infants amb diabetis i els atenem i facilitem les seves rutines per tal que facin una vida totalment normalitzada al centre. Per tal que sigui aix\u00ed estem en contacte amb les fam\u00edlies d&#8217;aquests infants i en contacte directe amb els seus referents sanitaris per tal d&#8217;aclarir dubtes i coordinar-nos.<\/p>\n<p>Tot el claustre de mestres ha rebut informaci\u00f3 detallada per part de personal sanitari per con\u00e8ixer i saber actuar davant de qualsevol situaci\u00f3 que aquests alumnes puguin presentar.<\/p>\n<p>Els protocols a seguir estan penjats en un lloc visible.<\/p>\n<p>Model d\u2019atenci\u00f3 dels infants amb diabetis en l\u2019ambit escolar de la Generalitat:\u00a0<a href=\"http:\/\/agora.xtec.cat\/ceipcalderon\/wp-content\/uploads\/usu834\/2014\/09\/Protocol_diabetis-Generalitat-Catalunya.pdf\">protocol_diabetis-generalitat-catalunya<\/a><\/p>\n<p><span style=\"color: #008000;\"><strong>Pla d&#8217;emerg\u00e8ncia<\/strong><\/span><\/p>\n<p>Tots els centres educatius disposen d&#8217;un pla d&#8217;emerg\u00e8ncia contra incendis i d&#8217;evacuaci\u00f3 del centre educatiu depenent de l&#8217;accident que s&#8217;hagi produ\u00eft, per tal d&#8217;adoptar les mesures necess\u00e0ries de prevenci\u00f3.\u00a0Anualment a l&#8217;escola realitzem un simulacre sorpresa d&#8217;evacuaci\u00f3 per tal de que sigui el m\u00e9s realista possible i estar ben preparats davant de qualsevol adversitat.<\/p>\n<p><span style=\"color: #008000;\"><strong>Polls<\/strong><\/span><\/p>\n<p>Informaci\u00f3 del Departament de Salut P\u00fablica:<\/p>\n<p><span style=\"color: #0a9cc4;\">Qu\u00e8 s\u00f3n els polls? \/\u00a0Com es pot saber si es tenen polls?\/\u00a0Com es transmeten? (clica aqu\u00ed)<\/span><\/p>\n<p><strong> Qu\u00e8 es pot fer per prevenir-los? <\/strong><\/p>\n<ul>\n<li>Les mesures preventives consisteixen en el raspallat i pentinat acurats dels cabells, dos o tres cops al dia.<\/li>\n<li>Nom\u00e9s s\u2019han d&#8217;utilitzar les pintes, els raspalls, les gorres i altres objectes propis que s\u2019han de netejar de forma adequada, especialment davant l&#8217;exist\u00e8ncia de casos (els raspalls i les pintes es poden rentar amb el mateix preparat antiparasitari i els articles de roba es poden rentar amb aigua molt calenta).<\/li>\n<li>D&#8217;altra banda, com a mesura higi\u00e8nica general, s&#8217;haur\u00e0 de rentar el cap amb aigua i sab\u00f3 dos o tres cops per setmana, com a m\u00ednim. L&#8217;\u00fas preventiu de productes insecticides no es recomana en persones no parasitades.<\/li>\n<li>Si alguna persona descobreix que t\u00e9 polls, \u00e9s necessari que ho comuniqui a les altres persones que l&#8217;envolten per tal que puguin comprovar si tamb\u00e9 en tenen i extremar les mesures preventives.<\/li>\n<\/ul>\n<p><strong>Com eliminar els polls i les ll\u00e9menes?<\/strong><\/p>\n<ul>\n<li>El tractament es basa en aplicar, al m\u00e9s aviat possible, un preparat insecticida (millor locions o cremes que no pas xamp\u00fas).<\/li>\n<li>Cal seguir estrictament les instruccions dels diferents productes comercialitzats tenint en compte que, amb molts d&#8217;aquests, s&#8217;haur\u00e0 de repetir el tractament m\u00e9s d\u2019una vegada per tal de matar els polls sortits dels ous.<\/li>\n<li>Per tal d&#8217;eliminar les ll\u00e9menes es poden esbandir els cabells amb una barreja d&#8217;aigua i vinagre, i despr\u00e9s passar una pinta amb les pues molt fines, tot i que \u00e9s millor treure-les amb els dits.<\/li>\n<li>L\u2019aplicaci\u00f3 del producte no elimina totes les ll\u00e9menes i en resta viu un percentatge gens menyspreable. \u00c9s important que, a les escoles, tots els alumnes parasitats siguin tractats simult\u00e0niament, ja que es poden produir contagis entre nens afectats encara no tractats i nens ja tractats.<\/li>\n<li>Els nens no parasitats no s&#8217;han de tractar.<\/li>\n<li>Els familiars afectats s\u2019han de tractar simult\u00e0niament, ja que sin\u00f3 podrien contagiar els nens sans i, d&#8217;aquesta manera, disseminar els polls a l&#8217;escola.<\/li>\n<li>\u00c9s recomanable que<strong> els alumnes afectats no assisteixin a l&#8217;escola fins que no s\u2019hagin sotm\u00e8s al tractament (aplicaci\u00f3 de loci\u00f3 o crema al cap) i hagin eliminat totes les ll\u00e9menes.<\/strong><\/li>\n<li>Durant la setmana posterior a l\u2019inici del tractament, cada dia s\u2019han de revisar els cabells i anar traient les ll\u00e9menes que hagin pogut quedar; en cas contrari, el tractament no haur\u00e0 servit de res.<\/li>\n<li>Els polls viuen exclusivament en les persones. S\u00f3n innecess\u00e0ries certes mesures com netejar mobles o locals i, per tant, no est\u00e0 indicat tancar l&#8217;escola on s&#8217;hagin produ\u00eft casos.<\/li>\n<li>Les consultes en aquesta mat\u00e8ria poden adre\u00e7ar-se a les unitats de vigil\u00e0ncia epidemiol\u00f2gica dels serveis territorials de Salut a Barcelona, Girona, Lleida, Tarragona i les Terres de l\u2019Ebre i, a la ciutat de Barcelona, al Servei d\u2019Epidemiologia de l\u2019Ag\u00e8ncia de Salut P\u00fablica de Barcelona.<\/li>\n<\/ul>\n","protected":false},"excerpt":{"rendered":"<p>Ferides i cures A l&#8217;escola es disposa d&#8217;una farmaciola que permet l&#8217;actuaci\u00f3 dels mestres en cas que els vostres fills necessitin unes primeres cures. Tamb\u00e9 es disposa de tel\u00e8fons b\u00e0sics de sanitat o d&#8217;emerg\u00e8ncies. En tot cas, sempre que el vostre fill o filla pateixi una lesi\u00f3, el centre educatiu es posar\u00e0 en contacte amb [&hellip;]<\/p>\n","protected":false},"author":1,"featured_media":0,"parent":22,"menu_order":80,"comment_status":"closed","ping_status":"closed","template":"page-templates\/side-menu.php","meta":{"_bbp_topic_count":0,"_bbp_reply_count":0,"_bbp_total_topic_count":0,"_bbp_total_reply_count":0,"_bbp_voice_count":0,"_bbp_anonymous_reply_count":0,"_bbp_topic_count_hidden":0,"_bbp_reply_count_hidden":0,"_bbp_forum_subforum_count":0,"site-sidebar-layout":"default","site-content-layout":"","ast-site-content-layout":"default","site-content-style":"default","site-sidebar-style":"default","ast-global-header-display":"","ast-banner-title-visibility":"","ast-main-header-display":"","ast-hfb-above-header-display":"","ast-hfb-below-header-display":"","ast-hfb-mobile-header-display":"","site-post-title":"","ast-breadcrumbs-content":"","ast-featured-img":"","footer-sml-layout":"","theme-transparent-header-meta":"","adv-header-id-meta":"","stick-header-meta":"","header-above-stick-meta":"","header-main-stick-meta":"","header-below-stick-meta":"","astra-migrate-meta-layouts":"set","ast-page-background-enabled":"default","ast-page-background-meta":{"desktop":{"background-color":"var(--ast-global-color-4)","background-image":"","background-repeat":"repeat","background-position":"center center","background-size":"auto","background-attachment":"scroll","background-type":"","background-media":"","overlay-type":"","overlay-color":"","overlay-opacity":"","overlay-gradient":""},"tablet":{"background-color":"","background-image":"","background-repeat":"repeat","background-position":"center center","background-size":"auto","background-attachment":"scroll","background-type":"","background-media":"","overlay-type":"","overlay-color":"","overlay-opacity":"","overlay-gradient":""},"mobile":{"background-color":"","background-image":"","background-repeat":"repeat","background-position":"center center","background-size":"auto","background-attachment":"scroll","background-type":"","background-media":"","overlay-type":"","overlay-color":"","overlay-opacity":"","overlay-gradient":""}},"ast-content-background-meta":{"desktop":{"background-color":"var(--ast-global-color-5)","background-image":"","background-repeat":"repeat","background-position":"center center","background-size":"auto","background-attachment":"scroll","background-type":"","background-media":"","overlay-type":"","overlay-color":"","overlay-opacity":"","overlay-gradient":""},"tablet":{"background-color":"var(--ast-global-color-5)","background-image":"","background-repeat":"repeat","background-position":"center center","background-size":"auto","background-attachment":"scroll","background-type":"","background-media":"","overlay-type":"","overlay-color":"","overlay-opacity":"","overlay-gradient":""},"mobile":{"background-color":"var(--ast-global-color-5)","background-image":"","background-repeat":"repeat","background-position":"center center","background-size":"auto","background-attachment":"scroll","background-type":"","background-media":"","overlay-type":"","overlay-color":"","overlay-opacity":"","overlay-gradient":""}},"footnotes":""},"class_list":["post-38","page","type-page","status-publish","hentry"],"post_mailing_queue_ids":[],"_links":{"self":[{"href":"https:\/\/agora.xtec.cat\/ceipcalderon\/wp-json\/wp\/v2\/pages\/38","targetHints":{"allow":["GET"]}}],"collection":[{"href":"https:\/\/agora.xtec.cat\/ceipcalderon\/wp-json\/wp\/v2\/pages"}],"about":[{"href":"https:\/\/agora.xtec.cat\/ceipcalderon\/wp-json\/wp\/v2\/types\/page"}],"author":[{"embeddable":true,"href":"https:\/\/agora.xtec.cat\/ceipcalderon\/wp-json\/wp\/v2\/users\/1"}],"replies":[{"embeddable":true,"href":"https:\/\/agora.xtec.cat\/ceipcalderon\/wp-json\/wp\/v2\/comments?post=38"}],"version-history":[{"count":5,"href":"https:\/\/agora.xtec.cat\/ceipcalderon\/wp-json\/wp\/v2\/pages\/38\/revisions"}],"predecessor-version":[{"id":12856,"href":"https:\/\/agora.xtec.cat\/ceipcalderon\/wp-json\/wp\/v2\/pages\/38\/revisions\/12856"}],"up":[{"embeddable":true,"href":"https:\/\/agora.xtec.cat\/ceipcalderon\/wp-json\/wp\/v2\/pages\/22"}],"wp:attachment":[{"href":"https:\/\/agora.xtec.cat\/ceipcalderon\/wp-json\/wp\/v2\/media?parent=38"}],"curies":[{"name":"wp","href":"https:\/\/api.w.org\/{rel}","templated":true}]}}