{"id":370,"date":"2016-11-14T14:03:00","date_gmt":"2016-11-14T13:03:00","guid":{"rendered":"http:\/\/agora.xtec.cat\/ceipcalderon\/?page_id=370"},"modified":"2026-01-22T11:17:36","modified_gmt":"2026-01-22T10:17:36","slug":"organitzacio-i-normes","status":"publish","type":"page","link":"https:\/\/agora.xtec.cat\/ceipcalderon\/lescola\/organitzacio-i-normes\/","title":{"rendered":"Organitzaci\u00f3 i normes"},"content":{"rendered":"\n<p>L&#8217;organitzaci\u00f3 i les normes de la nostra escola s\u00f3n reconegudes per tota la comunitat educativa i es passen a totes les fam\u00edlies de l&#8217;escola cada principi de curs.<\/p>\n\n\n\n<p><span style=\"color: #008000;\"><strong>Horari d\u2019entrades i sortides del centre<\/strong><\/span><\/p>\n\n\n\n<p>L\u2019escola obrir\u00e0 les dues portes a les 9h i les tancar\u00e0 a les 9.10h .<\/p>\n\n\n\n<p>En cas que l\u2019alumnat arribi amb retard o hagi de marxar abans d\u2019hora, cal informar-ho a partir de Dinantia i, en cas de ser necessari, per qualsevol altra via oficial (Agenda, tel\u00e8fon del centre,&#8230;).<\/p>\n\n\n\n<ul class=\"wp-block-list\">\n<li>Si acompanyeu els infants perqu\u00e8 arriben m\u00e9s tard o els heu de recollir abans de l\u2019hora habitual, us heu de dirigir al conserge, que avisar\u00e0 el professorat corresponent.<\/li>\n\n\n\n<li>Hi ha un servei d\u2019acollida de pagament a les 8h i a les 16.30h organitzat per l\u2019AFA.<\/li>\n<\/ul>\n\n\n\n<p><span style=\"color: #008000;\"><strong>Assist\u00e8ncia<\/strong><\/span><\/p>\n\n\n\n<p>\u00c9s obligat\u00f2ria i se&#8217;n portar\u00e0 control. Cal notificar les abs\u00e8ncies per Dinantia, telef\u00f2nicament o mitjan\u00e7ant l\u2019agenda, explicant-ne el motiu.<\/p>\n\n\n\n<p><span style=\"color: #008000;\"><strong>Acompanyament i recollida<\/strong><\/span><\/p>\n\n\n\n<p>Educaci\u00f3 Infantil (I3, I4 i I5): es podr\u00e0 deixar l\u2019alumnat a les classes.<\/p>\n\n\n\n<p>Educaci\u00f3 Prim\u00e0ria: l\u2019alumnat puja acompanyat d&#8217;un mestre.<\/p>\n\n\n\n<p>La porta s\u2019obrir\u00e0 a les 16:25h.<\/p>\n\n\n\n<p>A partir de les 16.30h comencen les activitats extraescolars.<\/p>\n\n\n\n<p>L\u2019alumnat que no realitza cap activitat extraescolar no es pot quedar al centre.<\/p>\n\n\n\n<p><strong>En el cas que no pugueu recollir puntualment els infants, es quedaran al servei d\u2019acollida i aquest servei es cobrar\u00e0.<\/strong><\/p>\n\n\n\n<p><span style=\"color: #008000;\"><strong>Indicacions que cal tenir en compte<\/strong><\/span><\/p>\n\n\n\n<p><a href=\"https:\/\/agora.xtec.cat\/ceipcalderon\/lescola\/salut\/\"><span style=\"color: #000000;\"><strong>Medicaments<\/strong>:<\/span><\/a> No se\u2019ns permet donar medicaments sense la recepta m\u00e8dica i autoritzaci\u00f3.<\/p>\n\n\n\n<p>Cap infant pot assistir a classe amb febre. En cas que en tingui, s\u2019avisar\u00e0 la fam\u00edlia per tal que el passi a recollir.<\/p>\n\n\n\n<p><strong>Educaci\u00f3 F\u00edsica<\/strong>: \u00c9s obligatori portar xandall i cal\u00e7at esportiu. Els nens i les nenes d&#8217;educaci\u00f3 infantil per fer psicomotricitat han de portar uns mitjons una mica gruixuts, amb el nom posat, que es quedaran a l\u2019escola.<\/p>\n\n\n\n<p>L\u2019alumnat de C.G. ha de portar una bossa amb una samarreta i una tovallola petita.<\/p>\n\n\n\n<p><strong>Pl\u00e0stica<\/strong>: Tot l\u2019alumnat de l\u2019escola ha de portar una bata o samarreta vella per no embrutar-se.<\/p>\n\n\n\n<p><strong>Aniversaris:<\/strong> Per celebrar els aniversaris <strong>no es poden portar llaminadures<\/strong> i es recomana portar pa de pessic, galetes assortides o magdalenes, fruita&#8230;<\/p>\n\n\n\n<p>No es permet, a les aules ni al recinte escolar, repartir invitacions a festes d\u2019aniversari, llevat que es convidi tot el grup classe.<\/p>\n\n\n\n<p><strong>Joguines<\/strong>: Recomanem que l\u2019alumnat d\u2019educaci\u00f3 infantil no porti joguines de casa.<\/p>\n\n\n\n<p><strong>Esmorzars:<\/strong> L&#8217;alumnat haur\u00e0 de portar esmorzars que siguin adients al pla de salut, per exemple, fruita o petits entrepans (evitant la xocolata).<\/p>\n\n\n\n<p><span style=\"color: #008000;\"><strong>Altres<\/strong><\/span><\/p>\n\n\n\n<p>Cap infant pot portar jocs electr\u00f2nics, aparells de m\u00fasica, <strong>tel\u00e8fons m\u00f2bils*<\/strong>, begudes, pastes, esmorzars envasats, diners\u2026<\/p>\n\n\n\n<p>*Pel que fa als m\u00f2bils, farem una excepci\u00f3 amb l\u2019alumnat (a partir de 5\u00e8), la fam\u00edlia del qual ho justifiqui degudament. Ser\u00e0 imprescindible deixar-lo desconnectat al despatx quan s\u2019arribi al centre i recollir-lo just abans de marxar.<\/p>\n","protected":false},"excerpt":{"rendered":"<p>L&#8217;organitzaci\u00f3 i les normes de la nostra escola s\u00f3n reconegudes per tota la comunitat educativa i es passen a totes les fam\u00edlies de l&#8217;escola cada principi de curs. Horari d\u2019entrades i sortides del centre L\u2019escola obrir\u00e0 les dues portes a les 9h i les tancar\u00e0 a les 9.10h . En cas que l\u2019alumnat arribi amb [&hellip;]<\/p>\n","protected":false},"author":1,"featured_media":0,"parent":22,"menu_order":55,"comment_status":"closed","ping_status":"closed","template":"","meta":{"_bbp_topic_count":0,"_bbp_reply_count":0,"_bbp_total_topic_count":0,"_bbp_total_reply_count":0,"_bbp_voice_count":0,"_bbp_anonymous_reply_count":0,"_bbp_topic_count_hidden":0,"_bbp_reply_count_hidden":0,"_bbp_forum_subforum_count":0,"site-sidebar-layout":"default","site-content-layout":"","ast-site-content-layout":"default","site-content-style":"default","site-sidebar-style":"default","ast-global-header-display":"","ast-banner-title-visibility":"","ast-main-header-display":"","ast-hfb-above-header-display":"","ast-hfb-below-header-display":"","ast-hfb-mobile-header-display":"","site-post-title":"","ast-breadcrumbs-content":"","ast-featured-img":"","footer-sml-layout":"","theme-transparent-header-meta":"default","adv-header-id-meta":"","stick-header-meta":"","header-above-stick-meta":"","header-main-stick-meta":"","header-below-stick-meta":"","astra-migrate-meta-layouts":"set","ast-page-background-enabled":"default","ast-page-background-meta":{"desktop":{"background-color":"var(--ast-global-color-4)","background-image":"","background-repeat":"repeat","background-position":"center center","background-size":"auto","background-attachment":"scroll","background-type":"","background-media":"","overlay-type":"","overlay-color":"","overlay-opacity":"","overlay-gradient":""},"tablet":{"background-color":"","background-image":"","background-repeat":"repeat","background-position":"center center","background-size":"auto","background-attachment":"scroll","background-type":"","background-media":"","overlay-type":"","overlay-color":"","overlay-opacity":"","overlay-gradient":""},"mobile":{"background-color":"","background-image":"","background-repeat":"repeat","background-position":"center center","background-size":"auto","background-attachment":"scroll","background-type":"","background-media":"","overlay-type":"","overlay-color":"","overlay-opacity":"","overlay-gradient":""}},"ast-content-background-meta":{"desktop":{"background-color":"var(--ast-global-color-5)","background-image":"","background-repeat":"repeat","background-position":"center center","background-size":"auto","background-attachment":"scroll","background-type":"","background-media":"","overlay-type":"","overlay-color":"","overlay-opacity":"","overlay-gradient":""},"tablet":{"background-color":"var(--ast-global-color-5)","background-image":"","background-repeat":"repeat","background-position":"center center","background-size":"auto","background-attachment":"scroll","background-type":"","background-media":"","overlay-type":"","overlay-color":"","overlay-opacity":"","overlay-gradient":""},"mobile":{"background-color":"var(--ast-global-color-5)","background-image":"","background-repeat":"repeat","background-position":"center center","background-size":"auto","background-attachment":"scroll","background-type":"","background-media":"","overlay-type":"","overlay-color":"","overlay-opacity":"","overlay-gradient":""}},"footnotes":""},"class_list":["post-370","page","type-page","status-publish","hentry"],"post_mailing_queue_ids":[],"_links":{"self":[{"href":"https:\/\/agora.xtec.cat\/ceipcalderon\/wp-json\/wp\/v2\/pages\/370","targetHints":{"allow":["GET"]}}],"collection":[{"href":"https:\/\/agora.xtec.cat\/ceipcalderon\/wp-json\/wp\/v2\/pages"}],"about":[{"href":"https:\/\/agora.xtec.cat\/ceipcalderon\/wp-json\/wp\/v2\/types\/page"}],"author":[{"embeddable":true,"href":"https:\/\/agora.xtec.cat\/ceipcalderon\/wp-json\/wp\/v2\/users\/1"}],"replies":[{"embeddable":true,"href":"https:\/\/agora.xtec.cat\/ceipcalderon\/wp-json\/wp\/v2\/comments?post=370"}],"version-history":[{"count":6,"href":"https:\/\/agora.xtec.cat\/ceipcalderon\/wp-json\/wp\/v2\/pages\/370\/revisions"}],"predecessor-version":[{"id":13053,"href":"https:\/\/agora.xtec.cat\/ceipcalderon\/wp-json\/wp\/v2\/pages\/370\/revisions\/13053"}],"up":[{"embeddable":true,"href":"https:\/\/agora.xtec.cat\/ceipcalderon\/wp-json\/wp\/v2\/pages\/22"}],"wp:attachment":[{"href":"https:\/\/agora.xtec.cat\/ceipcalderon\/wp-json\/wp\/v2\/media?parent=370"}],"curies":[{"name":"wp","href":"https:\/\/api.w.org\/{rel}","templated":true}]}}