{"id":352,"date":"2016-11-07T14:11:30","date_gmt":"2016-11-07T13:11:30","guid":{"rendered":"http:\/\/agora.xtec.cat\/ceipcalderon\/?page_id=352"},"modified":"2017-05-31T12:23:36","modified_gmt":"2017-05-31T10:23:36","slug":"natacio-dins-lhorari-escolar-a-1r-i-5e","status":"publish","type":"page","link":"https:\/\/agora.xtec.cat\/ceipcalderon\/que-fem\/natacio-dins-lhorari-escolar-a-1r-i-5e\/","title":{"rendered":"Nataci\u00f3 dins l&#8217;horari escolar a 1r i 6\u00e8"},"content":{"rendered":"<p style=\"text-align: center;\">\u00a0<a href=\"http:\/\/agora.xtec.cat\/ceipcalderon\/wp-content\/uploads\/usu834\/2016\/11\/natacio.png\"><img loading=\"lazy\" decoding=\"async\" class=\"alignnone wp-image-413\" src=\"http:\/\/agora.xtec.cat\/ceipcalderon\/wp-content\/uploads\/usu834\/2016\/11\/natacio.png\" alt=\"natacio\" width=\"192\" height=\"123\" srcset=\"https:\/\/agora.xtec.cat\/ceipcalderon\/wp-content\/uploads\/usu834\/2016\/11\/natacio.png 374w, https:\/\/agora.xtec.cat\/ceipcalderon\/wp-content\/uploads\/usu834\/2016\/11\/natacio-300x192.png 300w\" sizes=\"auto, (max-width: 192px) 100vw, 192px\" \/><\/a><\/p>\n<p><strong>Nedar \u00e9s un dels esports m\u00e9s complets que existeixen. <\/strong>I a\u00a0la nostra escola els nens i nenes de 1r i els de 6\u00e8 fan l&#8217;activitat de nataci\u00f3 dins l&#8217;horari lectiu (gratu\u00efta per a les fam\u00edlies), dins del programa &#8220;Jo nedo&#8221; promogut per la Direcci\u00f3 de Promoci\u00f3 esportiva de l&#8217;Ajuntament de Barcelona.<\/p>\n<p>L&#8217;activitat la portem a terme un cop per setmana a les instal\u00b7lacions de les piscines Cotxeres Borb\u00f3, on un grup de monitors i monitores especialitzats ensenyen a nedar i a gaudir de l&#8217;aigua.<\/p>\n<p>Els despla\u00e7aments fins a la piscina els fem amb els\/les mestres i pares i mares col\u00b7laborador@s.<\/p>\n<p>Nota: Fins al curs 16-17 la nataci\u00f3 a Cicle Superior es feia a 5\u00e8. Com a novetat del curs 17-18, la nataci\u00f3 passa a fer-se a 6\u00e8.<\/p>\n<p><strong>Qu\u00e8 cal dur:<\/strong><\/p>\n<ul>\n<li>banyador<\/li>\n<li>tovallola<\/li>\n<li>xancletes<\/li>\n<li>barret de bany<\/li>\n<li>ulleres de nataci\u00f3 (opcional)<\/li>\n<li>Una motxilla on posar tot el material detallat anteriorment<\/li>\n<li>Gorro de llana (pels dies de m\u00e9s fred a l&#8217;hivern)<\/li>\n<\/ul>\n<p>&nbsp;<\/p>\n<ul>\n<li>I recordeu, cal que la roba que els infants portin aquell dia ha de ser de ser f\u00e0cil de treure i posar, i marcada amb el seu nom.<\/li>\n<\/ul>\n<p><img loading=\"lazy\" decoding=\"async\" class=\"alignnone wp-image-411\" src=\"http:\/\/agora.xtec.cat\/ceipcalderon\/wp-content\/uploads\/usu834\/2016\/11\/nena-natacio.jpg\" alt=\"nena-natacio\" width=\"150\" height=\"150\" srcset=\"https:\/\/agora.xtec.cat\/ceipcalderon\/wp-content\/uploads\/usu834\/2016\/11\/nena-natacio.jpg 800w, https:\/\/agora.xtec.cat\/ceipcalderon\/wp-content\/uploads\/usu834\/2016\/11\/nena-natacio-150x150.jpg 150w, https:\/\/agora.xtec.cat\/ceipcalderon\/wp-content\/uploads\/usu834\/2016\/11\/nena-natacio-300x300.jpg 300w, https:\/\/agora.xtec.cat\/ceipcalderon\/wp-content\/uploads\/usu834\/2016\/11\/nena-natacio-768x768.jpg 768w\" sizes=\"auto, (max-width: 150px) 100vw, 150px\" \/><img loading=\"lazy\" decoding=\"async\" class=\"alignnone wp-image-410\" src=\"http:\/\/agora.xtec.cat\/ceipcalderon\/wp-content\/uploads\/usu834\/2016\/11\/nen-natacio.jpg\" alt=\"nen-natacio\" width=\"155\" height=\"155\" srcset=\"https:\/\/agora.xtec.cat\/ceipcalderon\/wp-content\/uploads\/usu834\/2016\/11\/nen-natacio.jpg 800w, https:\/\/agora.xtec.cat\/ceipcalderon\/wp-content\/uploads\/usu834\/2016\/11\/nen-natacio-150x150.jpg 150w, https:\/\/agora.xtec.cat\/ceipcalderon\/wp-content\/uploads\/usu834\/2016\/11\/nen-natacio-300x300.jpg 300w, https:\/\/agora.xtec.cat\/ceipcalderon\/wp-content\/uploads\/usu834\/2016\/11\/nen-natacio-768x768.jpg 768w\" sizes=\"auto, (max-width: 155px) 100vw, 155px\" \/><\/p>\n<p>&nbsp;<\/p>\n<h5 id=\"page-title\" class=\"title\">Per qu\u00e8 \u00e9s important que els nens practiquin la nataci\u00f3?:<\/h5>\n<p><a href=\"http:\/\/faros.hsjdbcn.org\/ca\/articulo\/important-nens-practiquin-natacio\">http:\/\/faros.hsjdbcn.org\/ca\/articulo\/important-nens-practiquin-natacio<\/a><\/p>\n","protected":false},"excerpt":{"rendered":"<p>\u00a0 Nedar \u00e9s un dels esports m\u00e9s complets que existeixen. I a\u00a0la nostra escola els nens i nenes de 1r i els de 6\u00e8 fan l&#8217;activitat de nataci\u00f3 dins l&#8217;horari lectiu (gratu\u00efta per a les fam\u00edlies), dins del programa &#8220;Jo nedo&#8221; promogut per la Direcci\u00f3 de Promoci\u00f3 esportiva de l&#8217;Ajuntament de Barcelona. L&#8217;activitat la portem [&hellip;]<\/p>\n","protected":false},"author":1,"featured_media":0,"parent":289,"menu_order":0,"comment_status":"closed","ping_status":"closed","template":"page-templates\/side-menu.php","meta":{"_bbp_topic_count":0,"_bbp_reply_count":0,"_bbp_total_topic_count":0,"_bbp_total_reply_count":0,"_bbp_voice_count":0,"_bbp_anonymous_reply_count":0,"_bbp_topic_count_hidden":0,"_bbp_reply_count_hidden":0,"_bbp_forum_subforum_count":0,"site-sidebar-layout":"default","site-content-layout":"","ast-site-content-layout":"","site-content-style":"default","site-sidebar-style":"default","ast-global-header-display":"","ast-banner-title-visibility":"","ast-main-header-display":"","ast-hfb-above-header-display":"","ast-hfb-below-header-display":"","ast-hfb-mobile-header-display":"","site-post-title":"","ast-breadcrumbs-content":"","ast-featured-img":"","footer-sml-layout":"","theme-transparent-header-meta":"","adv-header-id-meta":"","stick-header-meta":"","header-above-stick-meta":"","header-main-stick-meta":"","header-below-stick-meta":"","astra-migrate-meta-layouts":"default","ast-page-background-enabled":"default","ast-page-background-meta":{"desktop":{"background-color":"var(--ast-global-color-4)","background-image":"","background-repeat":"repeat","background-position":"center center","background-size":"auto","background-attachment":"scroll","background-type":"","background-media":"","overlay-type":"","overlay-color":"","overlay-opacity":"","overlay-gradient":""},"tablet":{"background-color":"","background-image":"","background-repeat":"repeat","background-position":"center center","background-size":"auto","background-attachment":"scroll","background-type":"","background-media":"","overlay-type":"","overlay-color":"","overlay-opacity":"","overlay-gradient":""},"mobile":{"background-color":"","background-image":"","background-repeat":"repeat","background-position":"center center","background-size":"auto","background-attachment":"scroll","background-type":"","background-media":"","overlay-type":"","overlay-color":"","overlay-opacity":"","overlay-gradient":""}},"ast-content-background-meta":{"desktop":{"background-color":"var(--ast-global-color-5)","background-image":"","background-repeat":"repeat","background-position":"center center","background-size":"auto","background-attachment":"scroll","background-type":"","background-media":"","overlay-type":"","overlay-color":"","overlay-opacity":"","overlay-gradient":""},"tablet":{"background-color":"var(--ast-global-color-5)","background-image":"","background-repeat":"repeat","background-position":"center center","background-size":"auto","background-attachment":"scroll","background-type":"","background-media":"","overlay-type":"","overlay-color":"","overlay-opacity":"","overlay-gradient":""},"mobile":{"background-color":"var(--ast-global-color-5)","background-image":"","background-repeat":"repeat","background-position":"center center","background-size":"auto","background-attachment":"scroll","background-type":"","background-media":"","overlay-type":"","overlay-color":"","overlay-opacity":"","overlay-gradient":""}},"footnotes":""},"class_list":["post-352","page","type-page","status-publish","hentry"],"post_mailing_queue_ids":[],"_links":{"self":[{"href":"https:\/\/agora.xtec.cat\/ceipcalderon\/wp-json\/wp\/v2\/pages\/352","targetHints":{"allow":["GET"]}}],"collection":[{"href":"https:\/\/agora.xtec.cat\/ceipcalderon\/wp-json\/wp\/v2\/pages"}],"about":[{"href":"https:\/\/agora.xtec.cat\/ceipcalderon\/wp-json\/wp\/v2\/types\/page"}],"author":[{"embeddable":true,"href":"https:\/\/agora.xtec.cat\/ceipcalderon\/wp-json\/wp\/v2\/users\/1"}],"replies":[{"embeddable":true,"href":"https:\/\/agora.xtec.cat\/ceipcalderon\/wp-json\/wp\/v2\/comments?post=352"}],"version-history":[{"count":4,"href":"https:\/\/agora.xtec.cat\/ceipcalderon\/wp-json\/wp\/v2\/pages\/352\/revisions"}],"predecessor-version":[{"id":1095,"href":"https:\/\/agora.xtec.cat\/ceipcalderon\/wp-json\/wp\/v2\/pages\/352\/revisions\/1095"}],"up":[{"embeddable":true,"href":"https:\/\/agora.xtec.cat\/ceipcalderon\/wp-json\/wp\/v2\/pages\/289"}],"wp:attachment":[{"href":"https:\/\/agora.xtec.cat\/ceipcalderon\/wp-json\/wp\/v2\/media?parent=352"}],"curies":[{"name":"wp","href":"https:\/\/api.w.org\/{rel}","templated":true}]}}