{"id":34,"date":"2014-09-18T12:32:18","date_gmt":"2014-09-18T11:32:18","guid":{"rendered":"http:\/\/agora.xtec.cat\/ceipcalderon\/?page_id=34"},"modified":"2026-02-12T12:52:25","modified_gmt":"2026-02-12T11:52:25","slug":"beques-i-pagaments-escolars","status":"publish","type":"page","link":"https:\/\/agora.xtec.cat\/ceipcalderon\/lescola\/beques-i-pagaments-escolars\/","title":{"rendered":"Pagaments escolars i Ajuts"},"content":{"rendered":"\n<h3 class=\"wp-block-heading has-ast-global-color-0-color has-text-color has-link-color wp-elements-d1571e9b1b6717ac0b8684d2f9de8528\">Pagaments de material, sortides i col\u00f2nies (2n, 4t i 6\u00e8)<\/h3>\n\n\n\n<p>El centre realitza un cobrament anual de, aproximadament, 125\u20ac. Aix\u00f2 inclou tot el material, les excursions i l&#8217;agenda.<\/p>\n\n\n\n<p>D&#8217;altra banda, es realitza un cobrament a l&#8217;alumnat que assisteixi a les col\u00f2nies (2n, 4t i 6\u00e8) i que pot variar cada any segons el lloc i moment. Els cursos de 2n i 4t s\u00f3n d&#8217;1 nit i, en canvi, 6\u00e8 \u00e9s de 2 nits. El pagament s&#8217;efectua mitjan\u00e7ant l&#8217;app &#8220;Dinantia&#8221; (tamb\u00e9 pot pagar-se amb targeta en la secretaria del centre).<\/p>\n\n\n\n<h3 class=\"wp-block-heading has-ast-global-color-0-color has-text-color has-link-color wp-elements-5aa3c8b15220ce7894074ae10f52a6ac\">Ajuts per a alumnes amb necessitat espec\u00edfica de suport educatiu<\/h3>\n\n\n\n<p class=\"has-text-align-left\">Ajuts individualitzats convocats pel Ministeri d&#8217;Educaci\u00f3, Formaci\u00f3 Professional i Esports.<\/p>\n\n\n\n<div class=\"wp-block-media-text is-stacked-on-mobile\"><figure class=\"wp-block-media-text__media\"><a href=\"https:\/\/tramits.gencat.cat\/ca\/tramits\/tramits-temes\/ajuts-nee\"><img loading=\"lazy\" decoding=\"async\" width=\"703\" height=\"420\" src=\"https:\/\/agora.xtec.cat\/ceipcalderon\/wp-content\/uploads\/usu834\/2026\/02\/Captura-2.png\" alt=\"\" class=\"wp-image-13210 size-full\" srcset=\"https:\/\/agora.xtec.cat\/ceipcalderon\/wp-content\/uploads\/usu834\/2026\/02\/Captura-2.png 703w, https:\/\/agora.xtec.cat\/ceipcalderon\/wp-content\/uploads\/usu834\/2026\/02\/Captura-2-300x179.png 300w\" sizes=\"auto, (max-width: 703px) 100vw, 703px\" \/><\/a><\/figure><div class=\"wp-block-media-text__content\">\n<p>Modalitats dels ajuts:&nbsp;<\/p>\n\n\n\n<p class=\"has-text-align-left\">1- Ajuts i subsidi per a programes complementaris a alumnes amb necessitat espec\u00edfica de suport educatiu associada a altes capacitats.<\/p>\n\n\n\n<p>2- Ajuts i subsidis per a alumnes amb necessitat espec\u00edfica de suport educatiu derivada de discapacitat o trastorn greu de conducta o trastorn de la comunicaci\u00f3 i el llenguatge o trastorn de l&#8217;espectre autista.<\/p>\n<\/div><\/div>\n","protected":false},"excerpt":{"rendered":"<p>Pagaments de material, sortides i col\u00f2nies (2n, 4t i 6\u00e8) El centre realitza un cobrament anual de, aproximadament, 125\u20ac. Aix\u00f2 inclou tot el material, les excursions i l&#8217;agenda. D&#8217;altra banda, es realitza un cobrament a l&#8217;alumnat que assisteixi a les col\u00f2nies (2n, 4t i 6\u00e8) i que pot variar cada any segons el lloc i [&hellip;]<\/p>\n","protected":false},"author":1,"featured_media":0,"parent":22,"menu_order":60,"comment_status":"closed","ping_status":"closed","template":"page-templates\/side-menu.php","meta":{"_bbp_topic_count":0,"_bbp_reply_count":0,"_bbp_total_topic_count":0,"_bbp_total_reply_count":0,"_bbp_voice_count":0,"_bbp_anonymous_reply_count":0,"_bbp_topic_count_hidden":0,"_bbp_reply_count_hidden":0,"_bbp_forum_subforum_count":0,"site-sidebar-layout":"default","site-content-layout":"","ast-site-content-layout":"default","site-content-style":"default","site-sidebar-style":"default","ast-global-header-display":"","ast-banner-title-visibility":"","ast-main-header-display":"","ast-hfb-above-header-display":"","ast-hfb-below-header-display":"","ast-hfb-mobile-header-display":"","site-post-title":"","ast-breadcrumbs-content":"","ast-featured-img":"","footer-sml-layout":"","theme-transparent-header-meta":"","adv-header-id-meta":"","stick-header-meta":"","header-above-stick-meta":"","header-main-stick-meta":"","header-below-stick-meta":"","astra-migrate-meta-layouts":"set","ast-page-background-enabled":"default","ast-page-background-meta":{"desktop":{"background-color":"var(--ast-global-color-4)","background-image":"","background-repeat":"repeat","background-position":"center center","background-size":"auto","background-attachment":"scroll","background-type":"","background-media":"","overlay-type":"","overlay-color":"","overlay-opacity":"","overlay-gradient":""},"tablet":{"background-color":"","background-image":"","background-repeat":"repeat","background-position":"center center","background-size":"auto","background-attachment":"scroll","background-type":"","background-media":"","overlay-type":"","overlay-color":"","overlay-opacity":"","overlay-gradient":""},"mobile":{"background-color":"","background-image":"","background-repeat":"repeat","background-position":"center center","background-size":"auto","background-attachment":"scroll","background-type":"","background-media":"","overlay-type":"","overlay-color":"","overlay-opacity":"","overlay-gradient":""}},"ast-content-background-meta":{"desktop":{"background-color":"var(--ast-global-color-5)","background-image":"","background-repeat":"repeat","background-position":"center center","background-size":"auto","background-attachment":"scroll","background-type":"","background-media":"","overlay-type":"","overlay-color":"","overlay-opacity":"","overlay-gradient":""},"tablet":{"background-color":"var(--ast-global-color-5)","background-image":"","background-repeat":"repeat","background-position":"center center","background-size":"auto","background-attachment":"scroll","background-type":"","background-media":"","overlay-type":"","overlay-color":"","overlay-opacity":"","overlay-gradient":""},"mobile":{"background-color":"var(--ast-global-color-5)","background-image":"","background-repeat":"repeat","background-position":"center center","background-size":"auto","background-attachment":"scroll","background-type":"","background-media":"","overlay-type":"","overlay-color":"","overlay-opacity":"","overlay-gradient":""}},"footnotes":""},"class_list":["post-34","page","type-page","status-publish","hentry"],"post_mailing_queue_ids":[],"_links":{"self":[{"href":"https:\/\/agora.xtec.cat\/ceipcalderon\/wp-json\/wp\/v2\/pages\/34","targetHints":{"allow":["GET"]}}],"collection":[{"href":"https:\/\/agora.xtec.cat\/ceipcalderon\/wp-json\/wp\/v2\/pages"}],"about":[{"href":"https:\/\/agora.xtec.cat\/ceipcalderon\/wp-json\/wp\/v2\/types\/page"}],"author":[{"embeddable":true,"href":"https:\/\/agora.xtec.cat\/ceipcalderon\/wp-json\/wp\/v2\/users\/1"}],"replies":[{"embeddable":true,"href":"https:\/\/agora.xtec.cat\/ceipcalderon\/wp-json\/wp\/v2\/comments?post=34"}],"version-history":[{"count":6,"href":"https:\/\/agora.xtec.cat\/ceipcalderon\/wp-json\/wp\/v2\/pages\/34\/revisions"}],"predecessor-version":[{"id":13211,"href":"https:\/\/agora.xtec.cat\/ceipcalderon\/wp-json\/wp\/v2\/pages\/34\/revisions\/13211"}],"up":[{"embeddable":true,"href":"https:\/\/agora.xtec.cat\/ceipcalderon\/wp-json\/wp\/v2\/pages\/22"}],"wp:attachment":[{"href":"https:\/\/agora.xtec.cat\/ceipcalderon\/wp-json\/wp\/v2\/media?parent=34"}],"curies":[{"name":"wp","href":"https:\/\/api.w.org\/{rel}","templated":true}]}}