{"id":325,"date":"2016-11-07T13:37:39","date_gmt":"2016-11-07T12:37:39","guid":{"rendered":"http:\/\/agora.xtec.cat\/ceipcalderon\/?page_id=325"},"modified":"2020-01-09T15:03:28","modified_gmt":"2020-01-09T14:03:28","slug":"objectius-educacio-infantil","status":"publish","type":"page","link":"https:\/\/agora.xtec.cat\/ceipcalderon\/projecte-educatiu\/objectius-educacio-infantil\/","title":{"rendered":"Objectius Educaci\u00f3 Infantil"},"content":{"rendered":"<h4><span style=\"color: #ff6600;\">OBJECTIUS GENERALS DE L\u2019EDUCACI\u00d3 INFANTIL<\/span><\/h4>\n<p>&nbsp;<\/p>\n<p>La finalitat de l\u2019educaci\u00f3 infantil \u00e9s <strong>contribuir al desenvolupament global de les nenes i els nens<\/strong> fent especial incid\u00e8ncia en les deu capacitats seg\u00fcents:<\/p>\n<ul style=\"list-style-type: square;\">\n<li>Identificar-se com a persona tot sentint <strong>seguretat<\/strong> i <strong>benestar emocional<\/strong>, <strong>coneixent el propi cos<\/strong>, les seves <strong>necessitats<\/strong> i <strong>possibilitats<\/strong>, els <strong>h\u00e0bits de salut<\/strong>, i <strong>guanyar confian\u00e7a<\/strong> en la <strong>regulaci\u00f3 d&#8217;un mateix<\/strong>.<\/li>\n<\/ul>\n<ul style=\"list-style-type: square;\">\n<li><strong>Ser i actuar<\/strong> d&#8217;una manera cada vegada m\u00e9s aut\u00f2noma, resolent situacions quotidianes amb <strong>actitud positiva i superant les dificultats.<\/strong><\/li>\n<\/ul>\n<ul style=\"list-style-type: square;\">\n<li><strong>Sentir que pertany a grups socials diversos<\/strong>, participant-hi activament i utilitzant els h\u00e0bits, actituds, rutines i normes pr\u00f2pies.<\/li>\n<\/ul>\n<ul style=\"list-style-type: square;\">\n<li><strong>Aprendre amb i a trav\u00e9s dels altres<\/strong>, gaudir de la relaci\u00f3 i integrar-se en el grup tot establint relacions afectives positives amb actituds d&#8217;empatia i col\u00b7laboraci\u00f3 i intentant resoldre conflictes de manera pac\u00edfica.<\/li>\n<\/ul>\n<ul style=\"list-style-type: square;\">\n<li><strong>Observar i experimentar en l&#8217;entorn proper amb curiositat i inter\u00e8s<\/strong>, interpretant-lo i fent-se preguntes que impulsin la comprensi\u00f3 del m\u00f3n natural, social, f\u00edsic i material.<\/li>\n<\/ul>\n<ul style=\"list-style-type: square;\">\n<li><strong>Con\u00e8ixer experi\u00e8ncies, hist\u00f2ries i s\u00edmbols de la cultura pr\u00f2pia del pa\u00eds<\/strong> i de la d&#8217;altres companys i companyes, generant actituds de confian\u00e7a i respecte per les difer\u00e8ncies i valorant les relacions socials i afectives que s&#8217;hi estableixin.<\/li>\n<\/ul>\n<ul style=\"list-style-type: square;\">\n<li><strong>Representar i evocar aspectes de la realitat viscuda<\/strong>, coneguda o imaginada i expressar-los mitjan\u00e7ant les possibilitats simb\u00f2liques que els ofereix el joc i altres formes de representaci\u00f3.<\/li>\n<\/ul>\n<ul style=\"list-style-type: square;\">\n<li><strong>Comprendre les intencions comunicatives d&#8217;altres infants i persones adultes<\/strong> i expressar-se mitjan\u00e7ant la paraula, el gest i el joc.<\/li>\n<\/ul>\n<ul style=\"list-style-type: square;\">\n<li><strong>Desenvolupar habilitats de comunicaci\u00f3, expressi\u00f3, comprensi\u00f3 i representaci\u00f3 per mitj\u00e0 dels llenguatges corporal, verbal, gr\u00e0fic, musical, audiovisual i pl\u00e0stic<\/strong>; iniciar el proc\u00e9s d&#8217;aprenentatge de la lectura i de l&#8217;escriptura, de les habilitats matem\u00e0tiques b\u00e0siques i de l&#8217;\u00fas de les tecnologies de la informaci\u00f3 i la comunicaci\u00f3.<\/li>\n<\/ul>\n<ul style=\"list-style-type: square;\">\n<li><strong>Aprendre i gaudir de l&#8217; aprenentatge, pensar i crear, q\u00fcestionar-se coses, fer-les ben fetes, plantejar i acceptar la cr\u00edtica i fer cr\u00e9ixer el coneixement d&#8217;una manera cada vegada m\u00e9s estructurada<\/strong>.<\/li>\n<\/ul>\n<h5><span style=\"color: #3366ff;\">Objectius m\u00e9s espec\u00edfics de la nostra escola:<\/span><\/h5>\n<ul>\n<li>Desenvolupar en les nenes i els nens la percepci\u00f3 i l\u2019expressi\u00f3 art\u00edstica, tant a nivell visual i pl\u00e0stic com musical.<\/li>\n<li>Familiaritzar tot\/es els alumnes amb les noves tecnologies i fomentar-ne l\u2019\u00fas dins el treball curricular.<\/li>\n<li>Ajudar a desenvolupar les compet\u00e8ncies comunicatives i fomentar l\u2019h\u00e0bit lector mitjan\u00e7ant la lectura di\u00e0ria i les biblioteques.<\/li>\n<li>Iniciar l\u2019aproximaci\u00f3 i l\u2019aprenentatge de la llengua estrangera des de 1r curs i aconseguir el projecte d\u2019innovaci\u00f3 presentat recentment.<\/li>\n<li>Plantejar l\u2019aprenentatge de les matem\u00e0tiques per a la vida di\u00e0ria fomentant-ne el pensament, el raonament i la resoluci\u00f3 de problemes i situacions.<\/li>\n<li>Reflexionar i vivenciar el desenvolupament d\u2019h\u00e0bits saludables i els efectes positius que comporta la realitzaci\u00f3 d\u2019activitat f\u00edsica.<\/li>\n<li>Aconseguir una formaci\u00f3 humana i ciutadana que suposi saber estar i gaudir de diferents situacions de la vida i una relaci\u00f3 positiva amb els altres.<\/li>\n<li>Establir i mantenir una relaci\u00f3 d\u2019estreta col\u00b7laboraci\u00f3 amb les fam\u00edlies i programar activitats que apropin els pares a l\u2019escola (portes obertes, exposicions, xerrades, escola de pares, delegats de classe, fam\u00edlies col\u00b7laboradores&#8230;).<\/li>\n<li>Fomentar les activitats extraescolars per gaudir del lleure i , per tant, col\u00b7laborar activament en les activitats que gestiona l\u2019AMPA.<\/li>\n<\/ul>\n<p>&nbsp;<\/p>\n<h6 style=\"text-align: center;\"><\/h6>\n","protected":false},"excerpt":{"rendered":"<p>OBJECTIUS GENERALS DE L\u2019EDUCACI\u00d3 INFANTIL &nbsp; La finalitat de l\u2019educaci\u00f3 infantil \u00e9s contribuir al desenvolupament global de les nenes i els nens fent especial incid\u00e8ncia en les deu capacitats seg\u00fcents: Identificar-se com a persona tot sentint seguretat i benestar emocional, coneixent el propi cos, les seves necessitats i possibilitats, els h\u00e0bits de salut, i guanyar [&hellip;]<\/p>\n","protected":false},"author":1,"featured_media":0,"parent":64,"menu_order":0,"comment_status":"closed","ping_status":"closed","template":"page-templates\/side-menu.php","meta":{"_bbp_topic_count":0,"_bbp_reply_count":0,"_bbp_total_topic_count":0,"_bbp_total_reply_count":0,"_bbp_voice_count":0,"_bbp_anonymous_reply_count":0,"_bbp_topic_count_hidden":0,"_bbp_reply_count_hidden":0,"_bbp_forum_subforum_count":0,"site-sidebar-layout":"default","site-content-layout":"","ast-site-content-layout":"","site-content-style":"default","site-sidebar-style":"default","ast-global-header-display":"","ast-banner-title-visibility":"","ast-main-header-display":"","ast-hfb-above-header-display":"","ast-hfb-below-header-display":"","ast-hfb-mobile-header-display":"","site-post-title":"","ast-breadcrumbs-content":"","ast-featured-img":"","footer-sml-layout":"","theme-transparent-header-meta":"","adv-header-id-meta":"","stick-header-meta":"","header-above-stick-meta":"","header-main-stick-meta":"","header-below-stick-meta":"","astra-migrate-meta-layouts":"default","ast-page-background-enabled":"default","ast-page-background-meta":{"desktop":{"background-color":"var(--ast-global-color-4)","background-image":"","background-repeat":"repeat","background-position":"center center","background-size":"auto","background-attachment":"scroll","background-type":"","background-media":"","overlay-type":"","overlay-color":"","overlay-opacity":"","overlay-gradient":""},"tablet":{"background-color":"","background-image":"","background-repeat":"repeat","background-position":"center center","background-size":"auto","background-attachment":"scroll","background-type":"","background-media":"","overlay-type":"","overlay-color":"","overlay-opacity":"","overlay-gradient":""},"mobile":{"background-color":"","background-image":"","background-repeat":"repeat","background-position":"center center","background-size":"auto","background-attachment":"scroll","background-type":"","background-media":"","overlay-type":"","overlay-color":"","overlay-opacity":"","overlay-gradient":""}},"ast-content-background-meta":{"desktop":{"background-color":"var(--ast-global-color-5)","background-image":"","background-repeat":"repeat","background-position":"center center","background-size":"auto","background-attachment":"scroll","background-type":"","background-media":"","overlay-type":"","overlay-color":"","overlay-opacity":"","overlay-gradient":""},"tablet":{"background-color":"var(--ast-global-color-5)","background-image":"","background-repeat":"repeat","background-position":"center center","background-size":"auto","background-attachment":"scroll","background-type":"","background-media":"","overlay-type":"","overlay-color":"","overlay-opacity":"","overlay-gradient":""},"mobile":{"background-color":"var(--ast-global-color-5)","background-image":"","background-repeat":"repeat","background-position":"center center","background-size":"auto","background-attachment":"scroll","background-type":"","background-media":"","overlay-type":"","overlay-color":"","overlay-opacity":"","overlay-gradient":""}},"footnotes":""},"class_list":["post-325","page","type-page","status-publish","hentry"],"post_mailing_queue_ids":[],"_links":{"self":[{"href":"https:\/\/agora.xtec.cat\/ceipcalderon\/wp-json\/wp\/v2\/pages\/325","targetHints":{"allow":["GET"]}}],"collection":[{"href":"https:\/\/agora.xtec.cat\/ceipcalderon\/wp-json\/wp\/v2\/pages"}],"about":[{"href":"https:\/\/agora.xtec.cat\/ceipcalderon\/wp-json\/wp\/v2\/types\/page"}],"author":[{"embeddable":true,"href":"https:\/\/agora.xtec.cat\/ceipcalderon\/wp-json\/wp\/v2\/users\/1"}],"replies":[{"embeddable":true,"href":"https:\/\/agora.xtec.cat\/ceipcalderon\/wp-json\/wp\/v2\/comments?post=325"}],"version-history":[{"count":4,"href":"https:\/\/agora.xtec.cat\/ceipcalderon\/wp-json\/wp\/v2\/pages\/325\/revisions"}],"predecessor-version":[{"id":5273,"href":"https:\/\/agora.xtec.cat\/ceipcalderon\/wp-json\/wp\/v2\/pages\/325\/revisions\/5273"}],"up":[{"embeddable":true,"href":"https:\/\/agora.xtec.cat\/ceipcalderon\/wp-json\/wp\/v2\/pages\/64"}],"wp:attachment":[{"href":"https:\/\/agora.xtec.cat\/ceipcalderon\/wp-json\/wp\/v2\/media?parent=325"}],"curies":[{"name":"wp","href":"https:\/\/api.w.org\/{rel}","templated":true}]}}