{"id":310,"date":"2016-10-10T12:42:25","date_gmt":"2016-10-10T11:42:25","guid":{"rendered":"http:\/\/agora.xtec.cat\/ceipcalderon\/?page_id=310"},"modified":"2026-02-12T13:40:45","modified_gmt":"2026-02-12T12:40:45","slug":"projecte-educatiu-de-centre-pec","status":"publish","type":"page","link":"https:\/\/agora.xtec.cat\/ceipcalderon\/projecte-educatiu\/projecte-educatiu-de-centre-pec\/","title":{"rendered":"Projecte Educatiu de Centre (PEC)"},"content":{"rendered":"\n<p><strong>El Projecte Educatiu <\/strong>\u00e9s el document estrat\u00e8gic marc per a la instituci\u00f3 escolar<strong>, <\/strong>que ha de formalitzar i concretar les seves intencions i actuacions, dotant-la d\u2019una identitat diferenciada i planejant aquells<strong> valors <\/strong>i <strong>principis <\/strong>que assumeix aquesta comunitat.<\/p>\n\n\n\n<p class=\"has-text-align-left has-ast-global-color-0-color has-text-color has-link-color wp-elements-e2f65515fdbbb9d038df745c5886f6c9\">&nbsp;<strong>La comunitat educativa de l\u2019ESCOLA CALDER\u00d3N pretenem:<\/strong><\/p>\n\n\n\n<ul class=\"wp-block-list\">\n<li style=\"padding-top:var(--wp--preset--spacing--20);padding-bottom:var(--wp--preset--spacing--20)\">Gaudir d\u2019un <strong>bon clima relacional<\/strong> i enfortir la relaci\u00f3 <strong>fam\u00edlia-escola<\/strong> per avan\u00e7ar com a comunitat educativa cohesionada.<\/li>\n\n\n\n<li style=\"padding-top:var(--wp--preset--spacing--20);padding-bottom:var(--wp--preset--spacing--20)\">Formar futurs <strong>ciutadans democr\u00e0tics<\/strong>, arrelats al seu territori i universals, <strong>solidaris<\/strong> i <strong>compromesos<\/strong>.<\/li>\n\n\n\n<li style=\"padding-top:var(--wp--preset--spacing--20);padding-bottom:var(--wp--preset--spacing--20)\"><strong>Educar<\/strong> persones conscients, responsables i creadores en tots els aspectes humans, tant f\u00edsics com <strong>emocionals<\/strong> i <strong>racionals<\/strong>.<\/li>\n\n\n\n<li style=\"padding-top:var(--wp--preset--spacing--20);padding-bottom:var(--wp--preset--spacing--20)\">Apostar per millorar els <strong>resultats d\u2019aprenentatge<\/strong> de l&#8217;alumnat a partir de la millora de <strong>l\u2019atenci\u00f3<\/strong> personal, el respecte als diferents <strong>ritmes<\/strong> d\u2019aprenentatge i la possibilitat de <strong>diversitat<\/strong> d\u2019agrupaments segons les tasques.<\/li>\n\n\n\n<li style=\"padding-top:var(--wp--preset--spacing--20);padding-bottom:var(--wp--preset--spacing--20)\">Educar persones \u201csanes\u201d, equilibrades, <strong>respectuoses<\/strong>, capaces d\u2019estimar, de treballar aut\u00f2nomament i en col\u00b7laboraci\u00f3 amb els altres. Persones amb capacitat per <strong>ser felices<\/strong> i fer feli\u00e7os als altres.<\/li>\n<\/ul>\n\n\n\n<p class=\"has-ast-global-color-0-color has-text-color has-link-color wp-elements-ae0d117a2ee5dcc5f3811b0a9c1b6ed9\"><strong>A l\u2019escola Calder\u00f3n volem aconseguir:<\/strong><\/p>\n\n\n\n<ul class=\"wp-block-list\">\n<li style=\"padding-top:var(--wp--preset--spacing--20);padding-bottom:var(--wp--preset--spacing--20)\">Potenciaci\u00f3 de la <strong>creativitat<\/strong> i el gust per l\u2019art, la cultura i les seves diverses manifestacions.<\/li>\n\n\n\n<li style=\"padding-top:var(--wp--preset--spacing--20);padding-bottom:var(--wp--preset--spacing--20)\">Coher\u00e8ncia educativa: <strong>l\u00ednia d\u2019escola<\/strong> en tots els nivells de desenvolupament (coneixements, habilitats i valors). Per aix\u00f2 volem recopilar, ordenar i escriure tot el referent als aprenentatges de les diferents \u00e0rees i als criteris respectius d\u2019avaluaci\u00f3. Sistematitzar i consensuar-los tots, amb la voluntat de complir-los i fer-los complir.<\/li>\n\n\n\n<li style=\"padding-top:var(--wp--preset--spacing--20);padding-bottom:var(--wp--preset--spacing--20)\">Millora constant del <strong>rendiment acad\u00e8mic<\/strong>, tot respectant els diferents ritmes d\u2019aprenentatge.<\/li>\n\n\n\n<li style=\"padding-top:var(--wp--preset--spacing--20);padding-bottom:var(--wp--preset--spacing--20)\">Comprom\u00eds amb el <strong>medi ambient<\/strong> fent a l\u2019escola un hort, reciclatge i recollida selectiva.<\/li>\n\n\n\n<li style=\"padding-top:var(--wp--preset--spacing--20);padding-bottom:var(--wp--preset--spacing--20)\">Creaci\u00f3 de nous entorns d\u2019aprenentatge utilitzant les <strong>TIC<\/strong> per afavorir l\u2019\u00e8xit acad\u00e8mic.<\/li>\n\n\n\n<li style=\"padding-top:var(--wp--preset--spacing--20);padding-bottom:var(--wp--preset--spacing--20)\">Comprom\u00eds amb la <strong>llengua<\/strong> i <strong>cultura<\/strong> del pa\u00eds treballant les tradicions pr\u00f2pies i garantint el <strong>catal\u00e0<\/strong> com a llengua vehicular i d\u2019aprenentatge.<\/li>\n\n\n\n<li style=\"padding-top:var(--wp--preset--spacing--20);padding-bottom:var(--wp--preset--spacing--20)\">Rendibilitzaci\u00f3 de l\u2019escola com a <strong>espai educatiu<\/strong>.<\/li>\n\n\n\n<li style=\"padding-top:var(--wp--preset--spacing--20);padding-bottom:var(--wp--preset--spacing--20)\">Treure el m\u00e0xim profit dels <strong>recursos<\/strong> que l\u2019administraci\u00f3 ofereix als centres educatius.<\/li>\n\n\n\n<li style=\"padding-top:var(--wp--preset--spacing--20);padding-bottom:var(--wp--preset--spacing--20)\">Potenciar el <strong>treball tutorial<\/strong> (acollida, tutoria individual i grupal\u2026) per afavorir la gesti\u00f3 <strong>emocional<\/strong>.<\/li>\n\n\n\n<li style=\"padding-top:var(--wp--preset--spacing--20);padding-bottom:var(--wp--preset--spacing--20)\">Ser una escola que <strong>evoluciona<\/strong> i <strong>millora<\/strong> perqu\u00e8 aprofita les oportunitats derivades de l\u2019augment de la <strong>comunitat educativa<\/strong> quant a la incorporaci\u00f3 de nous professionals amb <strong>noves idees<\/strong> i nous espais.<\/li>\n<\/ul>\n\n\n\n<p><a href=\"https:\/\/agora.xtec.cat\/ceipcalderon\/wp-content\/uploads\/usu834\/2023\/01\/PEC-2023-OK.pdf\"><span style=\"color: #00ccff;\">Aqu\u00ed teniu l&#8217;enlla\u00e7 del PEC&#8217;23 complert.<\/span><\/a><\/p>\n\n\n\n<p class=\"has-text-align-center\"><strong>Entra a veure la presentaci\u00f3 de la nostra escola en v\u00eddeo<\/strong><\/p>\n\n\n\n<figure class=\"wp-block-image aligncenter\"><a href=\"http:\/\/youtu.be\/7K6NCJivWLA\"><img loading=\"lazy\" decoding=\"async\" width=\"640\" height=\"480\" src=\"https:\/\/agora.xtec.cat\/ceipcalderon\/wp-content\/uploads\/usu834\/2014\/09\/per-web-el-pati-de-lescola.jpg\" alt=\"\" class=\"wp-image-262\" srcset=\"https:\/\/agora.xtec.cat\/ceipcalderon\/wp-content\/uploads\/usu834\/2014\/09\/per-web-el-pati-de-lescola.jpg 640w, https:\/\/agora.xtec.cat\/ceipcalderon\/wp-content\/uploads\/usu834\/2014\/09\/per-web-el-pati-de-lescola-300x225.jpg 300w, https:\/\/agora.xtec.cat\/ceipcalderon\/wp-content\/uploads\/usu834\/2014\/09\/per-web-el-pati-de-lescola-200x150.jpg 200w\" sizes=\"auto, (max-width: 640px) 100vw, 640px\" \/><\/a><\/figure>\n\n\n\n<p><\/p>\n\n\n\n<p>&nbsp;<\/p>\n","protected":false},"excerpt":{"rendered":"<p>El Projecte Educatiu \u00e9s el document estrat\u00e8gic marc per a la instituci\u00f3 escolar, que ha de formalitzar i concretar les seves intencions i actuacions, dotant-la d\u2019una identitat diferenciada i planejant aquells valors i principis que assumeix aquesta comunitat. &nbsp;La comunitat educativa de l\u2019ESCOLA CALDER\u00d3N pretenem: A l\u2019escola Calder\u00f3n volem aconseguir: Aqu\u00ed teniu l&#8217;enlla\u00e7 del PEC&#8217;23 [&hellip;]<\/p>\n","protected":false},"author":3,"featured_media":0,"parent":64,"menu_order":0,"comment_status":"closed","ping_status":"closed","template":"page-templates\/side-menu.php","meta":{"_bbp_topic_count":0,"_bbp_reply_count":0,"_bbp_total_topic_count":0,"_bbp_total_reply_count":0,"_bbp_voice_count":0,"_bbp_anonymous_reply_count":0,"_bbp_topic_count_hidden":0,"_bbp_reply_count_hidden":0,"_bbp_forum_subforum_count":0,"site-sidebar-layout":"default","site-content-layout":"","ast-site-content-layout":"default","site-content-style":"default","site-sidebar-style":"default","ast-global-header-display":"","ast-banner-title-visibility":"","ast-main-header-display":"","ast-hfb-above-header-display":"","ast-hfb-below-header-display":"","ast-hfb-mobile-header-display":"","site-post-title":"","ast-breadcrumbs-content":"","ast-featured-img":"","footer-sml-layout":"","theme-transparent-header-meta":"","adv-header-id-meta":"","stick-header-meta":"","header-above-stick-meta":"","header-main-stick-meta":"","header-below-stick-meta":"","astra-migrate-meta-layouts":"set","ast-page-background-enabled":"default","ast-page-background-meta":{"desktop":{"background-color":"var(--ast-global-color-4)","background-image":"","background-repeat":"repeat","background-position":"center center","background-size":"auto","background-attachment":"scroll","background-type":"","background-media":"","overlay-type":"","overlay-color":"","overlay-opacity":"","overlay-gradient":""},"tablet":{"background-color":"","background-image":"","background-repeat":"repeat","background-position":"center center","background-size":"auto","background-attachment":"scroll","background-type":"","background-media":"","overlay-type":"","overlay-color":"","overlay-opacity":"","overlay-gradient":""},"mobile":{"background-color":"","background-image":"","background-repeat":"repeat","background-position":"center center","background-size":"auto","background-attachment":"scroll","background-type":"","background-media":"","overlay-type":"","overlay-color":"","overlay-opacity":"","overlay-gradient":""}},"ast-content-background-meta":{"desktop":{"background-color":"var(--ast-global-color-5)","background-image":"","background-repeat":"repeat","background-position":"center center","background-size":"auto","background-attachment":"scroll","background-type":"","background-media":"","overlay-type":"","overlay-color":"","overlay-opacity":"","overlay-gradient":""},"tablet":{"background-color":"var(--ast-global-color-5)","background-image":"","background-repeat":"repeat","background-position":"center center","background-size":"auto","background-attachment":"scroll","background-type":"","background-media":"","overlay-type":"","overlay-color":"","overlay-opacity":"","overlay-gradient":""},"mobile":{"background-color":"var(--ast-global-color-5)","background-image":"","background-repeat":"repeat","background-position":"center center","background-size":"auto","background-attachment":"scroll","background-type":"","background-media":"","overlay-type":"","overlay-color":"","overlay-opacity":"","overlay-gradient":""}},"footnotes":""},"class_list":["post-310","page","type-page","status-publish","hentry"],"post_mailing_queue_ids":[],"_links":{"self":[{"href":"https:\/\/agora.xtec.cat\/ceipcalderon\/wp-json\/wp\/v2\/pages\/310","targetHints":{"allow":["GET"]}}],"collection":[{"href":"https:\/\/agora.xtec.cat\/ceipcalderon\/wp-json\/wp\/v2\/pages"}],"about":[{"href":"https:\/\/agora.xtec.cat\/ceipcalderon\/wp-json\/wp\/v2\/types\/page"}],"author":[{"embeddable":true,"href":"https:\/\/agora.xtec.cat\/ceipcalderon\/wp-json\/wp\/v2\/users\/3"}],"replies":[{"embeddable":true,"href":"https:\/\/agora.xtec.cat\/ceipcalderon\/wp-json\/wp\/v2\/comments?post=310"}],"version-history":[{"count":3,"href":"https:\/\/agora.xtec.cat\/ceipcalderon\/wp-json\/wp\/v2\/pages\/310\/revisions"}],"predecessor-version":[{"id":13239,"href":"https:\/\/agora.xtec.cat\/ceipcalderon\/wp-json\/wp\/v2\/pages\/310\/revisions\/13239"}],"up":[{"embeddable":true,"href":"https:\/\/agora.xtec.cat\/ceipcalderon\/wp-json\/wp\/v2\/pages\/64"}],"wp:attachment":[{"href":"https:\/\/agora.xtec.cat\/ceipcalderon\/wp-json\/wp\/v2\/media?parent=310"}],"curies":[{"name":"wp","href":"https:\/\/api.w.org\/{rel}","templated":true}]}}