{"id":298,"date":"2016-10-03T13:16:10","date_gmt":"2016-10-03T12:16:10","guid":{"rendered":"http:\/\/agora.xtec.cat\/ceipcalderon\/?page_id=298"},"modified":"2026-01-22T11:32:40","modified_gmt":"2026-01-22T10:32:40","slug":"colonies","status":"publish","type":"page","link":"https:\/\/agora.xtec.cat\/ceipcalderon\/que-fem\/colonies\/","title":{"rendered":"Col\u00f2nies de 2n\/4t\/6\u00e8"},"content":{"rendered":"\n<p>Qu\u00e8 vol dir anar de <strong>col\u00f2nies<\/strong>?<\/p>\n\n\n\n<p>Una lectura podria ser: Dormir fora una o dues nits i que els infants escampin una mica la boira.<\/p>\n\n\n\n<p>Una altra lectura (la que nosaltres compartim) seria aquesta altra: \u00c9s una activitat imprescindible, necess\u00e0ria per al bon desenvolupament de l&#8217;infant. Quan un nen o nena va de col\u00f2nies, fa molt m\u00e9s que dormir fora de casa. Es responsabilitza d&#8217;ell\/a mateix\/a, guanya en autonomia, apr\u00e8n a con\u00e8ixer-se, apr\u00e8n a conviure, juga lliurement, toca la natura, respira natura, apr\u00e8n de la natura, i a m\u00e9s fa tallers tem\u00e0tics que li ensenyen aspectes que serien dif\u00edcils (o impossibles) de presentar en una aula.<\/p>\n\n\n\n<p>A la nostra escola els infants de <strong><span style=\"color: #ff9900;\">2n i 4t<\/span> <\/strong>van de col\u00f2nies a principi de curs. Aquesta activitat permet cohesionar al grup i comen\u00e7ar el curs amb uns lligams&nbsp;forts.<\/p>\n\n\n\n<p>Els alumnes de <span style=\"color: #ff9900;\"><strong>6\u00e8<\/strong><\/span> van de col\u00f2nies a final de curs. \u00c9s com una celebraci\u00f3 de culminaci\u00f3 de tota una etapa. S\u00f3n unes col\u00f2nies molt especials ja que les emocions estant a flor de pell i els alumnes estant en una edat excel\u00b7lent per entendre i gaudir de la natura i viure l&#8217;experi\u00e8ncia&nbsp;amb plenitud .<\/p>\n","protected":false},"excerpt":{"rendered":"<p>Qu\u00e8 vol dir anar de col\u00f2nies? Una lectura podria ser: Dormir fora una o dues nits i que els infants escampin una mica la boira. Una altra lectura (la que nosaltres compartim) seria aquesta altra: \u00c9s una activitat imprescindible, necess\u00e0ria per al bon desenvolupament de l&#8217;infant. Quan un nen o nena va de col\u00f2nies, fa [&hellip;]<\/p>\n","protected":false},"author":1,"featured_media":0,"parent":289,"menu_order":0,"comment_status":"closed","ping_status":"closed","template":"page-templates\/side-menu.php","meta":{"_bbp_topic_count":0,"_bbp_reply_count":0,"_bbp_total_topic_count":0,"_bbp_total_reply_count":0,"_bbp_voice_count":0,"_bbp_anonymous_reply_count":0,"_bbp_topic_count_hidden":0,"_bbp_reply_count_hidden":0,"_bbp_forum_subforum_count":0,"site-sidebar-layout":"default","site-content-layout":"","ast-site-content-layout":"default","site-content-style":"default","site-sidebar-style":"default","ast-global-header-display":"","ast-banner-title-visibility":"","ast-main-header-display":"","ast-hfb-above-header-display":"","ast-hfb-below-header-display":"","ast-hfb-mobile-header-display":"","site-post-title":"","ast-breadcrumbs-content":"","ast-featured-img":"","footer-sml-layout":"","theme-transparent-header-meta":"","adv-header-id-meta":"","stick-header-meta":"","header-above-stick-meta":"","header-main-stick-meta":"","header-below-stick-meta":"","astra-migrate-meta-layouts":"set","ast-page-background-enabled":"default","ast-page-background-meta":{"desktop":{"background-color":"var(--ast-global-color-4)","background-image":"","background-repeat":"repeat","background-position":"center center","background-size":"auto","background-attachment":"scroll","background-type":"","background-media":"","overlay-type":"","overlay-color":"","overlay-opacity":"","overlay-gradient":""},"tablet":{"background-color":"","background-image":"","background-repeat":"repeat","background-position":"center center","background-size":"auto","background-attachment":"scroll","background-type":"","background-media":"","overlay-type":"","overlay-color":"","overlay-opacity":"","overlay-gradient":""},"mobile":{"background-color":"","background-image":"","background-repeat":"repeat","background-position":"center center","background-size":"auto","background-attachment":"scroll","background-type":"","background-media":"","overlay-type":"","overlay-color":"","overlay-opacity":"","overlay-gradient":""}},"ast-content-background-meta":{"desktop":{"background-color":"var(--ast-global-color-5)","background-image":"","background-repeat":"repeat","background-position":"center center","background-size":"auto","background-attachment":"scroll","background-type":"","background-media":"","overlay-type":"","overlay-color":"","overlay-opacity":"","overlay-gradient":""},"tablet":{"background-color":"var(--ast-global-color-5)","background-image":"","background-repeat":"repeat","background-position":"center center","background-size":"auto","background-attachment":"scroll","background-type":"","background-media":"","overlay-type":"","overlay-color":"","overlay-opacity":"","overlay-gradient":""},"mobile":{"background-color":"var(--ast-global-color-5)","background-image":"","background-repeat":"repeat","background-position":"center center","background-size":"auto","background-attachment":"scroll","background-type":"","background-media":"","overlay-type":"","overlay-color":"","overlay-opacity":"","overlay-gradient":""}},"footnotes":""},"class_list":["post-298","page","type-page","status-publish","hentry"],"post_mailing_queue_ids":[],"_links":{"self":[{"href":"https:\/\/agora.xtec.cat\/ceipcalderon\/wp-json\/wp\/v2\/pages\/298","targetHints":{"allow":["GET"]}}],"collection":[{"href":"https:\/\/agora.xtec.cat\/ceipcalderon\/wp-json\/wp\/v2\/pages"}],"about":[{"href":"https:\/\/agora.xtec.cat\/ceipcalderon\/wp-json\/wp\/v2\/types\/page"}],"author":[{"embeddable":true,"href":"https:\/\/agora.xtec.cat\/ceipcalderon\/wp-json\/wp\/v2\/users\/1"}],"replies":[{"embeddable":true,"href":"https:\/\/agora.xtec.cat\/ceipcalderon\/wp-json\/wp\/v2\/comments?post=298"}],"version-history":[{"count":6,"href":"https:\/\/agora.xtec.cat\/ceipcalderon\/wp-json\/wp\/v2\/pages\/298\/revisions"}],"predecessor-version":[{"id":13059,"href":"https:\/\/agora.xtec.cat\/ceipcalderon\/wp-json\/wp\/v2\/pages\/298\/revisions\/13059"}],"up":[{"embeddable":true,"href":"https:\/\/agora.xtec.cat\/ceipcalderon\/wp-json\/wp\/v2\/pages\/289"}],"wp:attachment":[{"href":"https:\/\/agora.xtec.cat\/ceipcalderon\/wp-json\/wp\/v2\/media?parent=298"}],"curies":[{"name":"wp","href":"https:\/\/api.w.org\/{rel}","templated":true}]}}