{"id":282,"date":"2016-10-03T13:09:03","date_gmt":"2016-10-03T12:09:03","guid":{"rendered":"http:\/\/agora.xtec.cat\/ceipcalderon\/?page_id=282"},"modified":"2017-02-13T21:42:23","modified_gmt":"2017-02-13T20:42:23","slug":"revista-de-lescola","status":"publish","type":"page","link":"https:\/\/agora.xtec.cat\/ceipcalderon\/que-fem\/revista-de-lescola\/","title":{"rendered":"Revista de l&#8217;escola"},"content":{"rendered":"<h4><span style=\"color: #ff6600;\"><strong>La revista de l&#8217;escola<\/strong><\/span><\/h4>\n<p>La revista de l&#8217;escola \u00e9s una d&#8217;aquelles coses de les que ens sentim orgullosos. Est\u00e0 feta per tot@s.\u00a0Hi estem tot@s representats\/des. Tot@s ens n&#8217;emportem un exemplar a casa per ensenyar-la als familiars i amics. \u00c9s una de les concrecions m\u00e9s clares de treball comunitari mantingut en el temps que t\u00e9 la nostra escola.<\/p>\n<p>A continuaci\u00f3 podreu rellegir i gaudir de les revistes de les anteriors edicions&#8230; esperem que ho gaudiu!<\/p>\n<p>&nbsp;<\/p>\n<p><a href=\"http:\/\/issuu.com\/rosequipublie\/docs\/revistaweb201516?e=27419932\/41976015\">Curs 2015-2016<\/a> \u00a0 \u00a0 Curs 2014-2015 \u00a0 \u00a0Curs 2013-2014 \u00a0 \u00a0 Curs 2012-2013 \u00a0 \u00a0Curs 2011- 2012<\/p>\n<p>&nbsp;<\/p>\n<p>&nbsp;<\/p>\n","protected":false},"excerpt":{"rendered":"<p>La revista de l&#8217;escola La revista de l&#8217;escola \u00e9s una d&#8217;aquelles coses de les que ens sentim orgullosos. Est\u00e0 feta per tot@s.\u00a0Hi estem tot@s representats\/des. Tot@s ens n&#8217;emportem un exemplar a casa per ensenyar-la als familiars i amics. \u00c9s una de les concrecions m\u00e9s clares de treball comunitari mantingut en el temps que t\u00e9 la [&hellip;]<\/p>\n","protected":false},"author":1,"featured_media":0,"parent":289,"menu_order":0,"comment_status":"closed","ping_status":"closed","template":"page-templates\/side-menu.php","meta":{"_bbp_topic_count":0,"_bbp_reply_count":0,"_bbp_total_topic_count":0,"_bbp_total_reply_count":0,"_bbp_voice_count":0,"_bbp_anonymous_reply_count":0,"_bbp_topic_count_hidden":0,"_bbp_reply_count_hidden":0,"_bbp_forum_subforum_count":0,"site-sidebar-layout":"default","site-content-layout":"","ast-site-content-layout":"","site-content-style":"default","site-sidebar-style":"default","ast-global-header-display":"","ast-banner-title-visibility":"","ast-main-header-display":"","ast-hfb-above-header-display":"","ast-hfb-below-header-display":"","ast-hfb-mobile-header-display":"","site-post-title":"","ast-breadcrumbs-content":"","ast-featured-img":"","footer-sml-layout":"","theme-transparent-header-meta":"","adv-header-id-meta":"","stick-header-meta":"","header-above-stick-meta":"","header-main-stick-meta":"","header-below-stick-meta":"","astra-migrate-meta-layouts":"default","ast-page-background-enabled":"default","ast-page-background-meta":{"desktop":{"background-color":"var(--ast-global-color-4)","background-image":"","background-repeat":"repeat","background-position":"center center","background-size":"auto","background-attachment":"scroll","background-type":"","background-media":"","overlay-type":"","overlay-color":"","overlay-opacity":"","overlay-gradient":""},"tablet":{"background-color":"","background-image":"","background-repeat":"repeat","background-position":"center center","background-size":"auto","background-attachment":"scroll","background-type":"","background-media":"","overlay-type":"","overlay-color":"","overlay-opacity":"","overlay-gradient":""},"mobile":{"background-color":"","background-image":"","background-repeat":"repeat","background-position":"center center","background-size":"auto","background-attachment":"scroll","background-type":"","background-media":"","overlay-type":"","overlay-color":"","overlay-opacity":"","overlay-gradient":""}},"ast-content-background-meta":{"desktop":{"background-color":"var(--ast-global-color-5)","background-image":"","background-repeat":"repeat","background-position":"center center","background-size":"auto","background-attachment":"scroll","background-type":"","background-media":"","overlay-type":"","overlay-color":"","overlay-opacity":"","overlay-gradient":""},"tablet":{"background-color":"var(--ast-global-color-5)","background-image":"","background-repeat":"repeat","background-position":"center center","background-size":"auto","background-attachment":"scroll","background-type":"","background-media":"","overlay-type":"","overlay-color":"","overlay-opacity":"","overlay-gradient":""},"mobile":{"background-color":"var(--ast-global-color-5)","background-image":"","background-repeat":"repeat","background-position":"center center","background-size":"auto","background-attachment":"scroll","background-type":"","background-media":"","overlay-type":"","overlay-color":"","overlay-opacity":"","overlay-gradient":""}},"footnotes":""},"class_list":["post-282","page","type-page","status-publish","hentry"],"post_mailing_queue_ids":[],"_links":{"self":[{"href":"https:\/\/agora.xtec.cat\/ceipcalderon\/wp-json\/wp\/v2\/pages\/282","targetHints":{"allow":["GET"]}}],"collection":[{"href":"https:\/\/agora.xtec.cat\/ceipcalderon\/wp-json\/wp\/v2\/pages"}],"about":[{"href":"https:\/\/agora.xtec.cat\/ceipcalderon\/wp-json\/wp\/v2\/types\/page"}],"author":[{"embeddable":true,"href":"https:\/\/agora.xtec.cat\/ceipcalderon\/wp-json\/wp\/v2\/users\/1"}],"replies":[{"embeddable":true,"href":"https:\/\/agora.xtec.cat\/ceipcalderon\/wp-json\/wp\/v2\/comments?post=282"}],"version-history":[{"count":4,"href":"https:\/\/agora.xtec.cat\/ceipcalderon\/wp-json\/wp\/v2\/pages\/282\/revisions"}],"predecessor-version":[{"id":425,"href":"https:\/\/agora.xtec.cat\/ceipcalderon\/wp-json\/wp\/v2\/pages\/282\/revisions\/425"}],"up":[{"embeddable":true,"href":"https:\/\/agora.xtec.cat\/ceipcalderon\/wp-json\/wp\/v2\/pages\/289"}],"wp:attachment":[{"href":"https:\/\/agora.xtec.cat\/ceipcalderon\/wp-json\/wp\/v2\/media?parent=282"}],"curies":[{"name":"wp","href":"https:\/\/api.w.org\/{rel}","templated":true}]}}