{"id":28,"date":"2014-09-18T12:29:35","date_gmt":"2014-09-18T11:29:35","guid":{"rendered":"http:\/\/agora.xtec.cat\/ceipcalderon\/?page_id=28"},"modified":"2026-01-22T14:45:36","modified_gmt":"2026-01-22T13:45:36","slug":"consell-escolar","status":"publish","type":"page","link":"https:\/\/agora.xtec.cat\/ceipcalderon\/lescola\/consell-escolar\/","title":{"rendered":"Consell Escolar"},"content":{"rendered":"\n<figure class=\"wp-block-image is-resized\"><img loading=\"lazy\" decoding=\"async\" width=\"1273\" height=\"346\" src=\"https:\/\/agora.xtec.cat\/ceipcalderon\/wp-content\/uploads\/usu834\/2025\/12\/consell-escolar.jpg\" alt=\"\" class=\"wp-image-12945\" style=\"width:977px;height:auto\" srcset=\"https:\/\/agora.xtec.cat\/ceipcalderon\/wp-content\/uploads\/usu834\/2025\/12\/consell-escolar.jpg 1273w, https:\/\/agora.xtec.cat\/ceipcalderon\/wp-content\/uploads\/usu834\/2025\/12\/consell-escolar-300x82.jpg 300w, https:\/\/agora.xtec.cat\/ceipcalderon\/wp-content\/uploads\/usu834\/2025\/12\/consell-escolar-1024x278.jpg 1024w, https:\/\/agora.xtec.cat\/ceipcalderon\/wp-content\/uploads\/usu834\/2025\/12\/consell-escolar-768x209.jpg 768w\" sizes=\"auto, (max-width: 1273px) 100vw, 1273px\" \/><\/figure>\n\n\n\n<p>El consell escolar del centre \u00e9s l&#8217;<strong>\u00f2rgan col\u00b7legiat de participaci\u00f3<\/strong>&nbsp;de la comunitat escolar en el govern del centre. En el consell escolar hi ha representats tots els col\u00b7lectius que intervenen en la comunitat educativa: director o directora, professorat, alumnes, personal d&#8217;administraci\u00f3 i serveis, etc.<\/p>\n\n\n\n<p>Els membres del consell escolar s\u00f3n elegits per un per\u00edode de quatre anys i es renoven per meitats cada dos anys.<\/p>\n\n\n\n<p>En les eleccions, les fam\u00edlies hi podeu participar de dues maneres diferents:<\/p>\n\n\n\n<ul class=\"wp-block-list\">\n<li>Presentant-vos com a candidats o candidates per representar les fam\u00edlies al consell escolar.<\/li>\n\n\n\n<li>Participant el dia que el centre convoqui les eleccions votant les candidatures que considereu m\u00e9s representatives.<\/li>\n<\/ul>\n\n\n\n<h3 class=\"wp-block-heading FW_ancora has-ast-global-color-0-color has-text-color has-link-color wp-elements-cf2bd6a134e6e70790c69db0701e87e6\">Consell Escolar de l&#8217;Escola Calder\u00f3n 2025<\/h3>\n\n\n\n<p><strong>Representants equip directiu<\/strong><\/p>\n\n\n\n<ul class=\"wp-block-list\">\n<li>Maria Jes\u00fas Llinares (Directora)<\/li>\n\n\n\n<li>Carol Donda (Cap d&#8217;Estudis)<\/li>\n\n\n\n<li>Marta Aisa (Secret\u00e0ria)<\/li>\n<\/ul>\n\n\n\n<p><strong>Representants mestres<\/strong><\/p>\n\n\n\n<ul class=\"wp-block-list\">\n<li>Carmina Sala<\/li>\n\n\n\n<li>Margarita Araguas<\/li>\n\n\n\n<li>Mireia Espinach<\/li>\n\n\n\n<li>Cecilia Lacoma<\/li>\n<\/ul>\n\n\n\n<p><strong>Representant PAE<\/strong><\/p>\n\n\n\n<ul class=\"wp-block-list\">\n<li>Maria Hern\u00e1ndez<\/li>\n<\/ul>\n\n\n\n<p><strong>Representant PAS<\/strong><\/p>\n\n\n\n<ul class=\"wp-block-list\">\n<li>Ismael Castro<\/li>\n<\/ul>\n\n\n\n<p><strong>Representants fam\u00edlies <\/strong><\/p>\n\n\n\n<ul class=\"wp-block-list\">\n<li>Ceci Marsal<\/li>\n\n\n\n<li>Ra\u00fcl Guerrero<\/li>\n\n\n\n<li>Ruth Casajuana<\/li>\n\n\n\n<li>Sandra Cusi<\/li>\n<\/ul>\n\n\n\n<p><strong>AMPA<\/strong><\/p>\n\n\n\n<ul class=\"wp-block-list\">\n<li>Ester Font (Presidenta)<\/li>\n<\/ul>\n\n\n\n<p><strong>Representant Ajuntament de Barcelona<\/strong><\/p>\n\n\n\n<ul class=\"wp-block-list\">\n<li>M\u00aa Angels Barbero<\/li>\n<\/ul>\n\n\n\n<p><strong>R<b>eferent al <\/b><b><span class=\"il\">Consell<\/span> <span class=\"il\">Escolar<\/span> de coeducaci\u00f3 i igualtat de g\u00e8nere<\/b><\/strong><\/p>\n\n\n\n<ul class=\"wp-block-list\">\n<li>Cecilia Lacoma<\/li>\n<\/ul>\n\n\n\n<p><\/p>\n","protected":false},"excerpt":{"rendered":"<p>El consell escolar del centre \u00e9s l&#8217;\u00f2rgan col\u00b7legiat de participaci\u00f3&nbsp;de la comunitat escolar en el govern del centre. En el consell escolar hi ha representats tots els col\u00b7lectius que intervenen en la comunitat educativa: director o directora, professorat, alumnes, personal d&#8217;administraci\u00f3 i serveis, etc. Els membres del consell escolar s\u00f3n elegits per un per\u00edode de [&hellip;]<\/p>\n","protected":false},"author":1,"featured_media":0,"parent":22,"menu_order":30,"comment_status":"closed","ping_status":"closed","template":"","meta":{"_bbp_topic_count":0,"_bbp_reply_count":0,"_bbp_total_topic_count":0,"_bbp_total_reply_count":0,"_bbp_voice_count":0,"_bbp_anonymous_reply_count":0,"_bbp_topic_count_hidden":0,"_bbp_reply_count_hidden":0,"_bbp_forum_subforum_count":0,"site-sidebar-layout":"default","site-content-layout":"","ast-site-content-layout":"default","site-content-style":"default","site-sidebar-style":"default","ast-global-header-display":"","ast-banner-title-visibility":"","ast-main-header-display":"","ast-hfb-above-header-display":"","ast-hfb-below-header-display":"","ast-hfb-mobile-header-display":"","site-post-title":"disabled","ast-breadcrumbs-content":"","ast-featured-img":"","footer-sml-layout":"","theme-transparent-header-meta":"default","adv-header-id-meta":"","stick-header-meta":"","header-above-stick-meta":"","header-main-stick-meta":"","header-below-stick-meta":"","astra-migrate-meta-layouts":"set","ast-page-background-enabled":"default","ast-page-background-meta":{"desktop":{"background-color":"var(--ast-global-color-4)","background-image":"","background-repeat":"repeat","background-position":"center center","background-size":"auto","background-attachment":"scroll","background-type":"","background-media":"","overlay-type":"","overlay-color":"","overlay-opacity":"","overlay-gradient":""},"tablet":{"background-color":"","background-image":"","background-repeat":"repeat","background-position":"center center","background-size":"auto","background-attachment":"scroll","background-type":"","background-media":"","overlay-type":"","overlay-color":"","overlay-opacity":"","overlay-gradient":""},"mobile":{"background-color":"","background-image":"","background-repeat":"repeat","background-position":"center center","background-size":"auto","background-attachment":"scroll","background-type":"","background-media":"","overlay-type":"","overlay-color":"","overlay-opacity":"","overlay-gradient":""}},"ast-content-background-meta":{"desktop":{"background-color":"var(--ast-global-color-5)","background-image":"","background-repeat":"repeat","background-position":"center center","background-size":"auto","background-attachment":"scroll","background-type":"","background-media":"","overlay-type":"","overlay-color":"","overlay-opacity":"","overlay-gradient":""},"tablet":{"background-color":"var(--ast-global-color-5)","background-image":"","background-repeat":"repeat","background-position":"center center","background-size":"auto","background-attachment":"scroll","background-type":"","background-media":"","overlay-type":"","overlay-color":"","overlay-opacity":"","overlay-gradient":""},"mobile":{"background-color":"var(--ast-global-color-5)","background-image":"","background-repeat":"repeat","background-position":"center center","background-size":"auto","background-attachment":"scroll","background-type":"","background-media":"","overlay-type":"","overlay-color":"","overlay-opacity":"","overlay-gradient":""}},"footnotes":""},"class_list":["post-28","page","type-page","status-publish","hentry"],"post_mailing_queue_ids":[],"_links":{"self":[{"href":"https:\/\/agora.xtec.cat\/ceipcalderon\/wp-json\/wp\/v2\/pages\/28","targetHints":{"allow":["GET"]}}],"collection":[{"href":"https:\/\/agora.xtec.cat\/ceipcalderon\/wp-json\/wp\/v2\/pages"}],"about":[{"href":"https:\/\/agora.xtec.cat\/ceipcalderon\/wp-json\/wp\/v2\/types\/page"}],"author":[{"embeddable":true,"href":"https:\/\/agora.xtec.cat\/ceipcalderon\/wp-json\/wp\/v2\/users\/1"}],"replies":[{"embeddable":true,"href":"https:\/\/agora.xtec.cat\/ceipcalderon\/wp-json\/wp\/v2\/comments?post=28"}],"version-history":[{"count":6,"href":"https:\/\/agora.xtec.cat\/ceipcalderon\/wp-json\/wp\/v2\/pages\/28\/revisions"}],"predecessor-version":[{"id":13063,"href":"https:\/\/agora.xtec.cat\/ceipcalderon\/wp-json\/wp\/v2\/pages\/28\/revisions\/13063"}],"up":[{"embeddable":true,"href":"https:\/\/agora.xtec.cat\/ceipcalderon\/wp-json\/wp\/v2\/pages\/22"}],"wp:attachment":[{"href":"https:\/\/agora.xtec.cat\/ceipcalderon\/wp-json\/wp\/v2\/media?parent=28"}],"curies":[{"name":"wp","href":"https:\/\/api.w.org\/{rel}","templated":true}]}}