{"id":26,"date":"2014-09-18T12:24:32","date_gmt":"2014-09-18T11:24:32","guid":{"rendered":"http:\/\/agora.xtec.cat\/ceipcalderon\/?page_id=26"},"modified":"2026-02-12T12:27:08","modified_gmt":"2026-02-12T11:27:08","slug":"historia","status":"publish","type":"page","link":"https:\/\/agora.xtec.cat\/ceipcalderon\/lescola\/historia\/","title":{"rendered":"Hist\u00f2ria"},"content":{"rendered":"\n<figure class=\"wp-block-image alignwide size-large is-style-default\"><img loading=\"lazy\" decoding=\"async\" width=\"1024\" height=\"442\" src=\"https:\/\/agora.xtec.cat\/ceipcalderon\/wp-content\/uploads\/usu834\/2026\/02\/HISTORIA-edited-scaled-e1770286510886-1024x442.jpg\" alt=\"\" class=\"wp-image-13152\"\/><\/figure>\n\n\n\n<p>\u00c9s la nostra, una escola amb molta hist\u00f2ria, amb moltes hist\u00f2ries i amb molt\u00edssimes historietes&#8230;<\/p>\n\n\n\n<p>L\u2019Escola Calder\u00f3n va comen\u00e7ar la seva traject\u00f2ria el curs 1970-71, tot i que, amb anterioritat, hi havia hagut al mateix espai la <em>Escuela Los Pinos<\/em>.<\/p>\n\n\n\n<p>L\u2019estructura de l\u2019actual edifici es va inaugurar el dia 1 d\u2019octubre de 1970, per\u00f2 el 7 de maig del 2011 es reinaugurava despr\u00e9s d\u2019una remodelaci\u00f3 total que va suposar 3 cursos de conviv\u00e8ncia pac\u00edfica amb constructors, paletes, zones temporalment acotades i alguns sorollets.<\/p>\n\n\n\n<p>Abans l\u2019adre\u00e7a era c\/Ordunya s\/n i ha estat modificada per l\u2019actual c\/ Nil 27-29. Ara tenim un edifici nou amb una infraestructura moderna i un pati amb diferents espais de joc (dos sorrals, dues casetes, una pista, un roc\u00f2drom, etc.)<\/p>\n\n\n\n<p>En aquest anys l\u2019escola ha passat de ser segregadora per sexes a ser mixta; de tenir 5 l\u00ednies a tenir-ne una i ara dues; s\u2019ha parlat en castell\u00e0 i catal\u00e0; s\u2018ha estudiat franc\u00e8s i despr\u00e9s angl\u00e8s&#8230;<\/p>\n\n\n\n<p>L\u2019escola la formem l&#8217;alumnat i llurs fam\u00edlies, l\u2019AFA, m\u00e9s de 30 mestres, el grup de monitors i monitores de menjador amb les seves coordinadores, els monitors i monitores d\u2019extraescolars, un conserge, un equip de neteja i una administrativa. I des del curs 2015 som una escola \u00edntegrament de doble l\u00ednia.<\/p>\n","protected":false},"excerpt":{"rendered":"<p>\u00c9s la nostra, una escola amb molta hist\u00f2ria, amb moltes hist\u00f2ries i amb molt\u00edssimes historietes&#8230; L\u2019Escola Calder\u00f3n va comen\u00e7ar la seva traject\u00f2ria el curs 1970-71, tot i que, amb anterioritat, hi havia hagut al mateix espai la Escuela Los Pinos. L\u2019estructura de l\u2019actual edifici es va inaugurar el dia 1 d\u2019octubre de 1970, per\u00f2 el [&hellip;]<\/p>\n","protected":false},"author":1,"featured_media":0,"parent":22,"menu_order":20,"comment_status":"closed","ping_status":"closed","template":"page-templates\/side-menu.php","meta":{"_bbp_topic_count":0,"_bbp_reply_count":0,"_bbp_total_topic_count":0,"_bbp_total_reply_count":0,"_bbp_voice_count":0,"_bbp_anonymous_reply_count":0,"_bbp_topic_count_hidden":0,"_bbp_reply_count_hidden":0,"_bbp_forum_subforum_count":0,"site-sidebar-layout":"default","site-content-layout":"","ast-site-content-layout":"default","site-content-style":"default","site-sidebar-style":"default","ast-global-header-display":"","ast-banner-title-visibility":"","ast-main-header-display":"","ast-hfb-above-header-display":"","ast-hfb-below-header-display":"","ast-hfb-mobile-header-display":"","site-post-title":"disabled","ast-breadcrumbs-content":"","ast-featured-img":"","footer-sml-layout":"","theme-transparent-header-meta":"","adv-header-id-meta":"","stick-header-meta":"","header-above-stick-meta":"","header-main-stick-meta":"","header-below-stick-meta":"","astra-migrate-meta-layouts":"set","ast-page-background-enabled":"default","ast-page-background-meta":{"desktop":{"background-color":"var(--ast-global-color-4)","background-image":"","background-repeat":"repeat","background-position":"center center","background-size":"auto","background-attachment":"scroll","background-type":"","background-media":"","overlay-type":"","overlay-color":"","overlay-opacity":"","overlay-gradient":""},"tablet":{"background-color":"","background-image":"","background-repeat":"repeat","background-position":"center center","background-size":"auto","background-attachment":"scroll","background-type":"","background-media":"","overlay-type":"","overlay-color":"","overlay-opacity":"","overlay-gradient":""},"mobile":{"background-color":"","background-image":"","background-repeat":"repeat","background-position":"center center","background-size":"auto","background-attachment":"scroll","background-type":"","background-media":"","overlay-type":"","overlay-color":"","overlay-opacity":"","overlay-gradient":""}},"ast-content-background-meta":{"desktop":{"background-color":"var(--ast-global-color-5)","background-image":"","background-repeat":"repeat","background-position":"center center","background-size":"auto","background-attachment":"scroll","background-type":"","background-media":"","overlay-type":"","overlay-color":"","overlay-opacity":"","overlay-gradient":""},"tablet":{"background-color":"var(--ast-global-color-5)","background-image":"","background-repeat":"repeat","background-position":"center center","background-size":"auto","background-attachment":"scroll","background-type":"","background-media":"","overlay-type":"","overlay-color":"","overlay-opacity":"","overlay-gradient":""},"mobile":{"background-color":"var(--ast-global-color-5)","background-image":"","background-repeat":"repeat","background-position":"center center","background-size":"auto","background-attachment":"scroll","background-type":"","background-media":"","overlay-type":"","overlay-color":"","overlay-opacity":"","overlay-gradient":""}},"footnotes":""},"class_list":["post-26","page","type-page","status-publish","hentry"],"post_mailing_queue_ids":[],"_links":{"self":[{"href":"https:\/\/agora.xtec.cat\/ceipcalderon\/wp-json\/wp\/v2\/pages\/26","targetHints":{"allow":["GET"]}}],"collection":[{"href":"https:\/\/agora.xtec.cat\/ceipcalderon\/wp-json\/wp\/v2\/pages"}],"about":[{"href":"https:\/\/agora.xtec.cat\/ceipcalderon\/wp-json\/wp\/v2\/types\/page"}],"author":[{"embeddable":true,"href":"https:\/\/agora.xtec.cat\/ceipcalderon\/wp-json\/wp\/v2\/users\/1"}],"replies":[{"embeddable":true,"href":"https:\/\/agora.xtec.cat\/ceipcalderon\/wp-json\/wp\/v2\/comments?post=26"}],"version-history":[{"count":6,"href":"https:\/\/agora.xtec.cat\/ceipcalderon\/wp-json\/wp\/v2\/pages\/26\/revisions"}],"predecessor-version":[{"id":13200,"href":"https:\/\/agora.xtec.cat\/ceipcalderon\/wp-json\/wp\/v2\/pages\/26\/revisions\/13200"}],"up":[{"embeddable":true,"href":"https:\/\/agora.xtec.cat\/ceipcalderon\/wp-json\/wp\/v2\/pages\/22"}],"wp:attachment":[{"href":"https:\/\/agora.xtec.cat\/ceipcalderon\/wp-json\/wp\/v2\/media?parent=26"}],"curies":[{"name":"wp","href":"https:\/\/api.w.org\/{rel}","templated":true}]}}