{"id":1902,"date":"2018-02-06T12:40:59","date_gmt":"2018-02-06T11:40:59","guid":{"rendered":"http:\/\/agora.xtec.cat\/ceipcalderon\/?page_id=1902"},"modified":"2020-01-09T13:37:32","modified_gmt":"2020-01-09T12:37:32","slug":"congres-de-ciencies","status":"publish","type":"page","link":"https:\/\/agora.xtec.cat\/ceipcalderon\/que-fem\/congres-de-ciencies\/","title":{"rendered":"Congr\u00e8s de Ci\u00e8ncies"},"content":{"rendered":"<p style=\"text-align: left;\"><span style=\"font-weight: 400;\">Els alumnes de segon participem cada any en el Congr\u00e9s de Ci\u00e8ncia, organitzat, entre d\u2019altres, pel Centre de Recursos Pedag\u00f2gics de Nou Barris.\u00a0 <\/span><\/p>\n<p style=\"text-align: left;\"><span style=\"font-weight: 400;\">El projecte va dirigit a la presentaci\u00f3 d\u2019una experi\u00e8ncia de recerca per part de l\u2019alumnat. Cada centre ser\u00e0 representat per un petit grup d\u2019alumnes que exposaran la seva pon\u00e8ncia acompanyada d\u2019un suport \u00e0udio visual. Amb nosaltres hi haur\u00e0 una quarantena m\u00e9s d\u2019escoles de tot Barcelona.<\/span><\/p>\n<p><span style=\"font-weight: 400;\">Jugarem a ser cient\u00edfics. \u00a0Investigarem sobre el canvi clim\u00e0tic, sobre l&#8217;\u00f3s polar, la import\u00e0ncia del ferro a la nostra vida i d&#8217;altres temes m\u00e9s. \u00a0A partir de la informaci\u00f3 que aconseguim, ens farem preguntes que guiaran el nostre proc\u00e9s d\u2019investigaci\u00f3, i aplicant la metodologia que fan servir els cient\u00edfics \u201cde veritat\u201d extraurem conclusions i les presentarem a les altres escoles en el Congr\u00e9s de Ci\u00e8ncia.<\/span><\/p>\n<p><span style=\"font-weight: 400;\">Per dur a bon port el projecte, la implicaci\u00f3 de les fam\u00edlies ser\u00e0 important, ajudant als infants a buscar la informaci\u00f3 que necessiten.<\/span><\/p>\n<p><span style=\"font-weight: 400;\">Per\u00a0tenir m\u00e9s informaci\u00f3 i veure les pon\u00e8ncies que van fer altres escoles en cursos anteriors <a href=\"https:\/\/serveiseducatius.xtec.cat\/noubarris\/categoria\/dinamitzacio\/cciencia\/\">aqu\u00ed<\/a><\/span><\/p>\n<p>&nbsp;<\/p>\n<p><span style=\"font-weight: 400;\">Equip de Mestres de segon<\/span><\/p>\n","protected":false},"excerpt":{"rendered":"<p>Els alumnes de segon participem cada any en el Congr\u00e9s de Ci\u00e8ncia, organitzat, entre d\u2019altres, pel Centre de Recursos Pedag\u00f2gics de Nou Barris.\u00a0 El projecte va dirigit a la presentaci\u00f3 d\u2019una experi\u00e8ncia de recerca per part de l\u2019alumnat. Cada centre ser\u00e0 representat per un petit grup d\u2019alumnes que exposaran la seva pon\u00e8ncia acompanyada d\u2019un suport [&hellip;]<\/p>\n","protected":false},"author":1,"featured_media":0,"parent":289,"menu_order":90,"comment_status":"closed","ping_status":"closed","template":"page-templates\/side-menu.php","meta":{"_bbp_topic_count":0,"_bbp_reply_count":0,"_bbp_total_topic_count":0,"_bbp_total_reply_count":0,"_bbp_voice_count":0,"_bbp_anonymous_reply_count":0,"_bbp_topic_count_hidden":0,"_bbp_reply_count_hidden":0,"_bbp_forum_subforum_count":0,"site-sidebar-layout":"default","site-content-layout":"","ast-site-content-layout":"","site-content-style":"default","site-sidebar-style":"default","ast-global-header-display":"","ast-banner-title-visibility":"","ast-main-header-display":"","ast-hfb-above-header-display":"","ast-hfb-below-header-display":"","ast-hfb-mobile-header-display":"","site-post-title":"","ast-breadcrumbs-content":"","ast-featured-img":"","footer-sml-layout":"","theme-transparent-header-meta":"","adv-header-id-meta":"","stick-header-meta":"","header-above-stick-meta":"","header-main-stick-meta":"","header-below-stick-meta":"","astra-migrate-meta-layouts":"default","ast-page-background-enabled":"default","ast-page-background-meta":{"desktop":{"background-color":"var(--ast-global-color-4)","background-image":"","background-repeat":"repeat","background-position":"center center","background-size":"auto","background-attachment":"scroll","background-type":"","background-media":"","overlay-type":"","overlay-color":"","overlay-opacity":"","overlay-gradient":""},"tablet":{"background-color":"","background-image":"","background-repeat":"repeat","background-position":"center center","background-size":"auto","background-attachment":"scroll","background-type":"","background-media":"","overlay-type":"","overlay-color":"","overlay-opacity":"","overlay-gradient":""},"mobile":{"background-color":"","background-image":"","background-repeat":"repeat","background-position":"center center","background-size":"auto","background-attachment":"scroll","background-type":"","background-media":"","overlay-type":"","overlay-color":"","overlay-opacity":"","overlay-gradient":""}},"ast-content-background-meta":{"desktop":{"background-color":"var(--ast-global-color-5)","background-image":"","background-repeat":"repeat","background-position":"center center","background-size":"auto","background-attachment":"scroll","background-type":"","background-media":"","overlay-type":"","overlay-color":"","overlay-opacity":"","overlay-gradient":""},"tablet":{"background-color":"var(--ast-global-color-5)","background-image":"","background-repeat":"repeat","background-position":"center center","background-size":"auto","background-attachment":"scroll","background-type":"","background-media":"","overlay-type":"","overlay-color":"","overlay-opacity":"","overlay-gradient":""},"mobile":{"background-color":"var(--ast-global-color-5)","background-image":"","background-repeat":"repeat","background-position":"center center","background-size":"auto","background-attachment":"scroll","background-type":"","background-media":"","overlay-type":"","overlay-color":"","overlay-opacity":"","overlay-gradient":""}},"footnotes":""},"class_list":["post-1902","page","type-page","status-publish","hentry"],"post_mailing_queue_ids":[],"_links":{"self":[{"href":"https:\/\/agora.xtec.cat\/ceipcalderon\/wp-json\/wp\/v2\/pages\/1902","targetHints":{"allow":["GET"]}}],"collection":[{"href":"https:\/\/agora.xtec.cat\/ceipcalderon\/wp-json\/wp\/v2\/pages"}],"about":[{"href":"https:\/\/agora.xtec.cat\/ceipcalderon\/wp-json\/wp\/v2\/types\/page"}],"author":[{"embeddable":true,"href":"https:\/\/agora.xtec.cat\/ceipcalderon\/wp-json\/wp\/v2\/users\/1"}],"replies":[{"embeddable":true,"href":"https:\/\/agora.xtec.cat\/ceipcalderon\/wp-json\/wp\/v2\/comments?post=1902"}],"version-history":[{"count":4,"href":"https:\/\/agora.xtec.cat\/ceipcalderon\/wp-json\/wp\/v2\/pages\/1902\/revisions"}],"predecessor-version":[{"id":5270,"href":"https:\/\/agora.xtec.cat\/ceipcalderon\/wp-json\/wp\/v2\/pages\/1902\/revisions\/5270"}],"up":[{"embeddable":true,"href":"https:\/\/agora.xtec.cat\/ceipcalderon\/wp-json\/wp\/v2\/pages\/289"}],"wp:attachment":[{"href":"https:\/\/agora.xtec.cat\/ceipcalderon\/wp-json\/wp\/v2\/media?parent=1902"}],"curies":[{"name":"wp","href":"https:\/\/api.w.org\/{rel}","templated":true}]}}