{"id":13375,"date":"2026-02-20T16:02:23","date_gmt":"2026-02-20T15:02:23","guid":{"rendered":"https:\/\/agora.xtec.cat\/ceipcalderon\/?page_id=13375"},"modified":"2026-02-20T16:11:37","modified_gmt":"2026-02-20T15:11:37","slug":"families-a-la-tassa","status":"publish","type":"page","link":"https:\/\/agora.xtec.cat\/ceipcalderon\/families-a-la-tassa\/","title":{"rendered":"Fam\u00edlies a la Tassa"},"content":{"rendered":"\n<figure class=\"wp-block-image alignwide size-large\"><a href=\"https:\/\/agora.xtec.cat\/ceipcalderon\/wp-content\/uploads\/usu834\/2026\/02\/FAMILIES-A-LA-TASSA-scaled-e1771599675251.jpg\"><img loading=\"lazy\" decoding=\"async\" width=\"1024\" height=\"394\" src=\"https:\/\/agora.xtec.cat\/ceipcalderon\/wp-content\/uploads\/usu834\/2026\/02\/FAMILIES-A-LA-TASSA-scaled-e1771599675251-1024x394.jpg\" alt=\"\" class=\"wp-image-13378\" srcset=\"https:\/\/agora.xtec.cat\/ceipcalderon\/wp-content\/uploads\/usu834\/2026\/02\/FAMILIES-A-LA-TASSA-scaled-e1771599675251-1024x394.jpg 1024w, https:\/\/agora.xtec.cat\/ceipcalderon\/wp-content\/uploads\/usu834\/2026\/02\/FAMILIES-A-LA-TASSA-scaled-e1771599675251-300x116.jpg 300w, https:\/\/agora.xtec.cat\/ceipcalderon\/wp-content\/uploads\/usu834\/2026\/02\/FAMILIES-A-LA-TASSA-scaled-e1771599675251-768x296.jpg 768w, https:\/\/agora.xtec.cat\/ceipcalderon\/wp-content\/uploads\/usu834\/2026\/02\/FAMILIES-A-LA-TASSA-scaled-e1771599675251-1536x592.jpg 1536w, https:\/\/agora.xtec.cat\/ceipcalderon\/wp-content\/uploads\/usu834\/2026\/02\/FAMILIES-A-LA-TASSA-scaled-e1771599675251-2048x789.jpg 2048w\" sizes=\"auto, (max-width: 1024px) 100vw, 1024px\" \/><\/a><\/figure>\n\n\n\n<p><\/p>\n\n\n\n<p><em><strong>Fam\u00edlies a la tassa<\/strong><\/em>&nbsp;\u00e9s un espai mensual de trobada i <strong>di\u00e0leg<\/strong> adre\u00e7at a les fam\u00edlies de l\u2019escola Calder\u00f3n de la Barca. T\u00e9 com a objectiu refor\u00e7ar el <strong>vincle fam\u00edlia-escola<\/strong> i oferir un espai proper on compartir inquietuds, experi\u00e8ncies i estrat\u00e8gies educatives en un clima de confian\u00e7a.<\/p>\n\n\n\n<div class=\"wp-block-media-text is-stacked-on-mobile\" style=\"grid-template-columns:56% auto\"><figure class=\"wp-block-media-text__media\"><img loading=\"lazy\" decoding=\"async\" width=\"1024\" height=\"768\" src=\"https:\/\/agora.xtec.cat\/ceipcalderon\/wp-content\/uploads\/usu834\/2026\/02\/c852b4e2-e3fd-4c84-a6bb-b78b56ad2f40-1024x768.jpg\" alt=\"\" class=\"wp-image-13376 size-full\" srcset=\"https:\/\/agora.xtec.cat\/ceipcalderon\/wp-content\/uploads\/usu834\/2026\/02\/c852b4e2-e3fd-4c84-a6bb-b78b56ad2f40-1024x768.jpg 1024w, https:\/\/agora.xtec.cat\/ceipcalderon\/wp-content\/uploads\/usu834\/2026\/02\/c852b4e2-e3fd-4c84-a6bb-b78b56ad2f40-300x225.jpg 300w, https:\/\/agora.xtec.cat\/ceipcalderon\/wp-content\/uploads\/usu834\/2026\/02\/c852b4e2-e3fd-4c84-a6bb-b78b56ad2f40-768x576.jpg 768w, https:\/\/agora.xtec.cat\/ceipcalderon\/wp-content\/uploads\/usu834\/2026\/02\/c852b4e2-e3fd-4c84-a6bb-b78b56ad2f40-1536x1152.jpg 1536w, https:\/\/agora.xtec.cat\/ceipcalderon\/wp-content\/uploads\/usu834\/2026\/02\/c852b4e2-e3fd-4c84-a6bb-b78b56ad2f40.jpg 1600w\" sizes=\"auto, (max-width: 1024px) 100vw, 1024px\" \/><\/figure><div class=\"wp-block-media-text__content\">\n<p>Les sessions es realitzen&nbsp;<strong>un cop al mes<\/strong>, alternant horari de&nbsp;<strong>mat\u00ed <\/strong>i <strong>tarda<\/strong>&nbsp;per facilitar la participaci\u00f3 de totes les fam\u00edlies. Cada trobada gira al voltant d\u2019un tema educatiu o emocional que pot preocupar les fam\u00edlies (gesti\u00f3 emocional, l\u00edmits i normes, \u00fas de pantalles, autonomia, resoluci\u00f3 de conflictes, etc.).<\/p>\n<\/div><\/div>\n\n\n\n<p><\/p>\n\n\n\n<p>L\u2019activitat est\u00e0 dinamitzada per la&nbsp;<strong>TIS (Integradora Social)<\/strong>&nbsp;i la&nbsp;<strong>SSAE (Educadora Emocional)<\/strong>, que preparen propostes participatives per fomentar el di\u00e0leg, resoldre dubtes i acompanyar les fam\u00edlies.<\/p>\n\n\n\n<div class=\"wp-block-media-text has-media-on-the-right is-stacked-on-mobile\" style=\"grid-template-columns:auto 54%\"><div class=\"wp-block-media-text__content\">\n<p>Les converses sempre es desenvolupen en un ambient dist\u00e8s, acompanyades d\u2019un esmorzar o berenar segons l\u2019horari de la sessi\u00f3.<\/p>\n\n\n\n<p>Amb&nbsp;<em>Fam\u00edlies a la tassa<\/em>, apostem per una educaci\u00f3 compartida, basada en la <strong>comunicaci\u00f3<\/strong>, la <strong>confian\u00e7a<\/strong> i la construcci\u00f3 d\u2019una <strong>comunitat educativa<\/strong> cohesionada.<\/p>\n<\/div><figure class=\"wp-block-media-text__media\"><img loading=\"lazy\" decoding=\"async\" width=\"1024\" height=\"768\" src=\"https:\/\/agora.xtec.cat\/ceipcalderon\/wp-content\/uploads\/usu834\/2026\/02\/d69cc3fd-bffa-4240-9667-c75d153cafc4-1024x768.jpg\" alt=\"\" class=\"wp-image-13377 size-full\" srcset=\"https:\/\/agora.xtec.cat\/ceipcalderon\/wp-content\/uploads\/usu834\/2026\/02\/d69cc3fd-bffa-4240-9667-c75d153cafc4-1024x768.jpg 1024w, https:\/\/agora.xtec.cat\/ceipcalderon\/wp-content\/uploads\/usu834\/2026\/02\/d69cc3fd-bffa-4240-9667-c75d153cafc4-300x225.jpg 300w, https:\/\/agora.xtec.cat\/ceipcalderon\/wp-content\/uploads\/usu834\/2026\/02\/d69cc3fd-bffa-4240-9667-c75d153cafc4-768x576.jpg 768w, https:\/\/agora.xtec.cat\/ceipcalderon\/wp-content\/uploads\/usu834\/2026\/02\/d69cc3fd-bffa-4240-9667-c75d153cafc4-1536x1152.jpg 1536w, https:\/\/agora.xtec.cat\/ceipcalderon\/wp-content\/uploads\/usu834\/2026\/02\/d69cc3fd-bffa-4240-9667-c75d153cafc4.jpg 1600w\" sizes=\"auto, (max-width: 1024px) 100vw, 1024px\" \/><\/figure><\/div>\n","protected":false},"excerpt":{"rendered":"<p>Fam\u00edlies a la tassa&nbsp;\u00e9s un espai mensual de trobada i di\u00e0leg adre\u00e7at a les fam\u00edlies de l\u2019escola Calder\u00f3n de la Barca. T\u00e9 com a objectiu refor\u00e7ar el vincle fam\u00edlia-escola i oferir un espai proper on compartir inquietuds, experi\u00e8ncies i estrat\u00e8gies educatives en un clima de confian\u00e7a. Les sessions es realitzen&nbsp;un cop al mes, alternant horari [&hellip;]<\/p>\n","protected":false},"author":1,"featured_media":13378,"parent":0,"menu_order":0,"comment_status":"closed","ping_status":"close","template":"","meta":{"_bbp_topic_count":0,"_bbp_reply_count":0,"_bbp_total_topic_count":0,"_bbp_total_reply_count":0,"_bbp_voice_count":0,"_bbp_anonymous_reply_count":0,"_bbp_topic_count_hidden":0,"_bbp_reply_count_hidden":0,"_bbp_forum_subforum_count":0,"site-sidebar-layout":"default","site-content-layout":"","ast-site-content-layout":"default","site-content-style":"default","site-sidebar-style":"default","ast-global-header-display":"","ast-banner-title-visibility":"","ast-main-header-display":"","ast-hfb-above-header-display":"","ast-hfb-below-header-display":"","ast-hfb-mobile-header-display":"","site-post-title":"disabled","ast-breadcrumbs-content":"","ast-featured-img":"","footer-sml-layout":"","theme-transparent-header-meta":"","adv-header-id-meta":"","stick-header-meta":"","header-above-stick-meta":"","header-main-stick-meta":"","header-below-stick-meta":"","astra-migrate-meta-layouts":"set","ast-page-background-enabled":"default","ast-page-background-meta":{"desktop":{"background-color":"var(--ast-global-color-4)","background-image":"","background-repeat":"repeat","background-position":"center center","background-size":"auto","background-attachment":"scroll","background-type":"","background-media":"","overlay-type":"","overlay-color":"","overlay-opacity":"","overlay-gradient":""},"tablet":{"background-color":"","background-image":"","background-repeat":"repeat","background-position":"center center","background-size":"auto","background-attachment":"scroll","background-type":"","background-media":"","overlay-type":"","overlay-color":"","overlay-opacity":"","overlay-gradient":""},"mobile":{"background-color":"","background-image":"","background-repeat":"repeat","background-position":"center center","background-size":"auto","background-attachment":"scroll","background-type":"","background-media":"","overlay-type":"","overlay-color":"","overlay-opacity":"","overlay-gradient":""}},"ast-content-background-meta":{"desktop":{"background-color":"var(--ast-global-color-5)","background-image":"","background-repeat":"repeat","background-position":"center center","background-size":"auto","background-attachment":"scroll","background-type":"","background-media":"","overlay-type":"","overlay-color":"","overlay-opacity":"","overlay-gradient":""},"tablet":{"background-color":"var(--ast-global-color-5)","background-image":"","background-repeat":"repeat","background-position":"center center","background-size":"auto","background-attachment":"scroll","background-type":"","background-media":"","overlay-type":"","overlay-color":"","overlay-opacity":"","overlay-gradient":""},"mobile":{"background-color":"var(--ast-global-color-5)","background-image":"","background-repeat":"repeat","background-position":"center center","background-size":"auto","background-attachment":"scroll","background-type":"","background-media":"","overlay-type":"","overlay-color":"","overlay-opacity":"","overlay-gradient":""}},"footnotes":""},"class_list":["post-13375","page","type-page","status-publish","has-post-thumbnail","hentry"],"post_mailing_queue_ids":[],"_links":{"self":[{"href":"https:\/\/agora.xtec.cat\/ceipcalderon\/wp-json\/wp\/v2\/pages\/13375","targetHints":{"allow":["GET"]}}],"collection":[{"href":"https:\/\/agora.xtec.cat\/ceipcalderon\/wp-json\/wp\/v2\/pages"}],"about":[{"href":"https:\/\/agora.xtec.cat\/ceipcalderon\/wp-json\/wp\/v2\/types\/page"}],"author":[{"embeddable":true,"href":"https:\/\/agora.xtec.cat\/ceipcalderon\/wp-json\/wp\/v2\/users\/1"}],"replies":[{"embeddable":true,"href":"https:\/\/agora.xtec.cat\/ceipcalderon\/wp-json\/wp\/v2\/comments?post=13375"}],"version-history":[{"count":5,"href":"https:\/\/agora.xtec.cat\/ceipcalderon\/wp-json\/wp\/v2\/pages\/13375\/revisions"}],"predecessor-version":[{"id":13384,"href":"https:\/\/agora.xtec.cat\/ceipcalderon\/wp-json\/wp\/v2\/pages\/13375\/revisions\/13384"}],"wp:featuredmedia":[{"embeddable":true,"href":"https:\/\/agora.xtec.cat\/ceipcalderon\/wp-json\/wp\/v2\/media\/13378"}],"wp:attachment":[{"href":"https:\/\/agora.xtec.cat\/ceipcalderon\/wp-json\/wp\/v2\/media?parent=13375"}],"curies":[{"name":"wp","href":"https:\/\/api.w.org\/{rel}","templated":true}]}}