{"id":10109,"date":"2022-01-25T13:06:47","date_gmt":"2022-01-25T12:06:47","guid":{"rendered":"https:\/\/agora.xtec.cat\/ceipcalderon\/?page_id=10109"},"modified":"2025-11-06T18:51:14","modified_gmt":"2025-11-06T17:51:14","slug":"promocions","status":"publish","type":"page","link":"https:\/\/agora.xtec.cat\/ceipcalderon\/promocions\/","title":{"rendered":"Infants"},"content":{"rendered":"<p>En aquest apartat podreu trobar el recull de les fotografies de l&#8217;alumnat agrupades pel seu any de naixement.<\/p>\n<p>Promocions actualment a l&#8217;Escola:<\/p>\n<h5 style=\"text-align: left;\"><span style=\"color: #3366ff;\">PROMOCI\u00d3 NASCUTS EL 2019<\/span><\/h5>\n<h5 style=\"text-align: left;\"><a href=\"https:\/\/agora.xtec.cat\/ceipcalderon\/categoria\/el-nostre-dia-a-dia\/promocio-nascuts-2018\/\"><span style=\"color: #ff9900;\">PROMOCI\u00d3 NASCUTS EL 2018<\/span><\/a><\/h5>\n<h5 style=\"text-align: left;\"><a href=\"https:\/\/agora.xtec.cat\/ceipcalderon\/categoria\/el-nostre-dia-a-dia\/promocio-nascuts-el-2017\/\"><span style=\"color: #3366ff;\">PROMOCI\u00d3 NASCUTS EL 2017<\/span><\/a><\/h5>\n<h5 style=\"text-align: left;\"><a href=\"https:\/\/agora.xtec.cat\/ceipcalderon\/categoria\/el-nostre-dia-a-dia\/promocio-nascuts-el-2016\/\"><span style=\"color: #ff9900;\">PROMOCI\u00d3 NASCUTS EL 2016<\/span><\/a><\/h5>\n<h5 style=\"text-align: left;\"><a href=\"https:\/\/agora.xtec.cat\/ceipcalderon\/categoria\/el-nostre-dia-a-dia\/promocio-nascuts-2015\/\"><span style=\"color: #3366ff;\">PROMOCI\u00d3 NASCUTS EL 2015<\/span><\/a><\/h5>\n<h5 style=\"text-align: left;\"><a href=\"https:\/\/agora.xtec.cat\/ceipcalderon\/categoria\/el-nostre-dia-a-dia\/promocio-nascuts-2014\/\"><span style=\"color: #ff9900;\">PROMOCI\u00d3 NASCUTS EL 2014<\/span><\/a><\/h5>\n<h5 style=\"text-align: left;\"><a href=\"https:\/\/agora.xtec.cat\/ceipcalderon\/categoria\/el-nostre-dia-a-dia\/promocio-nascuts-2013\/\"><span style=\"color: #3366ff;\">PROMOCI\u00d3 NASCUTS EL 2013<\/span><\/a><\/h5>\n<h5 style=\"text-align: left;\"><a href=\"https:\/\/agora.xtec.cat\/ceipcalderon\/categoria\/el-nostre-dia-a-dia\/promocio-nascuts-2012\/\"><span style=\"color: #ff9900;\">PROMOCI\u00d3 NASCUTS EL 2012<\/span><\/a><\/h5>\n<h5 style=\"text-align: left;\"><a href=\"https:\/\/agora.xtec.cat\/ceipcalderon\/categoria\/el-nostre-dia-a-dia\/promocio-nascuts-2011\/\"><span style=\"color: #3366ff;\">PROMOCI\u00d3 NASCUTS EL 2011<\/span><\/a><\/h5>\n<p>Promocions d&#8217;altres anys:<\/p>\n<p style=\"text-align: left;\"><a href=\"https:\/\/agora.xtec.cat\/ceipcalderon\/categoria\/el-nostre-dia-a-dia\/promocio-nascuts-2010\/\">PROMOCI\u00d3 NASCUTS EL 2010<\/a><\/p>\n<p><a href=\"https:\/\/agora.xtec.cat\/ceipcalderon\/categoria\/promocio-nascuts-2009\/\">PROMOCI\u00d3 NASCUTS EL 2009<\/a><\/p>\n<p><a href=\"https:\/\/agora.xtec.cat\/ceipcalderon\/categoria\/promocio-nascuts-2008\/\">PROMOCI\u00d3 NASCUTS EL 2008<\/a><\/p>\n<p><a href=\"https:\/\/agora.xtec.cat\/ceipcalderon\/categoria\/promocio-nascuts-2007\/\">PROMOCI\u00d3 NASCUTS EL 2007<\/a><\/p>\n<p><a href=\"https:\/\/agora.xtec.cat\/ceipcalderon\/categoria\/promocio-nascuts-2006\/\">PROMOCI\u00d3 NASCUTS EL 2006<\/a><\/p>\n","protected":false},"excerpt":{"rendered":"<p>En aquest apartat podreu trobar el recull de les fotografies de l&#8217;alumnat agrupades pel seu any de naixement. Promocions actualment a l&#8217;Escola: PROMOCI\u00d3 NASCUTS EL 2019 PROMOCI\u00d3 NASCUTS EL 2018 PROMOCI\u00d3 NASCUTS EL 2017 PROMOCI\u00d3 NASCUTS EL 2016 PROMOCI\u00d3 NASCUTS EL 2015 PROMOCI\u00d3 NASCUTS EL 2014 PROMOCI\u00d3 NASCUTS EL 2013 PROMOCI\u00d3 NASCUTS EL 2012 PROMOCI\u00d3 [&hellip;]<\/p>\n","protected":false},"author":1,"featured_media":0,"parent":0,"menu_order":0,"comment_status":"closed","ping_status":"closed","template":"","meta":{"_bbp_topic_count":0,"_bbp_reply_count":0,"_bbp_total_topic_count":0,"_bbp_total_reply_count":0,"_bbp_voice_count":0,"_bbp_anonymous_reply_count":0,"_bbp_topic_count_hidden":0,"_bbp_reply_count_hidden":0,"_bbp_forum_subforum_count":0,"site-sidebar-layout":"default","site-content-layout":"","ast-site-content-layout":"default","site-content-style":"default","site-sidebar-style":"default","ast-global-header-display":"","ast-banner-title-visibility":"","ast-main-header-display":"","ast-hfb-above-header-display":"","ast-hfb-below-header-display":"","ast-hfb-mobile-header-display":"","site-post-title":"","ast-breadcrumbs-content":"","ast-featured-img":"","footer-sml-layout":"","theme-transparent-header-meta":"","adv-header-id-meta":"","stick-header-meta":"","header-above-stick-meta":"","header-main-stick-meta":"","header-below-stick-meta":"","astra-migrate-meta-layouts":"set","ast-page-background-enabled":"default","ast-page-background-meta":{"desktop":{"background-color":"var(--ast-global-color-4)","background-image":"","background-repeat":"repeat","background-position":"center center","background-size":"auto","background-attachment":"scroll","background-type":"","background-media":"","overlay-type":"","overlay-color":"","overlay-opacity":"","overlay-gradient":""},"tablet":{"background-color":"","background-image":"","background-repeat":"repeat","background-position":"center center","background-size":"auto","background-attachment":"scroll","background-type":"","background-media":"","overlay-type":"","overlay-color":"","overlay-opacity":"","overlay-gradient":""},"mobile":{"background-color":"","background-image":"","background-repeat":"repeat","background-position":"center center","background-size":"auto","background-attachment":"scroll","background-type":"","background-media":"","overlay-type":"","overlay-color":"","overlay-opacity":"","overlay-gradient":""}},"ast-content-background-meta":{"desktop":{"background-color":"var(--ast-global-color-5)","background-image":"","background-repeat":"repeat","background-position":"center center","background-size":"auto","background-attachment":"scroll","background-type":"","background-media":"","overlay-type":"","overlay-color":"","overlay-opacity":"","overlay-gradient":""},"tablet":{"background-color":"var(--ast-global-color-5)","background-image":"","background-repeat":"repeat","background-position":"center center","background-size":"auto","background-attachment":"scroll","background-type":"","background-media":"","overlay-type":"","overlay-color":"","overlay-opacity":"","overlay-gradient":""},"mobile":{"background-color":"var(--ast-global-color-5)","background-image":"","background-repeat":"repeat","background-position":"center center","background-size":"auto","background-attachment":"scroll","background-type":"","background-media":"","overlay-type":"","overlay-color":"","overlay-opacity":"","overlay-gradient":""}},"footnotes":""},"class_list":["post-10109","page","type-page","status-publish","hentry"],"post_mailing_queue_ids":[],"_links":{"self":[{"href":"https:\/\/agora.xtec.cat\/ceipcalderon\/wp-json\/wp\/v2\/pages\/10109","targetHints":{"allow":["GET"]}}],"collection":[{"href":"https:\/\/agora.xtec.cat\/ceipcalderon\/wp-json\/wp\/v2\/pages"}],"about":[{"href":"https:\/\/agora.xtec.cat\/ceipcalderon\/wp-json\/wp\/v2\/types\/page"}],"author":[{"embeddable":true,"href":"https:\/\/agora.xtec.cat\/ceipcalderon\/wp-json\/wp\/v2\/users\/1"}],"replies":[{"embeddable":true,"href":"https:\/\/agora.xtec.cat\/ceipcalderon\/wp-json\/wp\/v2\/comments?post=10109"}],"version-history":[{"count":4,"href":"https:\/\/agora.xtec.cat\/ceipcalderon\/wp-json\/wp\/v2\/pages\/10109\/revisions"}],"predecessor-version":[{"id":12890,"href":"https:\/\/agora.xtec.cat\/ceipcalderon\/wp-json\/wp\/v2\/pages\/10109\/revisions\/12890"}],"wp:attachment":[{"href":"https:\/\/agora.xtec.cat\/ceipcalderon\/wp-json\/wp\/v2\/media?parent=10109"}],"curies":[{"name":"wp","href":"https:\/\/api.w.org\/{rel}","templated":true}]}}