{"id":962,"date":"2019-10-25T09:58:26","date_gmt":"2019-10-25T07:58:26","guid":{"rendered":"http:\/\/agora.xtec.cat\/ceipcal-lipolis\/?page_id=962"},"modified":"2022-05-30T09:24:41","modified_gmt":"2022-05-30T07:24:41","slug":"projecte-linguistic","status":"publish","type":"page","link":"https:\/\/agora.xtec.cat\/ceipcal-lipolis\/projecte-educatiu\/projecte-linguistic\/","title":{"rendered":"Projecte ling\u00fc\u00edstic"},"content":{"rendered":"<p>A continuaci\u00f3 teniu enlla\u00e7at el nostre projecte ling\u00fc\u00edstic:<\/p>\n<p><img loading=\"lazy\" decoding=\"async\" class=\"alignleft wp-image-849 size-full\" src=\"https:\/\/agora.xtec.cat\/ceipcal-lipolis\/wp-content\/uploads\/usu1529\/2019\/03\/027.png\" alt=\"\" width=\"237\" height=\"198\" \/><\/p>\n<p>&nbsp;<\/p>\n","protected":false},"excerpt":{"rendered":"<p>A continuaci\u00f3 teniu enlla\u00e7at el nostre projecte ling\u00fc\u00edstic:<\/p>\n<p>&nbsp;<\/p>\n","protected":false},"author":1,"featured_media":0,"parent":64,"menu_order":0,"comment_status":"closed","ping_status":"closed","template":"page-templates\/side-menu.php","meta":{"_bbp_topic_count":0,"_bbp_reply_count":0,"_bbp_total_topic_count":0,"_bbp_total_reply_count":0,"_bbp_voice_count":0,"_bbp_anonymous_reply_count":0,"_bbp_topic_count_hidden":0,"_bbp_reply_count_hidden":0,"_bbp_forum_subforum_count":0,"footnotes":""},"class_list":["post-962","page","type-page","status-publish","hentry"],"post_mailing_queue_ids":[],"_links":{"self":[{"href":"https:\/\/agora.xtec.cat\/ceipcal-lipolis\/wp-json\/wp\/v2\/pages\/962","targetHints":{"allow":["GET"]}}],"collection":[{"href":"https:\/\/agora.xtec.cat\/ceipcal-lipolis\/wp-json\/wp\/v2\/pages"}],"about":[{"href":"https:\/\/agora.xtec.cat\/ceipcal-lipolis\/wp-json\/wp\/v2\/types\/page"}],"author":[{"embeddable":true,"href":"https:\/\/agora.xtec.cat\/ceipcal-lipolis\/wp-json\/wp\/v2\/users\/1"}],"replies":[{"embeddable":true,"href":"https:\/\/agora.xtec.cat\/ceipcal-lipolis\/wp-json\/wp\/v2\/comments?post=962"}],"version-history":[{"count":3,"href":"https:\/\/agora.xtec.cat\/ceipcal-lipolis\/wp-json\/wp\/v2\/pages\/962\/revisions"}],"predecessor-version":[{"id":3239,"href":"https:\/\/agora.xtec.cat\/ceipcal-lipolis\/wp-json\/wp\/v2\/pages\/962\/revisions\/3239"}],"up":[{"embeddable":true,"href":"https:\/\/agora.xtec.cat\/ceipcal-lipolis\/wp-json\/wp\/v2\/pages\/64"}],"wp:attachment":[{"href":"https:\/\/agora.xtec.cat\/ceipcal-lipolis\/wp-json\/wp\/v2\/media?parent=962"}],"curies":[{"name":"wp","href":"https:\/\/api.w.org\/{rel}","templated":true}]}}