{"id":87,"date":"2014-09-18T14:28:12","date_gmt":"2014-09-18T13:28:12","guid":{"rendered":"http:\/\/agora.xtec.cat\/ceipcal-lipolis\/?page_id=87"},"modified":"2023-03-30T10:29:41","modified_gmt":"2023-03-30T08:29:41","slug":"nivells","status":"publish","type":"page","link":"https:\/\/agora.xtec.cat\/ceipcal-lipolis\/nivells\/","title":{"rendered":"Nivells"},"content":{"rendered":"<p>De I3 a 6\u00e8 cada nivell t\u00e9 una p\u00e0gina pr\u00f2pia, que es creen mitjan\u00e7ant les categories.<\/p>\n<p>Les categories es defineixen des del men\u00fa de les entrades del blog. Paral\u00b7lelament als nivells tamb\u00e9 es poden definir m\u00e9s categories.<\/p>\n<p><span style=\"text-decoration: underline;\"><strong>INFANTIL<\/strong><\/span><\/p>\n<p><a href=\"http:\/\/agora.xtec.cat\/ceipcal-lipolis\/categoria\/infantil\/p3\/\">I3<\/a><\/p>\n<p><a href=\"http:\/\/agora.xtec.cat\/ceipcal-lipolis\/categoria\/infantil\/p4\/\">I4<\/a><\/p>\n<p><a href=\"http:\/\/agora.xtec.cat\/ceipcal-lipolis\/categoria\/infantil\/p5\/\">I5<\/a><\/p>\n<p><span style=\"text-decoration: underline;\"><strong>PRIM\u00c0RIA<\/strong><\/span><\/p>\n<p><a href=\"http:\/\/agora.xtec.cat\/ceipcal-lipolis\/categoria\/primaria\/1r\/\">1r<\/a><\/p>\n<p><a href=\"http:\/\/agora.xtec.cat\/ceipcal-lipolis\/categoria\/primaria\/2n\/\">2n<\/a><\/p>\n<p><a href=\"http:\/\/agora.xtec.cat\/ceipcal-lipolis\/categoria\/primaria\/3r\/\">3r<\/a><\/p>\n<p><a href=\"http:\/\/agora.xtec.cat\/ceipcal-lipolis\/categoria\/primaria\/4t\/\">4t<\/a><\/p>\n<p><a href=\"http:\/\/agora.xtec.cat\/ceipcal-lipolis\/categoria\/primaria\/5e\/\">5\u00e8<\/a><\/p>\n<p><a href=\"http:\/\/agora.xtec.cat\/ceipcal-lipolis\/categoria\/primaria\/6e\/\">6\u00e8<\/a><\/p>\n<p><span style=\"text-decoration: underline;\"><strong>ESPECIALITATS<\/strong><\/span><\/p>\n<p><a href=\"http:\/\/agora.xtec.cat\/ceipcal-lipolis\/categoria\/musica\/\">M\u00fasica<\/a><\/p>\n<p><a href=\"http:\/\/agora.xtec.cat\/ceipcal-lipolis\/categoria\/english\/\">English<\/a><\/p>\n<p><a href=\"http:\/\/agora.xtec.cat\/ceipcal-lipolis\/categoria\/fisica\/\">Ed. F\u00edsica<\/a><\/p>\n<p>&nbsp;<\/p>\n","protected":false},"excerpt":{"rendered":"<p>De I3 a 6\u00e8 cada nivell t\u00e9 una p\u00e0gina pr\u00f2pia, que es creen mitjan\u00e7ant les categories.<br \/>\nLes categories es defineixen des del men\u00fa de les entrades del blog. Paral\u00b7lelament als nivells tamb\u00e9 es poden definir m\u00e9s categories.<br \/>\nINFANTIL<br \/>\n<a href=\"http:\/\/agora.xtec.cat\/ceipcal-lipolis\/categoria\/infantil\/p3\/\">I3<\/a><br \/>\n<a href=\"http:\/\/agora.xtec.cat\/ceipcal-lipolis\/categoria\/infantil\/p4\/\">I4<\/a><br \/>\n<a href=\"http:\/\/agora.xtec.cat\/ceipcal-lipolis\/categoria\/infantil\/p5\/\">I5<\/a><br \/>\nPRIM\u00c0RIA<br \/>\n<a href=\"http:\/\/agora.xtec.cat\/ceipcal-lipolis\/categoria\/primaria\/1r\/\">1r<\/a><br \/>\n<a href=\"http:\/\/agora.xtec.cat\/ceipcal-lipolis\/categoria\/primaria\/2n\/\">2n<\/a><br \/>\n<a href=\"http:\/\/agora.xtec.cat\/ceipcal-lipolis\/categoria\/primaria\/3r\/\">3r<\/a><br \/>\n<a href=\"http:\/\/agora.xtec.cat\/ceipcal-lipolis\/categoria\/primaria\/4t\/\">4t<\/a><br \/>\n<a href=\"http:\/\/agora.xtec.cat\/ceipcal-lipolis\/categoria\/primaria\/5e\/\">5\u00e8<\/a><br \/>\n<a href=\"http:\/\/agora.xtec.cat\/ceipcal-lipolis\/categoria\/primaria\/6e\/\">6\u00e8<\/a><br \/>\nESPECIALITATS<br \/>\n<a&hellip;  <a href=\"https:\/\/agora.xtec.cat\/ceipcal-lipolis\/nivells\/\" title=\"Read Nivells\">Llegeix m\u00e9s\u00bb<\/a><\/p>\n","protected":false},"author":1,"featured_media":0,"parent":0,"menu_order":0,"comment_status":"closed","ping_status":"closed","template":"page-templates\/side-menu.php","meta":{"_bbp_topic_count":0,"_bbp_reply_count":0,"_bbp_total_topic_count":0,"_bbp_total_reply_count":0,"_bbp_voice_count":0,"_bbp_anonymous_reply_count":0,"_bbp_topic_count_hidden":0,"_bbp_reply_count_hidden":0,"_bbp_forum_subforum_count":0,"footnotes":""},"class_list":["post-87","page","type-page","status-publish","hentry"],"post_mailing_queue_ids":[],"_links":{"self":[{"href":"https:\/\/agora.xtec.cat\/ceipcal-lipolis\/wp-json\/wp\/v2\/pages\/87","targetHints":{"allow":["GET"]}}],"collection":[{"href":"https:\/\/agora.xtec.cat\/ceipcal-lipolis\/wp-json\/wp\/v2\/pages"}],"about":[{"href":"https:\/\/agora.xtec.cat\/ceipcal-lipolis\/wp-json\/wp\/v2\/types\/page"}],"author":[{"embeddable":true,"href":"https:\/\/agora.xtec.cat\/ceipcal-lipolis\/wp-json\/wp\/v2\/users\/1"}],"replies":[{"embeddable":true,"href":"https:\/\/agora.xtec.cat\/ceipcal-lipolis\/wp-json\/wp\/v2\/comments?post=87"}],"version-history":[{"count":3,"href":"https:\/\/agora.xtec.cat\/ceipcal-lipolis\/wp-json\/wp\/v2\/pages\/87\/revisions"}],"predecessor-version":[{"id":4049,"href":"https:\/\/agora.xtec.cat\/ceipcal-lipolis\/wp-json\/wp\/v2\/pages\/87\/revisions\/4049"}],"wp:attachment":[{"href":"https:\/\/agora.xtec.cat\/ceipcal-lipolis\/wp-json\/wp\/v2\/media?parent=87"}],"curies":[{"name":"wp","href":"https:\/\/api.w.org\/{rel}","templated":true}]}}