{"id":73,"date":"2014-09-18T14:01:51","date_gmt":"2014-09-18T13:01:51","guid":{"rendered":"http:\/\/agora.xtec.cat\/ceipcal-lipolis\/?page_id=73"},"modified":"2026-04-08T11:27:20","modified_gmt":"2026-04-08T09:27:20","slug":"menjador-escolar","status":"publish","type":"page","link":"https:\/\/agora.xtec.cat\/ceipcal-lipolis\/serveis\/menjador-escolar\/","title":{"rendered":"Menjador escolar"},"content":{"rendered":"<p style=\"font-weight: 400;\">Aquest any la gesti\u00f3 del menjador escolar la dur\u00e0 a terme l&#8217;empresa: \u00c0gora Col\u00b7lectivitats.<\/p>\n<p>Si voleu visitar el seu WEB podeu fer clic <a href=\"https:\/\/agoracat.com\/\" target=\"_blank\" rel=\"noopener\">AQU\u00cd<\/a><\/p>\n<p>Per veure els diferents men\u00fas del mes podeu fer clic en <a href=\"https:\/\/drive.google.com\/file\/d\/1AJua7IffatNOlEmN2yajeEDWafi7VkZV\/view?usp=drive_link\">AQUEST ENLLA\u00c7<\/a><\/p>\n<p>&nbsp;<\/p>\n","protected":false},"excerpt":{"rendered":"<p>Aquest any la gesti\u00f3 del menjador escolar la dur\u00e0 a terme l&#8217;empresa: \u00c0gora Col\u00b7lectivitats.<br \/>\nSi voleu visitar el seu WEB podeu fer clic <a href=\"https:\/\/agoracat.com\/\" target=\"_blank\" rel=\"noopener\">AQU\u00cd<\/a><br \/>\nPer veure els diferents men\u00fas del mes podeu fer clic en <a href=\"https:\/\/drive.google.com\/file\/d\/1AJua7IffatNOlEmN2yajeEDWafi7VkZV\/view?usp=drive_link\">AQUEST ENLLA\u00c7<\/a><br \/>\n&nbsp;<\/p>\n","protected":false},"author":1,"featured_media":0,"parent":66,"menu_order":30,"comment_status":"closed","ping_status":"closed","template":"page-templates\/side-menu.php","meta":{"_bbp_topic_count":0,"_bbp_reply_count":0,"_bbp_total_topic_count":0,"_bbp_total_reply_count":0,"_bbp_voice_count":0,"_bbp_anonymous_reply_count":0,"_bbp_topic_count_hidden":0,"_bbp_reply_count_hidden":0,"_bbp_forum_subforum_count":0,"footnotes":""},"class_list":["post-73","page","type-page","status-publish","hentry"],"post_mailing_queue_ids":[],"_links":{"self":[{"href":"https:\/\/agora.xtec.cat\/ceipcal-lipolis\/wp-json\/wp\/v2\/pages\/73","targetHints":{"allow":["GET"]}}],"collection":[{"href":"https:\/\/agora.xtec.cat\/ceipcal-lipolis\/wp-json\/wp\/v2\/pages"}],"about":[{"href":"https:\/\/agora.xtec.cat\/ceipcal-lipolis\/wp-json\/wp\/v2\/types\/page"}],"author":[{"embeddable":true,"href":"https:\/\/agora.xtec.cat\/ceipcal-lipolis\/wp-json\/wp\/v2\/users\/1"}],"replies":[{"embeddable":true,"href":"https:\/\/agora.xtec.cat\/ceipcal-lipolis\/wp-json\/wp\/v2\/comments?post=73"}],"version-history":[{"count":7,"href":"https:\/\/agora.xtec.cat\/ceipcal-lipolis\/wp-json\/wp\/v2\/pages\/73\/revisions"}],"predecessor-version":[{"id":6142,"href":"https:\/\/agora.xtec.cat\/ceipcal-lipolis\/wp-json\/wp\/v2\/pages\/73\/revisions\/6142"}],"up":[{"embeddable":true,"href":"https:\/\/agora.xtec.cat\/ceipcal-lipolis\/wp-json\/wp\/v2\/pages\/66"}],"wp:attachment":[{"href":"https:\/\/agora.xtec.cat\/ceipcal-lipolis\/wp-json\/wp\/v2\/media?parent=73"}],"curies":[{"name":"wp","href":"https:\/\/api.w.org\/{rel}","templated":true}]}}