{"id":38,"date":"2014-09-18T12:34:08","date_gmt":"2014-09-18T11:34:08","guid":{"rendered":"http:\/\/agora.xtec.cat\/ceipcal-lipolis\/?page_id=38"},"modified":"2017-09-13T18:38:56","modified_gmt":"2017-09-13T16:38:56","slug":"salut","status":"publish","type":"page","link":"https:\/\/agora.xtec.cat\/ceipcal-lipolis\/lescola\/salut\/","title":{"rendered":"Salut \/ Medicaments"},"content":{"rendered":"<p>Aquesta responsabilitat no pertoca al centre, sin\u00f3 de les fam\u00edlies.\u00a0<strong>Els tractaments m\u00e8dics especials, espor\u00e0dics i estrictament necessaris hauran de ser comunicats, per escrit, al tutor\/a.\u00a0<\/strong>Aquest es posar\u00e0 d&#8217;acord amb la fam\u00edlia.<\/p>\n<p>Cal posar el nom de medicament, omplir el full de dades que es facilitar\u00e0 a secretria i adjuntar\u00a0<strong>prescripci\u00f3 m\u00e8dica.\u00a0<\/strong><span style=\"text-decoration: underline;\">Sense aquest full i la prescripci\u00f3 m\u00e8dica el centre NO administrar\u00e0 cap medicament.<\/span><\/p>\n<p>&nbsp;<\/p>\n<p>&nbsp;<\/p>\n<p>&nbsp;<\/p>\n<p>&nbsp;<\/p>\n<p>&nbsp;<\/p>\n<p>&nbsp;<\/p>\n","protected":false},"excerpt":{"rendered":"<p>Aquesta responsabilitat no pertoca al centre, sin\u00f3 de les fam\u00edlies.\u00a0Els tractaments m\u00e8dics especials, espor\u00e0dics i estrictament necessaris hauran de ser comunicats, per escrit, al tutor\/a.\u00a0Aquest es posar\u00e0 d&#8217;acord amb la fam\u00edlia.<br \/>\nCal posar el nom de medicament, omplir el full de dades que es facilitar\u00e0 a&hellip;  <a href=\"https:\/\/agora.xtec.cat\/ceipcal-lipolis\/lescola\/salut\/\" title=\"Read Salut \/ Medicaments\">Llegeix m\u00e9s\u00bb<\/a><\/p>\n","protected":false},"author":1,"featured_media":0,"parent":22,"menu_order":80,"comment_status":"closed","ping_status":"closed","template":"page-templates\/side-menu.php","meta":{"_bbp_topic_count":0,"_bbp_reply_count":0,"_bbp_total_topic_count":0,"_bbp_total_reply_count":0,"_bbp_voice_count":0,"_bbp_anonymous_reply_count":0,"_bbp_topic_count_hidden":0,"_bbp_reply_count_hidden":0,"_bbp_forum_subforum_count":0,"footnotes":""},"class_list":["post-38","page","type-page","status-publish","hentry"],"post_mailing_queue_ids":[],"_links":{"self":[{"href":"https:\/\/agora.xtec.cat\/ceipcal-lipolis\/wp-json\/wp\/v2\/pages\/38","targetHints":{"allow":["GET"]}}],"collection":[{"href":"https:\/\/agora.xtec.cat\/ceipcal-lipolis\/wp-json\/wp\/v2\/pages"}],"about":[{"href":"https:\/\/agora.xtec.cat\/ceipcal-lipolis\/wp-json\/wp\/v2\/types\/page"}],"author":[{"embeddable":true,"href":"https:\/\/agora.xtec.cat\/ceipcal-lipolis\/wp-json\/wp\/v2\/users\/1"}],"replies":[{"embeddable":true,"href":"https:\/\/agora.xtec.cat\/ceipcal-lipolis\/wp-json\/wp\/v2\/comments?post=38"}],"version-history":[{"count":3,"href":"https:\/\/agora.xtec.cat\/ceipcal-lipolis\/wp-json\/wp\/v2\/pages\/38\/revisions"}],"predecessor-version":[{"id":541,"href":"https:\/\/agora.xtec.cat\/ceipcal-lipolis\/wp-json\/wp\/v2\/pages\/38\/revisions\/541"}],"up":[{"embeddable":true,"href":"https:\/\/agora.xtec.cat\/ceipcal-lipolis\/wp-json\/wp\/v2\/pages\/22"}],"wp:attachment":[{"href":"https:\/\/agora.xtec.cat\/ceipcal-lipolis\/wp-json\/wp\/v2\/media?parent=38"}],"curies":[{"name":"wp","href":"https:\/\/api.w.org\/{rel}","templated":true}]}}