{"id":36,"date":"2024-10-29T12:33:11","date_gmt":"2024-10-29T11:33:11","guid":{"rendered":"http:\/\/agora.xtec.cat\/ceipcal-lipolis\/?page_id=36"},"modified":"2025-09-24T15:01:24","modified_gmt":"2025-09-24T13:01:24","slug":"material-escolar","status":"publish","type":"page","link":"https:\/\/agora.xtec.cat\/ceipcal-lipolis\/lescola\/material-escolar\/","title":{"rendered":"Material escolar"},"content":{"rendered":"<p>Descripci\u00f3 i enumeraci\u00f3 del material escolar que els alumnes i fam\u00edlies necessitaran per al nivell educatiu corresponent, \u00e9s recomanable diferenciar les diferents tipologies de material escolar necessari (llibres de text, lectures, dispositius digitals, material de taller, de dibuix\u2026). Aqu\u00ed us deixem els llistats dels materials de cada curs.<\/p>\n<table style=\"border-collapse: collapse; width: 100%; height: 340px;\">\n<tbody>\n<tr style=\"height: 49px;\">\n<td style=\"width: 50%; text-align: center; height: 49px;\">\n<h2><strong>LLISTAT MATERIAL\u00a0<\/strong><\/h2>\n<\/td>\n<td style=\"width: 50%; text-align: center; height: 49px;\">\n<h2><strong>LLISTAT MATERIAL\u00a0<\/strong><\/h2>\n<h2><strong> MATR\u00cdCULES NOVES\u00a0<\/strong><\/h2>\n<\/td>\n<\/tr>\n<tr style=\"height: 33px;\">\n<td style=\"width: 50%; height: 33px; text-align: center;\"><span style=\"font-size: 16px; background-color: #ffffff;\">I3\u00a0<\/span><a href=\"https:\/\/drive.google.com\/file\/d\/1ybHfknTvQ5banE3uGqzst9bRYCZi5cOr\/view?usp=drive_link\"><strong style=\"font-size: 16px; background-color: #ffffff;\">llistat material\u00a0<\/strong><\/a><\/td>\n<td style=\"width: 50%; height: 33px; text-align: center;\">I3 <a href=\"https:\/\/drive.google.com\/file\/d\/14Gqz29zmTcPw-Hk7qqu6uMPOExmDR-TP\/view?usp=drive_link\">llistat matr\u00edcules noves<\/a><\/td>\n<\/tr>\n<tr style=\"height: 33px;\">\n<td style=\"width: 50%; height: 33px; text-align: center;\"><span style=\"font-size: 16px;\">I4\u00a0<\/span><a href=\"https:\/\/drive.google.com\/file\/d\/1xidLNY_DkBt0g2z5gTHeLndgl7_uGYRP\/view?usp=drive_link\"><strong style=\"font-size: 16px;\">llistat material<\/strong><\/a><\/td>\n<td style=\"width: 50%; height: 33px; text-align: center;\">I4 <a href=\"https:\/\/drive.google.com\/file\/d\/19Gf7Io8EU3zG6Jnc1ustuuWrdWNlXetK\/view?usp=drive_link\">llistat matr\u00edcules noves<\/a><\/td>\n<\/tr>\n<tr style=\"height: 33px;\">\n<td style=\"width: 50%; height: 33px; text-align: center;\"><span style=\"font-size: 16px; background-color: #ffffff;\">I5\u00a0<\/span><a href=\"https:\/\/drive.google.com\/file\/d\/1ZdqeI6Kvjua61lmM2bej0dI0PzAApzrQ\/view?usp=drive_link\"><strong style=\"font-size: 16px; background-color: #ffffff;\">l<\/strong><\/a><a href=\"https:\/\/drive.google.com\/file\/d\/1yPuhhRM_hdWx6U4PI-TNtqqQi0AjG_ly\/view?usp=drive_link\"><strong style=\"font-size: 16px; background-color: #ffffff;\">listat material<\/strong><\/a><\/td>\n<td style=\"width: 50%; height: 33px; text-align: center;\">I5 <a href=\"https:\/\/drive.google.com\/file\/d\/1cVUbg1jYxFd68Bx-QAfMSZ6cpsY7rjkM\/view?usp=drive_link\">llistat matr\u00edcules noves<\/a><\/td>\n<\/tr>\n<tr style=\"height: 33px;\">\n<td style=\"width: 50%; height: 33px; text-align: center;\"><span style=\"font-size: 16px;\">1r <\/span><a href=\"https:\/\/drive.google.com\/file\/d\/1S-8bp6JSfU14k8SMoRUy0Igsmz04fPeN\/view?usp=drive_link\"><strong style=\"font-size: 16px;\">llistat material<\/strong><\/a><\/td>\n<td style=\"width: 50%; height: 33px; text-align: center;\">1r <a href=\"https:\/\/drive.google.com\/file\/d\/1Vun7Nlta1H7vs7iDFZ7t241PLfbjgDc4\/view?usp=drive_link\">llistat matr\u00edcules noves<\/a><\/td>\n<\/tr>\n<tr style=\"height: 33px;\">\n<td style=\"width: 50%; height: 33px; text-align: center;\"><span style=\"font-size: 16px; background-color: #ffffff;\">2n<\/span><strong style=\"font-size: 16px; background-color: #ffffff;\">\u00a0<a href=\"https:\/\/drive.google.com\/file\/d\/1vehTEN1SngN9ZLh6e961LXxiwJVxxCVS\/view?usp=drive_link\">llistat material<\/a><\/strong><\/td>\n<td style=\"width: 50%; height: 33px; text-align: center;\">2n llistat matr\u00edcules noves<\/td>\n<\/tr>\n<tr style=\"height: 33px;\">\n<td style=\"width: 50%; height: 33px; text-align: center;\"><span style=\"font-size: 16px;\">3r<\/span><strong style=\"font-size: 16px;\">\u00a0<a href=\"https:\/\/drive.google.com\/file\/d\/1h5BfRK43p8QZ0jK0iUQxJ7yHt3b-PO2t\/view?usp=drive_link\">llistat material<\/a><\/strong><\/td>\n<td style=\"width: 50%; height: 33px; text-align: center;\">3r <a href=\"https:\/\/drive.google.com\/file\/d\/1aPDL9klMHnpvZiIgT_ON5_joPo-YyQPw\/view?usp=drive_link\">llistat matr\u00edcules noves<\/a><\/td>\n<\/tr>\n<tr style=\"height: 33px;\">\n<td style=\"width: 50%; height: 33px; text-align: center;\"><span style=\"font-size: 16px; background-color: #ffffff;\">4t\u00a0<\/span><a href=\"https:\/\/drive.google.com\/file\/d\/1RHThu9uK3x9SnvrIBIgo74iEz4qTXNMA\/view?usp=drive_link\"><strong style=\"font-size: 16px; background-color: #ffffff;\">llistat material<\/strong><\/a><\/td>\n<td style=\"width: 50%; height: 33px; text-align: center;\">4t <a href=\"https:\/\/drive.google.com\/file\/d\/1PZveF0lK4LB15O6l0PNivfZKRpE1EZVM\/view?usp=drive_link\">llistat matr\u00edcules noves<\/a><\/td>\n<\/tr>\n<tr style=\"height: 33px;\">\n<td style=\"width: 50%; height: 33px; text-align: center;\"><span style=\"font-size: 16px;\">5\u00e8<\/span><strong style=\"font-size: 16px;\">\u00a0<a href=\"https:\/\/drive.google.com\/file\/d\/12iXuDEhyJYBaYiIsbNFAflZo6-QC8fNs\/view?usp=drive_link\">llistat material<\/a><\/strong><\/td>\n<td style=\"width: 50%; height: 33px; text-align: center;\">5\u00e8 <a href=\"https:\/\/drive.google.com\/file\/d\/1BsUxx6L6CVMrx23WnvW04Q7cKectLrqV\/view?usp=drive_link\">llistat matr\u00edcules noves<\/a><\/td>\n<\/tr>\n<tr style=\"height: 33px;\">\n<td style=\"width: 50%; height: 27px; text-align: center;\"><span style=\"font-size: 16px; background-color: #ffffff;\">6\u00e8\u00a0<\/span><a href=\"https:\/\/drive.google.com\/file\/d\/1NdwKAGFvK-Y6pn8T6XVmGmwTFttbWRnS\/view?usp=drive_link\"><strong style=\"font-size: 16px; background-color: #ffffff;\">llistat material<\/strong><\/a><\/td>\n<td style=\"width: 50%; height: 27px; text-align: center;\">6\u00e8 <a href=\"https:\/\/drive.google.com\/file\/d\/1xwig3Unvu1FF6oOHBY5gvMG0qkVPHQz_\/view?usp=drive_link\">llistat matr\u00edcules noves<\/a><\/td>\n<\/tr>\n<\/tbody>\n<\/table>\n","protected":false},"excerpt":{"rendered":"<p>Descripci\u00f3 i enumeraci\u00f3 del material escolar que els alumnes i fam\u00edlies necessitaran per al nivell educatiu corresponent, \u00e9s recomanable diferenciar les diferents tipologies de material escolar necessari (llibres de text, lectures, dispositius digitals, material de taller, de dibuix\u2026). Aqu\u00ed us deixem els llistats dels materials&hellip;  <a href=\"https:\/\/agora.xtec.cat\/ceipcal-lipolis\/lescola\/material-escolar\/\" title=\"Read Material escolar\">Llegeix m\u00e9s\u00bb<\/a><\/p>\n","protected":false},"author":1,"featured_media":0,"parent":22,"menu_order":70,"comment_status":"closed","ping_status":"closed","template":"page-templates\/side-menu.php","meta":{"_bbp_topic_count":0,"_bbp_reply_count":0,"_bbp_total_topic_count":0,"_bbp_total_reply_count":0,"_bbp_voice_count":0,"_bbp_anonymous_reply_count":0,"_bbp_topic_count_hidden":0,"_bbp_reply_count_hidden":0,"_bbp_forum_subforum_count":0,"footnotes":""},"class_list":["post-36","page","type-page","status-publish","hentry"],"post_mailing_queue_ids":[],"_links":{"self":[{"href":"https:\/\/agora.xtec.cat\/ceipcal-lipolis\/wp-json\/wp\/v2\/pages\/36","targetHints":{"allow":["GET"]}}],"collection":[{"href":"https:\/\/agora.xtec.cat\/ceipcal-lipolis\/wp-json\/wp\/v2\/pages"}],"about":[{"href":"https:\/\/agora.xtec.cat\/ceipcal-lipolis\/wp-json\/wp\/v2\/types\/page"}],"author":[{"embeddable":true,"href":"https:\/\/agora.xtec.cat\/ceipcal-lipolis\/wp-json\/wp\/v2\/users\/1"}],"replies":[{"embeddable":true,"href":"https:\/\/agora.xtec.cat\/ceipcal-lipolis\/wp-json\/wp\/v2\/comments?post=36"}],"version-history":[{"count":6,"href":"https:\/\/agora.xtec.cat\/ceipcal-lipolis\/wp-json\/wp\/v2\/pages\/36\/revisions"}],"predecessor-version":[{"id":5503,"href":"https:\/\/agora.xtec.cat\/ceipcal-lipolis\/wp-json\/wp\/v2\/pages\/36\/revisions\/5503"}],"up":[{"embeddable":true,"href":"https:\/\/agora.xtec.cat\/ceipcal-lipolis\/wp-json\/wp\/v2\/pages\/22"}],"wp:attachment":[{"href":"https:\/\/agora.xtec.cat\/ceipcal-lipolis\/wp-json\/wp\/v2\/media?parent=36"}],"curies":[{"name":"wp","href":"https:\/\/api.w.org\/{rel}","templated":true}]}}