{"id":3143,"date":"2022-05-19T15:04:35","date_gmt":"2022-05-19T13:04:35","guid":{"rendered":"https:\/\/agora.xtec.cat\/ceipcal-lipolis\/?page_id=3143"},"modified":"2022-05-19T15:15:51","modified_gmt":"2022-05-19T13:15:51","slug":"extraescolars","status":"publish","type":"page","link":"https:\/\/agora.xtec.cat\/ceipcal-lipolis\/extraescolars\/","title":{"rendered":"Activitats extraescolars"},"content":{"rendered":"<p>Les activitats<strong>\u00a0extraescolars<\/strong>\u00a0que es porten a terme s\u00f3n les seg\u00fcents:<\/p>\n<ul>\n<li>Multiesport P3-P5<\/li>\n<li>F\u00fatbol Grans 2n \u2013 6\u00e8<\/li>\n<li>Tai Jitsu (Pavell\u00f3) p5 \u2013 6\u00e8<\/li>\n<li>R\u00edtmica (Pavell\u00f3) p3- 6\u00e8<\/li>\n<li>B\u00e0squet (Pavell\u00f3) p5- 6\u00e8<\/li>\n<\/ul>\n","protected":false},"excerpt":{"rendered":"<p>Les activitats\u00a0extraescolars\u00a0que es porten a terme s\u00f3n les seg\u00fcents:<\/p>\n<ul>\n<li>Multiesport P3-P5<\/li>\n<li>F\u00fatbol Grans 2n \u2013 6\u00e8<\/li>\n<li>Tai Jitsu (Pavell\u00f3) p5 \u2013 6\u00e8<\/li>\n<li>R\u00edtmica (Pavell\u00f3) p3- 6\u00e8<\/li>\n<li>B\u00e0squet (Pavell\u00f3) p5- 6\u00e8<\/li>\n<\/ul>\n","protected":false},"author":1,"featured_media":0,"parent":0,"menu_order":0,"comment_status":"closed","ping_status":"closed","template":"","meta":{"_bbp_topic_count":0,"_bbp_reply_count":0,"_bbp_total_topic_count":0,"_bbp_total_reply_count":0,"_bbp_voice_count":0,"_bbp_anonymous_reply_count":0,"_bbp_topic_count_hidden":0,"_bbp_reply_count_hidden":0,"_bbp_forum_subforum_count":0,"footnotes":""},"class_list":["post-3143","page","type-page","status-publish","hentry"],"post_mailing_queue_ids":[],"_links":{"self":[{"href":"https:\/\/agora.xtec.cat\/ceipcal-lipolis\/wp-json\/wp\/v2\/pages\/3143","targetHints":{"allow":["GET"]}}],"collection":[{"href":"https:\/\/agora.xtec.cat\/ceipcal-lipolis\/wp-json\/wp\/v2\/pages"}],"about":[{"href":"https:\/\/agora.xtec.cat\/ceipcal-lipolis\/wp-json\/wp\/v2\/types\/page"}],"author":[{"embeddable":true,"href":"https:\/\/agora.xtec.cat\/ceipcal-lipolis\/wp-json\/wp\/v2\/users\/1"}],"replies":[{"embeddable":true,"href":"https:\/\/agora.xtec.cat\/ceipcal-lipolis\/wp-json\/wp\/v2\/comments?post=3143"}],"version-history":[{"count":2,"href":"https:\/\/agora.xtec.cat\/ceipcal-lipolis\/wp-json\/wp\/v2\/pages\/3143\/revisions"}],"predecessor-version":[{"id":3154,"href":"https:\/\/agora.xtec.cat\/ceipcal-lipolis\/wp-json\/wp\/v2\/pages\/3143\/revisions\/3154"}],"wp:attachment":[{"href":"https:\/\/agora.xtec.cat\/ceipcal-lipolis\/wp-json\/wp\/v2\/media?parent=3143"}],"curies":[{"name":"wp","href":"https:\/\/api.w.org\/{rel}","templated":true}]}}