{"id":3044,"date":"2022-04-28T13:13:27","date_gmt":"2022-04-28T11:13:27","guid":{"rendered":"https:\/\/agora.xtec.cat\/ceipcal-lipolis\/?page_id=3044"},"modified":"2022-06-27T13:59:06","modified_gmt":"2022-06-27T11:59:06","slug":"diagnosi","status":"publish","type":"page","link":"https:\/\/agora.xtec.cat\/ceipcal-lipolis\/diagnosi\/","title":{"rendered":"Diagnosi"},"content":{"rendered":"<p class=\"CDt4Ke zfr3Q\" dir=\"ltr\">L&#8217;escola ha fet servir l&#8217;eina <span class=\" aw5Odc\"><strong>SELFIE<\/strong><\/span> amb l&#8217;objectiu de fomentar la reflexi\u00f3 personal en relaci\u00f3 amb l&#8217;\u00fas de les tecnologies digitals per al doc\u00e8ncia i l&#8217;aprenentatge. SELFIE ha sigut desenvolupat per la Comissi\u00f3 Europea amb un equip internacional d&#8217;experts.<\/p>\n<p dir=\"ltr\">Tamb\u00e9 s&#8217;ha realitzat una enquesta a les fam\u00edlies per tal de con\u00e8ixer la situaci\u00f3 en l&#8217;\u00e0mbit digital.<\/p>\n<p class=\"CDt4Ke zfr3Q\" dir=\"ltr\">Les dades obtingudes permeten <span class=\" aw5Odc\">extreure conclusions<\/span> per a fer un diagn\u00f2stic de l&#8217;estat actual i tamb\u00e9 per a plantejar-nos objectius a assolir en l&#8217;\u00e0mbit digital.<\/p>\n<p dir=\"ltr\"><a href=\"https:\/\/agora.xtec.cat\/ceipcal-lipolis\/wp-content\/uploads\/usu1529\/2022\/06\/diagnosi.jpg\"><img loading=\"lazy\" decoding=\"async\" class=\" wp-image-3376 aligncenter\" src=\"https:\/\/agora.xtec.cat\/ceipcal-lipolis\/wp-content\/uploads\/usu1529\/2022\/06\/diagnosi-300x123.jpg\" alt=\"\" width=\"629\" height=\"258\" srcset=\"https:\/\/agora.xtec.cat\/ceipcal-lipolis\/wp-content\/uploads\/usu1529\/2022\/06\/diagnosi-300x123.jpg 300w, https:\/\/agora.xtec.cat\/ceipcal-lipolis\/wp-content\/uploads\/usu1529\/2022\/06\/diagnosi-1024x421.jpg 1024w, https:\/\/agora.xtec.cat\/ceipcal-lipolis\/wp-content\/uploads\/usu1529\/2022\/06\/diagnosi-768x316.jpg 768w, https:\/\/agora.xtec.cat\/ceipcal-lipolis\/wp-content\/uploads\/usu1529\/2022\/06\/diagnosi.jpg 1050w\" sizes=\"auto, (max-width: 629px) 100vw, 629px\" \/><\/a><\/p>\n<p dir=\"ltr\">A partir de la diagnosi han sortit els seg\u00fcents <em><strong>punts forts<\/strong><\/em>:<\/p>\n<p class=\"CDt4Ke zfr3Q\" dir=\"ltr\"><strong>CENTRE<\/strong><\/p>\n<ul>\n<li dir=\"ltr\">Dispositius digitals per l&#8217;aprenentatge.<\/li>\n<li dir=\"ltr\">Tecnologia per la comunicaci\u00f3 al centre.<\/li>\n<li dir=\"ltr\">Noves modalitats d&#8217;ensenyament.<\/li>\n<li dir=\"ltr\">Protecci\u00f3 de dades.<\/li>\n<li dir=\"ltr\">Alta comunicaci\u00f3 amb la comunitat educativa.<\/li>\n<\/ul>\n<p dir=\"ltr\"><strong>MESTRES<\/strong><\/p>\n<ul>\n<li>Nivell alt de compet\u00e8ncia digital.<\/li>\n<li dir=\"ltr\">Habilitats digitals en diferents mat\u00e8ries.<\/li>\n<li dir=\"ltr\">Desenvolupament professional continuu.<\/li>\n<li dir=\"ltr\">Treball col\u00b7laboratiu.<\/li>\n<li dir=\"ltr\">Foment de la creativat.<\/li>\n<li dir=\"ltr\">Adaptaci\u00f3 a les necessitats de l&#8217;alumnat.<\/li>\n<\/ul>\n<p dir=\"ltr\"><strong>ALUMNES<\/strong><\/p>\n<ul>\n<li dir=\"ltr\">Motivaci\u00f3<\/li>\n<li dir=\"ltr\">Implicats i col\u00b7laboratius.<\/li>\n<li dir=\"ltr\">Alta compet\u00e8ncia digital de l&#8217;alumnat.<\/li>\n<li dir=\"ltr\">\u00das de la rob\u00f2tica per l&#8217;aprenentatge.<\/li>\n<li dir=\"ltr\">\u00das d&#8217;entorns virtuals d&#8217;aprenentatge.<\/li>\n<li dir=\"ltr\">Creaci\u00f3 de continguts digitals.<\/li>\n<\/ul>\n","protected":false},"excerpt":{"rendered":"<p>L&#8217;escola ha fet servir l&#8217;eina SELFIE amb l&#8217;objectiu de fomentar la reflexi\u00f3 personal en relaci\u00f3 amb l&#8217;\u00fas de les tecnologies digitals per al doc\u00e8ncia i l&#8217;aprenentatge. SELFIE ha sigut desenvolupat per la Comissi\u00f3 Europea amb un equip internacional d&#8217;experts.<br \/>\nTamb\u00e9 s&#8217;ha realitzat una enquesta a les&hellip;  <a href=\"https:\/\/agora.xtec.cat\/ceipcal-lipolis\/diagnosi\/\" title=\"Read Diagnosi\">Llegeix m\u00e9s\u00bb<\/a><\/p>\n","protected":false},"author":1,"featured_media":0,"parent":0,"menu_order":0,"comment_status":"closed","ping_status":"closed","template":"","meta":{"_bbp_topic_count":0,"_bbp_reply_count":0,"_bbp_total_topic_count":0,"_bbp_total_reply_count":0,"_bbp_voice_count":0,"_bbp_anonymous_reply_count":0,"_bbp_topic_count_hidden":0,"_bbp_reply_count_hidden":0,"_bbp_forum_subforum_count":0,"footnotes":""},"class_list":["post-3044","page","type-page","status-publish","hentry"],"post_mailing_queue_ids":[],"_links":{"self":[{"href":"https:\/\/agora.xtec.cat\/ceipcal-lipolis\/wp-json\/wp\/v2\/pages\/3044","targetHints":{"allow":["GET"]}}],"collection":[{"href":"https:\/\/agora.xtec.cat\/ceipcal-lipolis\/wp-json\/wp\/v2\/pages"}],"about":[{"href":"https:\/\/agora.xtec.cat\/ceipcal-lipolis\/wp-json\/wp\/v2\/types\/page"}],"author":[{"embeddable":true,"href":"https:\/\/agora.xtec.cat\/ceipcal-lipolis\/wp-json\/wp\/v2\/users\/1"}],"replies":[{"embeddable":true,"href":"https:\/\/agora.xtec.cat\/ceipcal-lipolis\/wp-json\/wp\/v2\/comments?post=3044"}],"version-history":[{"count":4,"href":"https:\/\/agora.xtec.cat\/ceipcal-lipolis\/wp-json\/wp\/v2\/pages\/3044\/revisions"}],"predecessor-version":[{"id":3387,"href":"https:\/\/agora.xtec.cat\/ceipcal-lipolis\/wp-json\/wp\/v2\/pages\/3044\/revisions\/3387"}],"wp:attachment":[{"href":"https:\/\/agora.xtec.cat\/ceipcal-lipolis\/wp-json\/wp\/v2\/media?parent=3044"}],"curies":[{"name":"wp","href":"https:\/\/api.w.org\/{rel}","templated":true}]}}