{"id":28,"date":"2014-09-18T12:29:35","date_gmt":"2014-09-18T11:29:35","guid":{"rendered":"http:\/\/agora.xtec.cat\/ceipcal-lipolis\/?page_id=28"},"modified":"2024-03-06T11:31:11","modified_gmt":"2024-03-06T10:31:11","slug":"consell-escolar","status":"publish","type":"page","link":"https:\/\/agora.xtec.cat\/ceipcal-lipolis\/lescola\/consell-escolar\/","title":{"rendered":"Consell escolar"},"content":{"rendered":"<p>El\u00a0<strong>consell escolar<\/strong>\u00a0\u00e9s l\u2019\u00f2rgan de participaci\u00f3 dels diferents sectors de la comunitat educativa en el govern dels centres.<\/p>\n<p>El formen els\u00a0<strong>representants de tota la comunitat educativa<\/strong>, \u00e9s a dir, direcci\u00f3, professors, alumnes, fam\u00edlies, personal d\u2019administraci\u00f3 i serveis, representant de l\u2019administraci\u00f3 local i altres persones que el mateix consell consideri necess\u00e0ries.<\/p>\n<p>La\u00a0<strong>funci\u00f3 principal<\/strong>\u00a0del consell escolar \u00e9s participar en la presa de decisions en relaci\u00f3 amb aquells temes importants per al funcionament i l\u2019organitzaci\u00f3 del centre: el projecte educatiu, la programaci\u00f3 general, la gesti\u00f3 econ\u00f2mica, la resoluci\u00f3 dels conflictes, les activitats extraescolars, l\u2019horari lectiu, etc.<\/p>\n<p>Els representants del consell escolar s\u00f3n escollits per un per\u00edode de quatre anys, per\u00f2 cada dos anys es convoquen eleccions per renovar la meitat dels seus membres. Les eleccions per a la renovaci\u00f3 del consell escolar les convoca el director del centre p\u00fablic o la persona titular del centre privat concertat.<\/p>\n<p>&nbsp;<\/p>\n<p><b>MEMBRES DEL CONSELL ESCOLAR (constitu\u00eft el 15 juliol de 2020)<\/b><\/p>\n<p><strong>Josep Pino<\/strong> \u00a0 Director<\/p>\n<p><strong>Laia J\u00e9rez<\/strong>\u00a0 \u00a0 Cap d\u2019estudis<\/p>\n<p><strong>\u00c8rica Mart\u00ednez<\/strong>\u00a0 \u00a0 Secretari<\/p>\n<p><b>Esmeralda N\u00fa\u00f1ez<\/b> \u00a0 \u00a0Representant de l\u2019Ajuntament<\/p>\n<p><b>Salom\u00e9 Pla<\/b> \u00a0 \u00a0Representant sector mestres<\/p>\n<p><b>Patricia Casas<\/b>\u00a0 \u00a0 Representant sector mestres<\/p>\n<p><b>Aroa Tapia<\/b>\u00a0 \u00a0 Representant sector mestres<\/p>\n<p><b>Laura Vives<\/b>\u00a0 \u00a0Representant sector mestres<\/p>\n<p><b>Patr\u00edcia Florensa<\/b>\u00a0 \u00a0Representant sector alumnes i pares d\u2019alumnes<\/p>\n<p><b>Cinta Pedrosa<\/b>\u00a0 \u00a0Representant sector alumnes i pares d\u2019alumnes<\/p>\n<p><b>M\u00aa del Valle Rodriguez<\/b>\u00a0 \u00a0Representant sector alumnes i pares d\u2019alumnes<\/p>\n<p><strong>Veronia Carbajal\u00a0 \u00a0<\/strong>Representant AFA<\/p>\n<p>Representant sector PAS<\/p>\n<p>&nbsp;<\/p>\n<p><a href=\"https:\/\/drive.google.com\/drive\/folders\/1huZMr7CGEz0sxAEuYoDBiry5-gB19Is6?usp=sharing\" target=\"_blank\" rel=\"noopener\"><strong>ACTES APROVADES<\/strong><\/a><\/p>\n<p>&nbsp;<\/p>\n","protected":false},"excerpt":{"rendered":"<p>El\u00a0consell escolar\u00a0\u00e9s l\u2019\u00f2rgan de participaci\u00f3 dels diferents sectors de la comunitat educativa en el govern dels centres.<br \/>\nEl formen els\u00a0representants de tota la comunitat educativa, \u00e9s a dir, direcci\u00f3, professors, alumnes, fam\u00edlies, personal d\u2019administraci\u00f3 i serveis, representant de l\u2019administraci\u00f3 local i altres persones que el mateix&hellip;  <a href=\"https:\/\/agora.xtec.cat\/ceipcal-lipolis\/lescola\/consell-escolar\/\" title=\"Read Consell escolar\">Llegeix m\u00e9s\u00bb<\/a><\/p>\n","protected":false},"author":1,"featured_media":0,"parent":22,"menu_order":30,"comment_status":"closed","ping_status":"closed","template":"page-templates\/side-menu.php","meta":{"_bbp_topic_count":0,"_bbp_reply_count":0,"_bbp_total_topic_count":0,"_bbp_total_reply_count":0,"_bbp_voice_count":0,"_bbp_anonymous_reply_count":0,"_bbp_topic_count_hidden":0,"_bbp_reply_count_hidden":0,"_bbp_forum_subforum_count":0,"footnotes":""},"class_list":["post-28","page","type-page","status-publish","hentry"],"post_mailing_queue_ids":[],"_links":{"self":[{"href":"https:\/\/agora.xtec.cat\/ceipcal-lipolis\/wp-json\/wp\/v2\/pages\/28","targetHints":{"allow":["GET"]}}],"collection":[{"href":"https:\/\/agora.xtec.cat\/ceipcal-lipolis\/wp-json\/wp\/v2\/pages"}],"about":[{"href":"https:\/\/agora.xtec.cat\/ceipcal-lipolis\/wp-json\/wp\/v2\/types\/page"}],"author":[{"embeddable":true,"href":"https:\/\/agora.xtec.cat\/ceipcal-lipolis\/wp-json\/wp\/v2\/users\/1"}],"replies":[{"embeddable":true,"href":"https:\/\/agora.xtec.cat\/ceipcal-lipolis\/wp-json\/wp\/v2\/comments?post=28"}],"version-history":[{"count":6,"href":"https:\/\/agora.xtec.cat\/ceipcal-lipolis\/wp-json\/wp\/v2\/pages\/28\/revisions"}],"predecessor-version":[{"id":4731,"href":"https:\/\/agora.xtec.cat\/ceipcal-lipolis\/wp-json\/wp\/v2\/pages\/28\/revisions\/4731"}],"up":[{"embeddable":true,"href":"https:\/\/agora.xtec.cat\/ceipcal-lipolis\/wp-json\/wp\/v2\/pages\/22"}],"wp:attachment":[{"href":"https:\/\/agora.xtec.cat\/ceipcal-lipolis\/wp-json\/wp\/v2\/media?parent=28"}],"curies":[{"name":"wp","href":"https:\/\/api.w.org\/{rel}","templated":true}]}}