{"id":26,"date":"2014-09-18T12:24:32","date_gmt":"2014-09-18T11:24:32","guid":{"rendered":"http:\/\/agora.xtec.cat\/ceipcal-lipolis\/?page_id=26"},"modified":"2017-11-13T15:56:54","modified_gmt":"2017-11-13T14:56:54","slug":"historia","status":"publish","type":"page","link":"https:\/\/agora.xtec.cat\/ceipcal-lipolis\/lescola\/historia\/","title":{"rendered":"Hist\u00f2ria"},"content":{"rendered":"<p>Fins el curs 1976-1977 els alumnes del nucli de La Pineda es traslladaven cada dia a l&#8217;escola Torroja i Miret de Vila-seca a rebre classe. Aquell curs es construeixen cinc aules prefabricades, que es col\u00b7loquen al pati de la futura escola i on s&#8217;instal\u00b7len els alumnes de preescolar i la primera etapa de l\u2019EGB. Els alumnes de la segona etapa d\u2019EGB continuen traslladant-se en autob\u00fas escolar a Vila-seca diariament. Tots continuen depenen del col\u00b7legi Torroja i Miret.<\/p>\n<p><a href=\"http:\/\/agora.xtec.cat\/ceipcal-lipolis\/wp-content\/uploads\/usu1529\/2014\/09\/pati-i-aules-prefabricades.png\"><img loading=\"lazy\" decoding=\"async\" class=\"alignnone size-full wp-image-587\" src=\"http:\/\/agora.xtec.cat\/ceipcal-lipolis\/wp-content\/uploads\/usu1529\/2014\/09\/pati-i-aules-prefabricades.png\" alt=\"\" width=\"290\" height=\"210\" \/><\/a><\/p>\n<p>Al curs 1978-1979 es crea l\u2019escola de La Pineda com a desglossament de l\u2019escola Torroja i Miret. S\u2019instal\u00b7len el preescolar i els cursos 1<sup>r<\/sup>, 2<sup>n<\/sup> i 3<sup>r<\/sup> de prim\u00e0ria a les aules prefabricades i els cursos de 4<sup>t<\/sup>, 5<sup>\u00e8<\/sup>, 6<sup>\u00e8<\/sup>, 7<sup>\u00e8<\/sup> i 8<sup>\u00e8<\/sup> a unes aules cedides per les \u00abHermandades de Trabajo\u00bb a les seves instal\u00b7lacions a l\u2019entrada del nucli de La Pineda.<\/p>\n<p><a href=\"http:\/\/agora.xtec.cat\/ceipcal-lipolis\/wp-content\/uploads\/usu1529\/2014\/09\/profes-abans.png\"><img loading=\"lazy\" decoding=\"async\" class=\"alignnone size-full wp-image-588\" src=\"http:\/\/agora.xtec.cat\/ceipcal-lipolis\/wp-content\/uploads\/usu1529\/2014\/09\/profes-abans.png\" alt=\"\" width=\"262\" height=\"249\" \/><\/a><\/p>\n<p>A l\u2019any 1982 es construeix la primera fase de l\u2019edifici de l\u2019escola. La financiaci\u00f3 es divideix entre el Departament d\u2019Ensenyament, el pis superior, i l\u2019Ajuntament de Vila-seca-Salou, la planta baixa. El projecte consta de sis aules i els serveis. El preescolar i els cursos 1<sup>r<\/sup>, 2<sup>n<\/sup> i 3<sup>r<\/sup> continuen a les aules prefabricades situades al pati de l\u2019escola.<\/p>\n<p><a href=\"http:\/\/agora.xtec.cat\/ceipcal-lipolis\/wp-content\/uploads\/usu1529\/2014\/09\/pati-mestra.png\"><img loading=\"lazy\" decoding=\"async\" class=\"alignnone size-full wp-image-589\" src=\"http:\/\/agora.xtec.cat\/ceipcal-lipolis\/wp-content\/uploads\/usu1529\/2014\/09\/pati-mestra.png\" alt=\"\" width=\"310\" height=\"219\" srcset=\"https:\/\/agora.xtec.cat\/ceipcal-lipolis\/wp-content\/uploads\/usu1529\/2014\/09\/pati-mestra.png 310w, https:\/\/agora.xtec.cat\/ceipcal-lipolis\/wp-content\/uploads\/usu1529\/2014\/09\/pati-mestra-300x212.png 300w\" sizes=\"auto, (max-width: 310px) 100vw, 310px\" \/><\/a><\/p>\n<p>Al 1987 es construeix la segona fase de l\u2019escola completant una escola de vuit unitats d\u2019EGB i 2 unitats de preescolar amb els seus serveis:\u00a0 gimn\u00e0s, biblioteca i laboratori. Aquesta fase es fa perllogant les dos plantes de l\u2019escola constru\u00efdes a l\u2019any 1982. En aquell moment l\u2019escola comptava amb un gran pati per\u00f2 encara quedaven en ell les aules prefabricades que ja no s\u2019utilitzaven.<\/p>\n<p><a href=\"http:\/\/agora.xtec.cat\/ceipcal-lipolis\/wp-content\/uploads\/usu1529\/2014\/09\/edifici-escola.png\"><img loading=\"lazy\" decoding=\"async\" class=\"alignnone size-full wp-image-590\" src=\"http:\/\/agora.xtec.cat\/ceipcal-lipolis\/wp-content\/uploads\/usu1529\/2014\/09\/edifici-escola.png\" alt=\"\" width=\"331\" height=\"161\" srcset=\"https:\/\/agora.xtec.cat\/ceipcal-lipolis\/wp-content\/uploads\/usu1529\/2014\/09\/edifici-escola.png 331w, https:\/\/agora.xtec.cat\/ceipcal-lipolis\/wp-content\/uploads\/usu1529\/2014\/09\/edifici-escola-300x146.png 300w\" sizes=\"auto, (max-width: 331px) 100vw, 331px\" \/><\/a><\/p>\n<p>A l\u2019estiu de 1989 s\u2019efectua el remodelatge del pati, es retiren les aules prefabricades, s\u2019anivella el terreny, es ref\u00e0 la tanca, es desmunta i es recol\u00b7loca la zona de jocs infantils i es construeix una pista poliesportiva. Va quedar fora de la tanca l\u2019antiga pista poliesportiva que va quedar per us municipal primer i despr\u00e9s va desapar\u00e8ixer per poder ficar en el seu\u00a0 terreny l\u2019ampliaci\u00f3 del Cap de La Pineda. L\u2019escola es troba en aquell moment en una situaci\u00f3 molt bona per duu a terme la seva labor pedag\u00f2gica ja que t\u00e9 aules suficients i espaioses, instal\u00b7lacions i serveis.<\/p>\n<p>&nbsp;<\/p>\n<p>Uns anys despr\u00e9s el pati es va completar amb la construcci\u00f3 d\u2019un hort escolar i un magatzem annex. A partir d\u2019aquest moment a l\u2019hort escolar s\u2019han anat desenvolupant diversos treballs relatius al creixement i cura de diversos tipus de plantes: cereals, hortalisses, flors, etc.<\/p>\n<p><a href=\"http:\/\/agora.xtec.cat\/ceipcal-lipolis\/wp-content\/uploads\/usu1529\/2014\/09\/hort.png\"><img loading=\"lazy\" decoding=\"async\" class=\"alignnone size-full wp-image-591\" src=\"http:\/\/agora.xtec.cat\/ceipcal-lipolis\/wp-content\/uploads\/usu1529\/2014\/09\/hort.png\" alt=\"\" width=\"308\" height=\"222\" srcset=\"https:\/\/agora.xtec.cat\/ceipcal-lipolis\/wp-content\/uploads\/usu1529\/2014\/09\/hort.png 308w, https:\/\/agora.xtec.cat\/ceipcal-lipolis\/wp-content\/uploads\/usu1529\/2014\/09\/hort-300x216.png 300w\" sizes=\"auto, (max-width: 308px) 100vw, 308px\" \/><\/a><\/p>\n<p>L\u2019escola La Pineda va canviar de nom em veure que al tenir l\u2019escola el mateix nom que el barri es produ\u00efen alguns problemes administratius. Es van proposar alguns noms: Cal\u00b7l\u00edpolis, Mar i cel&#8230;. i de tots ells va sortir el nom que des d\u2019aquell moment t\u00e9 l\u2019escola: Cal\u00b7l\u00edpolis. Nom que recorda la vil\u00b7la romana que existia a La Pineda i on es va trobar el fam\u00f3s mosaic \u00abEls peixos\u00bb.<\/p>\n<p>Uns anys despr\u00e9s l\u2019escola va haver de cedir una part del seu pati per la construcci\u00f3 del Centre C\u00edvic de La Pineda. Aix\u00f2 va comportar el trasllat del pati d\u2019Infantil al fons esquerre del pati.<\/p>\n<p><a href=\"http:\/\/agora.xtec.cat\/ceipcal-lipolis\/wp-content\/uploads\/usu1529\/2014\/09\/civic.png\"><img loading=\"lazy\" decoding=\"async\" class=\"alignnone size-full wp-image-592\" src=\"http:\/\/agora.xtec.cat\/ceipcal-lipolis\/wp-content\/uploads\/usu1529\/2014\/09\/civic.png\" alt=\"\" width=\"187\" height=\"141\" \/><\/a><\/p>\n<p>Al llarg dels anys el nombre d\u2019alumnes de l\u2019escola han anat variant amb per\u00edodes de poc alumnat i altres, sobretot els \u00faltims, en els quals el n\u00famero d\u2019alumnes ha anat augmentant. Aix\u00f2 va provocar que l\u2019escola se\u2019ns quedes petita i per solucionar el problema ens van instal\u00b7lar al pati de l\u2019escola un barrac\u00f3 amb tres aules, dos espais m\u00e9s petits, dedicats a grups redu\u00efts; i una petit\u00edssima sala pels professors. Posteriorment aquests dos espais es van transformar en una nova aula i la sala de professors en una classe per grups redu\u00efts.<\/p>\n<p><a href=\"http:\/\/agora.xtec.cat\/ceipcal-lipolis\/wp-content\/uploads\/usu1529\/2014\/09\/moduls.png\"><img loading=\"lazy\" decoding=\"async\" class=\"alignnone size-full wp-image-593\" src=\"http:\/\/agora.xtec.cat\/ceipcal-lipolis\/wp-content\/uploads\/usu1529\/2014\/09\/moduls.png\" alt=\"\" width=\"345\" height=\"187\" srcset=\"https:\/\/agora.xtec.cat\/ceipcal-lipolis\/wp-content\/uploads\/usu1529\/2014\/09\/moduls.png 345w, https:\/\/agora.xtec.cat\/ceipcal-lipolis\/wp-content\/uploads\/usu1529\/2014\/09\/moduls-300x163.png 300w\" sizes=\"auto, (max-width: 345px) 100vw, 345px\" \/><\/a><\/p>\n<p>A l\u2019any\u00a0 2007 es va construir un nou menjador, amb la cuina i l\u2019office. Aquesta construcci\u00f3 es va fer\u00a0 annexa a l\u2019escola, allargant-la des del fons de l\u2019escola. Aix\u00f2 va provocar una reducci\u00f3 del pati.<\/p>\n<p><a href=\"http:\/\/agora.xtec.cat\/ceipcal-lipolis\/wp-content\/uploads\/usu1529\/2014\/09\/menjador.png\"><img loading=\"lazy\" decoding=\"async\" class=\"alignnone size-full wp-image-594\" src=\"http:\/\/agora.xtec.cat\/ceipcal-lipolis\/wp-content\/uploads\/usu1529\/2014\/09\/menjador.png\" alt=\"\" width=\"214\" height=\"161\" srcset=\"https:\/\/agora.xtec.cat\/ceipcal-lipolis\/wp-content\/uploads\/usu1529\/2014\/09\/menjador.png 214w, https:\/\/agora.xtec.cat\/ceipcal-lipolis\/wp-content\/uploads\/usu1529\/2014\/09\/menjador-200x150.png 200w\" sizes=\"auto, (max-width: 214px) 100vw, 214px\" \/><\/a>\u00a0 \u00a0 \u00a0 \u00a0 \u00a0 <a href=\"http:\/\/agora.xtec.cat\/ceipcal-lipolis\/wp-content\/uploads\/usu1529\/2014\/09\/cuina.png\"><img loading=\"lazy\" decoding=\"async\" class=\"alignright size-full wp-image-595\" src=\"http:\/\/agora.xtec.cat\/ceipcal-lipolis\/wp-content\/uploads\/usu1529\/2014\/09\/cuina.png\" alt=\"\" width=\"205\" height=\"154\" srcset=\"https:\/\/agora.xtec.cat\/ceipcal-lipolis\/wp-content\/uploads\/usu1529\/2014\/09\/cuina.png 205w, https:\/\/agora.xtec.cat\/ceipcal-lipolis\/wp-content\/uploads\/usu1529\/2014\/09\/cuina-200x150.png 200w\" sizes=\"auto, (max-width: 205px) 100vw, 205px\" \/><\/a><\/p>\n<p>Tamb\u00e9 es va construir un petit hort exclusiu per Infantil al costat del seu pati.<\/p>\n<p><a href=\"http:\/\/agora.xtec.cat\/ceipcal-lipolis\/wp-content\/uploads\/usu1529\/2014\/09\/hort2.png\"><img loading=\"lazy\" decoding=\"async\" class=\"size-full wp-image-596 alignleft\" src=\"http:\/\/agora.xtec.cat\/ceipcal-lipolis\/wp-content\/uploads\/usu1529\/2014\/09\/hort2.png\" alt=\"\" width=\"280\" height=\"157\" \/><\/a><\/p>\n<p>&nbsp;<\/p>\n<p>&nbsp;<\/p>\n<p>&nbsp;<\/p>\n<p>&nbsp;<\/p>\n<p>A l\u2019estiu de l\u2019any 2016 es va ampliar el pati dels alumnes d\u2019Infantil eliminant la tanca de xipresos al costat m\u00e9s proper al menjador i ampliant-la fins a la part de la tanca del darrera i tancant el pas.<\/p>\n<p>A l\u2019estiu de l\u2019any 2017 i degut a la manca de espais per utilitzar com a classe a Infantil es van fer unes obres de remodelaci\u00f3 a la planta baixa i de les tres classes que donaven al pati de Prim\u00e0ria s\u2019han fet quatre classes.<\/p>\n<p><a href=\"http:\/\/agora.xtec.cat\/ceipcal-lipolis\/wp-content\/uploads\/usu1529\/2017\/10\/46e55927e32e8b3f8feee954bb1dd964_xl.jpg\"><img loading=\"lazy\" decoding=\"async\" class=\"size-medium wp-image-555 alignleft\" src=\"http:\/\/agora.xtec.cat\/ceipcal-lipolis\/wp-content\/uploads\/usu1529\/2017\/10\/46e55927e32e8b3f8feee954bb1dd964_xl-300x203.jpg\" alt=\"\" width=\"300\" height=\"203\" srcset=\"https:\/\/agora.xtec.cat\/ceipcal-lipolis\/wp-content\/uploads\/usu1529\/2017\/10\/46e55927e32e8b3f8feee954bb1dd964_xl-300x203.jpg 300w, https:\/\/agora.xtec.cat\/ceipcal-lipolis\/wp-content\/uploads\/usu1529\/2017\/10\/46e55927e32e8b3f8feee954bb1dd964_xl-768x519.jpg 768w, https:\/\/agora.xtec.cat\/ceipcal-lipolis\/wp-content\/uploads\/usu1529\/2017\/10\/46e55927e32e8b3f8feee954bb1dd964_xl-1024x692.jpg 1024w, https:\/\/agora.xtec.cat\/ceipcal-lipolis\/wp-content\/uploads\/usu1529\/2017\/10\/46e55927e32e8b3f8feee954bb1dd964_xl.jpg 1117w\" sizes=\"auto, (max-width: 300px) 100vw, 300px\" \/><\/a><\/p>\n<p style=\"text-align: right;\"><a href=\"http:\/\/agora.xtec.cat\/ceipcal-lipolis\/wp-content\/uploads\/usu1529\/2014\/09\/obres-infantil.jpg\"><img loading=\"lazy\" decoding=\"async\" class=\"size-medium wp-image-629 aligncenter\" src=\"http:\/\/agora.xtec.cat\/ceipcal-lipolis\/wp-content\/uploads\/usu1529\/2014\/09\/obres-infantil-169x300.jpg\" alt=\"\" width=\"169\" height=\"300\" srcset=\"https:\/\/agora.xtec.cat\/ceipcal-lipolis\/wp-content\/uploads\/usu1529\/2014\/09\/obres-infantil-169x300.jpg 169w, https:\/\/agora.xtec.cat\/ceipcal-lipolis\/wp-content\/uploads\/usu1529\/2014\/09\/obres-infantil-768x1365.jpg 768w, https:\/\/agora.xtec.cat\/ceipcal-lipolis\/wp-content\/uploads\/usu1529\/2014\/09\/obres-infantil-576x1024.jpg 576w, https:\/\/agora.xtec.cat\/ceipcal-lipolis\/wp-content\/uploads\/usu1529\/2014\/09\/obres-infantil.jpg 900w\" sizes=\"auto, (max-width: 169px) 100vw, 169px\" \/><\/a><\/p>\n<p style=\"text-align: right;\">\n<p style=\"text-align: right;\">\n<p style=\"text-align: right;\">\n<p style=\"text-align: right;\">\n<p style=\"text-align: right;\">\n<p style=\"text-align: right;\">\n<p style=\"text-align: right;\"><sub><em>Lourdes Labata &amp; Juan Antoino Cerra<\/em><\/sub><\/p>\n","protected":false},"excerpt":{"rendered":"<p>Fins el curs 1976-1977 els alumnes del nucli de La Pineda es traslladaven cada dia a l&#8217;escola Torroja i Miret de Vila-seca a rebre classe. Aquell curs es construeixen cinc aules prefabricades, que es col\u00b7loquen al pati de la futura escola i on s&#8217;instal\u00b7len els&hellip;  <a href=\"https:\/\/agora.xtec.cat\/ceipcal-lipolis\/lescola\/historia\/\" title=\"Read Hist\u00f2ria\">Llegeix m\u00e9s\u00bb<\/a><\/p>\n","protected":false},"author":1,"featured_media":0,"parent":22,"menu_order":20,"comment_status":"closed","ping_status":"closed","template":"page-templates\/side-menu.php","meta":{"_bbp_topic_count":0,"_bbp_reply_count":0,"_bbp_total_topic_count":0,"_bbp_total_reply_count":0,"_bbp_voice_count":0,"_bbp_anonymous_reply_count":0,"_bbp_topic_count_hidden":0,"_bbp_reply_count_hidden":0,"_bbp_forum_subforum_count":0,"footnotes":""},"class_list":["post-26","page","type-page","status-publish","hentry"],"post_mailing_queue_ids":[],"_links":{"self":[{"href":"https:\/\/agora.xtec.cat\/ceipcal-lipolis\/wp-json\/wp\/v2\/pages\/26","targetHints":{"allow":["GET"]}}],"collection":[{"href":"https:\/\/agora.xtec.cat\/ceipcal-lipolis\/wp-json\/wp\/v2\/pages"}],"about":[{"href":"https:\/\/agora.xtec.cat\/ceipcal-lipolis\/wp-json\/wp\/v2\/types\/page"}],"author":[{"embeddable":true,"href":"https:\/\/agora.xtec.cat\/ceipcal-lipolis\/wp-json\/wp\/v2\/users\/1"}],"replies":[{"embeddable":true,"href":"https:\/\/agora.xtec.cat\/ceipcal-lipolis\/wp-json\/wp\/v2\/comments?post=26"}],"version-history":[{"count":4,"href":"https:\/\/agora.xtec.cat\/ceipcal-lipolis\/wp-json\/wp\/v2\/pages\/26\/revisions"}],"predecessor-version":[{"id":630,"href":"https:\/\/agora.xtec.cat\/ceipcal-lipolis\/wp-json\/wp\/v2\/pages\/26\/revisions\/630"}],"up":[{"embeddable":true,"href":"https:\/\/agora.xtec.cat\/ceipcal-lipolis\/wp-json\/wp\/v2\/pages\/22"}],"wp:attachment":[{"href":"https:\/\/agora.xtec.cat\/ceipcal-lipolis\/wp-json\/wp\/v2\/media?parent=26"}],"curies":[{"name":"wp","href":"https:\/\/api.w.org\/{rel}","templated":true}]}}