{"id":22,"date":"2014-09-18T12:19:57","date_gmt":"2014-09-18T11:19:57","guid":{"rendered":"http:\/\/agora.xtec.cat\/ceipcal-lipolis\/?page_id=22"},"modified":"2023-01-11T12:35:20","modified_gmt":"2023-01-11T11:35:20","slug":"lescola","status":"publish","type":"page","link":"https:\/\/agora.xtec.cat\/ceipcal-lipolis\/lescola\/","title":{"rendered":"L&#8217;escola"},"content":{"rendered":"<p>Aquesta secci\u00f3\u00a0pot contenir\u00a0totes les p\u00e0gines necess\u00e0ries per a oferir una descripci\u00f3 general de l&#8217;escola: ubicaci\u00f3, hist\u00f2ria, instal\u00b7lacions, equip docent, consell escolar, pla de qualitat, calendari, salut, informacions pr\u00e0ctiques, normativa&#8230;<\/p>\n<p>&nbsp;<\/p>\n","protected":false},"excerpt":{"rendered":"<p>Aquesta secci\u00f3\u00a0pot contenir\u00a0totes les p\u00e0gines necess\u00e0ries per a oferir una descripci\u00f3 general de l&#8217;escola: ubicaci\u00f3, hist\u00f2ria, instal\u00b7lacions, equip docent, consell escolar, pla de qualitat, calendari, salut, informacions pr\u00e0ctiques, normativa&#8230;<br \/>\n&nbsp;<\/p>\n","protected":false},"author":1,"featured_media":0,"parent":0,"menu_order":0,"comment_status":"closed","ping_status":"closed","template":"page-templates\/side-menu.php","meta":{"_bbp_topic_count":0,"_bbp_reply_count":0,"_bbp_total_topic_count":0,"_bbp_total_reply_count":0,"_bbp_voice_count":0,"_bbp_anonymous_reply_count":0,"_bbp_topic_count_hidden":0,"_bbp_reply_count_hidden":0,"_bbp_forum_subforum_count":0,"footnotes":""},"class_list":["post-22","page","type-page","status-publish","hentry"],"post_mailing_queue_ids":[],"_links":{"self":[{"href":"https:\/\/agora.xtec.cat\/ceipcal-lipolis\/wp-json\/wp\/v2\/pages\/22","targetHints":{"allow":["GET"]}}],"collection":[{"href":"https:\/\/agora.xtec.cat\/ceipcal-lipolis\/wp-json\/wp\/v2\/pages"}],"about":[{"href":"https:\/\/agora.xtec.cat\/ceipcal-lipolis\/wp-json\/wp\/v2\/types\/page"}],"author":[{"embeddable":true,"href":"https:\/\/agora.xtec.cat\/ceipcal-lipolis\/wp-json\/wp\/v2\/users\/1"}],"replies":[{"embeddable":true,"href":"https:\/\/agora.xtec.cat\/ceipcal-lipolis\/wp-json\/wp\/v2\/comments?post=22"}],"version-history":[{"count":2,"href":"https:\/\/agora.xtec.cat\/ceipcal-lipolis\/wp-json\/wp\/v2\/pages\/22\/revisions"}],"predecessor-version":[{"id":3757,"href":"https:\/\/agora.xtec.cat\/ceipcal-lipolis\/wp-json\/wp\/v2\/pages\/22\/revisions\/3757"}],"wp:attachment":[{"href":"https:\/\/agora.xtec.cat\/ceipcal-lipolis\/wp-json\/wp\/v2\/media?parent=22"}],"curies":[{"name":"wp","href":"https:\/\/api.w.org\/{rel}","templated":true}]}}