{"id":546,"date":"2019-12-04T13:34:54","date_gmt":"2019-12-04T12:34:54","guid":{"rendered":"https:\/\/agora.xtec.cat\/ceipbufala\/?page_id=546"},"modified":"2020-02-28T16:07:43","modified_gmt":"2020-02-28T15:07:43","slug":"aicle","status":"publish","type":"page","link":"https:\/\/agora.xtec.cat\/ceipbufala\/projecte-educatiu\/aicle\/","title":{"rendered":"AICLE"},"content":{"rendered":"<p>A la nostra escola donem molta import\u00e0ncia a l\u2019aprenentatge de la llengua anglesa, \u00e9s per aix\u00f2 que, entre d\u2019altres activitats relacionades amb aquesta llengua, duem a terme l\u2019aprenentatge integrat de contingut i llengua estrangera (AICLE). Aquest \u00e9s un enfocament educatiu en el qual una\u00a0 llengua estrangera s\u2019utilitza com a mitj\u00e0 d\u2019instrucci\u00f3 per ensenyar continguts de mat\u00e8ries no ling\u00fc\u00edstiques i\u00a0 que t\u00e9 com a objectius:<\/p>\n<ul>\n<li>Proporcionar una major exposici\u00f3 a la llengua estrangera (angl\u00e8s) incrementant les oportunitats per aprendre-la i practicar-la.<\/li>\n<li>Oferir a l\u2019alumnat l\u2019oportunitat d\u2019aprendre la llengua anglesa en un context significatiu, donant una intencionalitat a l\u2019\u00fas de la llengua anglesa<\/li>\n<li>Augmentar el grau de motivaci\u00f3 per tal de crear un efecte positiu en l\u2019aprenentatge de la llengua, posant l\u2019\u00e8mfasi en el contingut m\u00e9s que en la forma.<\/li>\n<\/ul>\n<p>L\u2019AICLE contribueix a incrementar la compet\u00e8ncia ling\u00fc\u00edstica de l\u2019aprenent a trav\u00e9s de reptes cognitius i d\u2019activitats de resoluci\u00f3 de problemes, promou i encoratja l\u2019autonomia de l\u2019aprenent i l\u2019ajuda a desenvolupar compet\u00e8ncies del pensament (thinking skills).<\/p>\n<p>A l\u2019escola estructurem i distribu\u00efm l\u2019AICLE de la seg\u00fcent manera:<\/p>\n<p><strong>Infantil:<\/strong><\/p>\n<ul>\n<li>Rutines d\u2019entrada i sortida a l\u2019aula de psicomotricitat.<\/li>\n<li>A partir de P5, rutines di\u00e0ries (calendari, passar llista&#8230;).<\/li>\n<li>Un dels ambients d\u2019aprenentatge.<\/li>\n<\/ul>\n<p><strong>Cicle Inicial:<\/strong><\/p>\n<ul>\n<li>Rutines di\u00e0ries (calendari, passar llista&#8230;).<\/li>\n<li>Un dels espais d\u2019aprenentatge.<\/li>\n<\/ul>\n<p><strong>Cicle Mitj\u00e0 i Cicle Superior:<\/strong><\/p>\n<ul>\n<li>Science: una part de la programaci\u00f3 de Medi Natural i Social es duu a terme en angl\u00e8s.<\/li>\n<li>Maths: una part de la programaci\u00f3 de Matem\u00e0tiques es duu a terme en angl\u00e8s.<\/li>\n<\/ul>\n<p><a href=\"https:\/\/agora.xtec.cat\/ceipbufala\/wp-content\/uploads\/usu1674\/2020\/02\/page-2.jpg\"><img loading=\"lazy\" decoding=\"async\" class=\"alignnone wp-image-1006\" src=\"https:\/\/agora.xtec.cat\/ceipbufala\/wp-content\/uploads\/usu1674\/2020\/02\/page-2.jpg\" alt=\"\" width=\"694\" height=\"521\" srcset=\"https:\/\/agora.xtec.cat\/ceipbufala\/wp-content\/uploads\/usu1674\/2020\/02\/page-2.jpg 802w, https:\/\/agora.xtec.cat\/ceipbufala\/wp-content\/uploads\/usu1674\/2020\/02\/page-2-300x225.jpg 300w, https:\/\/agora.xtec.cat\/ceipbufala\/wp-content\/uploads\/usu1674\/2020\/02\/page-2-768x576.jpg 768w, https:\/\/agora.xtec.cat\/ceipbufala\/wp-content\/uploads\/usu1674\/2020\/02\/page-2-200x150.jpg 200w\" sizes=\"auto, (max-width: 694px) 100vw, 694px\" \/><\/a><\/p>\n","protected":false},"excerpt":{"rendered":"<p>A la nostra escola donem molta import\u00e0ncia a l\u2019aprenentatge de la llengua anglesa, \u00e9s per aix\u00f2 que, entre d\u2019altres activitats relacionades amb aquesta llengua, duem a terme l\u2019aprenentatge integrat de contingut i llengua estrangera (AICLE). Aquest \u00e9s un enfocament educatiu en el qual una\u00a0 llengua&hellip;  <a href=\"https:\/\/agora.xtec.cat\/ceipbufala\/projecte-educatiu\/aicle\/\" title=\"Read AICLE\">Llegeix m\u00e9s\u00bb<\/a><\/p>\n","protected":false},"author":1,"featured_media":0,"parent":64,"menu_order":0,"comment_status":"closed","ping_status":"closed","template":"page-templates\/side-menu.php","meta":{"_bbp_topic_count":0,"_bbp_reply_count":0,"_bbp_total_topic_count":0,"_bbp_total_reply_count":0,"_bbp_voice_count":0,"_bbp_anonymous_reply_count":0,"_bbp_topic_count_hidden":0,"_bbp_reply_count_hidden":0,"_bbp_forum_subforum_count":0,"footnotes":""},"class_list":["post-546","page","type-page","status-publish","hentry"],"post_mailing_queue_ids":[],"_links":{"self":[{"href":"https:\/\/agora.xtec.cat\/ceipbufala\/wp-json\/wp\/v2\/pages\/546","targetHints":{"allow":["GET"]}}],"collection":[{"href":"https:\/\/agora.xtec.cat\/ceipbufala\/wp-json\/wp\/v2\/pages"}],"about":[{"href":"https:\/\/agora.xtec.cat\/ceipbufala\/wp-json\/wp\/v2\/types\/page"}],"author":[{"embeddable":true,"href":"https:\/\/agora.xtec.cat\/ceipbufala\/wp-json\/wp\/v2\/users\/1"}],"replies":[{"embeddable":true,"href":"https:\/\/agora.xtec.cat\/ceipbufala\/wp-json\/wp\/v2\/comments?post=546"}],"version-history":[{"count":3,"href":"https:\/\/agora.xtec.cat\/ceipbufala\/wp-json\/wp\/v2\/pages\/546\/revisions"}],"predecessor-version":[{"id":1049,"href":"https:\/\/agora.xtec.cat\/ceipbufala\/wp-json\/wp\/v2\/pages\/546\/revisions\/1049"}],"up":[{"embeddable":true,"href":"https:\/\/agora.xtec.cat\/ceipbufala\/wp-json\/wp\/v2\/pages\/64"}],"wp:attachment":[{"href":"https:\/\/agora.xtec.cat\/ceipbufala\/wp-json\/wp\/v2\/media?parent=546"}],"curies":[{"name":"wp","href":"https:\/\/api.w.org\/{rel}","templated":true}]}}