{"id":538,"date":"2019-12-04T13:32:14","date_gmt":"2019-12-04T12:32:14","guid":{"rendered":"https:\/\/agora.xtec.cat\/ceipbufala\/?page_id=538"},"modified":"2020-02-26T13:05:55","modified_gmt":"2020-02-26T12:05:55","slug":"ambients-daprenentatge","status":"publish","type":"page","link":"https:\/\/agora.xtec.cat\/ceipbufala\/projecte-educatiu\/ambients-daprenentatge\/","title":{"rendered":"Ambients d&#8217;aprenentatge"},"content":{"rendered":"<p>S\u00f3n espais on s\u2019ofereixen propostes amb diferents materials per a qu\u00e8 els nens\/es construeixin els seus propis aprenentatges a partir del joc, l\u2019experimentaci\u00f3, l\u2019exploraci\u00f3\u2026<\/p>\n<p><strong>Els objectius del treball per ambients s\u00f3n:<\/strong><\/p>\n<ul>\n<li>Fomentar la interacci\u00f3 i comunicaci\u00f3 amb els companys\/es.<\/li>\n<li>Provocar curiositat (observar, experimentar, inventar, imaginar).<\/li>\n<li>Donar resposta als interessos i necessitats dels infants.<\/li>\n<li>Facilitar un aprenentatge significatiu per part de l\u2019alumne.<\/li>\n<li>Respectar els ritmes d\u2019aprenentatge.<\/li>\n<\/ul>\n<p>Els ambients es fan tres dies a la setmana. Dels 6 grups d\u2019Educaci\u00f3 Infantil (P3, P4 i P5) se\u2019n fan 9 i a cada grup hi ha uns 14 alumnes.<\/p>\n<p>Els ambients que s\u2019ofereixen s\u00f3n:<\/p>\n<ul>\n<li><strong>Hansel i Gretel<\/strong> (Joc simb\u00f2lic: la caseta)- Gaudir dels diferents espais de la casa, reproduint models coneguts, imitant i actuant com els adults.<\/li>\n<li><strong>Petits arquitectes<\/strong> (construccions)- Construir i experimentar apilant, encaixant, comparant, classificant, &#8230;<\/li>\n<li><strong>Som artistes<\/strong> (art)- Donar diferents propostes per manipular, imaginar i crear amb diferents materials les seves pr\u00f2pies obres d\u2019art.<\/li>\n<li><strong>Fem de cient\u00edfics<\/strong> (experimentaci\u00f3)- Elaborar les seves hip\u00f2tesis per construir els propis coneixements sobre el m\u00f3n que els envolta a trav\u00e9s de l\u2019observaci\u00f3, experimentaci\u00f3 i manipulaci\u00f3 els nens\/es.<\/li>\n<li><strong>Arc de Sant Mart\u00ed<\/strong> (llum i color)- Jugar i explorar amb les caracter\u00edstiques de la llum i dels colors.<\/li>\n<li><strong>Filar prim<\/strong> (motricitat fina)- Treballar la motricitat fina amb propostes com cargolar, cosir, retallar, enfilar, &#8230;<\/li>\n<li><strong>Juguem amb les matem\u00e0tiques<\/strong> (jocs matem\u00e0tics)- Aprendre conceptes matem\u00e0tics jugant amb materials diversos.<\/li>\n<li><strong>Que soni la m\u00fasica<\/strong> (estimulaci\u00f3 musical)- Explorar el llenguatge musical amb diferents propostes.<\/li>\n<li><strong>Ment i cos<\/strong> ( joc simb\u00f2lic, moviment i sensacions)- Descobrir les possibilitats del moviment, comunicaci\u00f3 i expressi\u00f3 amb el propi cos.<\/li>\n<\/ul>\n<p><iframe loading=\"lazy\" src=\"\/\/www.youtube.com\/embed\/uREf56RwnaQ\" width=\"560\" height=\"314\" allowfullscreen=\"allowfullscreen\"><\/iframe><\/p>\n<p>&nbsp;<\/p>\n<p>&nbsp;<\/p>\n","protected":false},"excerpt":{"rendered":"<p>S\u00f3n espais on s\u2019ofereixen propostes amb diferents materials per a qu\u00e8 els nens\/es construeixin els seus propis aprenentatges a partir del joc, l\u2019experimentaci\u00f3, l\u2019exploraci\u00f3\u2026<br \/>\nEls objectius del treball per ambients s\u00f3n:<\/p>\n<ul>\n<li>Fomentar la interacci\u00f3 i comunicaci\u00f3 amb els companys\/es.<\/li>\n<li>Provocar curiositat (observar, experimentar, inventar, imaginar).<\/li>\n<li>Donar resposta als interessos&hellip;  <a href=\"https:\/\/agora.xtec.cat\/ceipbufala\/projecte-educatiu\/ambients-daprenentatge\/\" title=\"Read Ambients d&#8217;aprenentatge\">Llegeix m\u00e9s\u00bb<\/a><br \/>\n","protected":false},"author":1,"featured_media":0,"parent":64,"menu_order":0,"comment_status":"closed","ping_status":"closed","template":"page-templates\/side-menu.php","meta":{"_bbp_topic_count":0,"_bbp_reply_count":0,"_bbp_total_topic_count":0,"_bbp_total_reply_count":0,"_bbp_voice_count":0,"_bbp_anonymous_reply_count":0,"_bbp_topic_count_hidden":0,"_bbp_reply_count_hidden":0,"_bbp_forum_subforum_count":0,"footnotes":""},"class_list":["post-538","page","type-page","status-publish","hentry"],"post_mailing_queue_ids":[],"_links":{"self":[{"href":"https:\/\/agora.xtec.cat\/ceipbufala\/wp-json\/wp\/v2\/pages\/538","targetHints":{"allow":["GET"]}}],"collection":[{"href":"https:\/\/agora.xtec.cat\/ceipbufala\/wp-json\/wp\/v2\/pages"}],"about":[{"href":"https:\/\/agora.xtec.cat\/ceipbufala\/wp-json\/wp\/v2\/types\/page"}],"author":[{"embeddable":true,"href":"https:\/\/agora.xtec.cat\/ceipbufala\/wp-json\/wp\/v2\/users\/1"}],"replies":[{"embeddable":true,"href":"https:\/\/agora.xtec.cat\/ceipbufala\/wp-json\/wp\/v2\/comments?post=538"}],"version-history":[{"count":4,"href":"https:\/\/agora.xtec.cat\/ceipbufala\/wp-json\/wp\/v2\/pages\/538\/revisions"}],"predecessor-version":[{"id":1022,"href":"https:\/\/agora.xtec.cat\/ceipbufala\/wp-json\/wp\/v2\/pages\/538\/revisions\/1022"}],"up":[{"embeddable":true,"href":"https:\/\/agora.xtec.cat\/ceipbufala\/wp-json\/wp\/v2\/pages\/64"}],"wp:attachment":[{"href":"https:\/\/agora.xtec.cat\/ceipbufala\/wp-json\/wp\/v2\/media?parent=538"}],"curies":[{"name":"wp","href":"https:\/\/api.w.org\/{rel}","templated":true}]}}