{"id":30,"date":"2014-09-18T12:30:23","date_gmt":"2014-09-18T11:30:23","guid":{"rendered":"http:\/\/agora.xtec.cat\/ceipbufala\/?page_id=30"},"modified":"2020-02-26T12:39:50","modified_gmt":"2020-02-26T11:39:50","slug":"instal%c2%b7lacions","status":"publish","type":"page","link":"https:\/\/agora.xtec.cat\/ceipbufala\/lescola\/instal%c2%b7lacions\/","title":{"rendered":"Instal\u00b7lacions"},"content":{"rendered":"<p><a href=\"https:\/\/agora.xtec.cat\/ceipbufala\/wp-content\/uploads\/usu1674\/2020\/02\/IMG_5563-1.jpg\"><img loading=\"lazy\" decoding=\"async\" class=\"alignnone wp-image-987\" src=\"https:\/\/agora.xtec.cat\/ceipbufala\/wp-content\/uploads\/usu1674\/2020\/02\/IMG_5563-1.jpg\" alt=\"\" width=\"479\" height=\"363\" srcset=\"https:\/\/agora.xtec.cat\/ceipbufala\/wp-content\/uploads\/usu1674\/2020\/02\/IMG_5563-1.jpg 660w, https:\/\/agora.xtec.cat\/ceipbufala\/wp-content\/uploads\/usu1674\/2020\/02\/IMG_5563-1-300x227.jpg 300w\" sizes=\"auto, (max-width: 479px) 100vw, 479px\" \/> <\/a> \u00a0\u00a0 \u00a0\u00a0<a href=\"https:\/\/agora.xtec.cat\/ceipbufala\/wp-content\/uploads\/usu1674\/2020\/02\/AULA.jpg\"><img loading=\"lazy\" decoding=\"async\" class=\"alignnone wp-image-988\" src=\"https:\/\/agora.xtec.cat\/ceipbufala\/wp-content\/uploads\/usu1674\/2020\/02\/AULA.jpg\" alt=\"\" width=\"508\" height=\"384\" srcset=\"https:\/\/agora.xtec.cat\/ceipbufala\/wp-content\/uploads\/usu1674\/2020\/02\/AULA.jpg 660w, https:\/\/agora.xtec.cat\/ceipbufala\/wp-content\/uploads\/usu1674\/2020\/02\/AULA-300x227.jpg 300w, https:\/\/agora.xtec.cat\/ceipbufala\/wp-content\/uploads\/usu1674\/2020\/02\/AULA-200x150.jpg 200w\" sizes=\"auto, (max-width: 508px) 100vw, 508px\" \/>\u00a0\u00a0<\/a><\/p>\n<p><span style=\"font-family: inherit; font-size: 1em;\"><br \/>\n<\/span><a style=\"font-family: inherit; font-size: 1em;\" href=\"https:\/\/agora.xtec.cat\/ceipbufala\/wp-content\/uploads\/usu1674\/2020\/02\/IMG_5560.jpg\"><img loading=\"lazy\" decoding=\"async\" class=\"alignnone wp-image-989\" src=\"https:\/\/agora.xtec.cat\/ceipbufala\/wp-content\/uploads\/usu1674\/2020\/02\/IMG_5560.jpg\" alt=\"\" width=\"462\" height=\"350\" srcset=\"https:\/\/agora.xtec.cat\/ceipbufala\/wp-content\/uploads\/usu1674\/2020\/02\/IMG_5560.jpg 660w, https:\/\/agora.xtec.cat\/ceipbufala\/wp-content\/uploads\/usu1674\/2020\/02\/IMG_5560-300x227.jpg 300w\" sizes=\"auto, (max-width: 462px) 100vw, 462px\" \/><\/a><span style=\"font-family: inherit; font-size: 1em;\"> \u00a0\u00a0 \u00a0\u00a0<\/span><a style=\"font-family: inherit; font-size: 1em;\" href=\"https:\/\/agora.xtec.cat\/ceipbufala\/wp-content\/uploads\/usu1674\/2020\/02\/IMG_5560.jpg\">\u00a0<\/a><a style=\"font-family: inherit; font-size: 1em;\" href=\"https:\/\/agora.xtec.cat\/ceipbufala\/wp-content\/uploads\/usu1674\/2020\/02\/IMG_5561-1.jpg\"><img loading=\"lazy\" decoding=\"async\" class=\"alignnone wp-image-991\" src=\"https:\/\/agora.xtec.cat\/ceipbufala\/wp-content\/uploads\/usu1674\/2020\/02\/IMG_5561-1.jpg\" alt=\"\" width=\"454\" height=\"344\" srcset=\"https:\/\/agora.xtec.cat\/ceipbufala\/wp-content\/uploads\/usu1674\/2020\/02\/IMG_5561-1.jpg 660w, https:\/\/agora.xtec.cat\/ceipbufala\/wp-content\/uploads\/usu1674\/2020\/02\/IMG_5561-1-300x227.jpg 300w\" sizes=\"auto, (max-width: 454px) 100vw, 454px\" \/><\/a><\/p>\n<p><a href=\"https:\/\/agora.xtec.cat\/ceipbufala\/wp-content\/uploads\/usu1674\/2020\/02\/AULA-ANGLES.jpg\"><img loading=\"lazy\" decoding=\"async\" class=\"alignnone wp-image-992\" src=\"https:\/\/agora.xtec.cat\/ceipbufala\/wp-content\/uploads\/usu1674\/2020\/02\/AULA-ANGLES.jpg\" alt=\"\" width=\"360\" height=\"458\" srcset=\"https:\/\/agora.xtec.cat\/ceipbufala\/wp-content\/uploads\/usu1674\/2020\/02\/AULA-ANGLES.jpg 495w, https:\/\/agora.xtec.cat\/ceipbufala\/wp-content\/uploads\/usu1674\/2020\/02\/AULA-ANGLES-236x300.jpg 236w\" sizes=\"auto, (max-width: 360px) 100vw, 360px\" \/> \u00a0 \u00a0 \u00a0 <\/a><a href=\"https:\/\/agora.xtec.cat\/ceipbufala\/wp-content\/uploads\/usu1674\/2020\/02\/IMG_5512-1.jpg\"><img loading=\"lazy\" decoding=\"async\" class=\"alignnone wp-image-993\" src=\"https:\/\/agora.xtec.cat\/ceipbufala\/wp-content\/uploads\/usu1674\/2020\/02\/IMG_5512-1.jpg\" alt=\"\" width=\"574\" height=\"435\" srcset=\"https:\/\/agora.xtec.cat\/ceipbufala\/wp-content\/uploads\/usu1674\/2020\/02\/IMG_5512-1.jpg 660w, https:\/\/agora.xtec.cat\/ceipbufala\/wp-content\/uploads\/usu1674\/2020\/02\/IMG_5512-1-300x227.jpg 300w\" sizes=\"auto, (max-width: 574px) 100vw, 574px\" \/><\/a><\/p>\n<p><a href=\"https:\/\/agora.xtec.cat\/ceipbufala\/wp-content\/uploads\/usu1674\/2020\/02\/biblio-2.jpg\">\u00a0 \u00a0 \u00a0 \u00a0 \u00a0 \u00a0 \u00a0 \u00a0 <img loading=\"lazy\" decoding=\"async\" class=\"alignnone wp-image-994\" src=\"https:\/\/agora.xtec.cat\/ceipbufala\/wp-content\/uploads\/usu1674\/2020\/02\/biblio-2.jpg\" alt=\"\" width=\"447\" height=\"328\" srcset=\"https:\/\/agora.xtec.cat\/ceipbufala\/wp-content\/uploads\/usu1674\/2020\/02\/biblio-2.jpg 645w, https:\/\/agora.xtec.cat\/ceipbufala\/wp-content\/uploads\/usu1674\/2020\/02\/biblio-2-300x220.jpg 300w\" sizes=\"auto, (max-width: 447px) 100vw, 447px\" \/> <\/a> \u00a0\u00a0 \u00a0<a href=\"https:\/\/agora.xtec.cat\/ceipbufala\/wp-content\/uploads\/usu1674\/2020\/02\/biblio.jpg\"><img loading=\"lazy\" decoding=\"async\" class=\"alignnone wp-image-995\" src=\"https:\/\/agora.xtec.cat\/ceipbufala\/wp-content\/uploads\/usu1674\/2020\/02\/biblio.jpg\" alt=\"\" width=\"430\" height=\"326\" srcset=\"https:\/\/agora.xtec.cat\/ceipbufala\/wp-content\/uploads\/usu1674\/2020\/02\/biblio.jpg 660w, https:\/\/agora.xtec.cat\/ceipbufala\/wp-content\/uploads\/usu1674\/2020\/02\/biblio-300x227.jpg 300w\" sizes=\"auto, (max-width: 430px) 100vw, 430px\" \/><\/a><\/p>\n<p><a href=\"https:\/\/agora.xtec.cat\/ceipbufala\/wp-content\/uploads\/usu1674\/2020\/02\/PSICO.jpg\"><img loading=\"lazy\" decoding=\"async\" class=\"alignnone wp-image-997\" src=\"https:\/\/agora.xtec.cat\/ceipbufala\/wp-content\/uploads\/usu1674\/2020\/02\/PSICO.jpg\" alt=\"\" width=\"464\" height=\"351\" srcset=\"https:\/\/agora.xtec.cat\/ceipbufala\/wp-content\/uploads\/usu1674\/2020\/02\/PSICO.jpg 660w, https:\/\/agora.xtec.cat\/ceipbufala\/wp-content\/uploads\/usu1674\/2020\/02\/PSICO-300x227.jpg 300w, https:\/\/agora.xtec.cat\/ceipbufala\/wp-content\/uploads\/usu1674\/2020\/02\/PSICO-200x150.jpg 200w\" sizes=\"auto, (max-width: 464px) 100vw, 464px\" \/>\u00a0\u00a0 <\/a><a href=\"https:\/\/agora.xtec.cat\/ceipbufala\/wp-content\/uploads\/usu1674\/2020\/02\/PSICO1.jpg\"><img loading=\"lazy\" decoding=\"async\" class=\"alignnone wp-image-1000\" src=\"https:\/\/agora.xtec.cat\/ceipbufala\/wp-content\/uploads\/usu1674\/2020\/02\/PSICO1.jpg\" alt=\"\" width=\"485\" height=\"367\" srcset=\"https:\/\/agora.xtec.cat\/ceipbufala\/wp-content\/uploads\/usu1674\/2020\/02\/PSICO1.jpg 660w, https:\/\/agora.xtec.cat\/ceipbufala\/wp-content\/uploads\/usu1674\/2020\/02\/PSICO1-300x227.jpg 300w, https:\/\/agora.xtec.cat\/ceipbufala\/wp-content\/uploads\/usu1674\/2020\/02\/PSICO1-200x150.jpg 200w\" sizes=\"auto, (max-width: 485px) 100vw, 485px\" \/><\/a><\/p>\n<p><a href=\"https:\/\/agora.xtec.cat\/ceipbufala\/wp-content\/uploads\/usu1674\/2020\/02\/art2.jpg\">\u00a0 \u00a0 <img loading=\"lazy\" decoding=\"async\" class=\"alignnone wp-image-1001\" src=\"https:\/\/agora.xtec.cat\/ceipbufala\/wp-content\/uploads\/usu1674\/2020\/02\/art2.jpg\" alt=\"\" width=\"497\" height=\"376\" srcset=\"https:\/\/agora.xtec.cat\/ceipbufala\/wp-content\/uploads\/usu1674\/2020\/02\/art2.jpg 660w, https:\/\/agora.xtec.cat\/ceipbufala\/wp-content\/uploads\/usu1674\/2020\/02\/art2-300x227.jpg 300w, https:\/\/agora.xtec.cat\/ceipbufala\/wp-content\/uploads\/usu1674\/2020\/02\/art2-200x150.jpg 200w\" sizes=\"auto, (max-width: 497px) 100vw, 497px\" \/>\u00a0\u00a0\u00a0 <\/a><a href=\"https:\/\/agora.xtec.cat\/ceipbufala\/wp-content\/uploads\/usu1674\/2020\/02\/artr.jpg\"><img loading=\"lazy\" decoding=\"async\" class=\"alignnone wp-image-1002\" src=\"https:\/\/agora.xtec.cat\/ceipbufala\/wp-content\/uploads\/usu1674\/2020\/02\/artr.jpg\" alt=\"\" width=\"471\" height=\"357\" srcset=\"https:\/\/agora.xtec.cat\/ceipbufala\/wp-content\/uploads\/usu1674\/2020\/02\/artr.jpg 660w, https:\/\/agora.xtec.cat\/ceipbufala\/wp-content\/uploads\/usu1674\/2020\/02\/artr-300x227.jpg 300w\" sizes=\"auto, (max-width: 471px) 100vw, 471px\" \/><\/a><\/p>\n<p><a href=\"https:\/\/agora.xtec.cat\/ceipbufala\/wp-content\/uploads\/usu1674\/2020\/02\/IMG_6467.jpg\"><img loading=\"lazy\" decoding=\"async\" class=\"alignnone wp-image-1003\" src=\"https:\/\/agora.xtec.cat\/ceipbufala\/wp-content\/uploads\/usu1674\/2020\/02\/IMG_6467.jpg\" alt=\"\" width=\"464\" height=\"338\" srcset=\"https:\/\/agora.xtec.cat\/ceipbufala\/wp-content\/uploads\/usu1674\/2020\/02\/IMG_6467.jpg 656w, https:\/\/agora.xtec.cat\/ceipbufala\/wp-content\/uploads\/usu1674\/2020\/02\/IMG_6467-300x219.jpg 300w\" sizes=\"auto, (max-width: 464px) 100vw, 464px\" \/>\u00a0\u00a0 \u00a0 <\/a><a href=\"https:\/\/agora.xtec.cat\/ceipbufala\/wp-content\/uploads\/usu1674\/2020\/02\/IMG_5537.jpg\"><img loading=\"lazy\" decoding=\"async\" class=\"alignnone wp-image-1005\" src=\"https:\/\/agora.xtec.cat\/ceipbufala\/wp-content\/uploads\/usu1674\/2020\/02\/IMG_5537.jpg\" alt=\"\" width=\"515\" height=\"390\" srcset=\"https:\/\/agora.xtec.cat\/ceipbufala\/wp-content\/uploads\/usu1674\/2020\/02\/IMG_5537.jpg 660w, https:\/\/agora.xtec.cat\/ceipbufala\/wp-content\/uploads\/usu1674\/2020\/02\/IMG_5537-300x227.jpg 300w, https:\/\/agora.xtec.cat\/ceipbufala\/wp-content\/uploads\/usu1674\/2020\/02\/IMG_5537-200x150.jpg 200w\" sizes=\"auto, (max-width: 515px) 100vw, 515px\" \/><\/a><a href=\"https:\/\/agora.xtec.cat\/ceipbufala\/wp-content\/uploads\/usu1674\/2020\/02\/IMG_6467.jpg\"> \u00a0<\/a><\/p>\n<p><a href=\"https:\/\/agora.xtec.cat\/ceipbufala\/wp-content\/uploads\/usu1674\/2020\/02\/IMG_6467.jpg\"> \u00a0 <\/a><a href=\"https:\/\/agora.xtec.cat\/ceipbufala\/wp-content\/uploads\/usu1674\/2020\/02\/page.jpg\">\u00a0 <img loading=\"lazy\" decoding=\"async\" class=\"wp-image-1004 aligncenter\" src=\"https:\/\/agora.xtec.cat\/ceipbufala\/wp-content\/uploads\/usu1674\/2020\/02\/page.jpg\" alt=\"\" width=\"868\" height=\"652\" srcset=\"https:\/\/agora.xtec.cat\/ceipbufala\/wp-content\/uploads\/usu1674\/2020\/02\/page.jpg 804w, https:\/\/agora.xtec.cat\/ceipbufala\/wp-content\/uploads\/usu1674\/2020\/02\/page-300x225.jpg 300w, https:\/\/agora.xtec.cat\/ceipbufala\/wp-content\/uploads\/usu1674\/2020\/02\/page-768x577.jpg 768w, https:\/\/agora.xtec.cat\/ceipbufala\/wp-content\/uploads\/usu1674\/2020\/02\/page-200x150.jpg 200w\" sizes=\"auto, (max-width: 868px) 100vw, 868px\" \/><\/a><\/p>\n<p>Espais i aules amplies amb molta llum.<\/p>\n<p>Aules espec\u00edfiques d&#8217;angl\u00e8s,art, psicomotricitat, laboratori, m\u00fasica i inform\u00e0tica.<\/p>\n<p>Gimn\u00e0s i Biblioteca.<\/p>\n<p>Menjador amb cuina pr\u00f2pia.<\/p>\n<p>Patis d&#8217;infantil\u00a0 amb sorral, cuineta, tipi, caseta de fusta i tobogan<\/p>\n<p>Pati de prim\u00e0ria amb taules de p\u00edcnic, roc\u00f2drom, taules de ping pong i pistes de futbol i basquet.<\/p>\n<p>&nbsp;<\/p>\n<p>&nbsp;<\/p>\n","protected":false},"excerpt":{"rendered":"<p><a href=\"https:\/\/agora.xtec.cat\/ceipbufala\/wp-content\/uploads\/usu1674\/2020\/02\/IMG_5563-1.jpg\"> <\/a> \u00a0\u00a0 \u00a0\u00a0<a href=\"https:\/\/agora.xtec.cat\/ceipbufala\/wp-content\/uploads\/usu1674\/2020\/02\/AULA.jpg\">\u00a0\u00a0<\/a><\/p>\n<p><a style=\"font-family: inherit; font-size: 1em;\" href=\"https:\/\/agora.xtec.cat\/ceipbufala\/wp-content\/uploads\/usu1674\/2020\/02\/IMG_5560.jpg\"><\/a> \u00a0\u00a0 \u00a0\u00a0<a style=\"font-family: inherit; font-size: 1em;\" href=\"https:\/\/agora.xtec.cat\/ceipbufala\/wp-content\/uploads\/usu1674\/2020\/02\/IMG_5560.jpg\">\u00a0<\/a><a style=\"font-family: inherit; font-size: 1em;\" href=\"https:\/\/agora.xtec.cat\/ceipbufala\/wp-content\/uploads\/usu1674\/2020\/02\/IMG_5561-1.jpg\"><\/a><br \/>\n<a href=\"https:\/\/agora.xtec.cat\/ceipbufala\/wp-content\/uploads\/usu1674\/2020\/02\/AULA-ANGLES.jpg\"> \u00a0 \u00a0 \u00a0 <\/a><a href=\"https:\/\/agora.xtec.cat\/ceipbufala\/wp-content\/uploads\/usu1674\/2020\/02\/IMG_5512-1.jpg\"><\/a><br \/>\n<a href=\"https:\/\/agora.xtec.cat\/ceipbufala\/wp-content\/uploads\/usu1674\/2020\/02\/biblio-2.jpg\">\u00a0 \u00a0 \u00a0 \u00a0 \u00a0 \u00a0 \u00a0 \u00a0  <\/a> \u00a0\u00a0 \u00a0<a href=\"https:\/\/agora.xtec.cat\/ceipbufala\/wp-content\/uploads\/usu1674\/2020\/02\/biblio.jpg\"><\/a><br \/>\n<a href=\"https:\/\/agora.xtec.cat\/ceipbufala\/wp-content\/uploads\/usu1674\/2020\/02\/PSICO.jpg\">\u00a0\u00a0 <\/a><a href=\"https:\/\/agora.xtec.cat\/ceipbufala\/wp-content\/uploads\/usu1674\/2020\/02\/PSICO1.jpg\"><\/a><br \/>\n<a&hellip;  <a href=\"https:\/\/agora.xtec.cat\/ceipbufala\/lescola\/instal%c2%b7lacions\/\" title=\"Read Instal\u00b7lacions\">Llegeix m\u00e9s\u00bb<\/a><\/p>\n","protected":false},"author":1,"featured_media":0,"parent":22,"menu_order":40,"comment_status":"closed","ping_status":"closed","template":"page-templates\/side-menu.php","meta":{"_bbp_topic_count":0,"_bbp_reply_count":0,"_bbp_total_topic_count":0,"_bbp_total_reply_count":0,"_bbp_voice_count":0,"_bbp_anonymous_reply_count":0,"_bbp_topic_count_hidden":0,"_bbp_reply_count_hidden":0,"_bbp_forum_subforum_count":0,"footnotes":""},"class_list":["post-30","page","type-page","status-publish","hentry"],"post_mailing_queue_ids":[],"_links":{"self":[{"href":"https:\/\/agora.xtec.cat\/ceipbufala\/wp-json\/wp\/v2\/pages\/30","targetHints":{"allow":["GET"]}}],"collection":[{"href":"https:\/\/agora.xtec.cat\/ceipbufala\/wp-json\/wp\/v2\/pages"}],"about":[{"href":"https:\/\/agora.xtec.cat\/ceipbufala\/wp-json\/wp\/v2\/types\/page"}],"author":[{"embeddable":true,"href":"https:\/\/agora.xtec.cat\/ceipbufala\/wp-json\/wp\/v2\/users\/1"}],"replies":[{"embeddable":true,"href":"https:\/\/agora.xtec.cat\/ceipbufala\/wp-json\/wp\/v2\/comments?post=30"}],"version-history":[{"count":4,"href":"https:\/\/agora.xtec.cat\/ceipbufala\/wp-json\/wp\/v2\/pages\/30\/revisions"}],"predecessor-version":[{"id":1014,"href":"https:\/\/agora.xtec.cat\/ceipbufala\/wp-json\/wp\/v2\/pages\/30\/revisions\/1014"}],"up":[{"embeddable":true,"href":"https:\/\/agora.xtec.cat\/ceipbufala\/wp-json\/wp\/v2\/pages\/22"}],"wp:attachment":[{"href":"https:\/\/agora.xtec.cat\/ceipbufala\/wp-json\/wp\/v2\/media?parent=30"}],"curies":[{"name":"wp","href":"https:\/\/api.w.org\/{rel}","templated":true}]}}