{"id":82,"date":"2014-09-18T14:10:51","date_gmt":"2014-09-18T13:10:51","guid":{"rendered":"http:\/\/agora.xtec.cat\/ceipbriudemeia\/?page_id=82"},"modified":"2022-07-05T09:46:49","modified_gmt":"2022-07-05T07:46:49","slug":"casal-destiu","status":"publish","type":"page","link":"https:\/\/agora.xtec.cat\/ceipbriudemeia\/serveis\/casal-destiu\/","title":{"rendered":"Casals"},"content":{"rendered":"<div>Els\u00a0<b>Casals de lleure educatiu\u00a0<\/b>de les Escoles d&#8217;Argentona els organitza la<b>\u00a0Xarxa d&#8217;Ampas d&#8217;Argentona.\u00a0<\/b><\/div>\n<p><span style=\"font-family: inherit; font-size: 1em;\"><br \/>\nHabitualment organitza els seg\u00fcents casals:<\/span><\/p>\n<div>\n<p>&#8211; Casal de primavera (Per vacances de setmana santa)<\/p>\n<\/div>\n<div><\/div>\n<div>&#8211; Casals d&#8217;estiu (juny\/juliol i setembre)<\/div>\n<p><span style=\"font-family: inherit; font-size: 1em;\"><br \/>\n&#8211; Casal d&#8217;hivern (per vacances de Nadal)<\/span><\/p>\n<div>\n<div>\n<p>Els casals de lleure a les Escoles s&#8217;organitzaran tenint en compte la situaci\u00f3 de la pand\u00e8mia i seguint les mesures de prevenci\u00f3 de la COVID-19 que requereixi cada moment.<\/p>\n<\/div>\n<div><\/div>\n<div>Per qualsevol consulta en relaci\u00f3 als Casals de lleure de les Escoles d&#8217;Argentona us podeu adre\u00e7ar a :\u00a0<a href=\"mailto:xarxa.ampas.argentona@gmail.com\" target=\"_blank\" rel=\"noopener noreferrer\">xarxa.ampas.argentona@gmail.<wbr \/>com<\/a><\/div>\n<\/div>\n","protected":false},"excerpt":{"rendered":"<p>Els\u00a0Casals de lleure educatiu\u00a0de les Escoles d&#8217;Argentona els organitza la\u00a0Xarxa d&#8217;Ampas d&#8217;Argentona.\u00a0 Habitualment organitza els seg\u00fcents casals: &#8211; Casal de primavera (Per vacances de setmana santa) &#8211; Casals d&#8217;estiu (juny\/juliol i setembre) &#8211; Casal d&#8217;hivern (per vacances de Nadal) Els casals de lleure a les Escoles s&#8217;organitzaran tenint en compte la situaci\u00f3 de la pand\u00e8mia [&hellip;]<\/p>\n","protected":false},"author":1,"featured_media":0,"parent":66,"menu_order":50,"comment_status":"closed","ping_status":"closed","template":"page-templates\/side-menu.php","meta":{"_bbp_topic_count":0,"_bbp_reply_count":0,"_bbp_total_topic_count":0,"_bbp_total_reply_count":0,"_bbp_voice_count":0,"_bbp_anonymous_reply_count":0,"_bbp_topic_count_hidden":0,"_bbp_reply_count_hidden":0,"_bbp_forum_subforum_count":0,"site-sidebar-layout":"default","site-content-layout":"","ast-site-content-layout":"","site-content-style":"default","site-sidebar-style":"default","ast-global-header-display":"","ast-banner-title-visibility":"","ast-main-header-display":"","ast-hfb-above-header-display":"","ast-hfb-below-header-display":"","ast-hfb-mobile-header-display":"","site-post-title":"","ast-breadcrumbs-content":"","ast-featured-img":"","footer-sml-layout":"","theme-transparent-header-meta":"","adv-header-id-meta":"","stick-header-meta":"","header-above-stick-meta":"","header-main-stick-meta":"","header-below-stick-meta":"","astra-migrate-meta-layouts":"default","ast-page-background-enabled":"default","ast-page-background-meta":{"desktop":{"background-color":"var(--ast-global-color-4)","background-image":"","background-repeat":"repeat","background-position":"center center","background-size":"auto","background-attachment":"scroll","background-type":"","background-media":"","overlay-type":"","overlay-color":"","overlay-opacity":"","overlay-gradient":""},"tablet":{"background-color":"","background-image":"","background-repeat":"repeat","background-position":"center center","background-size":"auto","background-attachment":"scroll","background-type":"","background-media":"","overlay-type":"","overlay-color":"","overlay-opacity":"","overlay-gradient":""},"mobile":{"background-color":"","background-image":"","background-repeat":"repeat","background-position":"center center","background-size":"auto","background-attachment":"scroll","background-type":"","background-media":"","overlay-type":"","overlay-color":"","overlay-opacity":"","overlay-gradient":""}},"ast-content-background-meta":{"desktop":{"background-color":"var(--ast-global-color-5)","background-image":"","background-repeat":"repeat","background-position":"center center","background-size":"auto","background-attachment":"scroll","background-type":"","background-media":"","overlay-type":"","overlay-color":"","overlay-opacity":"","overlay-gradient":""},"tablet":{"background-color":"var(--ast-global-color-5)","background-image":"","background-repeat":"repeat","background-position":"center center","background-size":"auto","background-attachment":"scroll","background-type":"","background-media":"","overlay-type":"","overlay-color":"","overlay-opacity":"","overlay-gradient":""},"mobile":{"background-color":"var(--ast-global-color-5)","background-image":"","background-repeat":"repeat","background-position":"center center","background-size":"auto","background-attachment":"scroll","background-type":"","background-media":"","overlay-type":"","overlay-color":"","overlay-opacity":"","overlay-gradient":""}},"footnotes":""},"class_list":["post-82","page","type-page","status-publish","hentry"],"post_mailing_queue_ids":[],"_links":{"self":[{"href":"https:\/\/agora.xtec.cat\/ceipbriudemeia\/wp-json\/wp\/v2\/pages\/82","targetHints":{"allow":["GET"]}}],"collection":[{"href":"https:\/\/agora.xtec.cat\/ceipbriudemeia\/wp-json\/wp\/v2\/pages"}],"about":[{"href":"https:\/\/agora.xtec.cat\/ceipbriudemeia\/wp-json\/wp\/v2\/types\/page"}],"author":[{"embeddable":true,"href":"https:\/\/agora.xtec.cat\/ceipbriudemeia\/wp-json\/wp\/v2\/users\/1"}],"replies":[{"embeddable":true,"href":"https:\/\/agora.xtec.cat\/ceipbriudemeia\/wp-json\/wp\/v2\/comments?post=82"}],"version-history":[{"count":4,"href":"https:\/\/agora.xtec.cat\/ceipbriudemeia\/wp-json\/wp\/v2\/pages\/82\/revisions"}],"predecessor-version":[{"id":2427,"href":"https:\/\/agora.xtec.cat\/ceipbriudemeia\/wp-json\/wp\/v2\/pages\/82\/revisions\/2427"}],"up":[{"embeddable":true,"href":"https:\/\/agora.xtec.cat\/ceipbriudemeia\/wp-json\/wp\/v2\/pages\/66"}],"wp:attachment":[{"href":"https:\/\/agora.xtec.cat\/ceipbriudemeia\/wp-json\/wp\/v2\/media?parent=82"}],"curies":[{"name":"wp","href":"https:\/\/api.w.org\/{rel}","templated":true}]}}