{"id":3254,"date":"2026-01-26T12:40:05","date_gmt":"2026-01-26T11:40:05","guid":{"rendered":"https:\/\/agora.xtec.cat\/ceipbriudemeia\/?page_id=3254"},"modified":"2026-02-19T16:28:19","modified_gmt":"2026-02-19T15:28:19","slug":"centre-dinteres","status":"publish","type":"page","link":"https:\/\/agora.xtec.cat\/ceipbriudemeia\/centre-dinteres\/","title":{"rendered":"Centre d&#8217;inter\u00e8s"},"content":{"rendered":"\n<p>Cada any triem un tema que ens serveix com a eix transversal per treballar durant tot el curs i en les diferents \u00e0rees. Aquest curs hem trial &#8216;La volta al m\u00f3n en 177 dies&#8217;, en refer\u00e8ncia al llibre de Jules Verne i els dies lectius que t\u00e9 aquest any escolar 25-26. <\/p>\n\n\n\n<p>A continuaci\u00f3 us mostrem les decoracions de les aules de l&#8217;escola on cadascuna ha triat un pa\u00eds del m\u00f3n. <\/p>\n\n\n\n\n\n<figure class=\"wp-block-gallery has-nested-images columns-default is-cropped wp-block-gallery-1 is-layout-flex wp-block-gallery-is-layout-flex\">\n<figure class=\"wp-block-image size-large\"><a href=\"https:\/\/agora.xtec.cat\/ceipbriudemeia\/wp-content\/uploads\/usu1659\/2025\/11\/WhatsApp-Image-2025-11-14-at-8.56.26-AM.jpeg\"><img loading=\"lazy\" decoding=\"async\" width=\"449\" height=\"1024\" data-id=\"3211\" src=\"https:\/\/agora.xtec.cat\/ceipbriudemeia\/wp-content\/uploads\/usu1659\/2025\/11\/WhatsApp-Image-2025-11-14-at-8.56.26-AM-449x1024.jpeg\" alt=\"\" class=\"wp-image-3211\" srcset=\"https:\/\/agora.xtec.cat\/ceipbriudemeia\/wp-content\/uploads\/usu1659\/2025\/11\/WhatsApp-Image-2025-11-14-at-8.56.26-AM-449x1024.jpeg 449w, https:\/\/agora.xtec.cat\/ceipbriudemeia\/wp-content\/uploads\/usu1659\/2025\/11\/WhatsApp-Image-2025-11-14-at-8.56.26-AM-132x300.jpeg 132w, https:\/\/agora.xtec.cat\/ceipbriudemeia\/wp-content\/uploads\/usu1659\/2025\/11\/WhatsApp-Image-2025-11-14-at-8.56.26-AM-768x1752.jpeg 768w, https:\/\/agora.xtec.cat\/ceipbriudemeia\/wp-content\/uploads\/usu1659\/2025\/11\/WhatsApp-Image-2025-11-14-at-8.56.26-AM-673x1536.jpeg 673w, https:\/\/agora.xtec.cat\/ceipbriudemeia\/wp-content\/uploads\/usu1659\/2025\/11\/WhatsApp-Image-2025-11-14-at-8.56.26-AM.jpeg 794w\" sizes=\"auto, (max-width: 449px) 100vw, 449px\" \/><\/a><\/figure>\n\n\n\n<figure class=\"wp-block-image size-large\"><a href=\"https:\/\/agora.xtec.cat\/ceipbriudemeia\/wp-content\/uploads\/usu1659\/2025\/11\/WhatsApp-Image-2025-11-13-at-3.57.48-PM-e1763108787680.jpeg\"><img loading=\"lazy\" decoding=\"async\" width=\"519\" height=\"1024\" data-id=\"3212\" src=\"https:\/\/agora.xtec.cat\/ceipbriudemeia\/wp-content\/uploads\/usu1659\/2025\/11\/WhatsApp-Image-2025-11-13-at-3.57.48-PM-e1763108787680-519x1024.jpeg\" alt=\"\" class=\"wp-image-3212\" srcset=\"https:\/\/agora.xtec.cat\/ceipbriudemeia\/wp-content\/uploads\/usu1659\/2025\/11\/WhatsApp-Image-2025-11-13-at-3.57.48-PM-e1763108787680-519x1024.jpeg 519w, https:\/\/agora.xtec.cat\/ceipbriudemeia\/wp-content\/uploads\/usu1659\/2025\/11\/WhatsApp-Image-2025-11-13-at-3.57.48-PM-e1763108787680-152x300.jpeg 152w, https:\/\/agora.xtec.cat\/ceipbriudemeia\/wp-content\/uploads\/usu1659\/2025\/11\/WhatsApp-Image-2025-11-13-at-3.57.48-PM-e1763108787680-768x1515.jpeg 768w, https:\/\/agora.xtec.cat\/ceipbriudemeia\/wp-content\/uploads\/usu1659\/2025\/11\/WhatsApp-Image-2025-11-13-at-3.57.48-PM-e1763108787680-779x1536.jpeg 779w, https:\/\/agora.xtec.cat\/ceipbriudemeia\/wp-content\/uploads\/usu1659\/2025\/11\/WhatsApp-Image-2025-11-13-at-3.57.48-PM-e1763108787680.jpeg 963w\" sizes=\"auto, (max-width: 519px) 100vw, 519px\" \/><\/a><\/figure>\n\n\n\n<figure class=\"wp-block-image size-large\"><a href=\"https:\/\/agora.xtec.cat\/ceipbriudemeia\/wp-content\/uploads\/usu1659\/2025\/11\/WhatsApp-Image-2025-11-13-at-3.33.56-PM-e1763108611666.jpeg\"><img loading=\"lazy\" decoding=\"async\" width=\"456\" height=\"1024\" data-id=\"3213\" src=\"https:\/\/agora.xtec.cat\/ceipbriudemeia\/wp-content\/uploads\/usu1659\/2025\/11\/WhatsApp-Image-2025-11-13-at-3.33.56-PM-e1763108611666-456x1024.jpeg\" alt=\"\" class=\"wp-image-3213\" srcset=\"https:\/\/agora.xtec.cat\/ceipbriudemeia\/wp-content\/uploads\/usu1659\/2025\/11\/WhatsApp-Image-2025-11-13-at-3.33.56-PM-e1763108611666-456x1024.jpeg 456w, https:\/\/agora.xtec.cat\/ceipbriudemeia\/wp-content\/uploads\/usu1659\/2025\/11\/WhatsApp-Image-2025-11-13-at-3.33.56-PM-e1763108611666-134x300.jpeg 134w, https:\/\/agora.xtec.cat\/ceipbriudemeia\/wp-content\/uploads\/usu1659\/2025\/11\/WhatsApp-Image-2025-11-13-at-3.33.56-PM-e1763108611666-684x1536.jpeg 684w, https:\/\/agora.xtec.cat\/ceipbriudemeia\/wp-content\/uploads\/usu1659\/2025\/11\/WhatsApp-Image-2025-11-13-at-3.33.56-PM-e1763108611666.jpeg 712w\" sizes=\"auto, (max-width: 456px) 100vw, 456px\" \/><\/a><\/figure>\n\n\n\n<figure class=\"wp-block-image size-large\"><a href=\"https:\/\/agora.xtec.cat\/ceipbriudemeia\/wp-content\/uploads\/usu1659\/2025\/11\/WhatsApp-Image-2025-11-13-at-3.20.47-PM-e1763108638223.jpeg\"><img loading=\"lazy\" decoding=\"async\" width=\"491\" height=\"1024\" data-id=\"3214\" src=\"https:\/\/agora.xtec.cat\/ceipbriudemeia\/wp-content\/uploads\/usu1659\/2025\/11\/WhatsApp-Image-2025-11-13-at-3.20.47-PM-e1763108638223-491x1024.jpeg\" alt=\"\" class=\"wp-image-3214\" srcset=\"https:\/\/agora.xtec.cat\/ceipbriudemeia\/wp-content\/uploads\/usu1659\/2025\/11\/WhatsApp-Image-2025-11-13-at-3.20.47-PM-e1763108638223-491x1024.jpeg 491w, https:\/\/agora.xtec.cat\/ceipbriudemeia\/wp-content\/uploads\/usu1659\/2025\/11\/WhatsApp-Image-2025-11-13-at-3.20.47-PM-e1763108638223-144x300.jpeg 144w, https:\/\/agora.xtec.cat\/ceipbriudemeia\/wp-content\/uploads\/usu1659\/2025\/11\/WhatsApp-Image-2025-11-13-at-3.20.47-PM-e1763108638223-768x1601.jpeg 768w, https:\/\/agora.xtec.cat\/ceipbriudemeia\/wp-content\/uploads\/usu1659\/2025\/11\/WhatsApp-Image-2025-11-13-at-3.20.47-PM-e1763108638223-737x1536.jpeg 737w, https:\/\/agora.xtec.cat\/ceipbriudemeia\/wp-content\/uploads\/usu1659\/2025\/11\/WhatsApp-Image-2025-11-13-at-3.20.47-PM-e1763108638223.jpeg 938w\" sizes=\"auto, (max-width: 491px) 100vw, 491px\" \/><\/a><\/figure>\n\n\n\n<figure class=\"wp-block-image size-large\"><a href=\"https:\/\/agora.xtec.cat\/ceipbriudemeia\/wp-content\/uploads\/usu1659\/2025\/11\/WhatsApp-Image-2025-11-13-at-3.20.46-PM-e1763108666587.jpeg\"><img loading=\"lazy\" decoding=\"async\" width=\"495\" height=\"1024\" data-id=\"3215\" src=\"https:\/\/agora.xtec.cat\/ceipbriudemeia\/wp-content\/uploads\/usu1659\/2025\/11\/WhatsApp-Image-2025-11-13-at-3.20.46-PM-e1763108666587-495x1024.jpeg\" alt=\"\" class=\"wp-image-3215\" srcset=\"https:\/\/agora.xtec.cat\/ceipbriudemeia\/wp-content\/uploads\/usu1659\/2025\/11\/WhatsApp-Image-2025-11-13-at-3.20.46-PM-e1763108666587-495x1024.jpeg 495w, https:\/\/agora.xtec.cat\/ceipbriudemeia\/wp-content\/uploads\/usu1659\/2025\/11\/WhatsApp-Image-2025-11-13-at-3.20.46-PM-e1763108666587-145x300.jpeg 145w, https:\/\/agora.xtec.cat\/ceipbriudemeia\/wp-content\/uploads\/usu1659\/2025\/11\/WhatsApp-Image-2025-11-13-at-3.20.46-PM-e1763108666587-768x1589.jpeg 768w, https:\/\/agora.xtec.cat\/ceipbriudemeia\/wp-content\/uploads\/usu1659\/2025\/11\/WhatsApp-Image-2025-11-13-at-3.20.46-PM-e1763108666587-743x1536.jpeg 743w, https:\/\/agora.xtec.cat\/ceipbriudemeia\/wp-content\/uploads\/usu1659\/2025\/11\/WhatsApp-Image-2025-11-13-at-3.20.46-PM-e1763108666587.jpeg 962w\" sizes=\"auto, (max-width: 495px) 100vw, 495px\" \/><\/a><\/figure>\n\n\n\n<figure class=\"wp-block-image size-large\"><a href=\"https:\/\/agora.xtec.cat\/ceipbriudemeia\/wp-content\/uploads\/usu1659\/2025\/11\/WhatsApp-Image-2025-11-13-at-3.17.47-PM.jpeg\"><img loading=\"lazy\" decoding=\"async\" width=\"453\" height=\"1024\" data-id=\"3216\" src=\"https:\/\/agora.xtec.cat\/ceipbriudemeia\/wp-content\/uploads\/usu1659\/2025\/11\/WhatsApp-Image-2025-11-13-at-3.17.47-PM-453x1024.jpeg\" alt=\"\" class=\"wp-image-3216\" srcset=\"https:\/\/agora.xtec.cat\/ceipbriudemeia\/wp-content\/uploads\/usu1659\/2025\/11\/WhatsApp-Image-2025-11-13-at-3.17.47-PM-453x1024.jpeg 453w, https:\/\/agora.xtec.cat\/ceipbriudemeia\/wp-content\/uploads\/usu1659\/2025\/11\/WhatsApp-Image-2025-11-13-at-3.17.47-PM-133x300.jpeg 133w, https:\/\/agora.xtec.cat\/ceipbriudemeia\/wp-content\/uploads\/usu1659\/2025\/11\/WhatsApp-Image-2025-11-13-at-3.17.47-PM-680x1536.jpeg 680w, https:\/\/agora.xtec.cat\/ceipbriudemeia\/wp-content\/uploads\/usu1659\/2025\/11\/WhatsApp-Image-2025-11-13-at-3.17.47-PM.jpeg 708w\" sizes=\"auto, (max-width: 453px) 100vw, 453px\" \/><\/a><\/figure>\n\n\n\n<figure class=\"wp-block-image size-large\"><a href=\"https:\/\/agora.xtec.cat\/ceipbriudemeia\/wp-content\/uploads\/usu1659\/2025\/11\/WhatsApp-Image-2025-11-13-at-3.14.38-PM-e1763108723862.jpeg\"><img loading=\"lazy\" decoding=\"async\" width=\"449\" height=\"1024\" data-id=\"3217\" src=\"https:\/\/agora.xtec.cat\/ceipbriudemeia\/wp-content\/uploads\/usu1659\/2025\/11\/WhatsApp-Image-2025-11-13-at-3.14.38-PM-e1763108723862-449x1024.jpeg\" alt=\"\" class=\"wp-image-3217\" srcset=\"https:\/\/agora.xtec.cat\/ceipbriudemeia\/wp-content\/uploads\/usu1659\/2025\/11\/WhatsApp-Image-2025-11-13-at-3.14.38-PM-e1763108723862-449x1024.jpeg 449w, https:\/\/agora.xtec.cat\/ceipbriudemeia\/wp-content\/uploads\/usu1659\/2025\/11\/WhatsApp-Image-2025-11-13-at-3.14.38-PM-e1763108723862-131x300.jpeg 131w, https:\/\/agora.xtec.cat\/ceipbriudemeia\/wp-content\/uploads\/usu1659\/2025\/11\/WhatsApp-Image-2025-11-13-at-3.14.38-PM-e1763108723862-768x1753.jpeg 768w, https:\/\/agora.xtec.cat\/ceipbriudemeia\/wp-content\/uploads\/usu1659\/2025\/11\/WhatsApp-Image-2025-11-13-at-3.14.38-PM-e1763108723862-673x1536.jpeg 673w, https:\/\/agora.xtec.cat\/ceipbriudemeia\/wp-content\/uploads\/usu1659\/2025\/11\/WhatsApp-Image-2025-11-13-at-3.14.38-PM-e1763108723862.jpeg 830w\" sizes=\"auto, (max-width: 449px) 100vw, 449px\" \/><\/a><\/figure>\n\n\n\n<figure class=\"wp-block-image size-large\"><a href=\"https:\/\/agora.xtec.cat\/ceipbriudemeia\/wp-content\/uploads\/usu1659\/2025\/11\/WhatsApp-Image-2025-11-14-at-9.59.36-AM-e1763115421701.jpeg\"><img loading=\"lazy\" decoding=\"async\" width=\"482\" height=\"1024\" data-id=\"3223\" src=\"https:\/\/agora.xtec.cat\/ceipbriudemeia\/wp-content\/uploads\/usu1659\/2025\/11\/WhatsApp-Image-2025-11-14-at-9.59.36-AM-e1763115421701-482x1024.jpeg\" alt=\"\" class=\"wp-image-3223\" srcset=\"https:\/\/agora.xtec.cat\/ceipbriudemeia\/wp-content\/uploads\/usu1659\/2025\/11\/WhatsApp-Image-2025-11-14-at-9.59.36-AM-e1763115421701-482x1024.jpeg 482w, https:\/\/agora.xtec.cat\/ceipbriudemeia\/wp-content\/uploads\/usu1659\/2025\/11\/WhatsApp-Image-2025-11-14-at-9.59.36-AM-e1763115421701-141x300.jpeg 141w, https:\/\/agora.xtec.cat\/ceipbriudemeia\/wp-content\/uploads\/usu1659\/2025\/11\/WhatsApp-Image-2025-11-14-at-9.59.36-AM-e1763115421701-768x1631.jpeg 768w, https:\/\/agora.xtec.cat\/ceipbriudemeia\/wp-content\/uploads\/usu1659\/2025\/11\/WhatsApp-Image-2025-11-14-at-9.59.36-AM-e1763115421701-723x1536.jpeg 723w, https:\/\/agora.xtec.cat\/ceipbriudemeia\/wp-content\/uploads\/usu1659\/2025\/11\/WhatsApp-Image-2025-11-14-at-9.59.36-AM-e1763115421701.jpeg 854w\" sizes=\"auto, (max-width: 482px) 100vw, 482px\" \/><\/a><\/figure>\n<\/figure>\n","protected":false},"excerpt":{"rendered":"<p>Cada any triem un tema que ens serveix com a eix transversal per treballar durant tot el curs i en les diferents \u00e0rees. Aquest curs hem trial &#8216;La volta al m\u00f3n en 177 dies&#8217;, en refer\u00e8ncia al llibre de Jules Verne i els dies lectius que t\u00e9 aquest any escolar 25-26. A continuaci\u00f3 us mostrem [&hellip;]<\/p>\n","protected":false},"author":33,"featured_media":0,"parent":0,"menu_order":0,"comment_status":"closed","ping_status":"closed","template":"","meta":{"_bbp_topic_count":0,"_bbp_reply_count":0,"_bbp_total_topic_count":0,"_bbp_total_reply_count":0,"_bbp_voice_count":0,"_bbp_anonymous_reply_count":0,"_bbp_topic_count_hidden":0,"_bbp_reply_count_hidden":0,"_bbp_forum_subforum_count":0,"site-sidebar-layout":"default","site-content-layout":"","ast-site-content-layout":"default","site-content-style":"default","site-sidebar-style":"default","ast-global-header-display":"","ast-banner-title-visibility":"","ast-main-header-display":"","ast-hfb-above-header-display":"","ast-hfb-below-header-display":"","ast-hfb-mobile-header-display":"","site-post-title":"","ast-breadcrumbs-content":"","ast-featured-img":"","footer-sml-layout":"","theme-transparent-header-meta":"default","adv-header-id-meta":"","stick-header-meta":"","header-above-stick-meta":"","header-main-stick-meta":"","header-below-stick-meta":"","astra-migrate-meta-layouts":"set","ast-page-background-enabled":"default","ast-page-background-meta":{"desktop":{"background-color":"var(--ast-global-color-4)","background-image":"","background-repeat":"repeat","background-position":"center center","background-size":"auto","background-attachment":"scroll","background-type":"","background-media":"","overlay-type":"","overlay-color":"","overlay-opacity":"","overlay-gradient":""},"tablet":{"background-color":"","background-image":"","background-repeat":"repeat","background-position":"center center","background-size":"auto","background-attachment":"scroll","background-type":"","background-media":"","overlay-type":"","overlay-color":"","overlay-opacity":"","overlay-gradient":""},"mobile":{"background-color":"","background-image":"","background-repeat":"repeat","background-position":"center center","background-size":"auto","background-attachment":"scroll","background-type":"","background-media":"","overlay-type":"","overlay-color":"","overlay-opacity":"","overlay-gradient":""}},"ast-content-background-meta":{"desktop":{"background-color":"var(--ast-global-color-5)","background-image":"","background-repeat":"repeat","background-position":"center center","background-size":"auto","background-attachment":"scroll","background-type":"","background-media":"","overlay-type":"","overlay-color":"","overlay-opacity":"","overlay-gradient":""},"tablet":{"background-color":"var(--ast-global-color-5)","background-image":"","background-repeat":"repeat","background-position":"center center","background-size":"auto","background-attachment":"scroll","background-type":"","background-media":"","overlay-type":"","overlay-color":"","overlay-opacity":"","overlay-gradient":""},"mobile":{"background-color":"var(--ast-global-color-5)","background-image":"","background-repeat":"repeat","background-position":"center center","background-size":"auto","background-attachment":"scroll","background-type":"","background-media":"","overlay-type":"","overlay-color":"","overlay-opacity":"","overlay-gradient":""}},"footnotes":""},"class_list":["post-3254","page","type-page","status-publish","hentry"],"post_mailing_queue_ids":[],"_links":{"self":[{"href":"https:\/\/agora.xtec.cat\/ceipbriudemeia\/wp-json\/wp\/v2\/pages\/3254","targetHints":{"allow":["GET"]}}],"collection":[{"href":"https:\/\/agora.xtec.cat\/ceipbriudemeia\/wp-json\/wp\/v2\/pages"}],"about":[{"href":"https:\/\/agora.xtec.cat\/ceipbriudemeia\/wp-json\/wp\/v2\/types\/page"}],"author":[{"embeddable":true,"href":"https:\/\/agora.xtec.cat\/ceipbriudemeia\/wp-json\/wp\/v2\/users\/33"}],"replies":[{"embeddable":true,"href":"https:\/\/agora.xtec.cat\/ceipbriudemeia\/wp-json\/wp\/v2\/comments?post=3254"}],"version-history":[{"count":5,"href":"https:\/\/agora.xtec.cat\/ceipbriudemeia\/wp-json\/wp\/v2\/pages\/3254\/revisions"}],"predecessor-version":[{"id":3418,"href":"https:\/\/agora.xtec.cat\/ceipbriudemeia\/wp-json\/wp\/v2\/pages\/3254\/revisions\/3418"}],"wp:attachment":[{"href":"https:\/\/agora.xtec.cat\/ceipbriudemeia\/wp-json\/wp\/v2\/media?parent=3254"}],"curies":[{"name":"wp","href":"https:\/\/api.w.org\/{rel}","templated":true}]}}