{"id":3250,"date":"2026-01-26T11:28:42","date_gmt":"2026-01-26T10:28:42","guid":{"rendered":"https:\/\/agora.xtec.cat\/ceipbriudemeia\/?page_id=3250"},"modified":"2026-02-20T16:00:34","modified_gmt":"2026-02-20T15:00:34","slug":"robotica","status":"publish","type":"page","link":"https:\/\/agora.xtec.cat\/ceipbriudemeia\/robotica\/","title":{"rendered":"Rob\u00f2tica"},"content":{"rendered":"\n<p><\/p>\n\n\n\n<div class=\"wp-block-getwid-section alignfull alignfull getwid-section-content-custom-width\"><div class=\"wp-block-getwid-section__wrapper getwid-padding-left-medium getwid-padding-right-medium\"><div class=\"wp-block-getwid-section__inner-wrapper\" style=\"max-width:1140px\"><div class=\"wp-block-getwid-section__background-holder\"><div class=\"wp-block-getwid-section__background\"><\/div><div class=\"wp-block-getwid-section__foreground\"><\/div><\/div><div class=\"wp-block-getwid-section__content\"><div class=\"wp-block-getwid-section__inner-content\">\n<div class=\"wp-block-columns has-2-columns are-vertically-aligned-center is-layout-flex wp-container-core-columns-is-layout-1 wp-block-columns-is-layout-flex\">\n<div class=\"wp-block-column is-vertically-aligned-center is-layout-flow wp-block-column-is-layout-flow\">\n<div class=\"wp-block-getwid-advanced-heading\" style=\"margin-bottom:30px;margin-top:10px\"><h2 class=\"wp-block-getwid-advanced-heading__content\">ROB\u00d2TICA<\/h2><\/div>\n\n\n\n<p>El projecte de rob\u00f2tica es desenvolupa a educaci\u00f3 infantil i a tots els cursos de prim\u00e0ria. Es treballa amb diferents robots segons l&#8217;etapa educativa. <\/p>\n\n\n\n<p>Les sessions es duen a terme en petits grups per afavorir l\u2019aprenentatge actiu, la participaci\u00f3 i el treball cooperatiu,  potenciant el pensament computacional i l\u00f2gic, aix\u00ed com la resoluci\u00f3 de problemes i la creativitat.<\/p>\n\n\n\n<p><\/p>\n\n\n\n<p><\/p>\n\n\n\n<div class=\"wp-block-button is-style-outline is-style-outline--1\"><a class=\"wp-block-button__link has-text-color wp-element-button\" style=\"color:#000000\">Mostra d&#8217;activitats<\/a><\/div>\n<\/div>\n\n\n\n<div class=\"wp-block-column is-vertically-aligned-center is-layout-flow wp-block-column-is-layout-flow\">\n<figure class=\"wp-block-image alignright size-large is-resized\"><a href=\"https:\/\/agora.xtec.cat\/ceipbriudemeia\/wp-content\/uploads\/usu1659\/2026\/01\/78B78D7D-3013-4135-B714-C32BD8F9C6C3_1_102_a.jpeg\"><img loading=\"lazy\" decoding=\"async\" width=\"768\" height=\"1024\" src=\"https:\/\/agora.xtec.cat\/ceipbriudemeia\/wp-content\/uploads\/usu1659\/2026\/01\/78B78D7D-3013-4135-B714-C32BD8F9C6C3_1_102_a-768x1024.jpeg\" alt=\"\" class=\"wp-image-3300\" style=\"width:422px;height:auto\" srcset=\"https:\/\/agora.xtec.cat\/ceipbriudemeia\/wp-content\/uploads\/usu1659\/2026\/01\/78B78D7D-3013-4135-B714-C32BD8F9C6C3_1_102_a-768x1024.jpeg 768w, https:\/\/agora.xtec.cat\/ceipbriudemeia\/wp-content\/uploads\/usu1659\/2026\/01\/78B78D7D-3013-4135-B714-C32BD8F9C6C3_1_102_a-225x300.jpeg 225w, https:\/\/agora.xtec.cat\/ceipbriudemeia\/wp-content\/uploads\/usu1659\/2026\/01\/78B78D7D-3013-4135-B714-C32BD8F9C6C3_1_102_a-1152x1536.jpeg 1152w, https:\/\/agora.xtec.cat\/ceipbriudemeia\/wp-content\/uploads\/usu1659\/2026\/01\/78B78D7D-3013-4135-B714-C32BD8F9C6C3_1_102_a.jpeg 1536w\" sizes=\"auto, (max-width: 768px) 100vw, 768px\" \/><\/a><\/figure>\n<\/div>\n<\/div>\n<\/div><\/div><\/div><\/div><\/div>\n\n\n\n<p><\/p>\n\n\n\n<p><\/p>\n\n\n\n<!--nextpage-->\n\n\n\n<p><\/p>\n\n\n\n<p><\/p>\n\n\n\n<h2 class=\"wp-block-heading\"><strong>INFANTIL<\/strong><\/h2>\n\n\n\n<h2 class=\"wp-block-heading\">PRIM\u00c0RIA<\/h2>\n\n\n\n<div class=\"wp-block-columns is-layout-flex wp-container-core-columns-is-layout-2 wp-block-columns-is-layout-flex\">\n<div class=\"wp-block-column is-layout-flow wp-block-column-is-layout-flow\" style=\"flex-basis:66.66%\">\n<figure class=\"wp-block-gallery has-nested-images columns-default is-cropped wp-block-gallery-2 is-layout-flex wp-block-gallery-is-layout-flex\">\n<figure class=\"wp-block-image size-large\"><img loading=\"lazy\" decoding=\"async\" width=\"645\" height=\"861\" src=\"https:\/\/agora.xtec.cat\/ceipbriudemeia\/wp-content\/uploads\/usu1659\/2026\/01\/ROBOTICA-1-2.jpg\" alt=\"\" class=\"wp-image-3308\" srcset=\"https:\/\/agora.xtec.cat\/ceipbriudemeia\/wp-content\/uploads\/usu1659\/2026\/01\/ROBOTICA-1-2.jpg 645w, https:\/\/agora.xtec.cat\/ceipbriudemeia\/wp-content\/uploads\/usu1659\/2026\/01\/ROBOTICA-1-2-225x300.jpg 225w\" sizes=\"auto, (max-width: 645px) 100vw, 645px\" \/><\/figure>\n\n\n\n<figure class=\"wp-block-image size-large\"><img loading=\"lazy\" decoding=\"async\" width=\"604\" height=\"810\" src=\"https:\/\/agora.xtec.cat\/ceipbriudemeia\/wp-content\/uploads\/usu1659\/2026\/01\/robotica-3.jpg\" alt=\"\" class=\"wp-image-3307\" srcset=\"https:\/\/agora.xtec.cat\/ceipbriudemeia\/wp-content\/uploads\/usu1659\/2026\/01\/robotica-3.jpg 604w, https:\/\/agora.xtec.cat\/ceipbriudemeia\/wp-content\/uploads\/usu1659\/2026\/01\/robotica-3-224x300.jpg 224w\" sizes=\"auto, (max-width: 604px) 100vw, 604px\" \/><\/figure>\n\n\n\n<figure class=\"wp-block-image size-large\"><img loading=\"lazy\" decoding=\"async\" width=\"645\" height=\"853\" src=\"https:\/\/agora.xtec.cat\/ceipbriudemeia\/wp-content\/uploads\/usu1659\/2026\/01\/ROBOTICA2-1.jpg\" alt=\"\" class=\"wp-image-3309\" srcset=\"https:\/\/agora.xtec.cat\/ceipbriudemeia\/wp-content\/uploads\/usu1659\/2026\/01\/ROBOTICA2-1.jpg 645w, https:\/\/agora.xtec.cat\/ceipbriudemeia\/wp-content\/uploads\/usu1659\/2026\/01\/ROBOTICA2-1-227x300.jpg 227w\" sizes=\"auto, (max-width: 645px) 100vw, 645px\" \/><\/figure>\n\n\n\n<figure class=\"wp-block-image size-large\"><a href=\"https:\/\/agora.xtec.cat\/ceipbriudemeia\/wp-content\/uploads\/usu1659\/2026\/01\/robotica-4.jpg\"><img loading=\"lazy\" decoding=\"async\" width=\"628\" height=\"475\" src=\"https:\/\/agora.xtec.cat\/ceipbriudemeia\/wp-content\/uploads\/usu1659\/2026\/01\/robotica-4.jpg\" alt=\"\" class=\"wp-image-3312\" srcset=\"https:\/\/agora.xtec.cat\/ceipbriudemeia\/wp-content\/uploads\/usu1659\/2026\/01\/robotica-4.jpg 628w, https:\/\/agora.xtec.cat\/ceipbriudemeia\/wp-content\/uploads\/usu1659\/2026\/01\/robotica-4-300x227.jpg 300w\" sizes=\"auto, (max-width: 628px) 100vw, 628px\" \/><\/a><\/figure>\n<\/figure>\n<\/div>\n\n\n\n<div class=\"wp-block-column is-layout-flow wp-block-column-is-layout-flow\"><\/div>\n\n\n\n<div class=\"wp-block-column is-layout-flow wp-block-column-is-layout-flow\"><\/div>\n\n\n\n<div class=\"wp-block-column is-vertically-aligned-top is-layout-flow wp-block-column-is-layout-flow\" style=\"flex-basis:33.33%\">\n<h4 class=\"wp-block-heading alignwide has-text-align-center\"><mark style=\"background-color:rgba(0, 0, 0, 0)\" class=\"has-inline-color has-ast-global-color-1-color\">Primer cicle<\/mark><\/h4>\n\n\n\n<figure class=\"wp-block-gallery has-nested-images columns-default is-cropped wp-block-gallery-3 is-layout-flex wp-block-gallery-is-layout-flex\">\n<figure class=\"wp-block-image size-full\"><a href=\"https:\/\/agora.xtec.cat\/ceipbriudemeia\/wp-content\/uploads\/usu1659\/2026\/01\/Captura-de-pantalla-2026-01-28-125904.png\"><img loading=\"lazy\" decoding=\"async\" width=\"639\" height=\"836\" src=\"https:\/\/agora.xtec.cat\/ceipbriudemeia\/wp-content\/uploads\/usu1659\/2026\/01\/Captura-de-pantalla-2026-01-28-125904.png\" alt=\"\" class=\"wp-image-3314\" srcset=\"https:\/\/agora.xtec.cat\/ceipbriudemeia\/wp-content\/uploads\/usu1659\/2026\/01\/Captura-de-pantalla-2026-01-28-125904.png 639w, https:\/\/agora.xtec.cat\/ceipbriudemeia\/wp-content\/uploads\/usu1659\/2026\/01\/Captura-de-pantalla-2026-01-28-125904-229x300.png 229w\" sizes=\"auto, (max-width: 639px) 100vw, 639px\" \/><\/a><\/figure>\n<\/figure>\n\n\n\n<figure class=\"wp-block-image size-full\"><a href=\"https:\/\/agora.xtec.cat\/ceipbriudemeia\/wp-content\/uploads\/usu1659\/2026\/01\/Captura-de-pantalla-2026-01-28-125941.png\"><img loading=\"lazy\" decoding=\"async\" width=\"625\" height=\"729\" src=\"https:\/\/agora.xtec.cat\/ceipbriudemeia\/wp-content\/uploads\/usu1659\/2026\/01\/Captura-de-pantalla-2026-01-28-125941.png\" alt=\"\" class=\"wp-image-3315\" srcset=\"https:\/\/agora.xtec.cat\/ceipbriudemeia\/wp-content\/uploads\/usu1659\/2026\/01\/Captura-de-pantalla-2026-01-28-125941.png 625w, https:\/\/agora.xtec.cat\/ceipbriudemeia\/wp-content\/uploads\/usu1659\/2026\/01\/Captura-de-pantalla-2026-01-28-125941-257x300.png 257w\" sizes=\"auto, (max-width: 625px) 100vw, 625px\" \/><\/a><\/figure>\n<\/div>\n<\/div>\n\n\n\n<h4 class=\"wp-block-heading alignwide\"><mark style=\"background-color:rgba(0, 0, 0, 0)\" class=\"has-inline-color has-ast-global-color-1-color\">Segon cicle<\/mark><\/h4>\n\n\n\n<figure class=\"wp-block-gallery has-nested-images columns-default is-cropped wp-block-gallery-4 is-layout-flex wp-block-gallery-is-layout-flex\">\n<figure class=\"wp-block-image size-large\"><a href=\"https:\/\/agora.xtec.cat\/ceipbriudemeia\/wp-content\/uploads\/usu1659\/2026\/01\/IMG_9935-1-1-scaled.jpg\"><img loading=\"lazy\" decoding=\"async\" width=\"768\" height=\"1024\" data-id=\"3324\" src=\"https:\/\/agora.xtec.cat\/ceipbriudemeia\/wp-content\/uploads\/usu1659\/2026\/01\/IMG_9935-1-1-768x1024.jpg\" alt=\"\" class=\"wp-image-3324\" srcset=\"https:\/\/agora.xtec.cat\/ceipbriudemeia\/wp-content\/uploads\/usu1659\/2026\/01\/IMG_9935-1-1-768x1024.jpg 768w, https:\/\/agora.xtec.cat\/ceipbriudemeia\/wp-content\/uploads\/usu1659\/2026\/01\/IMG_9935-1-1-225x300.jpg 225w, https:\/\/agora.xtec.cat\/ceipbriudemeia\/wp-content\/uploads\/usu1659\/2026\/01\/IMG_9935-1-1-1152x1536.jpg 1152w, https:\/\/agora.xtec.cat\/ceipbriudemeia\/wp-content\/uploads\/usu1659\/2026\/01\/IMG_9935-1-1-1536x2048.jpg 1536w, https:\/\/agora.xtec.cat\/ceipbriudemeia\/wp-content\/uploads\/usu1659\/2026\/01\/IMG_9935-1-1-scaled.jpg 1920w\" sizes=\"auto, (max-width: 768px) 100vw, 768px\" \/><\/a><\/figure>\n\n\n\n<figure class=\"wp-block-image size-large\"><a href=\"https:\/\/agora.xtec.cat\/ceipbriudemeia\/wp-content\/uploads\/usu1659\/2026\/01\/IMG_9931-2-scaled.jpg\"><img loading=\"lazy\" decoding=\"async\" width=\"768\" height=\"1024\" data-id=\"3325\" src=\"https:\/\/agora.xtec.cat\/ceipbriudemeia\/wp-content\/uploads\/usu1659\/2026\/01\/IMG_9931-2-768x1024.jpg\" alt=\"\" class=\"wp-image-3325\" srcset=\"https:\/\/agora.xtec.cat\/ceipbriudemeia\/wp-content\/uploads\/usu1659\/2026\/01\/IMG_9931-2-768x1024.jpg 768w, https:\/\/agora.xtec.cat\/ceipbriudemeia\/wp-content\/uploads\/usu1659\/2026\/01\/IMG_9931-2-225x300.jpg 225w, https:\/\/agora.xtec.cat\/ceipbriudemeia\/wp-content\/uploads\/usu1659\/2026\/01\/IMG_9931-2-1152x1536.jpg 1152w, https:\/\/agora.xtec.cat\/ceipbriudemeia\/wp-content\/uploads\/usu1659\/2026\/01\/IMG_9931-2-1536x2048.jpg 1536w, https:\/\/agora.xtec.cat\/ceipbriudemeia\/wp-content\/uploads\/usu1659\/2026\/01\/IMG_9931-2-scaled.jpg 1920w\" sizes=\"auto, (max-width: 768px) 100vw, 768px\" \/><\/a><\/figure>\n\n\n\n<figure class=\"wp-block-image size-large\"><a href=\"https:\/\/agora.xtec.cat\/ceipbriudemeia\/wp-content\/uploads\/usu1659\/2026\/01\/IMG_9930-1-scaled.jpg\"><img loading=\"lazy\" decoding=\"async\" width=\"1024\" height=\"768\" data-id=\"3326\" src=\"https:\/\/agora.xtec.cat\/ceipbriudemeia\/wp-content\/uploads\/usu1659\/2026\/01\/IMG_9930-1-1024x768.jpg\" alt=\"\" class=\"wp-image-3326\" srcset=\"https:\/\/agora.xtec.cat\/ceipbriudemeia\/wp-content\/uploads\/usu1659\/2026\/01\/IMG_9930-1-1024x768.jpg 1024w, https:\/\/agora.xtec.cat\/ceipbriudemeia\/wp-content\/uploads\/usu1659\/2026\/01\/IMG_9930-1-300x225.jpg 300w, https:\/\/agora.xtec.cat\/ceipbriudemeia\/wp-content\/uploads\/usu1659\/2026\/01\/IMG_9930-1-768x576.jpg 768w, https:\/\/agora.xtec.cat\/ceipbriudemeia\/wp-content\/uploads\/usu1659\/2026\/01\/IMG_9930-1-1536x1152.jpg 1536w, https:\/\/agora.xtec.cat\/ceipbriudemeia\/wp-content\/uploads\/usu1659\/2026\/01\/IMG_9930-1-2048x1536.jpg 2048w\" sizes=\"auto, (max-width: 1024px) 100vw, 1024px\" \/><\/a><\/figure>\n\n\n\n<figure class=\"wp-block-image size-large\"><a href=\"https:\/\/agora.xtec.cat\/ceipbriudemeia\/wp-content\/uploads\/usu1659\/2026\/01\/5C716409-9420-4F4C-87E0-2115682202CE_1_102_a-1.jpeg\"><img loading=\"lazy\" decoding=\"async\" width=\"768\" height=\"1024\" data-id=\"3328\" src=\"https:\/\/agora.xtec.cat\/ceipbriudemeia\/wp-content\/uploads\/usu1659\/2026\/01\/5C716409-9420-4F4C-87E0-2115682202CE_1_102_a-1-768x1024.jpeg\" alt=\"\" class=\"wp-image-3328\" srcset=\"https:\/\/agora.xtec.cat\/ceipbriudemeia\/wp-content\/uploads\/usu1659\/2026\/01\/5C716409-9420-4F4C-87E0-2115682202CE_1_102_a-1-768x1024.jpeg 768w, https:\/\/agora.xtec.cat\/ceipbriudemeia\/wp-content\/uploads\/usu1659\/2026\/01\/5C716409-9420-4F4C-87E0-2115682202CE_1_102_a-1-225x300.jpeg 225w, https:\/\/agora.xtec.cat\/ceipbriudemeia\/wp-content\/uploads\/usu1659\/2026\/01\/5C716409-9420-4F4C-87E0-2115682202CE_1_102_a-1-1152x1536.jpeg 1152w, https:\/\/agora.xtec.cat\/ceipbriudemeia\/wp-content\/uploads\/usu1659\/2026\/01\/5C716409-9420-4F4C-87E0-2115682202CE_1_102_a-1.jpeg 1536w\" sizes=\"auto, (max-width: 768px) 100vw, 768px\" \/><\/a><\/figure>\n\n\n\n<figure class=\"wp-block-image size-large\"><a href=\"https:\/\/agora.xtec.cat\/ceipbriudemeia\/wp-content\/uploads\/usu1659\/2026\/01\/278BD0BF-6CD4-459C-B156-1FC40CF9E3DD_1_102_a.jpeg\"><img loading=\"lazy\" decoding=\"async\" width=\"768\" height=\"1024\" data-id=\"3329\" src=\"https:\/\/agora.xtec.cat\/ceipbriudemeia\/wp-content\/uploads\/usu1659\/2026\/01\/278BD0BF-6CD4-459C-B156-1FC40CF9E3DD_1_102_a-768x1024.jpeg\" alt=\"\" class=\"wp-image-3329\" srcset=\"https:\/\/agora.xtec.cat\/ceipbriudemeia\/wp-content\/uploads\/usu1659\/2026\/01\/278BD0BF-6CD4-459C-B156-1FC40CF9E3DD_1_102_a-768x1024.jpeg 768w, https:\/\/agora.xtec.cat\/ceipbriudemeia\/wp-content\/uploads\/usu1659\/2026\/01\/278BD0BF-6CD4-459C-B156-1FC40CF9E3DD_1_102_a-225x300.jpeg 225w, https:\/\/agora.xtec.cat\/ceipbriudemeia\/wp-content\/uploads\/usu1659\/2026\/01\/278BD0BF-6CD4-459C-B156-1FC40CF9E3DD_1_102_a-1152x1536.jpeg 1152w, https:\/\/agora.xtec.cat\/ceipbriudemeia\/wp-content\/uploads\/usu1659\/2026\/01\/278BD0BF-6CD4-459C-B156-1FC40CF9E3DD_1_102_a.jpeg 1536w\" sizes=\"auto, (max-width: 768px) 100vw, 768px\" \/><\/a><\/figure>\n\n\n\n<figure class=\"wp-block-image size-large\"><a href=\"https:\/\/agora.xtec.cat\/ceipbriudemeia\/wp-content\/uploads\/usu1659\/2026\/01\/BAA37098-D6D1-4B80-81B7-553388426334_1_102_a.jpeg\"><img loading=\"lazy\" decoding=\"async\" width=\"768\" height=\"1024\" data-id=\"3330\" src=\"https:\/\/agora.xtec.cat\/ceipbriudemeia\/wp-content\/uploads\/usu1659\/2026\/01\/BAA37098-D6D1-4B80-81B7-553388426334_1_102_a-768x1024.jpeg\" alt=\"\" class=\"wp-image-3330\" srcset=\"https:\/\/agora.xtec.cat\/ceipbriudemeia\/wp-content\/uploads\/usu1659\/2026\/01\/BAA37098-D6D1-4B80-81B7-553388426334_1_102_a-768x1024.jpeg 768w, https:\/\/agora.xtec.cat\/ceipbriudemeia\/wp-content\/uploads\/usu1659\/2026\/01\/BAA37098-D6D1-4B80-81B7-553388426334_1_102_a-225x300.jpeg 225w, https:\/\/agora.xtec.cat\/ceipbriudemeia\/wp-content\/uploads\/usu1659\/2026\/01\/BAA37098-D6D1-4B80-81B7-553388426334_1_102_a-1152x1536.jpeg 1152w, https:\/\/agora.xtec.cat\/ceipbriudemeia\/wp-content\/uploads\/usu1659\/2026\/01\/BAA37098-D6D1-4B80-81B7-553388426334_1_102_a.jpeg 1536w\" sizes=\"auto, (max-width: 768px) 100vw, 768px\" \/><\/a><\/figure>\n<\/figure>\n\n\n\n<h4 class=\"wp-block-heading\"><mark style=\"background-color:rgba(0, 0, 0, 0)\" class=\"has-inline-color has-ast-global-color-1-color\">Tercer cicle<\/mark><\/h4>\n\n\n\n<p><\/p>\n","protected":false},"excerpt":{"rendered":"","protected":false},"author":33,"featured_media":0,"parent":0,"menu_order":0,"comment_status":"closed","ping_status":"closed","template":"","meta":{"_bbp_topic_count":0,"_bbp_reply_count":0,"_bbp_total_topic_count":0,"_bbp_total_reply_count":0,"_bbp_voice_count":0,"_bbp_anonymous_reply_count":0,"_bbp_topic_count_hidden":0,"_bbp_reply_count_hidden":0,"_bbp_forum_subforum_count":0,"site-sidebar-layout":"default","site-content-layout":"","ast-site-content-layout":"default","site-content-style":"default","site-sidebar-style":"default","ast-global-header-display":"","ast-banner-title-visibility":"","ast-main-header-display":"","ast-hfb-above-header-display":"","ast-hfb-below-header-display":"","ast-hfb-mobile-header-display":"","site-post-title":"","ast-breadcrumbs-content":"","ast-featured-img":"","footer-sml-layout":"","theme-transparent-header-meta":"default","adv-header-id-meta":"","stick-header-meta":"","header-above-stick-meta":"","header-main-stick-meta":"","header-below-stick-meta":"","astra-migrate-meta-layouts":"set","ast-page-background-enabled":"default","ast-page-background-meta":{"desktop":{"background-color":"var(--ast-global-color-4)","background-image":"","background-repeat":"repeat","background-position":"center center","background-size":"auto","background-attachment":"scroll","background-type":"","background-media":"","overlay-type":"","overlay-color":"","overlay-opacity":"","overlay-gradient":""},"tablet":{"background-color":"","background-image":"","background-repeat":"repeat","background-position":"center center","background-size":"auto","background-attachment":"scroll","background-type":"","background-media":"","overlay-type":"","overlay-color":"","overlay-opacity":"","overlay-gradient":""},"mobile":{"background-color":"","background-image":"","background-repeat":"repeat","background-position":"center center","background-size":"auto","background-attachment":"scroll","background-type":"","background-media":"","overlay-type":"","overlay-color":"","overlay-opacity":"","overlay-gradient":""}},"ast-content-background-meta":{"desktop":{"background-color":"var(--ast-global-color-5)","background-image":"","background-repeat":"repeat","background-position":"center center","background-size":"auto","background-attachment":"scroll","background-type":"","background-media":"","overlay-type":"","overlay-color":"","overlay-opacity":"","overlay-gradient":""},"tablet":{"background-color":"var(--ast-global-color-5)","background-image":"","background-repeat":"repeat","background-position":"center center","background-size":"auto","background-attachment":"scroll","background-type":"","background-media":"","overlay-type":"","overlay-color":"","overlay-opacity":"","overlay-gradient":""},"mobile":{"background-color":"var(--ast-global-color-5)","background-image":"","background-repeat":"repeat","background-position":"center center","background-size":"auto","background-attachment":"scroll","background-type":"","background-media":"","overlay-type":"","overlay-color":"","overlay-opacity":"","overlay-gradient":""}},"footnotes":""},"class_list":["post-3250","page","type-page","status-publish","hentry"],"post_mailing_queue_ids":[],"_links":{"self":[{"href":"https:\/\/agora.xtec.cat\/ceipbriudemeia\/wp-json\/wp\/v2\/pages\/3250","targetHints":{"allow":["GET"]}}],"collection":[{"href":"https:\/\/agora.xtec.cat\/ceipbriudemeia\/wp-json\/wp\/v2\/pages"}],"about":[{"href":"https:\/\/agora.xtec.cat\/ceipbriudemeia\/wp-json\/wp\/v2\/types\/page"}],"author":[{"embeddable":true,"href":"https:\/\/agora.xtec.cat\/ceipbriudemeia\/wp-json\/wp\/v2\/users\/33"}],"replies":[{"embeddable":true,"href":"https:\/\/agora.xtec.cat\/ceipbriudemeia\/wp-json\/wp\/v2\/comments?post=3250"}],"version-history":[{"count":5,"href":"https:\/\/agora.xtec.cat\/ceipbriudemeia\/wp-json\/wp\/v2\/pages\/3250\/revisions"}],"predecessor-version":[{"id":3429,"href":"https:\/\/agora.xtec.cat\/ceipbriudemeia\/wp-json\/wp\/v2\/pages\/3250\/revisions\/3429"}],"wp:attachment":[{"href":"https:\/\/agora.xtec.cat\/ceipbriudemeia\/wp-json\/wp\/v2\/media?parent=3250"}],"curies":[{"name":"wp","href":"https:\/\/api.w.org\/{rel}","templated":true}]}}