{"id":28,"date":"2014-09-18T12:29:35","date_gmt":"2014-09-18T11:29:35","guid":{"rendered":"http:\/\/agora.xtec.cat\/ceipbriudemeia\/?page_id=28"},"modified":"2025-07-09T13:36:14","modified_gmt":"2025-07-09T11:36:14","slug":"consell-escolar","status":"publish","type":"page","link":"https:\/\/agora.xtec.cat\/ceipbriudemeia\/lescola\/consell-escolar\/","title":{"rendered":"Consell Escolar"},"content":{"rendered":"<div>\n<div><\/div>\n<div><b><span style=\"font-size: medium;\">COMPOSICI\u00d3<\/span><\/b><\/div>\n<\/div>\n<div><\/div>\n<ul style=\"list-style-type: circle;\">\n<li>President: Joan M. (director)<\/li>\n<li>Cap d\u2019Estudis: Vanesa L.<\/li>\n<li>Representant de l\u2019Ajuntament: Joan G. \/ Vanessa A.<\/li>\n<li>Representants de les fam\u00edlies: Laura L., Helena Y., Magda B. Patr\u00edcia S., Blai A.,<\/li>\n<li>President\/a o representant de l&#8217;AFA: Maria B.<\/li>\n<li><span lang=\"CA\">Representants dels mestres: <\/span><span lang=\"CA\">Marta C., Eva Q., Laura A., Gemma P., Anna M. i Marga P.<\/span><\/li>\n<li>Representant del PAS: Roser F.<\/li>\n<li>Secretari: Marc P.<\/li>\n<\/ul>\n<p><b><span style=\"font-size: medium;\">COMISSIONS<\/span><\/b><\/p>\n<ul style=\"list-style-type: square;\">\n<li>Comissi\u00f3 de menjador<\/li>\n<li>Comissi\u00f3 econ\u00f2mica<\/li>\n<li>Comissi\u00f3 de conviv\u00e8ncia<\/li>\n<li>Comissi\u00f3 de socialitzaci\u00f3 i reutilitzaci\u00f3 de llibres de text<\/li>\n<\/ul>\n","protected":false},"excerpt":{"rendered":"<p>COMPOSICI\u00d3 President: Joan M. (director) Cap d\u2019Estudis: Vanesa L. Representant de l\u2019Ajuntament: Joan G. \/ Vanessa A. Representants de les fam\u00edlies: Laura L., Helena Y., Magda B. Patr\u00edcia S., Blai A., President\/a o representant de l&#8217;AFA: Maria B. Representants dels mestres: Marta C., Eva Q., Laura A., Gemma P., Anna M. i Marga P. Representant [&hellip;]<\/p>\n","protected":false},"author":1,"featured_media":0,"parent":22,"menu_order":30,"comment_status":"closed","ping_status":"closed","template":"page-templates\/side-menu.php","meta":{"_bbp_topic_count":0,"_bbp_reply_count":0,"_bbp_total_topic_count":0,"_bbp_total_reply_count":0,"_bbp_voice_count":0,"_bbp_anonymous_reply_count":0,"_bbp_topic_count_hidden":0,"_bbp_reply_count_hidden":0,"_bbp_forum_subforum_count":0,"site-sidebar-layout":"default","site-content-layout":"","ast-site-content-layout":"","site-content-style":"default","site-sidebar-style":"default","ast-global-header-display":"","ast-banner-title-visibility":"","ast-main-header-display":"","ast-hfb-above-header-display":"","ast-hfb-below-header-display":"","ast-hfb-mobile-header-display":"","site-post-title":"","ast-breadcrumbs-content":"","ast-featured-img":"","footer-sml-layout":"","theme-transparent-header-meta":"","adv-header-id-meta":"","stick-header-meta":"","header-above-stick-meta":"","header-main-stick-meta":"","header-below-stick-meta":"","astra-migrate-meta-layouts":"default","ast-page-background-enabled":"default","ast-page-background-meta":{"desktop":{"background-color":"var(--ast-global-color-4)","background-image":"","background-repeat":"repeat","background-position":"center center","background-size":"auto","background-attachment":"scroll","background-type":"","background-media":"","overlay-type":"","overlay-color":"","overlay-opacity":"","overlay-gradient":""},"tablet":{"background-color":"","background-image":"","background-repeat":"repeat","background-position":"center center","background-size":"auto","background-attachment":"scroll","background-type":"","background-media":"","overlay-type":"","overlay-color":"","overlay-opacity":"","overlay-gradient":""},"mobile":{"background-color":"","background-image":"","background-repeat":"repeat","background-position":"center center","background-size":"auto","background-attachment":"scroll","background-type":"","background-media":"","overlay-type":"","overlay-color":"","overlay-opacity":"","overlay-gradient":""}},"ast-content-background-meta":{"desktop":{"background-color":"var(--ast-global-color-5)","background-image":"","background-repeat":"repeat","background-position":"center center","background-size":"auto","background-attachment":"scroll","background-type":"","background-media":"","overlay-type":"","overlay-color":"","overlay-opacity":"","overlay-gradient":""},"tablet":{"background-color":"var(--ast-global-color-5)","background-image":"","background-repeat":"repeat","background-position":"center center","background-size":"auto","background-attachment":"scroll","background-type":"","background-media":"","overlay-type":"","overlay-color":"","overlay-opacity":"","overlay-gradient":""},"mobile":{"background-color":"var(--ast-global-color-5)","background-image":"","background-repeat":"repeat","background-position":"center center","background-size":"auto","background-attachment":"scroll","background-type":"","background-media":"","overlay-type":"","overlay-color":"","overlay-opacity":"","overlay-gradient":""}},"footnotes":""},"class_list":["post-28","page","type-page","status-publish","hentry"],"post_mailing_queue_ids":[],"_links":{"self":[{"href":"https:\/\/agora.xtec.cat\/ceipbriudemeia\/wp-json\/wp\/v2\/pages\/28","targetHints":{"allow":["GET"]}}],"collection":[{"href":"https:\/\/agora.xtec.cat\/ceipbriudemeia\/wp-json\/wp\/v2\/pages"}],"about":[{"href":"https:\/\/agora.xtec.cat\/ceipbriudemeia\/wp-json\/wp\/v2\/types\/page"}],"author":[{"embeddable":true,"href":"https:\/\/agora.xtec.cat\/ceipbriudemeia\/wp-json\/wp\/v2\/users\/1"}],"replies":[{"embeddable":true,"href":"https:\/\/agora.xtec.cat\/ceipbriudemeia\/wp-json\/wp\/v2\/comments?post=28"}],"version-history":[{"count":6,"href":"https:\/\/agora.xtec.cat\/ceipbriudemeia\/wp-json\/wp\/v2\/pages\/28\/revisions"}],"predecessor-version":[{"id":3175,"href":"https:\/\/agora.xtec.cat\/ceipbriudemeia\/wp-json\/wp\/v2\/pages\/28\/revisions\/3175"}],"up":[{"embeddable":true,"href":"https:\/\/agora.xtec.cat\/ceipbriudemeia\/wp-json\/wp\/v2\/pages\/22"}],"wp:attachment":[{"href":"https:\/\/agora.xtec.cat\/ceipbriudemeia\/wp-json\/wp\/v2\/media?parent=28"}],"curies":[{"name":"wp","href":"https:\/\/api.w.org\/{rel}","templated":true}]}}