{"id":2505,"date":"2022-11-04T16:20:39","date_gmt":"2022-11-04T15:20:39","guid":{"rendered":"https:\/\/agora.xtec.cat\/ceipbriudemeia\/?page_id=2505"},"modified":"2024-05-31T15:26:20","modified_gmt":"2024-05-31T13:26:20","slug":"sortides-dentorn","status":"publish","type":"page","link":"https:\/\/agora.xtec.cat\/ceipbriudemeia\/sortides-dentorn\/","title":{"rendered":"SORTIDES D&#8217;ENTORN"},"content":{"rendered":"<p>En aquest apartat trobareu els itineraris i rutes que fem a les Sortides al voltant d&#8217;Argentona. Si cliqueu sobre el logo de &#8216;Wikiloc&#8217; veure m\u00e9s detalls de la ruta, us la podeu descarregar i seguir-la amb qualsevol aplicaci\u00f3 de geolocalitzaci\u00f3.<\/p>\n<p><strong>Sortida de I3: Bernat de Riudemeia &#8211; Font Picant (Octubre)<\/strong><\/p>\n<p><strong>Sortida de I4 i I5: Bernat de Riudemeia &#8211; La barca (Octubre)<\/strong><\/p>\n<p><iframe loading=\"lazy\" src=\"https:\/\/ca.wikiloc.com\/wikiloc\/embedv2.do?id=172282986&amp;elevation=off&amp;images=off&amp;maptype=H\" width=\"600\" height=\"500\" frameborder=\"0\" scrolling=\"no\"><\/iframe><\/p>\n<p>&nbsp;<\/p>\n<p><iframe loading=\"lazy\" src=\"https:\/\/ca.wikiloc.com\/wikiloc\/embedv2.do?id=152712276&amp;elevation=off&amp;images=off&amp;maptype=H\" width=\"600\" height=\"500\" frameborder=\"0\" scrolling=\"no\"><\/iframe><\/p>\n<p>&nbsp;<\/p>\n<p><iframe loading=\"lazy\" src=\"https:\/\/ca.wikiloc.com\/wikiloc\/embedv2.do?id=153359741&amp;elevation=off&amp;images=off&amp;maptype=H\" width=\"600\" height=\"500\" frameborder=\"0\" scrolling=\"no\"><\/iframe><\/p>\n<p>&nbsp;<\/p>\n<p><iframe loading=\"lazy\" src=\"https:\/\/ca.wikiloc.com\/wikiloc\/embedv2.do?id=152501352&amp;elevation=off&amp;images=off&amp;maptype=H\" width=\"600\" height=\"500\" frameborder=\"0\" scrolling=\"no\"><\/iframe><\/p>\n<p>&nbsp;<\/p>\n","protected":false},"excerpt":{"rendered":"<p>En aquest apartat trobareu els itineraris i rutes que fem a les Sortides al voltant d&#8217;Argentona. Si cliqueu sobre el logo de &#8216;Wikiloc&#8217; veure m\u00e9s detalls de la ruta, us la podeu descarregar i seguir-la amb qualsevol aplicaci\u00f3 de geolocalitzaci\u00f3. Sortida de I3: Bernat de Riudemeia &#8211; Font Picant (Octubre) Sortida de I4 i I5: [&hellip;]<\/p>\n","protected":false},"author":1,"featured_media":0,"parent":0,"menu_order":0,"comment_status":"closed","ping_status":"closed","template":"","meta":{"_bbp_topic_count":0,"_bbp_reply_count":0,"_bbp_total_topic_count":0,"_bbp_total_reply_count":0,"_bbp_voice_count":0,"_bbp_anonymous_reply_count":0,"_bbp_topic_count_hidden":0,"_bbp_reply_count_hidden":0,"_bbp_forum_subforum_count":0,"site-sidebar-layout":"default","site-content-layout":"","ast-site-content-layout":"","site-content-style":"default","site-sidebar-style":"default","ast-global-header-display":"","ast-banner-title-visibility":"","ast-main-header-display":"","ast-hfb-above-header-display":"","ast-hfb-below-header-display":"","ast-hfb-mobile-header-display":"","site-post-title":"","ast-breadcrumbs-content":"","ast-featured-img":"","footer-sml-layout":"","theme-transparent-header-meta":"","adv-header-id-meta":"","stick-header-meta":"","header-above-stick-meta":"","header-main-stick-meta":"","header-below-stick-meta":"","astra-migrate-meta-layouts":"default","ast-page-background-enabled":"default","ast-page-background-meta":{"desktop":{"background-color":"var(--ast-global-color-4)","background-image":"","background-repeat":"repeat","background-position":"center center","background-size":"auto","background-attachment":"scroll","background-type":"","background-media":"","overlay-type":"","overlay-color":"","overlay-opacity":"","overlay-gradient":""},"tablet":{"background-color":"","background-image":"","background-repeat":"repeat","background-position":"center center","background-size":"auto","background-attachment":"scroll","background-type":"","background-media":"","overlay-type":"","overlay-color":"","overlay-opacity":"","overlay-gradient":""},"mobile":{"background-color":"","background-image":"","background-repeat":"repeat","background-position":"center center","background-size":"auto","background-attachment":"scroll","background-type":"","background-media":"","overlay-type":"","overlay-color":"","overlay-opacity":"","overlay-gradient":""}},"ast-content-background-meta":{"desktop":{"background-color":"var(--ast-global-color-5)","background-image":"","background-repeat":"repeat","background-position":"center center","background-size":"auto","background-attachment":"scroll","background-type":"","background-media":"","overlay-type":"","overlay-color":"","overlay-opacity":"","overlay-gradient":""},"tablet":{"background-color":"var(--ast-global-color-5)","background-image":"","background-repeat":"repeat","background-position":"center center","background-size":"auto","background-attachment":"scroll","background-type":"","background-media":"","overlay-type":"","overlay-color":"","overlay-opacity":"","overlay-gradient":""},"mobile":{"background-color":"var(--ast-global-color-5)","background-image":"","background-repeat":"repeat","background-position":"center center","background-size":"auto","background-attachment":"scroll","background-type":"","background-media":"","overlay-type":"","overlay-color":"","overlay-opacity":"","overlay-gradient":""}},"footnotes":""},"class_list":["post-2505","page","type-page","status-publish","hentry"],"post_mailing_queue_ids":[],"_links":{"self":[{"href":"https:\/\/agora.xtec.cat\/ceipbriudemeia\/wp-json\/wp\/v2\/pages\/2505","targetHints":{"allow":["GET"]}}],"collection":[{"href":"https:\/\/agora.xtec.cat\/ceipbriudemeia\/wp-json\/wp\/v2\/pages"}],"about":[{"href":"https:\/\/agora.xtec.cat\/ceipbriudemeia\/wp-json\/wp\/v2\/types\/page"}],"author":[{"embeddable":true,"href":"https:\/\/agora.xtec.cat\/ceipbriudemeia\/wp-json\/wp\/v2\/users\/1"}],"replies":[{"embeddable":true,"href":"https:\/\/agora.xtec.cat\/ceipbriudemeia\/wp-json\/wp\/v2\/comments?post=2505"}],"version-history":[{"count":6,"href":"https:\/\/agora.xtec.cat\/ceipbriudemeia\/wp-json\/wp\/v2\/pages\/2505\/revisions"}],"predecessor-version":[{"id":2954,"href":"https:\/\/agora.xtec.cat\/ceipbriudemeia\/wp-json\/wp\/v2\/pages\/2505\/revisions\/2954"}],"wp:attachment":[{"href":"https:\/\/agora.xtec.cat\/ceipbriudemeia\/wp-json\/wp\/v2\/media?parent=2505"}],"curies":[{"name":"wp","href":"https:\/\/api.w.org\/{rel}","templated":true}]}}