{"id":82,"date":"2014-09-18T14:10:51","date_gmt":"2014-09-18T12:10:51","guid":{"rendered":"http:\/\/agora.xtec.cat\/ceipbordils\/?page_id=82"},"modified":"2021-02-10T16:20:16","modified_gmt":"2021-02-10T15:20:16","slug":"formacio","status":"publish","type":"page","link":"https:\/\/agora.xtec.cat\/ceipbordils\/perconeixens\/formacio\/","title":{"rendered":"Fem xarxa"},"content":{"rendered":"<p><span style=\"font-size: 24px;\"><strong>xarxa\u00a0<span style=\"font-size: 10px;\">(definici\u00f3)<\/span><\/strong><\/span><\/p>\n<ul>\n<li><strong>Teixit amb fils<\/strong> nuats formant una ret\u00edcula de malles quadrades o rombals.<\/li>\n<li>Conjunt de coses o de <strong>persones enlla\u00e7ades entre elles<\/strong>.<\/li>\n<li>Conjunt d&#8217;emissores de r\u00e0dio i de televisi\u00f3 que <strong>comparteixen<\/strong>, totalment o parcialment, la programaci\u00f3.<\/li>\n<li>Conjunt d&#8217;estacions de comunicaci\u00f3 equipades per a la seva <strong>intercomunicaci\u00f3<\/strong> en certs moments i en un ordre determinat.<\/li>\n<li><strong>Conjunt<\/strong> de tots els nusos que constitueixen una <strong>estructura<\/strong> cristal\u00b7lina.<\/li>\n<li>En el tennis, el voleibol i altres esports, <strong>malla col\u00b7locada al mig<\/strong> del camp de joc per damunt la qual es fa passar la pilota.<\/li>\n<li>En el circ, malla desplegada sota els acr\u00f2bates per a <strong>amortir caigudes<\/strong> accidentals.<\/li>\n<li>Malla de corda que <strong>cobreix l&#8217;embolcal<\/strong>l d&#8217;un bal\u00f3 o globus aerost\u00e0tic, distribueix la c\u00e0rrega per la seva superf\u00edcie i suporta la barqueta.<\/li>\n<li><strong>Encreuament o connexi\u00f3<\/strong> de l\u00ednies, de conduccions, de vies de comunicaci\u00f3, de canonades, de circuits el\u00e8ctrics, etc.<\/li>\n<\/ul>\n","protected":false},"excerpt":{"rendered":"<p>xarxa\u00a0(definici\u00f3)<\/p>\n<ul>\n<li>Teixit amb fils nuats formant una ret\u00edcula de malles quadrades o rombals.<\/li>\n<li>Conjunt de coses o de persones enlla\u00e7ades entre elles.<\/li>\n<li>Conjunt d&#8217;emissores de r\u00e0dio i de televisi\u00f3 que comparteixen, totalment o parcialment, la programaci\u00f3.<\/li>\n<li>Conjunt d&#8217;estacions de comunicaci\u00f3 equipades per a la seva intercomunicaci\u00f3 en certs moments&hellip;  <a href=\"https:\/\/agora.xtec.cat\/ceipbordils\/perconeixens\/formacio\/\" title=\"Read Fem xarxa\">Llegeix m\u00e9s\u00bb<\/a><br \/>\n","protected":false},"author":1,"featured_media":0,"parent":64,"menu_order":40,"comment_status":"closed","ping_status":"closed","template":"page-templates\/side-menu.php","meta":{"_bbp_topic_count":0,"_bbp_reply_count":0,"_bbp_total_topic_count":0,"_bbp_total_reply_count":0,"_bbp_voice_count":0,"_bbp_anonymous_reply_count":0,"_bbp_topic_count_hidden":0,"_bbp_reply_count_hidden":0,"_bbp_forum_subforum_count":0,"footnotes":""},"class_list":["post-82","page","type-page","status-publish","hentry"],"post_mailing_queue_ids":[],"_links":{"self":[{"href":"https:\/\/agora.xtec.cat\/ceipbordils\/wp-json\/wp\/v2\/pages\/82","targetHints":{"allow":["GET"]}}],"collection":[{"href":"https:\/\/agora.xtec.cat\/ceipbordils\/wp-json\/wp\/v2\/pages"}],"about":[{"href":"https:\/\/agora.xtec.cat\/ceipbordils\/wp-json\/wp\/v2\/types\/page"}],"author":[{"embeddable":true,"href":"https:\/\/agora.xtec.cat\/ceipbordils\/wp-json\/wp\/v2\/users\/1"}],"replies":[{"embeddable":true,"href":"https:\/\/agora.xtec.cat\/ceipbordils\/wp-json\/wp\/v2\/comments?post=82"}],"version-history":[{"count":4,"href":"https:\/\/agora.xtec.cat\/ceipbordils\/wp-json\/wp\/v2\/pages\/82\/revisions"}],"predecessor-version":[{"id":6322,"href":"https:\/\/agora.xtec.cat\/ceipbordils\/wp-json\/wp\/v2\/pages\/82\/revisions\/6322"}],"up":[{"embeddable":true,"href":"https:\/\/agora.xtec.cat\/ceipbordils\/wp-json\/wp\/v2\/pages\/64"}],"wp:attachment":[{"href":"https:\/\/agora.xtec.cat\/ceipbordils\/wp-json\/wp\/v2\/media?parent=82"}],"curies":[{"name":"wp","href":"https:\/\/api.w.org\/{rel}","templated":true}]}}