{"id":7013,"date":"2023-07-04T11:17:53","date_gmt":"2023-07-04T09:17:53","guid":{"rendered":"https:\/\/agora.xtec.cat\/ceipbordils\/?page_id=7013"},"modified":"2023-07-04T11:18:06","modified_gmt":"2023-07-04T09:18:06","slug":"part-estrategica","status":"publish","type":"page","link":"https:\/\/agora.xtec.cat\/ceipbordils\/perconeixens\/documentacio\/estrategia-digital-de-centre\/part-estrategica\/","title":{"rendered":"Part estrat\u00e8gica"},"content":{"rendered":"<p><span style=\"font-size: 16px;\">Diagnosi\u00a0<\/span><\/p>\n<p><span style=\"font-weight: 400; font-size: 14px;\">En el proc\u00e9s de diagnosi, a part de les reunions amb la comissi\u00f3 digital, s\u2019han utilitzat les seg\u00fcents eines:<\/span><\/p>\n<ul>\n<li style=\"font-weight: 400;\" aria-level=\"1\"><span style=\"font-weight: 400; font-size: 14px;\">Q\u00fcestionari SELFIE a equip directiu, docents i alumnat amb una participaci\u00f3 del 100%, 84% i 84%.<\/span><\/li>\n<li style=\"font-weight: 400;\" aria-level=\"1\"><span style=\"font-weight: 400; font-size: 14px;\">Enquesta de satisfacci\u00f3 de mestres pel curs 2021-2022.<\/span><\/li>\n<li style=\"font-weight: 400;\" aria-level=\"1\"><span style=\"font-weight: 400; font-size: 14px;\">Recull d\u2019indicadors digitals en els apartats de: estrat\u00e8gia digital, tipologia, equipaments, serveis i usos.\u00a0<\/span><\/li>\n<li style=\"font-weight: 400;\" aria-level=\"1\"><span style=\"font-weight: 400; font-size: 14px;\">Recull de documents de cultura digital en els \u00e0mbits de comunicaci\u00f3, fam\u00edlies i alumnes i docents a partir d\u2019una llista de verificaci\u00f3.<\/span><\/li>\n<li style=\"font-weight: 400;\" aria-level=\"1\"><span style=\"font-weight: 400; font-size: 14px;\">Experi\u00e8ncia d\u2019usuari a partir de llistes de verificaci\u00f3 en 3 modalitats: usuari extern, usuari nou docent i usuari nova fam\u00edlia.<\/span><\/li>\n<li style=\"font-weight: 400;\" aria-level=\"1\"><span style=\"font-weight: 400; font-size: 14px;\">An\u00e0lisi dels canals de comunicaci\u00f3 per docents, alumnes i fam\u00edlies.<\/span><\/li>\n<li style=\"font-weight: 400;\" aria-level=\"1\"><span style=\"font-weight: 400; font-size: 14px;\">Elaboraci\u00f3 de la visi\u00f3 digital del centre (caracter\u00edstiques digitals del centre que es desitja a tres cursos vista).\u00a0<\/span><\/li>\n<\/ul>\n<p>&nbsp;<\/p>\n<p>Planificaci\u00f3<\/p>\n<p><span style=\"font-size: 12px;\"><a href=\"https:\/\/docs.google.com\/spreadsheets\/d\/e\/2PACX-1vRICkjLHLMe7QmAt6aKxxR1l6gE1QLAI7aEhLcqw0OYOiFXjyXS9HiU-1k6UZ6ZBrGuzpHe34gFfxON\/pubhtml?gid=1622733505&amp;single=true\">Planificaci\u00f3 estrat\u00e8gica\u00a0<\/a><\/span><\/p>\n<p>&nbsp;<\/p>\n<p>Avaluaci\u00f3<\/p>\n<p><span style=\"font-weight: 400; font-size: 14px;\">L\u2019avaluaci\u00f3 de la implementaci\u00f3 de l\u2019Estrat\u00e8gia digital de Centre es far\u00e0 en dues fases per part de la comissi\u00f3 d\u2019estrat\u00e8gia digital de centre:<\/span><\/p>\n<ol>\n<li><span style=\"font-weight: 400; font-size: 14px;\">La comissi\u00f3 digital far\u00e0 una validaci\u00f3 qualitativa d\u2019activitats acomplertes a final de cada curs.<\/span><\/li>\n<li style=\"font-weight: 400;\" aria-level=\"1\"><span style=\"font-weight: 400; font-size: 14px;\">La comissi\u00f3 digital far\u00e0 una valoraci\u00f3 quantitativa dels percentatges d\u2019assoliment dels indicadors respecte als objectius planejats a final del curs 2024-2025. S\u2019avaluar\u00e0 l\u2019assoliment dels indicadors d\u2019execuci\u00f3 i d\u2019impacte per separat.<\/span><\/li>\n<\/ol>\n<p><span style=\"font-weight: 400; font-size: 14px;\">En el per\u00edode 2023-2025 es retran comptes de l\u2019avaluaci\u00f3 de l\u2019estrat\u00e8gia digital al claustre i al Consell Escolar.\u00a0<\/span><\/p>\n<p><span style=\"font-weight: 400; font-size: 14px;\">A partir de la valoraci\u00f3 dels indicadors d\u2019impacte a la segona fase d\u2019avaluaci\u00f3, els objectius en qu\u00e8 l\u2019assoliment no es consideri satisfactori seran inclosos en una nova estrat\u00e8gia digital pel per\u00edode 2025-2028.\u00a0<\/span><\/p>\n","protected":false},"excerpt":{"rendered":"<p>Diagnosi\u00a0<br \/>\nEn el proc\u00e9s de diagnosi, a part de les reunions amb la comissi\u00f3 digital, s\u2019han utilitzat les seg\u00fcents eines:<\/p>\n<ul>\n<li style=\"font-weight: 400;\" aria-level=\"1\">Q\u00fcestionari SELFIE a equip directiu, docents i alumnat amb una participaci\u00f3 del 100%, 84% i 84%.<\/li>\n<li style=\"font-weight: 400;\" aria-level=\"1\">Enquesta de satisfacci\u00f3 de mestres pel&hellip;  <a href=\"https:\/\/agora.xtec.cat\/ceipbordils\/perconeixens\/documentacio\/estrategia-digital-de-centre\/part-estrategica\/\" title=\"Read Part estrat\u00e8gica\">Llegeix m\u00e9s\u00bb<\/a><br \/>\n","protected":false},"author":1,"featured_media":0,"parent":6986,"menu_order":0,"comment_status":"closed","ping_status":"closed","template":"page-templates\/side-menu.php","meta":{"_bbp_topic_count":0,"_bbp_reply_count":0,"_bbp_total_topic_count":0,"_bbp_total_reply_count":0,"_bbp_voice_count":0,"_bbp_anonymous_reply_count":0,"_bbp_topic_count_hidden":0,"_bbp_reply_count_hidden":0,"_bbp_forum_subforum_count":0,"footnotes":""},"class_list":["post-7013","page","type-page","status-publish","hentry"],"post_mailing_queue_ids":[],"_links":{"self":[{"href":"https:\/\/agora.xtec.cat\/ceipbordils\/wp-json\/wp\/v2\/pages\/7013","targetHints":{"allow":["GET"]}}],"collection":[{"href":"https:\/\/agora.xtec.cat\/ceipbordils\/wp-json\/wp\/v2\/pages"}],"about":[{"href":"https:\/\/agora.xtec.cat\/ceipbordils\/wp-json\/wp\/v2\/types\/page"}],"author":[{"embeddable":true,"href":"https:\/\/agora.xtec.cat\/ceipbordils\/wp-json\/wp\/v2\/users\/1"}],"replies":[{"embeddable":true,"href":"https:\/\/agora.xtec.cat\/ceipbordils\/wp-json\/wp\/v2\/comments?post=7013"}],"version-history":[{"count":2,"href":"https:\/\/agora.xtec.cat\/ceipbordils\/wp-json\/wp\/v2\/pages\/7013\/revisions"}],"predecessor-version":[{"id":7019,"href":"https:\/\/agora.xtec.cat\/ceipbordils\/wp-json\/wp\/v2\/pages\/7013\/revisions\/7019"}],"up":[{"embeddable":true,"href":"https:\/\/agora.xtec.cat\/ceipbordils\/wp-json\/wp\/v2\/pages\/6986"}],"wp:attachment":[{"href":"https:\/\/agora.xtec.cat\/ceipbordils\/wp-json\/wp\/v2\/media?parent=7013"}],"curies":[{"name":"wp","href":"https:\/\/api.w.org\/{rel}","templated":true}]}}